{"id":4644,"date":"2026-05-05T19:16:05","date_gmt":"2026-05-05T22:16:05","guid":{"rendered":"https:\/\/artesanatoincasa.com.br\/loja\/?post_type=product&#038;p=4644"},"modified":"2026-05-05T19:16:52","modified_gmt":"2026-05-05T22:16:52","slug":"macrame-in-casa-com-beethoven-cavalcante_vol-03-apostila-digital","status":"publish","type":"product","link":"https:\/\/artesanatoincasa.com.br\/loja\/produto\/apostilas\/macrame-in-casa-com-beethoven-cavalcante_vol-03-apostila-digital\/","title":{"rendered":"Macram\u00ea in Casa com Beethoven Cavalcante_Vol 03 &#8211; Apostila Digital"},"content":{"rendered":"<h3><strong>Apostila\u00a0 Digital &#8211; Macram\u00ea in Casa com Beethoven Cavalcante_Vol 03<\/strong><\/h3>\n<p class=\"_aupe copyable-text x15bjb6t x1n2onr6\"><span class=\"_aupe copyable-text xkrh14z\">Encante-se com a beleza do artesanato em fios com a apostila digital Macram\u00ea in Casa \u2013 Volume 3, desenvolvida <strong>por Beethoven Cavalcante<\/strong>.<\/span><\/p>\n<p class=\"_aupe copyable-text x15bjb6t x1n2onr6\"><span class=\"_aupe copyable-text xkrh14z\">Um material completo para quem deseja aprender ou aprimorar t\u00e9cnicas de macram\u00ea, criando pe\u00e7as delicadas, modernas e cheias de significado.<\/span><\/p>\n<p class=\"_aupe copyable-text x15bjb6t x1n2onr6\"><span class=\"_aupe copyable-text xkrh14z\">Com passo a passo fotografado, voc\u00ea vai aprender de forma simples e pr\u00e1tica a produzir projetos incr\u00edveis como:<\/span><\/p>\n<p class=\"_aupe copyable-text x15bjb6t x1n2onr6\"><span class=\"emoji x1rg5ohu x16dsc37 x19la9d6 x1fc57z9 x6ikm8r x10wlt62 x19co3pv x11tp94h xw4jnvo x1qx5ct2 xfibh0p xiy17q3 x1xsqp64 x1lkfr7t xexx8yu xyri2b x18d9i69 x1c1uobl\"><span class=\"xrtxmta x1bhl96m\">\u2728<\/span><\/span><em><strong><span class=\"_aupe copyable-text xkrh14z\"> Estrela Luminosa em Macram\u00ea<\/span><\/strong><\/em><\/p>\n<p class=\"_aupe copyable-text x15bjb6t x1n2onr6\"><span class=\"emoji x1rg5ohu x16dsc37 x19la9d6 x1fc57z9 x6ikm8r x10wlt62 x19co3pv x11tp94h xw4jnvo x1qx5ct2 xfibh0p xiy17q3 x1xsqp64 x1lkfr7t xexx8yu xyri2b x18d9i69 x1c1uobl\"><span class=\"xrtxmta x1bhl96m\">\ud83c\udf84<\/span><\/span><em><strong><span class=\"_aupe copyable-text xkrh14z\"> Adorno \u00c1rvore de Natal<\/span><\/strong><\/em><\/p>\n<p class=\"_aupe copyable-text x15bjb6t x1n2onr6\"><span class=\"_aupe copyable-text xkrh14z\">Al\u00e9m disso, a apostila traz conte\u00fados extras que enriquecem ainda mais sua experi\u00eancia, como a hist\u00f3ria do macram\u00ea e uma biblioteca de n\u00f3s essenciais, ideal para quem quer dominar essa t\u00e9cnica e explorar novas cria\u00e7\u00f5es.<\/span><\/p>\n<p class=\"_aupe copyable-text x15bjb6t x1n2onr6\"><span class=\"_aupe copyable-text xkrh14z\">Perfeita para iniciantes e tamb\u00e9m para quem j\u00e1 trabalha com artesanato, essa apostila \u00e9 uma excelente oportunidade para criar pe\u00e7as para decora\u00e7\u00e3o natalina, presentear ou at\u00e9 gerar renda com artesanato em macram\u00ea.<\/span><\/p>\n<p class=\"_aupe copyable-text x15bjb6t x1n2onr6\"><span class=\"_aupe copyable-text xkrh14z\">Desenvolva sua criatividade, relaxe enquanto cria e transforme fios em pe\u00e7as \u00fanicas que encantam qualquer ambiente!<\/span><\/p>\n<p class=\"_aupe copyable-text x15bjb6t x1n2onr6\"><strong><span class=\"_aupe copyable-text xkrh14z\">Lembre-se cada produto adquirido em nossa loja, voc\u00ea estar\u00e1 ajudando a muitas fam\u00edlias que vivem no artesanato do Brasil.<\/span><\/strong><\/p>\n","protected":false},"excerpt":{"rendered":"<h3><strong>Apostila\u00a0 Digital &#8211; Macram\u00ea in Casa com Beethoven Cavalcante_Vol 03<\/strong><\/h3>\n<p class=\"_aupe copyable-text x15bjb6t x1n2onr6\"><span class=\"_aupe copyable-text xkrh14z\">Encante-se com a beleza do artesanato em fios com a apostila digital Macram\u00ea in Casa \u2013 Volume 3, desenvolvida <strong>por Beethoven Cavalcante<\/strong>.<\/span><\/p>\n<p class=\"_aupe copyable-text x15bjb6t x1n2onr6\"><span class=\"_aupe copyable-text xkrh14z\">Um material completo para quem deseja aprender ou aprimorar t\u00e9cnicas de macram\u00ea, criando pe\u00e7as delicadas, modernas e cheias de significado.<\/span><\/p>\n<p class=\"_aupe copyable-text x15bjb6t x1n2onr6\"><span class=\"_aupe copyable-text xkrh14z\">Com passo a passo fotografado, voc\u00ea vai aprender de forma simples e pr\u00e1tica a produzir projetos incr\u00edveis como:<\/span><\/p>\n<p class=\"_aupe copyable-text x15bjb6t x1n2onr6\"><span class=\"emoji x1rg5ohu x16dsc37 x19la9d6 x1fc57z9 x6ikm8r x10wlt62 x19co3pv x11tp94h xw4jnvo x1qx5ct2 xfibh0p xiy17q3 x1xsqp64 x1lkfr7t xexx8yu xyri2b x18d9i69 x1c1uobl\"><span class=\"xrtxmta x1bhl96m\">\u2728<\/span><\/span><em><strong><span class=\"_aupe copyable-text xkrh14z\"> Estrela Luminosa em Macram\u00ea<\/span><\/strong><\/em><\/p>\n<p class=\"_aupe copyable-text x15bjb6t x1n2onr6\"><span class=\"emoji x1rg5ohu x16dsc37 x19la9d6 x1fc57z9 x6ikm8r x10wlt62 x19co3pv x11tp94h xw4jnvo x1qx5ct2 xfibh0p xiy17q3 x1xsqp64 x1lkfr7t xexx8yu xyri2b x18d9i69 x1c1uobl\"><span class=\"xrtxmta x1bhl96m\">\ud83c\udf84<\/span><\/span><em><strong><span class=\"_aupe copyable-text xkrh14z\"> Adorno \u00c1rvore de Natal<\/span><\/strong><\/em><\/p>\n<p class=\"_aupe copyable-text x15bjb6t x1n2onr6\"><span class=\"_aupe copyable-text xkrh14z\">Al\u00e9m disso, a apostila traz conte\u00fados extras que enriquecem ainda mais sua experi\u00eancia, como a hist\u00f3ria do macram\u00ea e uma biblioteca de n\u00f3s essenciais, ideal para quem quer dominar essa t\u00e9cnica e explorar novas cria\u00e7\u00f5es.<\/span><\/p>\n<p class=\"_aupe copyable-text x15bjb6t x1n2onr6\"><span class=\"_aupe copyable-text xkrh14z\">Perfeita para iniciantes e tamb\u00e9m para quem j\u00e1 trabalha com artesanato, essa apostila \u00e9 uma excelente oportunidade para criar pe\u00e7as para decora\u00e7\u00e3o natalina, presentear ou at\u00e9 gerar renda com artesanato em macram\u00ea.<\/span><\/p>\n<p class=\"_aupe copyable-text x15bjb6t x1n2onr6\"><span class=\"_aupe copyable-text xkrh14z\">Desenvolva sua criatividade, relaxe enquanto cria e transforme fios em pe\u00e7as \u00fanicas que encantam qualquer ambiente!<\/span><\/p>\n<p class=\"_aupe copyable-text x15bjb6t x1n2onr6\"><strong><span class=\"_aupe copyable-text xkrh14z\">Lembre-se cada produto adquirido em nossa loja, voc\u00ea estar\u00e1 ajudando a muitas fam\u00edlias que vivem no artesanato do Brasil.<\/span><\/strong><\/p>\n","protected":false},"featured_media":4645,"comment_status":"open","ping_status":"closed","template":"","meta":{"_monsterinsights_skip_tracking":false,"_monsterinsights_sitenote_active":false,"_monsterinsights_sitenote_note":"","_monsterinsights_sitenote_category":0},"product_brand":[],"product_cat":[169],"product_tag":[296,333,251,368,348,319,275,328,358,340,250,331],"class_list":{"0":"post-4644","1":"product","2":"type-product","3":"status-publish","4":"has-post-thumbnail","6":"product_cat-apostilas","7":"product_tag-apostiladigital","8":"product_tag-aprender-artesanato","9":"product_tag-artesanato","10":"product_tag-artesanatonatela","11":"product_tag-empreendedorismo","12":"product_tag-feitoamao","13":"product_tag-macrame","14":"product_tag-passo-a-passo","15":"product_tag-passoaoassocriativo","16":"product_tag-produtos-artesanais","17":"product_tag-revista","18":"product_tag-revista-digital","19":"dc_vendor_shop-artesanatoincasa","21":"first","22":"instock","23":"sale","24":"downloadable","25":"virtual","26":"taxable","27":"purchasable","28":"product-type-simple"},"yoast_head":"<!-- This site is optimized with the Yoast SEO plugin v27.4 - https:\/\/yoast.com\/product\/yoast-seo-wordpress\/ -->\n<title>Macram\u00ea in Casa com Beethoven Cavalcante_Vol 03 - Apostila Digital - Loja Artesanato In Casa<\/title>\n<meta name=\"robots\" content=\"index, follow, max-snippet:-1, max-image-preview:large, max-video-preview:-1\" \/>\n<link rel=\"canonical\" href=\"https:\/\/artesanatoincasa.com.br\/loja\/produto\/apostilas\/macrame-in-casa-com-beethoven-cavalcante_vol-03-apostila-digital\/\" \/>\n<meta property=\"og:locale\" content=\"pt_BR\" \/>\n<meta property=\"og:type\" content=\"article\" \/>\n<meta property=\"og:title\" content=\"Macram\u00ea in Casa com Beethoven Cavalcante_Vol 03 - Apostila Digital - Loja Artesanato In Casa\" \/>\n<meta property=\"og:description\" content=\"Apostila\u00a0 Digital - Macram\u00ea in Casa com Beethoven Cavalcante_Vol 03 Encante-se com a beleza do artesanato em fios com a apostila digital Macram\u00ea in Casa \u2013 Volume 3, desenvolvida por Beethoven Cavalcante. Um material completo para quem deseja aprender ou aprimorar t\u00e9cnicas de macram\u00ea, criando pe\u00e7as delicadas, modernas e cheias de significado. Com passo a passo fotografado, voc\u00ea vai aprender de forma simples e pr\u00e1tica a produzir projetos incr\u00edveis como: \u2728 Estrela Luminosa em Macram\u00ea \ud83c\udf84 Adorno \u00c1rvore de Natal Al\u00e9m disso, a apostila traz conte\u00fados extras que enriquecem ainda mais sua experi\u00eancia, como a hist\u00f3ria do macram\u00ea e uma biblioteca de n\u00f3s essenciais, ideal para quem quer dominar essa t\u00e9cnica e explorar novas cria\u00e7\u00f5es. Perfeita para iniciantes e tamb\u00e9m para quem j\u00e1 trabalha com artesanato, essa apostila \u00e9 uma excelente oportunidade para criar pe\u00e7as para decora\u00e7\u00e3o natalina, presentear ou at\u00e9 gerar renda com artesanato em macram\u00ea. Desenvolva sua criatividade, relaxe enquanto cria e transforme fios em pe\u00e7as \u00fanicas que encantam qualquer ambiente! Lembre-se cada produto adquirido em nossa loja, voc\u00ea estar\u00e1 ajudando a muitas fam\u00edlias que vivem no artesanato do Brasil.\" \/>\n<meta property=\"og:url\" content=\"https:\/\/artesanatoincasa.com.br\/loja\/produto\/apostilas\/macrame-in-casa-com-beethoven-cavalcante_vol-03-apostila-digital\/\" \/>\n<meta property=\"og:site_name\" content=\"Loja Artesanato In Casa\" \/>\n<meta property=\"article:modified_time\" content=\"2026-05-05T22:16:52+00:00\" \/>\n<meta property=\"og:image\" content=\"https:\/\/artesanatoincasa.com.br\/loja\/wp-content\/uploads\/2026\/05\/Apostila-Macrame-In-Casa-com-Beethoven-Cavalcante_Vol-03-1-732x1024.jpg\" \/>\n\t<meta property=\"og:image:width\" content=\"732\" \/>\n\t<meta property=\"og:image:height\" content=\"1024\" \/>\n\t<meta property=\"og:image:type\" content=\"image\/jpeg\" \/>\n<script type=\"application\/ld+json\" class=\"yoast-schema-graph\">{\"@context\":\"https:\\\/\\\/schema.org\",\"@graph\":[{\"@type\":\"WebPage\",\"@id\":\"https:\\\/\\\/artesanatoincasa.com.br\\\/loja\\\/produto\\\/apostilas\\\/macrame-in-casa-com-beethoven-cavalcante_vol-03-apostila-digital\\\/\",\"url\":\"https:\\\/\\\/artesanatoincasa.com.br\\\/loja\\\/produto\\\/apostilas\\\/macrame-in-casa-com-beethoven-cavalcante_vol-03-apostila-digital\\\/\",\"name\":\"Macram\u00ea in Casa com Beethoven Cavalcante_Vol 03 - Apostila Digital - Loja Artesanato In Casa\",\"isPartOf\":{\"@id\":\"https:\\\/\\\/artesanatoincasa.com.br\\\/loja\\\/#website\"},\"primaryImageOfPage\":{\"@id\":\"https:\\\/\\\/artesanatoincasa.com.br\\\/loja\\\/produto\\\/apostilas\\\/macrame-in-casa-com-beethoven-cavalcante_vol-03-apostila-digital\\\/#primaryimage\"},\"image\":{\"@id\":\"https:\\\/\\\/artesanatoincasa.com.br\\\/loja\\\/produto\\\/apostilas\\\/macrame-in-casa-com-beethoven-cavalcante_vol-03-apostila-digital\\\/#primaryimage\"},\"thumbnailUrl\":\"https:\\\/\\\/artesanatoincasa.com.br\\\/loja\\\/wp-content\\\/uploads\\\/2026\\\/05\\\/Apostila-Macrame-In-Casa-com-Beethoven-Cavalcante_Vol-03-1.jpg\",\"datePublished\":\"2026-05-05T22:16:05+00:00\",\"dateModified\":\"2026-05-05T22:16:52+00:00\",\"breadcrumb\":{\"@id\":\"https:\\\/\\\/artesanatoincasa.com.br\\\/loja\\\/produto\\\/apostilas\\\/macrame-in-casa-com-beethoven-cavalcante_vol-03-apostila-digital\\\/#breadcrumb\"},\"inLanguage\":\"pt-BR\",\"potentialAction\":[{\"@type\":\"ReadAction\",\"target\":[\"https:\\\/\\\/artesanatoincasa.com.br\\\/loja\\\/produto\\\/apostilas\\\/macrame-in-casa-com-beethoven-cavalcante_vol-03-apostila-digital\\\/\"]}]},{\"@type\":\"ImageObject\",\"inLanguage\":\"pt-BR\",\"@id\":\"https:\\\/\\\/artesanatoincasa.com.br\\\/loja\\\/produto\\\/apostilas\\\/macrame-in-casa-com-beethoven-cavalcante_vol-03-apostila-digital\\\/#primaryimage\",\"url\":\"https:\\\/\\\/artesanatoincasa.com.br\\\/loja\\\/wp-content\\\/uploads\\\/2026\\\/05\\\/Apostila-Macrame-In-Casa-com-Beethoven-Cavalcante_Vol-03-1.jpg\",\"contentUrl\":\"https:\\\/\\\/artesanatoincasa.com.br\\\/loja\\\/wp-content\\\/uploads\\\/2026\\\/05\\\/Apostila-Macrame-In-Casa-com-Beethoven-Cavalcante_Vol-03-1.jpg\",\"width\":1564,\"height\":2189},{\"@type\":\"BreadcrumbList\",\"@id\":\"https:\\\/\\\/artesanatoincasa.com.br\\\/loja\\\/produto\\\/apostilas\\\/macrame-in-casa-com-beethoven-cavalcante_vol-03-apostila-digital\\\/#breadcrumb\",\"itemListElement\":[{\"@type\":\"ListItem\",\"position\":1,\"name\":\"In\u00edcio\",\"item\":\"https:\\\/\\\/artesanatoincasa.com.br\\\/loja\\\/\"},{\"@type\":\"ListItem\",\"position\":2,\"name\":\"Produtos\",\"item\":\"https:\\\/\\\/artesanatoincasa.com.br\\\/loja\\\/loja\\\/\"},{\"@type\":\"ListItem\",\"position\":3,\"name\":\"Macram\u00ea in Casa com Beethoven Cavalcante_Vol 03 &#8211; Apostila Digital\"}]},{\"@type\":\"WebSite\",\"@id\":\"https:\\\/\\\/artesanatoincasa.com.br\\\/loja\\\/#website\",\"url\":\"https:\\\/\\\/artesanatoincasa.com.br\\\/loja\\\/\",\"name\":\"Loja Artesanato In Casa\",\"description\":\"Marketplace exclusivo para artes\u00e3os!\",\"publisher\":{\"@id\":\"https:\\\/\\\/artesanatoincasa.com.br\\\/loja\\\/#organization\"},\"alternateName\":\"Loja Artesanato In Casa\",\"potentialAction\":[{\"@type\":\"SearchAction\",\"target\":{\"@type\":\"EntryPoint\",\"urlTemplate\":\"https:\\\/\\\/artesanatoincasa.com.br\\\/loja\\\/?s={search_term_string}\"},\"query-input\":{\"@type\":\"PropertyValueSpecification\",\"valueRequired\":true,\"valueName\":\"search_term_string\"}}],\"inLanguage\":\"pt-BR\"},{\"@type\":\"Organization\",\"@id\":\"https:\\\/\\\/artesanatoincasa.com.br\\\/loja\\\/#organization\",\"name\":\"Loja Artesanato In Casa\",\"alternateName\":\"Loja Artesanato In Casa\",\"url\":\"https:\\\/\\\/artesanatoincasa.com.br\\\/loja\\\/\",\"logo\":{\"@type\":\"ImageObject\",\"inLanguage\":\"pt-BR\",\"@id\":\"https:\\\/\\\/artesanatoincasa.com.br\\\/loja\\\/#\\\/schema\\\/logo\\\/image\\\/\",\"url\":\"http:\\\/\\\/artesanatoincasa.com.br\\\/loja\\\/wp-content\\\/uploads\\\/2023\\\/07\\\/Logo-Marketing-Place.png\",\"contentUrl\":\"http:\\\/\\\/artesanatoincasa.com.br\\\/loja\\\/wp-content\\\/uploads\\\/2023\\\/07\\\/Logo-Marketing-Place.png\",\"width\":698,\"height\":390,\"caption\":\"Loja Artesanato In Casa\"},\"image\":{\"@id\":\"https:\\\/\\\/artesanatoincasa.com.br\\\/loja\\\/#\\\/schema\\\/logo\\\/image\\\/\"}}]}<\/script>\n<!-- \/ Yoast SEO plugin. -->","yoast_head_json":{"title":"Macram\u00ea in Casa com Beethoven Cavalcante_Vol 03 - Apostila Digital - Loja Artesanato In Casa","robots":{"index":"index","follow":"follow","max-snippet":"max-snippet:-1","max-image-preview":"max-image-preview:large","max-video-preview":"max-video-preview:-1"},"canonical":"https:\/\/artesanatoincasa.com.br\/loja\/produto\/apostilas\/macrame-in-casa-com-beethoven-cavalcante_vol-03-apostila-digital\/","og_locale":"pt_BR","og_type":"article","og_title":"Macram\u00ea in Casa com Beethoven Cavalcante_Vol 03 - Apostila Digital - Loja Artesanato In Casa","og_description":"Apostila\u00a0 Digital - Macram\u00ea in Casa com Beethoven Cavalcante_Vol 03 Encante-se com a beleza do artesanato em fios com a apostila digital Macram\u00ea in Casa \u2013 Volume 3, desenvolvida por Beethoven Cavalcante. Um material completo para quem deseja aprender ou aprimorar t\u00e9cnicas de macram\u00ea, criando pe\u00e7as delicadas, modernas e cheias de significado. Com passo a passo fotografado, voc\u00ea vai aprender de forma simples e pr\u00e1tica a produzir projetos incr\u00edveis como: \u2728 Estrela Luminosa em Macram\u00ea \ud83c\udf84 Adorno \u00c1rvore de Natal Al\u00e9m disso, a apostila traz conte\u00fados extras que enriquecem ainda mais sua experi\u00eancia, como a hist\u00f3ria do macram\u00ea e uma biblioteca de n\u00f3s essenciais, ideal para quem quer dominar essa t\u00e9cnica e explorar novas cria\u00e7\u00f5es. Perfeita para iniciantes e tamb\u00e9m para quem j\u00e1 trabalha com artesanato, essa apostila \u00e9 uma excelente oportunidade para criar pe\u00e7as para decora\u00e7\u00e3o natalina, presentear ou at\u00e9 gerar renda com artesanato em macram\u00ea. Desenvolva sua criatividade, relaxe enquanto cria e transforme fios em pe\u00e7as \u00fanicas que encantam qualquer ambiente! Lembre-se cada produto adquirido em nossa loja, voc\u00ea estar\u00e1 ajudando a muitas fam\u00edlias que vivem no artesanato do Brasil.","og_url":"https:\/\/artesanatoincasa.com.br\/loja\/produto\/apostilas\/macrame-in-casa-com-beethoven-cavalcante_vol-03-apostila-digital\/","og_site_name":"Loja Artesanato In Casa","article_modified_time":"2026-05-05T22:16:52+00:00","og_image":[{"width":732,"height":1024,"url":"https:\/\/artesanatoincasa.com.br\/loja\/wp-content\/uploads\/2026\/05\/Apostila-Macrame-In-Casa-com-Beethoven-Cavalcante_Vol-03-1-732x1024.jpg","type":"image\/jpeg"}],"schema":{"@context":"https:\/\/schema.org","@graph":[{"@type":"WebPage","@id":"https:\/\/artesanatoincasa.com.br\/loja\/produto\/apostilas\/macrame-in-casa-com-beethoven-cavalcante_vol-03-apostila-digital\/","url":"https:\/\/artesanatoincasa.com.br\/loja\/produto\/apostilas\/macrame-in-casa-com-beethoven-cavalcante_vol-03-apostila-digital\/","name":"Macram\u00ea in Casa com Beethoven Cavalcante_Vol 03 - Apostila Digital - Loja Artesanato In Casa","isPartOf":{"@id":"https:\/\/artesanatoincasa.com.br\/loja\/#website"},"primaryImageOfPage":{"@id":"https:\/\/artesanatoincasa.com.br\/loja\/produto\/apostilas\/macrame-in-casa-com-beethoven-cavalcante_vol-03-apostila-digital\/#primaryimage"},"image":{"@id":"https:\/\/artesanatoincasa.com.br\/loja\/produto\/apostilas\/macrame-in-casa-com-beethoven-cavalcante_vol-03-apostila-digital\/#primaryimage"},"thumbnailUrl":"https:\/\/artesanatoincasa.com.br\/loja\/wp-content\/uploads\/2026\/05\/Apostila-Macrame-In-Casa-com-Beethoven-Cavalcante_Vol-03-1.jpg","datePublished":"2026-05-05T22:16:05+00:00","dateModified":"2026-05-05T22:16:52+00:00","breadcrumb":{"@id":"https:\/\/artesanatoincasa.com.br\/loja\/produto\/apostilas\/macrame-in-casa-com-beethoven-cavalcante_vol-03-apostila-digital\/#breadcrumb"},"inLanguage":"pt-BR","potentialAction":[{"@type":"ReadAction","target":["https:\/\/artesanatoincasa.com.br\/loja\/produto\/apostilas\/macrame-in-casa-com-beethoven-cavalcante_vol-03-apostila-digital\/"]}]},{"@type":"ImageObject","inLanguage":"pt-BR","@id":"https:\/\/artesanatoincasa.com.br\/loja\/produto\/apostilas\/macrame-in-casa-com-beethoven-cavalcante_vol-03-apostila-digital\/#primaryimage","url":"https:\/\/artesanatoincasa.com.br\/loja\/wp-content\/uploads\/2026\/05\/Apostila-Macrame-In-Casa-com-Beethoven-Cavalcante_Vol-03-1.jpg","contentUrl":"https:\/\/artesanatoincasa.com.br\/loja\/wp-content\/uploads\/2026\/05\/Apostila-Macrame-In-Casa-com-Beethoven-Cavalcante_Vol-03-1.jpg","width":1564,"height":2189},{"@type":"BreadcrumbList","@id":"https:\/\/artesanatoincasa.com.br\/loja\/produto\/apostilas\/macrame-in-casa-com-beethoven-cavalcante_vol-03-apostila-digital\/#breadcrumb","itemListElement":[{"@type":"ListItem","position":1,"name":"In\u00edcio","item":"https:\/\/artesanatoincasa.com.br\/loja\/"},{"@type":"ListItem","position":2,"name":"Produtos","item":"https:\/\/artesanatoincasa.com.br\/loja\/loja\/"},{"@type":"ListItem","position":3,"name":"Macram\u00ea in Casa com Beethoven Cavalcante_Vol 03 &#8211; Apostila Digital"}]},{"@type":"WebSite","@id":"https:\/\/artesanatoincasa.com.br\/loja\/#website","url":"https:\/\/artesanatoincasa.com.br\/loja\/","name":"Loja Artesanato In Casa","description":"Marketplace exclusivo para artes\u00e3os!","publisher":{"@id":"https:\/\/artesanatoincasa.com.br\/loja\/#organization"},"alternateName":"Loja Artesanato In Casa","potentialAction":[{"@type":"SearchAction","target":{"@type":"EntryPoint","urlTemplate":"https:\/\/artesanatoincasa.com.br\/loja\/?s={search_term_string}"},"query-input":{"@type":"PropertyValueSpecification","valueRequired":true,"valueName":"search_term_string"}}],"inLanguage":"pt-BR"},{"@type":"Organization","@id":"https:\/\/artesanatoincasa.com.br\/loja\/#organization","name":"Loja Artesanato In Casa","alternateName":"Loja Artesanato In Casa","url":"https:\/\/artesanatoincasa.com.br\/loja\/","logo":{"@type":"ImageObject","inLanguage":"pt-BR","@id":"https:\/\/artesanatoincasa.com.br\/loja\/#\/schema\/logo\/image\/","url":"http:\/\/artesanatoincasa.com.br\/loja\/wp-content\/uploads\/2023\/07\/Logo-Marketing-Place.png","contentUrl":"http:\/\/artesanatoincasa.com.br\/loja\/wp-content\/uploads\/2023\/07\/Logo-Marketing-Place.png","width":698,"height":390,"caption":"Loja Artesanato In Casa"},"image":{"@id":"https:\/\/artesanatoincasa.com.br\/loja\/#\/schema\/logo\/image\/"}}]}},"_links":{"self":[{"href":"https:\/\/artesanatoincasa.com.br\/loja\/wp-json\/wp\/v2\/product\/4644","targetHints":{"allow":["GET"]}}],"collection":[{"href":"https:\/\/artesanatoincasa.com.br\/loja\/wp-json\/wp\/v2\/product"}],"about":[{"href":"https:\/\/artesanatoincasa.com.br\/loja\/wp-json\/wp\/v2\/types\/product"}],"replies":[{"embeddable":true,"href":"https:\/\/artesanatoincasa.com.br\/loja\/wp-json\/wp\/v2\/comments?post=4644"}],"wp:featuredmedia":[{"embeddable":true,"href":"https:\/\/artesanatoincasa.com.br\/loja\/wp-json\/wp\/v2\/media\/4645"}],"wp:attachment":[{"href":"https:\/\/artesanatoincasa.com.br\/loja\/wp-json\/wp\/v2\/media?parent=4644"}],"wp:term":[{"taxonomy":"product_brand","embeddable":true,"href":"https:\/\/artesanatoincasa.com.br\/loja\/wp-json\/wp\/v2\/product_brand?post=4644"},{"taxonomy":"product_cat","embeddable":true,"href":"https:\/\/artesanatoincasa.com.br\/loja\/wp-json\/wp\/v2\/product_cat?post=4644"},{"taxonomy":"product_tag","embeddable":true,"href":"https:\/\/artesanatoincasa.com.br\/loja\/wp-json\/wp\/v2\/product_tag?post=4644"}],"curies":[{"name":"wp","href":"https:\/\/api.w.org\/{rel}","templated":true}]}}