{"id":4640,"date":"2026-05-05T16:41:17","date_gmt":"2026-05-05T19:41:17","guid":{"rendered":"https:\/\/artesanatoincasa.com.br\/loja\/?post_type=product&#038;p=4640"},"modified":"2026-05-05T16:42:43","modified_gmt":"2026-05-05T19:42:43","slug":"resina-epoxi-in-casa-com-fernanda-martins-apostila-digital","status":"publish","type":"product","link":"https:\/\/artesanatoincasa.com.br\/loja\/produto\/apostilas\/resina-epoxi-in-casa-com-fernanda-martins-apostila-digital\/","title":{"rendered":"Resina Epoxi in Casa com Fernanda Martins &#8211; Apostila Digital"},"content":{"rendered":"<h3><strong>Resina Epoxi in Casa com Fernanda Martins &#8211; Apostila Digital<\/strong><\/h3>\n<p>Resina Ep\u00f3xi para Iniciantes: Aprenda a Criar uma Mini Agenda Personalizada Passo a Passo<\/p>\n<p data-start=\"105\" data-end=\"428\">Descubra o universo encantador da <strong>Resina Ep\u00f3xi<\/strong> com a apostila digital <em data-start=\"192\" data-end=\"214\">Resina Ep\u00f3xi in Casa<\/em>, desenvolvida por Fernanda Martins. explore novas possibilidades no mundo do <strong data-start=\"402\" data-end=\"427\">DIY (Fa\u00e7a Voc\u00ea Mesmo)<\/strong>.<\/p>\n<p data-start=\"430\" data-end=\"792\">Nesta apostila, voc\u00ea vai aprender com <strong data-start=\"468\" data-end=\"497\">passo a passo fotografado<\/strong> como produzir uma linda <strong data-start=\"522\" data-end=\"553\">Mini Agenda em resina ep\u00f3xi<\/strong>, perfeita para presentear, usar no dia a dia ou at\u00e9 mesmo vender.<br \/>\nO conte\u00fado foi pensado para facilitar o aprendizado, mesmo para iniciantes, com explica\u00e7\u00f5es claras, dicas importantes e t\u00e9cnicas essenciais para um acabamento profissional.<\/p>\n<p data-start=\"794\" data-end=\"988\">Ideal para quem busca uma nova fonte de renda ou deseja se destacar no mercado de <strong data-start=\"876\" data-end=\"904\">artesanato personalizado<\/strong>, essa apostila ensina como transformar criatividade em pe\u00e7as \u00fanicas e encantadoras.<\/p>\n<p data-start=\"990\" data-end=\"1080\">Invista no seu talento, aprenda uma t\u00e9cnica moderna e crie produtos que encantam clientes!<\/p>\n<p data-start=\"1301\" data-end=\"1420\" data-is-last-node=\"\" data-is-only-node=\"\"><strong data-start=\"1301\" data-end=\"1420\" data-is-last-node=\"\">Lembre-se cada produto adquirido em nossa loja estar\u00e1 ajudando a muitas fam\u00edlias que vivem no artesanato do Brasil.<\/strong><\/p>\n<p data-start=\"1301\" data-end=\"1420\" data-is-last-node=\"\" data-is-only-node=\"\">\n","protected":false},"excerpt":{"rendered":"<h3><strong>Resina Epoxi in Casa com Fernanda Martins &#8211; Apostila Digital<\/strong><\/h3>\n<p>Resina Ep\u00f3xi para Iniciantes: Aprenda a Criar uma Mini Agenda Personalizada Passo a Passo<\/p>\n<p data-start=\"105\" data-end=\"428\">Descubra o universo encantador da <strong>Resina Ep\u00f3xi<\/strong> com a apostila digital <em data-start=\"192\" data-end=\"214\">Resina Ep\u00f3xi in Casa<\/em>, desenvolvida por Fernanda Martins. explore novas possibilidades no mundo do <strong data-start=\"402\" data-end=\"427\">DIY (Fa\u00e7a Voc\u00ea Mesmo)<\/strong>.<\/p>\n<p data-start=\"430\" data-end=\"792\">Nesta apostila, voc\u00ea vai aprender com <strong data-start=\"468\" data-end=\"497\">passo a passo fotografado<\/strong> como produzir uma linda <strong data-start=\"522\" data-end=\"553\">Mini Agenda em resina ep\u00f3xi<\/strong>, perfeita para presentear, usar no dia a dia ou at\u00e9 mesmo vender.<br \/>\nO conte\u00fado foi pensado para facilitar o aprendizado, mesmo para iniciantes, com explica\u00e7\u00f5es claras, dicas importantes e t\u00e9cnicas essenciais para um acabamento profissional.<\/p>\n<p data-start=\"794\" data-end=\"988\">Ideal para quem busca uma nova fonte de renda ou deseja se destacar no mercado de <strong data-start=\"876\" data-end=\"904\">artesanato personalizado<\/strong>, essa apostila ensina como transformar criatividade em pe\u00e7as \u00fanicas e encantadoras.<\/p>\n<p data-start=\"990\" data-end=\"1080\">Invista no seu talento, aprenda uma t\u00e9cnica moderna e crie produtos que encantam clientes!<\/p>\n<p data-start=\"1301\" data-end=\"1420\" data-is-last-node=\"\" data-is-only-node=\"\"><strong data-start=\"1301\" data-end=\"1420\" data-is-last-node=\"\">Lembre-se cada produto adquirido em nossa loja estar\u00e1 ajudando a muitas fam\u00edlias que vivem no artesanato do Brasil.<\/strong><\/p>\n<p data-start=\"1301\" data-end=\"1420\" data-is-last-node=\"\" data-is-only-node=\"\">\n","protected":false},"featured_media":4642,"comment_status":"open","ping_status":"closed","template":"","meta":{"_monsterinsights_skip_tracking":false,"_monsterinsights_sitenote_active":false,"_monsterinsights_sitenote_note":"","_monsterinsights_sitenote_category":0},"product_brand":[],"product_cat":[169],"product_tag":[355,264,334,296,333,368,328,358,369,329,331],"class_list":{"0":"post-4640","1":"product","2":"type-product","3":"status-publish","4":"has-post-thumbnail","6":"product_cat-apostilas","7":"product_tag-amoarte","8":"product_tag-apostila","9":"product_tag-apostila-de-artesanato","10":"product_tag-apostiladigital","11":"product_tag-aprender-artesanato","12":"product_tag-artesanatonatela","13":"product_tag-passo-a-passo","14":"product_tag-passoaoassocriativo","15":"product_tag-resinaepoxi","16":"product_tag-revista-de-artesanato","17":"product_tag-revista-digital","18":"dc_vendor_shop-artesanatoincasa","20":"first","21":"instock","22":"sale","23":"downloadable","24":"virtual","25":"taxable","26":"purchasable","27":"product-type-simple"},"yoast_head":"<!-- This site is optimized with the Yoast SEO plugin v27.4 - https:\/\/yoast.com\/product\/yoast-seo-wordpress\/ -->\n<title>Resina Epoxi in Casa com Fernanda Martins - Apostila Digital - Loja Artesanato In Casa<\/title>\n<meta name=\"robots\" content=\"index, follow, max-snippet:-1, max-image-preview:large, max-video-preview:-1\" \/>\n<link rel=\"canonical\" href=\"https:\/\/artesanatoincasa.com.br\/loja\/produto\/apostilas\/resina-epoxi-in-casa-com-fernanda-martins-apostila-digital\/\" \/>\n<meta property=\"og:locale\" content=\"pt_BR\" \/>\n<meta property=\"og:type\" content=\"article\" \/>\n<meta property=\"og:title\" content=\"Resina Epoxi in Casa com Fernanda Martins - Apostila Digital - Loja Artesanato In Casa\" \/>\n<meta property=\"og:description\" content=\"Resina Epoxi in Casa com Fernanda Martins - Apostila Digital Resina Ep\u00f3xi para Iniciantes: Aprenda a Criar uma Mini Agenda Personalizada Passo a Passo Descubra o universo encantador da Resina Ep\u00f3xi com a apostila digital Resina Ep\u00f3xi in Casa, desenvolvida por Fernanda Martins. explore novas possibilidades no mundo do DIY (Fa\u00e7a Voc\u00ea Mesmo). Nesta apostila, voc\u00ea vai aprender com passo a passo fotografado como produzir uma linda Mini Agenda em resina ep\u00f3xi, perfeita para presentear, usar no dia a dia ou at\u00e9 mesmo vender. O conte\u00fado foi pensado para facilitar o aprendizado, mesmo para iniciantes, com explica\u00e7\u00f5es claras, dicas importantes e t\u00e9cnicas essenciais para um acabamento profissional. Ideal para quem busca uma nova fonte de renda ou deseja se destacar no mercado de artesanato personalizado, essa apostila ensina como transformar criatividade em pe\u00e7as \u00fanicas e encantadoras. Invista no seu talento, aprenda uma t\u00e9cnica moderna e crie produtos que encantam clientes! Lembre-se cada produto adquirido em nossa loja estar\u00e1 ajudando a muitas fam\u00edlias que vivem no artesanato do Brasil.\" \/>\n<meta property=\"og:url\" content=\"https:\/\/artesanatoincasa.com.br\/loja\/produto\/apostilas\/resina-epoxi-in-casa-com-fernanda-martins-apostila-digital\/\" \/>\n<meta property=\"og:site_name\" content=\"Loja Artesanato In Casa\" \/>\n<meta property=\"article:modified_time\" content=\"2026-05-05T19:42:43+00:00\" \/>\n<meta property=\"og:image\" content=\"https:\/\/artesanatoincasa.com.br\/loja\/wp-content\/uploads\/2026\/05\/Artesanato-In-Casa-com-Fernanda-Martins-1-732x1024.jpg\" \/>\n\t<meta property=\"og:image:width\" content=\"732\" \/>\n\t<meta property=\"og:image:height\" content=\"1024\" \/>\n\t<meta property=\"og:image:type\" content=\"image\/jpeg\" \/>\n<script type=\"application\/ld+json\" class=\"yoast-schema-graph\">{\"@context\":\"https:\\\/\\\/schema.org\",\"@graph\":[{\"@type\":\"WebPage\",\"@id\":\"https:\\\/\\\/artesanatoincasa.com.br\\\/loja\\\/produto\\\/apostilas\\\/resina-epoxi-in-casa-com-fernanda-martins-apostila-digital\\\/\",\"url\":\"https:\\\/\\\/artesanatoincasa.com.br\\\/loja\\\/produto\\\/apostilas\\\/resina-epoxi-in-casa-com-fernanda-martins-apostila-digital\\\/\",\"name\":\"Resina Epoxi in Casa com Fernanda Martins - Apostila Digital - Loja Artesanato In Casa\",\"isPartOf\":{\"@id\":\"https:\\\/\\\/artesanatoincasa.com.br\\\/loja\\\/#website\"},\"primaryImageOfPage\":{\"@id\":\"https:\\\/\\\/artesanatoincasa.com.br\\\/loja\\\/produto\\\/apostilas\\\/resina-epoxi-in-casa-com-fernanda-martins-apostila-digital\\\/#primaryimage\"},\"image\":{\"@id\":\"https:\\\/\\\/artesanatoincasa.com.br\\\/loja\\\/produto\\\/apostilas\\\/resina-epoxi-in-casa-com-fernanda-martins-apostila-digital\\\/#primaryimage\"},\"thumbnailUrl\":\"https:\\\/\\\/artesanatoincasa.com.br\\\/loja\\\/wp-content\\\/uploads\\\/2026\\\/05\\\/Artesanato-In-Casa-com-Fernanda-Martins-1.jpg\",\"datePublished\":\"2026-05-05T19:41:17+00:00\",\"dateModified\":\"2026-05-05T19:42:43+00:00\",\"breadcrumb\":{\"@id\":\"https:\\\/\\\/artesanatoincasa.com.br\\\/loja\\\/produto\\\/apostilas\\\/resina-epoxi-in-casa-com-fernanda-martins-apostila-digital\\\/#breadcrumb\"},\"inLanguage\":\"pt-BR\",\"potentialAction\":[{\"@type\":\"ReadAction\",\"target\":[\"https:\\\/\\\/artesanatoincasa.com.br\\\/loja\\\/produto\\\/apostilas\\\/resina-epoxi-in-casa-com-fernanda-martins-apostila-digital\\\/\"]}]},{\"@type\":\"ImageObject\",\"inLanguage\":\"pt-BR\",\"@id\":\"https:\\\/\\\/artesanatoincasa.com.br\\\/loja\\\/produto\\\/apostilas\\\/resina-epoxi-in-casa-com-fernanda-martins-apostila-digital\\\/#primaryimage\",\"url\":\"https:\\\/\\\/artesanatoincasa.com.br\\\/loja\\\/wp-content\\\/uploads\\\/2026\\\/05\\\/Artesanato-In-Casa-com-Fernanda-Martins-1.jpg\",\"contentUrl\":\"https:\\\/\\\/artesanatoincasa.com.br\\\/loja\\\/wp-content\\\/uploads\\\/2026\\\/05\\\/Artesanato-In-Casa-com-Fernanda-Martins-1.jpg\",\"width\":1564,\"height\":2189},{\"@type\":\"BreadcrumbList\",\"@id\":\"https:\\\/\\\/artesanatoincasa.com.br\\\/loja\\\/produto\\\/apostilas\\\/resina-epoxi-in-casa-com-fernanda-martins-apostila-digital\\\/#breadcrumb\",\"itemListElement\":[{\"@type\":\"ListItem\",\"position\":1,\"name\":\"In\u00edcio\",\"item\":\"https:\\\/\\\/artesanatoincasa.com.br\\\/loja\\\/\"},{\"@type\":\"ListItem\",\"position\":2,\"name\":\"Produtos\",\"item\":\"https:\\\/\\\/artesanatoincasa.com.br\\\/loja\\\/loja\\\/\"},{\"@type\":\"ListItem\",\"position\":3,\"name\":\"Resina Epoxi in Casa com Fernanda Martins &#8211; Apostila Digital\"}]},{\"@type\":\"WebSite\",\"@id\":\"https:\\\/\\\/artesanatoincasa.com.br\\\/loja\\\/#website\",\"url\":\"https:\\\/\\\/artesanatoincasa.com.br\\\/loja\\\/\",\"name\":\"Loja Artesanato In Casa\",\"description\":\"Marketplace exclusivo para artes\u00e3os!\",\"publisher\":{\"@id\":\"https:\\\/\\\/artesanatoincasa.com.br\\\/loja\\\/#organization\"},\"alternateName\":\"Loja Artesanato In Casa\",\"potentialAction\":[{\"@type\":\"SearchAction\",\"target\":{\"@type\":\"EntryPoint\",\"urlTemplate\":\"https:\\\/\\\/artesanatoincasa.com.br\\\/loja\\\/?s={search_term_string}\"},\"query-input\":{\"@type\":\"PropertyValueSpecification\",\"valueRequired\":true,\"valueName\":\"search_term_string\"}}],\"inLanguage\":\"pt-BR\"},{\"@type\":\"Organization\",\"@id\":\"https:\\\/\\\/artesanatoincasa.com.br\\\/loja\\\/#organization\",\"name\":\"Loja Artesanato In Casa\",\"alternateName\":\"Loja Artesanato In Casa\",\"url\":\"https:\\\/\\\/artesanatoincasa.com.br\\\/loja\\\/\",\"logo\":{\"@type\":\"ImageObject\",\"inLanguage\":\"pt-BR\",\"@id\":\"https:\\\/\\\/artesanatoincasa.com.br\\\/loja\\\/#\\\/schema\\\/logo\\\/image\\\/\",\"url\":\"http:\\\/\\\/artesanatoincasa.com.br\\\/loja\\\/wp-content\\\/uploads\\\/2023\\\/07\\\/Logo-Marketing-Place.png\",\"contentUrl\":\"http:\\\/\\\/artesanatoincasa.com.br\\\/loja\\\/wp-content\\\/uploads\\\/2023\\\/07\\\/Logo-Marketing-Place.png\",\"width\":698,\"height\":390,\"caption\":\"Loja Artesanato In Casa\"},\"image\":{\"@id\":\"https:\\\/\\\/artesanatoincasa.com.br\\\/loja\\\/#\\\/schema\\\/logo\\\/image\\\/\"}}]}<\/script>\n<!-- \/ Yoast SEO plugin. -->","yoast_head_json":{"title":"Resina Epoxi in Casa com Fernanda Martins - Apostila Digital - Loja Artesanato In Casa","robots":{"index":"index","follow":"follow","max-snippet":"max-snippet:-1","max-image-preview":"max-image-preview:large","max-video-preview":"max-video-preview:-1"},"canonical":"https:\/\/artesanatoincasa.com.br\/loja\/produto\/apostilas\/resina-epoxi-in-casa-com-fernanda-martins-apostila-digital\/","og_locale":"pt_BR","og_type":"article","og_title":"Resina Epoxi in Casa com Fernanda Martins - Apostila Digital - Loja Artesanato In Casa","og_description":"Resina Epoxi in Casa com Fernanda Martins - Apostila Digital Resina Ep\u00f3xi para Iniciantes: Aprenda a Criar uma Mini Agenda Personalizada Passo a Passo Descubra o universo encantador da Resina Ep\u00f3xi com a apostila digital Resina Ep\u00f3xi in Casa, desenvolvida por Fernanda Martins. explore novas possibilidades no mundo do DIY (Fa\u00e7a Voc\u00ea Mesmo). Nesta apostila, voc\u00ea vai aprender com passo a passo fotografado como produzir uma linda Mini Agenda em resina ep\u00f3xi, perfeita para presentear, usar no dia a dia ou at\u00e9 mesmo vender. O conte\u00fado foi pensado para facilitar o aprendizado, mesmo para iniciantes, com explica\u00e7\u00f5es claras, dicas importantes e t\u00e9cnicas essenciais para um acabamento profissional. Ideal para quem busca uma nova fonte de renda ou deseja se destacar no mercado de artesanato personalizado, essa apostila ensina como transformar criatividade em pe\u00e7as \u00fanicas e encantadoras. Invista no seu talento, aprenda uma t\u00e9cnica moderna e crie produtos que encantam clientes! Lembre-se cada produto adquirido em nossa loja estar\u00e1 ajudando a muitas fam\u00edlias que vivem no artesanato do Brasil.","og_url":"https:\/\/artesanatoincasa.com.br\/loja\/produto\/apostilas\/resina-epoxi-in-casa-com-fernanda-martins-apostila-digital\/","og_site_name":"Loja Artesanato In Casa","article_modified_time":"2026-05-05T19:42:43+00:00","og_image":[{"width":732,"height":1024,"url":"https:\/\/artesanatoincasa.com.br\/loja\/wp-content\/uploads\/2026\/05\/Artesanato-In-Casa-com-Fernanda-Martins-1-732x1024.jpg","type":"image\/jpeg"}],"schema":{"@context":"https:\/\/schema.org","@graph":[{"@type":"WebPage","@id":"https:\/\/artesanatoincasa.com.br\/loja\/produto\/apostilas\/resina-epoxi-in-casa-com-fernanda-martins-apostila-digital\/","url":"https:\/\/artesanatoincasa.com.br\/loja\/produto\/apostilas\/resina-epoxi-in-casa-com-fernanda-martins-apostila-digital\/","name":"Resina Epoxi in Casa com Fernanda Martins - Apostila Digital - Loja Artesanato In Casa","isPartOf":{"@id":"https:\/\/artesanatoincasa.com.br\/loja\/#website"},"primaryImageOfPage":{"@id":"https:\/\/artesanatoincasa.com.br\/loja\/produto\/apostilas\/resina-epoxi-in-casa-com-fernanda-martins-apostila-digital\/#primaryimage"},"image":{"@id":"https:\/\/artesanatoincasa.com.br\/loja\/produto\/apostilas\/resina-epoxi-in-casa-com-fernanda-martins-apostila-digital\/#primaryimage"},"thumbnailUrl":"https:\/\/artesanatoincasa.com.br\/loja\/wp-content\/uploads\/2026\/05\/Artesanato-In-Casa-com-Fernanda-Martins-1.jpg","datePublished":"2026-05-05T19:41:17+00:00","dateModified":"2026-05-05T19:42:43+00:00","breadcrumb":{"@id":"https:\/\/artesanatoincasa.com.br\/loja\/produto\/apostilas\/resina-epoxi-in-casa-com-fernanda-martins-apostila-digital\/#breadcrumb"},"inLanguage":"pt-BR","potentialAction":[{"@type":"ReadAction","target":["https:\/\/artesanatoincasa.com.br\/loja\/produto\/apostilas\/resina-epoxi-in-casa-com-fernanda-martins-apostila-digital\/"]}]},{"@type":"ImageObject","inLanguage":"pt-BR","@id":"https:\/\/artesanatoincasa.com.br\/loja\/produto\/apostilas\/resina-epoxi-in-casa-com-fernanda-martins-apostila-digital\/#primaryimage","url":"https:\/\/artesanatoincasa.com.br\/loja\/wp-content\/uploads\/2026\/05\/Artesanato-In-Casa-com-Fernanda-Martins-1.jpg","contentUrl":"https:\/\/artesanatoincasa.com.br\/loja\/wp-content\/uploads\/2026\/05\/Artesanato-In-Casa-com-Fernanda-Martins-1.jpg","width":1564,"height":2189},{"@type":"BreadcrumbList","@id":"https:\/\/artesanatoincasa.com.br\/loja\/produto\/apostilas\/resina-epoxi-in-casa-com-fernanda-martins-apostila-digital\/#breadcrumb","itemListElement":[{"@type":"ListItem","position":1,"name":"In\u00edcio","item":"https:\/\/artesanatoincasa.com.br\/loja\/"},{"@type":"ListItem","position":2,"name":"Produtos","item":"https:\/\/artesanatoincasa.com.br\/loja\/loja\/"},{"@type":"ListItem","position":3,"name":"Resina Epoxi in Casa com Fernanda Martins &#8211; Apostila Digital"}]},{"@type":"WebSite","@id":"https:\/\/artesanatoincasa.com.br\/loja\/#website","url":"https:\/\/artesanatoincasa.com.br\/loja\/","name":"Loja Artesanato In Casa","description":"Marketplace exclusivo para artes\u00e3os!","publisher":{"@id":"https:\/\/artesanatoincasa.com.br\/loja\/#organization"},"alternateName":"Loja Artesanato In Casa","potentialAction":[{"@type":"SearchAction","target":{"@type":"EntryPoint","urlTemplate":"https:\/\/artesanatoincasa.com.br\/loja\/?s={search_term_string}"},"query-input":{"@type":"PropertyValueSpecification","valueRequired":true,"valueName":"search_term_string"}}],"inLanguage":"pt-BR"},{"@type":"Organization","@id":"https:\/\/artesanatoincasa.com.br\/loja\/#organization","name":"Loja Artesanato In Casa","alternateName":"Loja Artesanato In Casa","url":"https:\/\/artesanatoincasa.com.br\/loja\/","logo":{"@type":"ImageObject","inLanguage":"pt-BR","@id":"https:\/\/artesanatoincasa.com.br\/loja\/#\/schema\/logo\/image\/","url":"http:\/\/artesanatoincasa.com.br\/loja\/wp-content\/uploads\/2023\/07\/Logo-Marketing-Place.png","contentUrl":"http:\/\/artesanatoincasa.com.br\/loja\/wp-content\/uploads\/2023\/07\/Logo-Marketing-Place.png","width":698,"height":390,"caption":"Loja Artesanato In Casa"},"image":{"@id":"https:\/\/artesanatoincasa.com.br\/loja\/#\/schema\/logo\/image\/"}}]}},"_links":{"self":[{"href":"https:\/\/artesanatoincasa.com.br\/loja\/wp-json\/wp\/v2\/product\/4640","targetHints":{"allow":["GET"]}}],"collection":[{"href":"https:\/\/artesanatoincasa.com.br\/loja\/wp-json\/wp\/v2\/product"}],"about":[{"href":"https:\/\/artesanatoincasa.com.br\/loja\/wp-json\/wp\/v2\/types\/product"}],"replies":[{"embeddable":true,"href":"https:\/\/artesanatoincasa.com.br\/loja\/wp-json\/wp\/v2\/comments?post=4640"}],"wp:featuredmedia":[{"embeddable":true,"href":"https:\/\/artesanatoincasa.com.br\/loja\/wp-json\/wp\/v2\/media\/4642"}],"wp:attachment":[{"href":"https:\/\/artesanatoincasa.com.br\/loja\/wp-json\/wp\/v2\/media?parent=4640"}],"wp:term":[{"taxonomy":"product_brand","embeddable":true,"href":"https:\/\/artesanatoincasa.com.br\/loja\/wp-json\/wp\/v2\/product_brand?post=4640"},{"taxonomy":"product_cat","embeddable":true,"href":"https:\/\/artesanatoincasa.com.br\/loja\/wp-json\/wp\/v2\/product_cat?post=4640"},{"taxonomy":"product_tag","embeddable":true,"href":"https:\/\/artesanatoincasa.com.br\/loja\/wp-json\/wp\/v2\/product_tag?post=4640"}],"curies":[{"name":"wp","href":"https:\/\/api.w.org\/{rel}","templated":true}]}}