{"id":4632,"date":"2026-05-05T16:28:59","date_gmt":"2026-05-05T19:28:59","guid":{"rendered":"https:\/\/artesanatoincasa.com.br\/loja\/?post_type=product&#038;p=4632"},"modified":"2026-05-05T19:38:21","modified_gmt":"2026-05-05T22:38:21","slug":"reciclagem-in-casa-com_tati-nascimento-apostila-digital","status":"publish","type":"product","link":"https:\/\/artesanatoincasa.com.br\/loja\/produto\/apostilas\/reciclagem-in-casa-com_tati-nascimento-apostila-digital\/","title":{"rendered":"Reciclagem In Casa com_Tati Nascimento &#8211; Apostila Digital"},"content":{"rendered":"<h3><strong>Reciclagem In Casa com_Tati Nascimento &#8211; Apostila Digital<\/strong><br \/>\nAprenda a Criar 3 Pe\u00e7as Incr\u00edveis com Materiais Sustent\u00e1veis<\/h3>\n<p data-start=\"105\" data-end=\"413\">Transforme materiais simples em pe\u00e7as decorativas \u00fanicas com a apostila digital <em data-start=\"198\" data-end=\"218\">Reciclagem in Casa<\/em>, desenvolvida por Tati Nascimento. Um guia completo para quem busca <strong data-start=\"287\" data-end=\"313\">artesanato sustent\u00e1vel<\/strong>, <strong data-start=\"315\" data-end=\"338\">reciclagem criativa<\/strong> e ideias pr\u00e1ticas para <strong data-start=\"362\" data-end=\"386\">reutilizar materiais<\/strong> com criatividade e estilo.<\/p>\n<p data-start=\"415\" data-end=\"605\">Com <strong data-start=\"419\" data-end=\"448\">passo a passo fotografado<\/strong>, voc\u00ea vai aprender de forma f\u00e1cil e did\u00e1tica a criar 3 projetos exclusivos:<br data-start=\"524\" data-end=\"527\" \/><strong>\u2022 <em>Rel\u00f3gio Natalino em Calota<\/em><\/strong><br data-start=\"556\" data-end=\"559\" \/><strong>\u2022 <em>Rel\u00f3gio Domin\u00f3<\/em><\/strong><br data-start=\"576\" data-end=\"579\" \/><strong>\u2022<em> Porta-Celular de Mesa<\/em><\/strong><\/p>\n<p data-start=\"607\" data-end=\"872\">Ideal para iniciantes e tamb\u00e9m para quem j\u00e1 trabalha com artesanato, essa apostila \u00e9 perfeita para quem deseja <strong data-start=\"718\" data-end=\"752\">ganhar dinheiro com reciclagem<\/strong>, produzir <strong data-start=\"763\" data-end=\"788\">decora\u00e7\u00e3o sustent\u00e1vel<\/strong>, criar pe\u00e7as diferenciadas para venda ou deixar sua casa mais criativa e ecol\u00f3gica.<\/p>\n<p data-start=\"874\" data-end=\"1052\">Aproveite essa oportunidade para desenvolver novas habilidades, explorar o universo do <strong data-start=\"961\" data-end=\"986\">DIY (Fa\u00e7a Voc\u00ea Mesmo)<\/strong> e transformar materiais recicl\u00e1veis em verdadeiras obras de arte!<\/p>\n<p data-start=\"1054\" data-end=\"1271\"><strong data-start=\"1054\" data-end=\"1073\">Palavras-chave:<\/strong> artesanato com reciclagem, reciclagem criativa, artesanato sustent\u00e1vel, DIY decora\u00e7\u00e3o, como fazer rel\u00f3gio artesanal, porta celular artesanal, ideias com material recicl\u00e1vel, artesanato para vender.<\/p>\n<p data-start=\"1273\" data-end=\"1392\" data-is-last-node=\"\" data-is-only-node=\"\"><strong data-start=\"1273\" data-end=\"1392\" data-is-last-node=\"\">Lembre-se cada produto adquirido em nossa loja estar\u00e1 ajudando a muitas fam\u00edlias que vivem no artesanato do Brasil.<\/strong><\/p>\n","protected":false},"excerpt":{"rendered":"<h3><strong>Reciclagem In Casa com_Tati Nascimento &#8211; Apostila Digital<\/strong><br \/>\nAprenda a Criar 3 Pe\u00e7as Incr\u00edveis com Materiais Sustent\u00e1veis<\/h3>\n<p data-start=\"105\" data-end=\"413\">Transforme materiais simples em pe\u00e7as decorativas \u00fanicas com a apostila digital <em data-start=\"198\" data-end=\"218\">Reciclagem in Casa<\/em>, desenvolvida por Tati Nascimento. Um guia completo para quem busca <strong data-start=\"287\" data-end=\"313\">artesanato sustent\u00e1vel<\/strong>, <strong data-start=\"315\" data-end=\"338\">reciclagem criativa<\/strong> e ideias pr\u00e1ticas para <strong data-start=\"362\" data-end=\"386\">reutilizar materiais<\/strong> com criatividade e estilo.<\/p>\n<p data-start=\"415\" data-end=\"605\">Com <strong data-start=\"419\" data-end=\"448\">passo a passo fotografado<\/strong>, voc\u00ea vai aprender de forma f\u00e1cil e did\u00e1tica a criar 3 projetos exclusivos:<br data-start=\"524\" data-end=\"527\" \/><strong>\u2022 <em>Rel\u00f3gio Natalino em Calota<\/em><\/strong><br data-start=\"556\" data-end=\"559\" \/><strong>\u2022 <em>Rel\u00f3gio Domin\u00f3<\/em><\/strong><br data-start=\"576\" data-end=\"579\" \/><strong>\u2022<em> Porta-Celular de Mesa<\/em><\/strong><\/p>\n<p data-start=\"607\" data-end=\"872\">Ideal para iniciantes e tamb\u00e9m para quem j\u00e1 trabalha com artesanato, essa apostila \u00e9 perfeita para quem deseja <strong data-start=\"718\" data-end=\"752\">ganhar dinheiro com reciclagem<\/strong>, produzir <strong data-start=\"763\" data-end=\"788\">decora\u00e7\u00e3o sustent\u00e1vel<\/strong>, criar pe\u00e7as diferenciadas para venda ou deixar sua casa mais criativa e ecol\u00f3gica.<\/p>\n<p data-start=\"874\" data-end=\"1052\">Aproveite essa oportunidade para desenvolver novas habilidades, explorar o universo do <strong data-start=\"961\" data-end=\"986\">DIY (Fa\u00e7a Voc\u00ea Mesmo)<\/strong> e transformar materiais recicl\u00e1veis em verdadeiras obras de arte!<\/p>\n<p data-start=\"1054\" data-end=\"1271\"><strong data-start=\"1054\" data-end=\"1073\">Palavras-chave:<\/strong> artesanato com reciclagem, reciclagem criativa, artesanato sustent\u00e1vel, DIY decora\u00e7\u00e3o, como fazer rel\u00f3gio artesanal, porta celular artesanal, ideias com material recicl\u00e1vel, artesanato para vender.<\/p>\n<p data-start=\"1273\" data-end=\"1392\" data-is-last-node=\"\" data-is-only-node=\"\"><strong data-start=\"1273\" data-end=\"1392\" data-is-last-node=\"\">Lembre-se cada produto adquirido em nossa loja estar\u00e1 ajudando a muitas fam\u00edlias que vivem no artesanato do Brasil.<\/strong><\/p>\n","protected":false},"featured_media":4633,"comment_status":"open","ping_status":"closed","template":"","meta":{"_monsterinsights_skip_tracking":false,"_monsterinsights_sitenote_active":false,"_monsterinsights_sitenote_note":"","_monsterinsights_sitenote_category":0},"product_brand":[],"product_cat":[169],"product_tag":[334,296,333,251,368,332,348,252,329,331],"class_list":{"0":"post-4632","1":"product","2":"type-product","3":"status-publish","4":"has-post-thumbnail","6":"product_cat-apostilas","7":"product_tag-apostila-de-artesanato","8":"product_tag-apostiladigital","9":"product_tag-aprender-artesanato","10":"product_tag-artesanato","11":"product_tag-artesanatonatela","12":"product_tag-artesao-2","13":"product_tag-empreendedorismo","14":"product_tag-empreender","15":"product_tag-revista-de-artesanato","16":"product_tag-revista-digital","17":"dc_vendor_shop-artesanatoincasa","19":"first","20":"instock","21":"sale","22":"downloadable","23":"virtual","24":"taxable","25":"purchasable","26":"product-type-simple"},"yoast_head":"<!-- This site is optimized with the Yoast SEO plugin v27.4 - https:\/\/yoast.com\/product\/yoast-seo-wordpress\/ -->\n<title>Reciclagem In Casa com_Tati Nascimento - Apostila Digital - Loja Artesanato In Casa<\/title>\n<meta name=\"robots\" content=\"index, follow, max-snippet:-1, max-image-preview:large, max-video-preview:-1\" \/>\n<link rel=\"canonical\" href=\"https:\/\/artesanatoincasa.com.br\/loja\/produto\/apostilas\/reciclagem-in-casa-com_tati-nascimento-apostila-digital\/\" \/>\n<meta property=\"og:locale\" content=\"pt_BR\" \/>\n<meta property=\"og:type\" content=\"article\" \/>\n<meta property=\"og:title\" content=\"Reciclagem In Casa com_Tati Nascimento - Apostila Digital - Loja Artesanato In Casa\" \/>\n<meta property=\"og:description\" content=\"Reciclagem In Casa com_Tati Nascimento - Apostila Digital Aprenda a Criar 3 Pe\u00e7as Incr\u00edveis com Materiais Sustent\u00e1veis Transforme materiais simples em pe\u00e7as decorativas \u00fanicas com a apostila digital Reciclagem in Casa, desenvolvida por Tati Nascimento. Um guia completo para quem busca artesanato sustent\u00e1vel, reciclagem criativa e ideias pr\u00e1ticas para reutilizar materiais com criatividade e estilo. Com passo a passo fotografado, voc\u00ea vai aprender de forma f\u00e1cil e did\u00e1tica a criar 3 projetos exclusivos:\u2022 Rel\u00f3gio Natalino em Calota\u2022 Rel\u00f3gio Domin\u00f3\u2022 Porta-Celular de Mesa Ideal para iniciantes e tamb\u00e9m para quem j\u00e1 trabalha com artesanato, essa apostila \u00e9 perfeita para quem deseja ganhar dinheiro com reciclagem, produzir decora\u00e7\u00e3o sustent\u00e1vel, criar pe\u00e7as diferenciadas para venda ou deixar sua casa mais criativa e ecol\u00f3gica. Aproveite essa oportunidade para desenvolver novas habilidades, explorar o universo do DIY (Fa\u00e7a Voc\u00ea Mesmo) e transformar materiais recicl\u00e1veis em verdadeiras obras de arte! Palavras-chave: artesanato com reciclagem, reciclagem criativa, artesanato sustent\u00e1vel, DIY decora\u00e7\u00e3o, como fazer rel\u00f3gio artesanal, porta celular artesanal, ideias com material recicl\u00e1vel, artesanato para vender. Lembre-se cada produto adquirido em nossa loja estar\u00e1 ajudando a muitas fam\u00edlias que vivem no artesanato do Brasil.\" \/>\n<meta property=\"og:url\" content=\"https:\/\/artesanatoincasa.com.br\/loja\/produto\/apostilas\/reciclagem-in-casa-com_tati-nascimento-apostila-digital\/\" \/>\n<meta property=\"og:site_name\" content=\"Loja Artesanato In Casa\" \/>\n<meta property=\"article:modified_time\" content=\"2026-05-05T22:38:21+00:00\" \/>\n<meta property=\"og:image\" content=\"https:\/\/artesanatoincasa.com.br\/loja\/wp-content\/uploads\/2026\/05\/Artesanato-In-Casa-com_Tati-Nascimento-1-732x1024.jpg\" \/>\n\t<meta property=\"og:image:width\" content=\"732\" \/>\n\t<meta property=\"og:image:height\" content=\"1024\" \/>\n\t<meta property=\"og:image:type\" content=\"image\/jpeg\" \/>\n<script type=\"application\/ld+json\" class=\"yoast-schema-graph\">{\"@context\":\"https:\\\/\\\/schema.org\",\"@graph\":[{\"@type\":\"WebPage\",\"@id\":\"https:\\\/\\\/artesanatoincasa.com.br\\\/loja\\\/produto\\\/apostilas\\\/reciclagem-in-casa-com_tati-nascimento-apostila-digital\\\/\",\"url\":\"https:\\\/\\\/artesanatoincasa.com.br\\\/loja\\\/produto\\\/apostilas\\\/reciclagem-in-casa-com_tati-nascimento-apostila-digital\\\/\",\"name\":\"Reciclagem In Casa com_Tati Nascimento - Apostila Digital - Loja Artesanato In Casa\",\"isPartOf\":{\"@id\":\"https:\\\/\\\/artesanatoincasa.com.br\\\/loja\\\/#website\"},\"primaryImageOfPage\":{\"@id\":\"https:\\\/\\\/artesanatoincasa.com.br\\\/loja\\\/produto\\\/apostilas\\\/reciclagem-in-casa-com_tati-nascimento-apostila-digital\\\/#primaryimage\"},\"image\":{\"@id\":\"https:\\\/\\\/artesanatoincasa.com.br\\\/loja\\\/produto\\\/apostilas\\\/reciclagem-in-casa-com_tati-nascimento-apostila-digital\\\/#primaryimage\"},\"thumbnailUrl\":\"https:\\\/\\\/artesanatoincasa.com.br\\\/loja\\\/wp-content\\\/uploads\\\/2026\\\/05\\\/Artesanato-In-Casa-com_Tati-Nascimento-1.jpg\",\"datePublished\":\"2026-05-05T19:28:59+00:00\",\"dateModified\":\"2026-05-05T22:38:21+00:00\",\"breadcrumb\":{\"@id\":\"https:\\\/\\\/artesanatoincasa.com.br\\\/loja\\\/produto\\\/apostilas\\\/reciclagem-in-casa-com_tati-nascimento-apostila-digital\\\/#breadcrumb\"},\"inLanguage\":\"pt-BR\",\"potentialAction\":[{\"@type\":\"ReadAction\",\"target\":[\"https:\\\/\\\/artesanatoincasa.com.br\\\/loja\\\/produto\\\/apostilas\\\/reciclagem-in-casa-com_tati-nascimento-apostila-digital\\\/\"]}]},{\"@type\":\"ImageObject\",\"inLanguage\":\"pt-BR\",\"@id\":\"https:\\\/\\\/artesanatoincasa.com.br\\\/loja\\\/produto\\\/apostilas\\\/reciclagem-in-casa-com_tati-nascimento-apostila-digital\\\/#primaryimage\",\"url\":\"https:\\\/\\\/artesanatoincasa.com.br\\\/loja\\\/wp-content\\\/uploads\\\/2026\\\/05\\\/Artesanato-In-Casa-com_Tati-Nascimento-1.jpg\",\"contentUrl\":\"https:\\\/\\\/artesanatoincasa.com.br\\\/loja\\\/wp-content\\\/uploads\\\/2026\\\/05\\\/Artesanato-In-Casa-com_Tati-Nascimento-1.jpg\",\"width\":1564,\"height\":2189},{\"@type\":\"BreadcrumbList\",\"@id\":\"https:\\\/\\\/artesanatoincasa.com.br\\\/loja\\\/produto\\\/apostilas\\\/reciclagem-in-casa-com_tati-nascimento-apostila-digital\\\/#breadcrumb\",\"itemListElement\":[{\"@type\":\"ListItem\",\"position\":1,\"name\":\"In\u00edcio\",\"item\":\"https:\\\/\\\/artesanatoincasa.com.br\\\/loja\\\/\"},{\"@type\":\"ListItem\",\"position\":2,\"name\":\"Produtos\",\"item\":\"https:\\\/\\\/artesanatoincasa.com.br\\\/loja\\\/loja\\\/\"},{\"@type\":\"ListItem\",\"position\":3,\"name\":\"Reciclagem In Casa com_Tati Nascimento &#8211; Apostila Digital\"}]},{\"@type\":\"WebSite\",\"@id\":\"https:\\\/\\\/artesanatoincasa.com.br\\\/loja\\\/#website\",\"url\":\"https:\\\/\\\/artesanatoincasa.com.br\\\/loja\\\/\",\"name\":\"Loja Artesanato In Casa\",\"description\":\"Marketplace exclusivo para artes\u00e3os!\",\"publisher\":{\"@id\":\"https:\\\/\\\/artesanatoincasa.com.br\\\/loja\\\/#organization\"},\"alternateName\":\"Loja Artesanato In Casa\",\"potentialAction\":[{\"@type\":\"SearchAction\",\"target\":{\"@type\":\"EntryPoint\",\"urlTemplate\":\"https:\\\/\\\/artesanatoincasa.com.br\\\/loja\\\/?s={search_term_string}\"},\"query-input\":{\"@type\":\"PropertyValueSpecification\",\"valueRequired\":true,\"valueName\":\"search_term_string\"}}],\"inLanguage\":\"pt-BR\"},{\"@type\":\"Organization\",\"@id\":\"https:\\\/\\\/artesanatoincasa.com.br\\\/loja\\\/#organization\",\"name\":\"Loja Artesanato In Casa\",\"alternateName\":\"Loja Artesanato In Casa\",\"url\":\"https:\\\/\\\/artesanatoincasa.com.br\\\/loja\\\/\",\"logo\":{\"@type\":\"ImageObject\",\"inLanguage\":\"pt-BR\",\"@id\":\"https:\\\/\\\/artesanatoincasa.com.br\\\/loja\\\/#\\\/schema\\\/logo\\\/image\\\/\",\"url\":\"http:\\\/\\\/artesanatoincasa.com.br\\\/loja\\\/wp-content\\\/uploads\\\/2023\\\/07\\\/Logo-Marketing-Place.png\",\"contentUrl\":\"http:\\\/\\\/artesanatoincasa.com.br\\\/loja\\\/wp-content\\\/uploads\\\/2023\\\/07\\\/Logo-Marketing-Place.png\",\"width\":698,\"height\":390,\"caption\":\"Loja Artesanato In Casa\"},\"image\":{\"@id\":\"https:\\\/\\\/artesanatoincasa.com.br\\\/loja\\\/#\\\/schema\\\/logo\\\/image\\\/\"}}]}<\/script>\n<!-- \/ Yoast SEO plugin. -->","yoast_head_json":{"title":"Reciclagem In Casa com_Tati Nascimento - Apostila Digital - Loja Artesanato In Casa","robots":{"index":"index","follow":"follow","max-snippet":"max-snippet:-1","max-image-preview":"max-image-preview:large","max-video-preview":"max-video-preview:-1"},"canonical":"https:\/\/artesanatoincasa.com.br\/loja\/produto\/apostilas\/reciclagem-in-casa-com_tati-nascimento-apostila-digital\/","og_locale":"pt_BR","og_type":"article","og_title":"Reciclagem In Casa com_Tati Nascimento - Apostila Digital - Loja Artesanato In Casa","og_description":"Reciclagem In Casa com_Tati Nascimento - Apostila Digital Aprenda a Criar 3 Pe\u00e7as Incr\u00edveis com Materiais Sustent\u00e1veis Transforme materiais simples em pe\u00e7as decorativas \u00fanicas com a apostila digital Reciclagem in Casa, desenvolvida por Tati Nascimento. Um guia completo para quem busca artesanato sustent\u00e1vel, reciclagem criativa e ideias pr\u00e1ticas para reutilizar materiais com criatividade e estilo. Com passo a passo fotografado, voc\u00ea vai aprender de forma f\u00e1cil e did\u00e1tica a criar 3 projetos exclusivos:\u2022 Rel\u00f3gio Natalino em Calota\u2022 Rel\u00f3gio Domin\u00f3\u2022 Porta-Celular de Mesa Ideal para iniciantes e tamb\u00e9m para quem j\u00e1 trabalha com artesanato, essa apostila \u00e9 perfeita para quem deseja ganhar dinheiro com reciclagem, produzir decora\u00e7\u00e3o sustent\u00e1vel, criar pe\u00e7as diferenciadas para venda ou deixar sua casa mais criativa e ecol\u00f3gica. Aproveite essa oportunidade para desenvolver novas habilidades, explorar o universo do DIY (Fa\u00e7a Voc\u00ea Mesmo) e transformar materiais recicl\u00e1veis em verdadeiras obras de arte! Palavras-chave: artesanato com reciclagem, reciclagem criativa, artesanato sustent\u00e1vel, DIY decora\u00e7\u00e3o, como fazer rel\u00f3gio artesanal, porta celular artesanal, ideias com material recicl\u00e1vel, artesanato para vender. Lembre-se cada produto adquirido em nossa loja estar\u00e1 ajudando a muitas fam\u00edlias que vivem no artesanato do Brasil.","og_url":"https:\/\/artesanatoincasa.com.br\/loja\/produto\/apostilas\/reciclagem-in-casa-com_tati-nascimento-apostila-digital\/","og_site_name":"Loja Artesanato In Casa","article_modified_time":"2026-05-05T22:38:21+00:00","og_image":[{"width":732,"height":1024,"url":"https:\/\/artesanatoincasa.com.br\/loja\/wp-content\/uploads\/2026\/05\/Artesanato-In-Casa-com_Tati-Nascimento-1-732x1024.jpg","type":"image\/jpeg"}],"schema":{"@context":"https:\/\/schema.org","@graph":[{"@type":"WebPage","@id":"https:\/\/artesanatoincasa.com.br\/loja\/produto\/apostilas\/reciclagem-in-casa-com_tati-nascimento-apostila-digital\/","url":"https:\/\/artesanatoincasa.com.br\/loja\/produto\/apostilas\/reciclagem-in-casa-com_tati-nascimento-apostila-digital\/","name":"Reciclagem In Casa com_Tati Nascimento - Apostila Digital - Loja Artesanato In Casa","isPartOf":{"@id":"https:\/\/artesanatoincasa.com.br\/loja\/#website"},"primaryImageOfPage":{"@id":"https:\/\/artesanatoincasa.com.br\/loja\/produto\/apostilas\/reciclagem-in-casa-com_tati-nascimento-apostila-digital\/#primaryimage"},"image":{"@id":"https:\/\/artesanatoincasa.com.br\/loja\/produto\/apostilas\/reciclagem-in-casa-com_tati-nascimento-apostila-digital\/#primaryimage"},"thumbnailUrl":"https:\/\/artesanatoincasa.com.br\/loja\/wp-content\/uploads\/2026\/05\/Artesanato-In-Casa-com_Tati-Nascimento-1.jpg","datePublished":"2026-05-05T19:28:59+00:00","dateModified":"2026-05-05T22:38:21+00:00","breadcrumb":{"@id":"https:\/\/artesanatoincasa.com.br\/loja\/produto\/apostilas\/reciclagem-in-casa-com_tati-nascimento-apostila-digital\/#breadcrumb"},"inLanguage":"pt-BR","potentialAction":[{"@type":"ReadAction","target":["https:\/\/artesanatoincasa.com.br\/loja\/produto\/apostilas\/reciclagem-in-casa-com_tati-nascimento-apostila-digital\/"]}]},{"@type":"ImageObject","inLanguage":"pt-BR","@id":"https:\/\/artesanatoincasa.com.br\/loja\/produto\/apostilas\/reciclagem-in-casa-com_tati-nascimento-apostila-digital\/#primaryimage","url":"https:\/\/artesanatoincasa.com.br\/loja\/wp-content\/uploads\/2026\/05\/Artesanato-In-Casa-com_Tati-Nascimento-1.jpg","contentUrl":"https:\/\/artesanatoincasa.com.br\/loja\/wp-content\/uploads\/2026\/05\/Artesanato-In-Casa-com_Tati-Nascimento-1.jpg","width":1564,"height":2189},{"@type":"BreadcrumbList","@id":"https:\/\/artesanatoincasa.com.br\/loja\/produto\/apostilas\/reciclagem-in-casa-com_tati-nascimento-apostila-digital\/#breadcrumb","itemListElement":[{"@type":"ListItem","position":1,"name":"In\u00edcio","item":"https:\/\/artesanatoincasa.com.br\/loja\/"},{"@type":"ListItem","position":2,"name":"Produtos","item":"https:\/\/artesanatoincasa.com.br\/loja\/loja\/"},{"@type":"ListItem","position":3,"name":"Reciclagem In Casa com_Tati Nascimento &#8211; Apostila Digital"}]},{"@type":"WebSite","@id":"https:\/\/artesanatoincasa.com.br\/loja\/#website","url":"https:\/\/artesanatoincasa.com.br\/loja\/","name":"Loja Artesanato In Casa","description":"Marketplace exclusivo para artes\u00e3os!","publisher":{"@id":"https:\/\/artesanatoincasa.com.br\/loja\/#organization"},"alternateName":"Loja Artesanato In Casa","potentialAction":[{"@type":"SearchAction","target":{"@type":"EntryPoint","urlTemplate":"https:\/\/artesanatoincasa.com.br\/loja\/?s={search_term_string}"},"query-input":{"@type":"PropertyValueSpecification","valueRequired":true,"valueName":"search_term_string"}}],"inLanguage":"pt-BR"},{"@type":"Organization","@id":"https:\/\/artesanatoincasa.com.br\/loja\/#organization","name":"Loja Artesanato In Casa","alternateName":"Loja Artesanato In Casa","url":"https:\/\/artesanatoincasa.com.br\/loja\/","logo":{"@type":"ImageObject","inLanguage":"pt-BR","@id":"https:\/\/artesanatoincasa.com.br\/loja\/#\/schema\/logo\/image\/","url":"http:\/\/artesanatoincasa.com.br\/loja\/wp-content\/uploads\/2023\/07\/Logo-Marketing-Place.png","contentUrl":"http:\/\/artesanatoincasa.com.br\/loja\/wp-content\/uploads\/2023\/07\/Logo-Marketing-Place.png","width":698,"height":390,"caption":"Loja Artesanato In Casa"},"image":{"@id":"https:\/\/artesanatoincasa.com.br\/loja\/#\/schema\/logo\/image\/"}}]}},"_links":{"self":[{"href":"https:\/\/artesanatoincasa.com.br\/loja\/wp-json\/wp\/v2\/product\/4632","targetHints":{"allow":["GET"]}}],"collection":[{"href":"https:\/\/artesanatoincasa.com.br\/loja\/wp-json\/wp\/v2\/product"}],"about":[{"href":"https:\/\/artesanatoincasa.com.br\/loja\/wp-json\/wp\/v2\/types\/product"}],"replies":[{"embeddable":true,"href":"https:\/\/artesanatoincasa.com.br\/loja\/wp-json\/wp\/v2\/comments?post=4632"}],"wp:featuredmedia":[{"embeddable":true,"href":"https:\/\/artesanatoincasa.com.br\/loja\/wp-json\/wp\/v2\/media\/4633"}],"wp:attachment":[{"href":"https:\/\/artesanatoincasa.com.br\/loja\/wp-json\/wp\/v2\/media?parent=4632"}],"wp:term":[{"taxonomy":"product_brand","embeddable":true,"href":"https:\/\/artesanatoincasa.com.br\/loja\/wp-json\/wp\/v2\/product_brand?post=4632"},{"taxonomy":"product_cat","embeddable":true,"href":"https:\/\/artesanatoincasa.com.br\/loja\/wp-json\/wp\/v2\/product_cat?post=4632"},{"taxonomy":"product_tag","embeddable":true,"href":"https:\/\/artesanatoincasa.com.br\/loja\/wp-json\/wp\/v2\/product_tag?post=4632"}],"curies":[{"name":"wp","href":"https:\/\/api.w.org\/{rel}","templated":true}]}}