{"id":4615,"date":"2026-05-05T12:30:52","date_gmt":"2026-05-05T15:30:52","guid":{"rendered":"https:\/\/artesanatoincasa.com.br\/loja\/?post_type=product&#038;p=4615"},"modified":"2026-05-05T13:00:42","modified_gmt":"2026-05-05T16:00:42","slug":"encadernacao-cartonagem-in-casa-por-dani-morbi","status":"publish","type":"product","link":"https:\/\/artesanatoincasa.com.br\/loja\/produto\/apostilas\/encadernacao-cartonagem-in-casa-por-dani-morbi\/","title":{"rendered":"Encaderna\u00e7\u00e3o &amp; Cartonagem in Casa &#8211; por Dani Morbi"},"content":{"rendered":"<p data-start=\"0\" data-end=\"92\"><strong>Encaderna\u00e7\u00e3o &amp; Cartonagem in Casa &#8211; por Dani Morbi<\/strong><\/p>\n<p data-start=\"0\" data-end=\"92\"><em><strong>Aprenda a fazer 4 Projetos encantadores com essa APOSTILA DIGITAL!<\/strong><\/em><\/p>\n<p data-start=\"0\" data-end=\"92\">Descubra o prazer de criar pe\u00e7as \u00fanicas e cheias de personalidade com a apostila digital <em data-start=\"196\" data-end=\"231\">Encaderna\u00e7\u00e3o &amp; Cartonagem in Casa<\/em>, desenvolvida por Dani Morbi. Um material completo, pensado tanto para quem est\u00e1 come\u00e7ando quanto para quem j\u00e1 ama o universo do artesanato e deseja aprimorar suas t\u00e9cnicas.<\/p>\n<p data-start=\"407\" data-end=\"615\">Nesta apostila, voc\u00ea vai aprender o passo a passo detalhado e totalmente fotografado para produzir 4 pe\u00e7as incr\u00edveis:<br data-start=\"524\" data-end=\"527\" \/>\u2728 <em>Maleta Inspira\u00e7\u00e3o Studio<\/em><br data-start=\"553\" data-end=\"556\" \/>\u2728 <em>Book Home<\/em><br data-start=\"567\" data-end=\"570\" \/>\u2728 <em>Livro da Gratid\u00e3o<\/em><br data-start=\"589\" data-end=\"592\" data-is-only-node=\"\" \/>\u2728 <em>Organizador Desktop<\/em><\/p>\n<p data-start=\"617\" data-end=\"856\">Com explica\u00e7\u00f5es claras, dicas pr\u00e1ticas e um conte\u00fado visual que facilita o aprendizado, voc\u00ea ter\u00e1 tudo o que precisa para criar pe\u00e7as lindas, funcionais e com acabamento profissional \u2014 seja para uso pr\u00f3prio, presentear ou at\u00e9 mesmo vender.<\/p>\n<p data-start=\"858\" data-end=\"967\">Transforme papel\u00e3o, tecidos e criatividade em verdadeiras obras de arte, diretamente do conforto da sua casa!<\/p>\n<p data-start=\"969\" data-end=\"1088\" data-is-last-node=\"\" data-is-only-node=\"\"><strong data-start=\"969\" data-end=\"1088\" data-is-last-node=\"\">Lembre-se cada produto adquirido em nossa loja estar\u00e1 ajudando a muitas fam\u00edlias que vivem no artesanato do Brasil.<\/strong><\/p>\n<p data-start=\"969\" data-end=\"1088\" data-is-last-node=\"\" data-is-only-node=\"\">\n","protected":false},"excerpt":{"rendered":"<p data-start=\"0\" data-end=\"92\"><strong>Encaderna\u00e7\u00e3o &amp; Cartonagem in Casa &#8211; por Dani Morbi<\/strong><\/p>\n<p data-start=\"0\" data-end=\"92\"><em><strong>Aprenda a fazer 4 Projetos encantadores com essa APOSTILA DIGITAL!<\/strong><\/em><\/p>\n<p data-start=\"0\" data-end=\"92\">Descubra o prazer de criar pe\u00e7as \u00fanicas e cheias de personalidade com a apostila digital <em data-start=\"196\" data-end=\"231\">Encaderna\u00e7\u00e3o &amp; Cartonagem in Casa<\/em>, desenvolvida por Dani Morbi. Um material completo, pensado tanto para quem est\u00e1 come\u00e7ando quanto para quem j\u00e1 ama o universo do artesanato e deseja aprimorar suas t\u00e9cnicas.<\/p>\n<p data-start=\"407\" data-end=\"615\">Nesta apostila, voc\u00ea vai aprender o passo a passo detalhado e totalmente fotografado para produzir 4 pe\u00e7as incr\u00edveis:<br data-start=\"524\" data-end=\"527\" \/>\u2728 <em>Maleta Inspira\u00e7\u00e3o Studio<\/em><br data-start=\"553\" data-end=\"556\" \/>\u2728 <em>Book Home<\/em><br data-start=\"567\" data-end=\"570\" \/>\u2728 <em>Livro da Gratid\u00e3o<\/em><br data-start=\"589\" data-end=\"592\" data-is-only-node=\"\" \/>\u2728 <em>Organizador Desktop<\/em><\/p>\n<p data-start=\"617\" data-end=\"856\">Com explica\u00e7\u00f5es claras, dicas pr\u00e1ticas e um conte\u00fado visual que facilita o aprendizado, voc\u00ea ter\u00e1 tudo o que precisa para criar pe\u00e7as lindas, funcionais e com acabamento profissional \u2014 seja para uso pr\u00f3prio, presentear ou at\u00e9 mesmo vender.<\/p>\n<p data-start=\"858\" data-end=\"967\">Transforme papel\u00e3o, tecidos e criatividade em verdadeiras obras de arte, diretamente do conforto da sua casa!<\/p>\n<p data-start=\"969\" data-end=\"1088\" data-is-last-node=\"\" data-is-only-node=\"\"><strong data-start=\"969\" data-end=\"1088\" data-is-last-node=\"\">Lembre-se cada produto adquirido em nossa loja estar\u00e1 ajudando a muitas fam\u00edlias que vivem no artesanato do Brasil.<\/strong><\/p>\n<p data-start=\"969\" data-end=\"1088\" data-is-last-node=\"\" data-is-only-node=\"\">\n","protected":false},"featured_media":4619,"comment_status":"open","ping_status":"closed","template":"","meta":{"_monsterinsights_skip_tracking":false,"_monsterinsights_sitenote_active":false,"_monsterinsights_sitenote_note":"","_monsterinsights_sitenote_category":0},"product_brand":[],"product_cat":[169],"product_tag":[264,334,296,333,260,368,256,257],"class_list":{"0":"post-4615","1":"product","2":"type-product","3":"status-publish","4":"has-post-thumbnail","6":"product_cat-apostilas","7":"product_tag-apostila","8":"product_tag-apostila-de-artesanato","9":"product_tag-apostiladigital","10":"product_tag-aprender-artesanato","11":"product_tag-artesa","12":"product_tag-artesanatonatela","13":"product_tag-cartonagem","14":"product_tag-encadernacao","15":"dc_vendor_shop-artesanatoincasa","17":"first","18":"instock","19":"sale","20":"downloadable","21":"virtual","22":"taxable","23":"purchasable","24":"product-type-simple"},"yoast_head":"<!-- This site is optimized with the Yoast SEO plugin v27.4 - https:\/\/yoast.com\/product\/yoast-seo-wordpress\/ -->\n<title>Encaderna\u00e7\u00e3o &amp; Cartonagem in Casa - por Dani Morbi - Loja Artesanato In Casa<\/title>\n<meta name=\"robots\" content=\"index, follow, max-snippet:-1, max-image-preview:large, max-video-preview:-1\" \/>\n<link rel=\"canonical\" href=\"https:\/\/artesanatoincasa.com.br\/loja\/produto\/apostilas\/encadernacao-cartonagem-in-casa-por-dani-morbi\/\" \/>\n<meta property=\"og:locale\" content=\"pt_BR\" \/>\n<meta property=\"og:type\" content=\"article\" \/>\n<meta property=\"og:title\" content=\"Encaderna\u00e7\u00e3o &amp; Cartonagem in Casa - por Dani Morbi - Loja Artesanato In Casa\" \/>\n<meta property=\"og:description\" content=\"Encaderna\u00e7\u00e3o &amp; Cartonagem in Casa - por Dani Morbi Aprenda a fazer 4 Projetos encantadores com essa APOSTILA DIGITAL! Descubra o prazer de criar pe\u00e7as \u00fanicas e cheias de personalidade com a apostila digital Encaderna\u00e7\u00e3o &amp; Cartonagem in Casa, desenvolvida por Dani Morbi. Um material completo, pensado tanto para quem est\u00e1 come\u00e7ando quanto para quem j\u00e1 ama o universo do artesanato e deseja aprimorar suas t\u00e9cnicas. Nesta apostila, voc\u00ea vai aprender o passo a passo detalhado e totalmente fotografado para produzir 4 pe\u00e7as incr\u00edveis:\u2728 Maleta Inspira\u00e7\u00e3o Studio\u2728 Book Home\u2728 Livro da Gratid\u00e3o\u2728 Organizador Desktop Com explica\u00e7\u00f5es claras, dicas pr\u00e1ticas e um conte\u00fado visual que facilita o aprendizado, voc\u00ea ter\u00e1 tudo o que precisa para criar pe\u00e7as lindas, funcionais e com acabamento profissional \u2014 seja para uso pr\u00f3prio, presentear ou at\u00e9 mesmo vender. Transforme papel\u00e3o, tecidos e criatividade em verdadeiras obras de arte, diretamente do conforto da sua casa! Lembre-se cada produto adquirido em nossa loja estar\u00e1 ajudando a muitas fam\u00edlias que vivem no artesanato do Brasil.\" \/>\n<meta property=\"og:url\" content=\"https:\/\/artesanatoincasa.com.br\/loja\/produto\/apostilas\/encadernacao-cartonagem-in-casa-por-dani-morbi\/\" \/>\n<meta property=\"og:site_name\" content=\"Loja Artesanato In Casa\" \/>\n<meta property=\"article:modified_time\" content=\"2026-05-05T16:00:42+00:00\" \/>\n<meta property=\"og:image\" content=\"https:\/\/artesanatoincasa.com.br\/loja\/wp-content\/uploads\/2026\/05\/Artesanato-In-Casa-com_Dani-Morbi-1.jpg\" \/>\n\t<meta property=\"og:image:width\" content=\"1564\" \/>\n\t<meta property=\"og:image:height\" content=\"2189\" \/>\n\t<meta property=\"og:image:type\" content=\"image\/jpeg\" \/>\n<script type=\"application\/ld+json\" class=\"yoast-schema-graph\">{\"@context\":\"https:\\\/\\\/schema.org\",\"@graph\":[{\"@type\":\"WebPage\",\"@id\":\"https:\\\/\\\/artesanatoincasa.com.br\\\/loja\\\/produto\\\/apostilas\\\/encadernacao-cartonagem-in-casa-por-dani-morbi\\\/\",\"url\":\"https:\\\/\\\/artesanatoincasa.com.br\\\/loja\\\/produto\\\/apostilas\\\/encadernacao-cartonagem-in-casa-por-dani-morbi\\\/\",\"name\":\"Encaderna\u00e7\u00e3o &amp; Cartonagem in Casa - por Dani Morbi - Loja Artesanato In Casa\",\"isPartOf\":{\"@id\":\"https:\\\/\\\/artesanatoincasa.com.br\\\/loja\\\/#website\"},\"primaryImageOfPage\":{\"@id\":\"https:\\\/\\\/artesanatoincasa.com.br\\\/loja\\\/produto\\\/apostilas\\\/encadernacao-cartonagem-in-casa-por-dani-morbi\\\/#primaryimage\"},\"image\":{\"@id\":\"https:\\\/\\\/artesanatoincasa.com.br\\\/loja\\\/produto\\\/apostilas\\\/encadernacao-cartonagem-in-casa-por-dani-morbi\\\/#primaryimage\"},\"thumbnailUrl\":\"https:\\\/\\\/artesanatoincasa.com.br\\\/loja\\\/wp-content\\\/uploads\\\/2026\\\/05\\\/Artesanato-In-Casa-com_Dani-Morbi-1.jpg\",\"datePublished\":\"2026-05-05T15:30:52+00:00\",\"dateModified\":\"2026-05-05T16:00:42+00:00\",\"breadcrumb\":{\"@id\":\"https:\\\/\\\/artesanatoincasa.com.br\\\/loja\\\/produto\\\/apostilas\\\/encadernacao-cartonagem-in-casa-por-dani-morbi\\\/#breadcrumb\"},\"inLanguage\":\"pt-BR\",\"potentialAction\":[{\"@type\":\"ReadAction\",\"target\":[\"https:\\\/\\\/artesanatoincasa.com.br\\\/loja\\\/produto\\\/apostilas\\\/encadernacao-cartonagem-in-casa-por-dani-morbi\\\/\"]}]},{\"@type\":\"ImageObject\",\"inLanguage\":\"pt-BR\",\"@id\":\"https:\\\/\\\/artesanatoincasa.com.br\\\/loja\\\/produto\\\/apostilas\\\/encadernacao-cartonagem-in-casa-por-dani-morbi\\\/#primaryimage\",\"url\":\"https:\\\/\\\/artesanatoincasa.com.br\\\/loja\\\/wp-content\\\/uploads\\\/2026\\\/05\\\/Artesanato-In-Casa-com_Dani-Morbi-1.jpg\",\"contentUrl\":\"https:\\\/\\\/artesanatoincasa.com.br\\\/loja\\\/wp-content\\\/uploads\\\/2026\\\/05\\\/Artesanato-In-Casa-com_Dani-Morbi-1.jpg\",\"width\":1564,\"height\":2189},{\"@type\":\"BreadcrumbList\",\"@id\":\"https:\\\/\\\/artesanatoincasa.com.br\\\/loja\\\/produto\\\/apostilas\\\/encadernacao-cartonagem-in-casa-por-dani-morbi\\\/#breadcrumb\",\"itemListElement\":[{\"@type\":\"ListItem\",\"position\":1,\"name\":\"In\u00edcio\",\"item\":\"https:\\\/\\\/artesanatoincasa.com.br\\\/loja\\\/\"},{\"@type\":\"ListItem\",\"position\":2,\"name\":\"Produtos\",\"item\":\"https:\\\/\\\/artesanatoincasa.com.br\\\/loja\\\/loja\\\/\"},{\"@type\":\"ListItem\",\"position\":3,\"name\":\"Encaderna\u00e7\u00e3o &amp; Cartonagem in Casa &#8211; por Dani Morbi\"}]},{\"@type\":\"WebSite\",\"@id\":\"https:\\\/\\\/artesanatoincasa.com.br\\\/loja\\\/#website\",\"url\":\"https:\\\/\\\/artesanatoincasa.com.br\\\/loja\\\/\",\"name\":\"Loja Artesanato In Casa\",\"description\":\"Marketplace exclusivo para artes\u00e3os!\",\"publisher\":{\"@id\":\"https:\\\/\\\/artesanatoincasa.com.br\\\/loja\\\/#organization\"},\"alternateName\":\"Loja Artesanato In Casa\",\"potentialAction\":[{\"@type\":\"SearchAction\",\"target\":{\"@type\":\"EntryPoint\",\"urlTemplate\":\"https:\\\/\\\/artesanatoincasa.com.br\\\/loja\\\/?s={search_term_string}\"},\"query-input\":{\"@type\":\"PropertyValueSpecification\",\"valueRequired\":true,\"valueName\":\"search_term_string\"}}],\"inLanguage\":\"pt-BR\"},{\"@type\":\"Organization\",\"@id\":\"https:\\\/\\\/artesanatoincasa.com.br\\\/loja\\\/#organization\",\"name\":\"Loja Artesanato In Casa\",\"alternateName\":\"Loja Artesanato In Casa\",\"url\":\"https:\\\/\\\/artesanatoincasa.com.br\\\/loja\\\/\",\"logo\":{\"@type\":\"ImageObject\",\"inLanguage\":\"pt-BR\",\"@id\":\"https:\\\/\\\/artesanatoincasa.com.br\\\/loja\\\/#\\\/schema\\\/logo\\\/image\\\/\",\"url\":\"http:\\\/\\\/artesanatoincasa.com.br\\\/loja\\\/wp-content\\\/uploads\\\/2023\\\/07\\\/Logo-Marketing-Place.png\",\"contentUrl\":\"http:\\\/\\\/artesanatoincasa.com.br\\\/loja\\\/wp-content\\\/uploads\\\/2023\\\/07\\\/Logo-Marketing-Place.png\",\"width\":698,\"height\":390,\"caption\":\"Loja Artesanato In Casa\"},\"image\":{\"@id\":\"https:\\\/\\\/artesanatoincasa.com.br\\\/loja\\\/#\\\/schema\\\/logo\\\/image\\\/\"}}]}<\/script>\n<!-- \/ Yoast SEO plugin. -->","yoast_head_json":{"title":"Encaderna\u00e7\u00e3o &amp; Cartonagem in Casa - por Dani Morbi - Loja Artesanato In Casa","robots":{"index":"index","follow":"follow","max-snippet":"max-snippet:-1","max-image-preview":"max-image-preview:large","max-video-preview":"max-video-preview:-1"},"canonical":"https:\/\/artesanatoincasa.com.br\/loja\/produto\/apostilas\/encadernacao-cartonagem-in-casa-por-dani-morbi\/","og_locale":"pt_BR","og_type":"article","og_title":"Encaderna\u00e7\u00e3o &amp; Cartonagem in Casa - por Dani Morbi - Loja Artesanato In Casa","og_description":"Encaderna\u00e7\u00e3o &amp; Cartonagem in Casa - por Dani Morbi Aprenda a fazer 4 Projetos encantadores com essa APOSTILA DIGITAL! Descubra o prazer de criar pe\u00e7as \u00fanicas e cheias de personalidade com a apostila digital Encaderna\u00e7\u00e3o &amp; Cartonagem in Casa, desenvolvida por Dani Morbi. Um material completo, pensado tanto para quem est\u00e1 come\u00e7ando quanto para quem j\u00e1 ama o universo do artesanato e deseja aprimorar suas t\u00e9cnicas. Nesta apostila, voc\u00ea vai aprender o passo a passo detalhado e totalmente fotografado para produzir 4 pe\u00e7as incr\u00edveis:\u2728 Maleta Inspira\u00e7\u00e3o Studio\u2728 Book Home\u2728 Livro da Gratid\u00e3o\u2728 Organizador Desktop Com explica\u00e7\u00f5es claras, dicas pr\u00e1ticas e um conte\u00fado visual que facilita o aprendizado, voc\u00ea ter\u00e1 tudo o que precisa para criar pe\u00e7as lindas, funcionais e com acabamento profissional \u2014 seja para uso pr\u00f3prio, presentear ou at\u00e9 mesmo vender. Transforme papel\u00e3o, tecidos e criatividade em verdadeiras obras de arte, diretamente do conforto da sua casa! Lembre-se cada produto adquirido em nossa loja estar\u00e1 ajudando a muitas fam\u00edlias que vivem no artesanato do Brasil.","og_url":"https:\/\/artesanatoincasa.com.br\/loja\/produto\/apostilas\/encadernacao-cartonagem-in-casa-por-dani-morbi\/","og_site_name":"Loja Artesanato In Casa","article_modified_time":"2026-05-05T16:00:42+00:00","og_image":[{"width":1564,"height":2189,"url":"https:\/\/artesanatoincasa.com.br\/loja\/wp-content\/uploads\/2026\/05\/Artesanato-In-Casa-com_Dani-Morbi-1.jpg","type":"image\/jpeg"}],"schema":{"@context":"https:\/\/schema.org","@graph":[{"@type":"WebPage","@id":"https:\/\/artesanatoincasa.com.br\/loja\/produto\/apostilas\/encadernacao-cartonagem-in-casa-por-dani-morbi\/","url":"https:\/\/artesanatoincasa.com.br\/loja\/produto\/apostilas\/encadernacao-cartonagem-in-casa-por-dani-morbi\/","name":"Encaderna\u00e7\u00e3o &amp; Cartonagem in Casa - por Dani Morbi - Loja Artesanato In Casa","isPartOf":{"@id":"https:\/\/artesanatoincasa.com.br\/loja\/#website"},"primaryImageOfPage":{"@id":"https:\/\/artesanatoincasa.com.br\/loja\/produto\/apostilas\/encadernacao-cartonagem-in-casa-por-dani-morbi\/#primaryimage"},"image":{"@id":"https:\/\/artesanatoincasa.com.br\/loja\/produto\/apostilas\/encadernacao-cartonagem-in-casa-por-dani-morbi\/#primaryimage"},"thumbnailUrl":"https:\/\/artesanatoincasa.com.br\/loja\/wp-content\/uploads\/2026\/05\/Artesanato-In-Casa-com_Dani-Morbi-1.jpg","datePublished":"2026-05-05T15:30:52+00:00","dateModified":"2026-05-05T16:00:42+00:00","breadcrumb":{"@id":"https:\/\/artesanatoincasa.com.br\/loja\/produto\/apostilas\/encadernacao-cartonagem-in-casa-por-dani-morbi\/#breadcrumb"},"inLanguage":"pt-BR","potentialAction":[{"@type":"ReadAction","target":["https:\/\/artesanatoincasa.com.br\/loja\/produto\/apostilas\/encadernacao-cartonagem-in-casa-por-dani-morbi\/"]}]},{"@type":"ImageObject","inLanguage":"pt-BR","@id":"https:\/\/artesanatoincasa.com.br\/loja\/produto\/apostilas\/encadernacao-cartonagem-in-casa-por-dani-morbi\/#primaryimage","url":"https:\/\/artesanatoincasa.com.br\/loja\/wp-content\/uploads\/2026\/05\/Artesanato-In-Casa-com_Dani-Morbi-1.jpg","contentUrl":"https:\/\/artesanatoincasa.com.br\/loja\/wp-content\/uploads\/2026\/05\/Artesanato-In-Casa-com_Dani-Morbi-1.jpg","width":1564,"height":2189},{"@type":"BreadcrumbList","@id":"https:\/\/artesanatoincasa.com.br\/loja\/produto\/apostilas\/encadernacao-cartonagem-in-casa-por-dani-morbi\/#breadcrumb","itemListElement":[{"@type":"ListItem","position":1,"name":"In\u00edcio","item":"https:\/\/artesanatoincasa.com.br\/loja\/"},{"@type":"ListItem","position":2,"name":"Produtos","item":"https:\/\/artesanatoincasa.com.br\/loja\/loja\/"},{"@type":"ListItem","position":3,"name":"Encaderna\u00e7\u00e3o &amp; Cartonagem in Casa &#8211; por Dani Morbi"}]},{"@type":"WebSite","@id":"https:\/\/artesanatoincasa.com.br\/loja\/#website","url":"https:\/\/artesanatoincasa.com.br\/loja\/","name":"Loja Artesanato In Casa","description":"Marketplace exclusivo para artes\u00e3os!","publisher":{"@id":"https:\/\/artesanatoincasa.com.br\/loja\/#organization"},"alternateName":"Loja Artesanato In Casa","potentialAction":[{"@type":"SearchAction","target":{"@type":"EntryPoint","urlTemplate":"https:\/\/artesanatoincasa.com.br\/loja\/?s={search_term_string}"},"query-input":{"@type":"PropertyValueSpecification","valueRequired":true,"valueName":"search_term_string"}}],"inLanguage":"pt-BR"},{"@type":"Organization","@id":"https:\/\/artesanatoincasa.com.br\/loja\/#organization","name":"Loja Artesanato In Casa","alternateName":"Loja Artesanato In Casa","url":"https:\/\/artesanatoincasa.com.br\/loja\/","logo":{"@type":"ImageObject","inLanguage":"pt-BR","@id":"https:\/\/artesanatoincasa.com.br\/loja\/#\/schema\/logo\/image\/","url":"http:\/\/artesanatoincasa.com.br\/loja\/wp-content\/uploads\/2023\/07\/Logo-Marketing-Place.png","contentUrl":"http:\/\/artesanatoincasa.com.br\/loja\/wp-content\/uploads\/2023\/07\/Logo-Marketing-Place.png","width":698,"height":390,"caption":"Loja Artesanato In Casa"},"image":{"@id":"https:\/\/artesanatoincasa.com.br\/loja\/#\/schema\/logo\/image\/"}}]}},"_links":{"self":[{"href":"https:\/\/artesanatoincasa.com.br\/loja\/wp-json\/wp\/v2\/product\/4615","targetHints":{"allow":["GET"]}}],"collection":[{"href":"https:\/\/artesanatoincasa.com.br\/loja\/wp-json\/wp\/v2\/product"}],"about":[{"href":"https:\/\/artesanatoincasa.com.br\/loja\/wp-json\/wp\/v2\/types\/product"}],"replies":[{"embeddable":true,"href":"https:\/\/artesanatoincasa.com.br\/loja\/wp-json\/wp\/v2\/comments?post=4615"}],"wp:featuredmedia":[{"embeddable":true,"href":"https:\/\/artesanatoincasa.com.br\/loja\/wp-json\/wp\/v2\/media\/4619"}],"wp:attachment":[{"href":"https:\/\/artesanatoincasa.com.br\/loja\/wp-json\/wp\/v2\/media?parent=4615"}],"wp:term":[{"taxonomy":"product_brand","embeddable":true,"href":"https:\/\/artesanatoincasa.com.br\/loja\/wp-json\/wp\/v2\/product_brand?post=4615"},{"taxonomy":"product_cat","embeddable":true,"href":"https:\/\/artesanatoincasa.com.br\/loja\/wp-json\/wp\/v2\/product_cat?post=4615"},{"taxonomy":"product_tag","embeddable":true,"href":"https:\/\/artesanatoincasa.com.br\/loja\/wp-json\/wp\/v2\/product_tag?post=4615"}],"curies":[{"name":"wp","href":"https:\/\/api.w.org\/{rel}","templated":true}]}}