{"id":4398,"date":"2025-12-15T20:52:53","date_gmt":"2025-12-15T23:52:53","guid":{"rendered":"https:\/\/artesanatoincasa.com.br\/loja\/?post_type=product&#038;p=4398"},"modified":"2026-03-06T11:49:59","modified_gmt":"2026-03-06T14:49:59","slug":"promocao-kit-2-revistas-artesanato-in-casa-ed-21-ed-20","status":"publish","type":"product","link":"https:\/\/artesanatoincasa.com.br\/loja\/produto\/revistas\/promocao-kit-2-revistas-artesanato-in-casa-ed-21-ed-20\/","title":{"rendered":"PROMO\u00c7\u00c3O &#8211; KIT 2 Revistas Artesanato In Casa Ed.21 + Ed.20"},"content":{"rendered":"<div class=\"\" data-block=\"true\" data-editor=\"dll0c\" data-offset-key=\"eds3l-0-0\">\n<div class=\"_1mf _1mj\" data-offset-key=\"eds3l-0-0\"><span data-offset-key=\"eds3l-0-0\">\ud83c\udf84\u2728 <strong>\u00c9 NATAL, \u00c9 ARTESANATO, \u00c9 PRESENT\u00c3O<\/strong>! \u2728\ud83c\udf84<\/span><\/div>\n<\/div>\n<div class=\"\" data-block=\"true\" data-editor=\"dll0c\" data-offset-key=\"8d7tc-0-0\">\n<div class=\"_1mf _1mj\" data-offset-key=\"8d7tc-0-0\"><span data-offset-key=\"8d7tc-0-0\">\u00a0<\/span><\/div>\n<\/div>\n<div class=\"\" data-block=\"true\" data-editor=\"dll0c\" data-offset-key=\"8mutp-0-0\">\n<div class=\"_1mf _1mj\" data-offset-key=\"8mutp-0-0\"><span data-offset-key=\"8mutp-0-0\">Ho Ho Ho! \ud83c\udf85\ud83d\udc9b J\u00e1 imaginou aprender, se inspirar e ainda <strong>GANHAR<\/strong>?<\/span><\/div>\n<\/div>\n<div class=\"\" data-block=\"true\" data-editor=\"dll0c\" data-offset-key=\"898s7-0-0\">\n<div class=\"_1mf _1mj\" data-offset-key=\"898s7-0-0\"><span data-offset-key=\"898s7-0-0\">Em nossa Promo\u00e7\u00e3o de Natal \u2013 Vers\u00e3o Impressa, isso \u00e9 realidade! \ud83c\udf81\ud83e\uddf5<\/span><\/div>\n<\/div>\n<div class=\"\" data-block=\"true\" data-editor=\"dll0c\" data-offset-key=\"cp96f-0-0\">\n<div class=\"_1mf _1mj\" data-offset-key=\"cp96f-0-0\"><span data-offset-key=\"cp96f-0-0\">\u00a0<\/span><\/div>\n<\/div>\n<div class=\"\" data-block=\"true\" data-editor=\"dll0c\" data-offset-key=\"723lu-0-0\">\n<div class=\"_1mf _1mj\" data-offset-key=\"723lu-0-0\"><span data-offset-key=\"723lu-0-0\">\ud83d\udc49<strong> Comprando a Revista Artesanato In Casa \u2013 Edi\u00e7\u00e3o 21 Especial de Natal,<\/strong><\/span><\/div>\n<\/div>\n<div class=\"\" data-block=\"true\" data-editor=\"dll0c\" data-offset-key=\"5ukoj-0-0\">\n<div class=\"_1mf _1mj\" data-offset-key=\"5ukoj-0-0\"><span data-offset-key=\"5ukoj-0-0\">\ud83c\udf89 <strong>voc\u00ea GANHA a Edi\u00e7\u00e3o 20 de BRINDE<\/strong><\/span><\/div>\n<\/div>\n<div class=\"\" data-block=\"true\" data-editor=\"dll0c\" data-offset-key=\"9u9il-0-0\">\n<div class=\"_1mf _1mj\" data-offset-key=\"9u9il-0-0\"><span data-offset-key=\"9u9il-0-0\">\ud83d\ude9a <strong>+ FRETE GR\u00c1TIS<\/strong> para deixar tudo ainda mais alegre!<\/span><\/div>\n<\/div>\n<div class=\"\" data-block=\"true\" data-editor=\"dll0c\" data-offset-key=\"lceh-0-0\">\n<div class=\"_1mf _1mj\" data-offset-key=\"lceh-0-0\"><span data-offset-key=\"lceh-0-0\">\u00a0<\/span><\/div>\n<\/div>\n<div class=\"\" data-block=\"true\" data-editor=\"dll0c\" data-offset-key=\"396h3-0-0\">\n<div class=\"_1mf _1mj\" data-offset-key=\"396h3-0-0\"><span data-offset-key=\"396h3-0-0\">S\u00e3o centenas de ideias criativas, passo a passos completos, hist\u00f3rias inspiradoras e aquele cheirinho de revista impressa que todo amante do artesanato ama \ud83d\udcd6\u2764\ufe0f<\/span><\/div>\n<\/div>\n<div class=\"\" data-block=\"true\" data-editor=\"dll0c\" data-offset-key=\"9v412-0-0\">\n<div class=\"_1mf _1mj\" data-offset-key=\"9v412-0-0\"><span data-offset-key=\"9v412-0-0\">\u00a0<\/span><\/div>\n<\/div>\n<div class=\"\" data-block=\"true\" data-editor=\"dll0c\" data-offset-key=\"2o700-0-0\">\n<div class=\"_1mf _1mj\" data-offset-key=\"2o700-0-0\"><span data-offset-key=\"2o700-0-0\">Tudo isso por um valor especial que cabe no bolso e aquece o cora\u00e7\u00e3o! \ud83e\udd70<\/span><\/div>\n<\/div>\n<div class=\"\" data-block=\"true\" data-editor=\"dll0c\" data-offset-key=\"lof4-0-0\">\n<div class=\"_1mf _1mj\" data-offset-key=\"lof4-0-0\"><span data-offset-key=\"lof4-0-0\">\u00a0<\/span><\/div>\n<\/div>\n<div class=\"\" data-block=\"true\" data-editor=\"dll0c\" data-offset-key=\"3csni-0-0\">\n<div class=\"_1mf _1mj\" data-offset-key=\"3csni-0-0\"><span data-offset-key=\"3csni-0-0\">\u26a0\ufe0f Promo\u00e7\u00e3o por tempo limitado!<\/span><\/div>\n<\/div>\n<div class=\"\" data-block=\"true\" data-editor=\"dll0c\" data-offset-key=\"9bk5g-0-0\">\n<div class=\"_1mf _1mj\" data-offset-key=\"9bk5g-0-0\"><span data-offset-key=\"9bk5g-0-0\">\u00a0<\/span><\/div>\n<\/div>\n<div class=\"\" data-block=\"true\" data-editor=\"dll0c\" data-offset-key=\"2pr88-0-0\">\n<div class=\"_1mf _1mj\" data-offset-key=\"2pr88-0-0\"><span data-offset-key=\"2pr88-0-0\">Garanta j\u00e1 o seu kit, presenteie quem voc\u00ea ama (ou a si mesmo \ud83d\ude09) e comece o ano com muita criatividade! \u2702\ufe0f\ud83c\udfa8<\/span><\/div>\n<\/div>\n<div class=\"\" data-block=\"true\" data-editor=\"dll0c\" data-offset-key=\"e22-0-0\">\n<div class=\"_1mf _1mj\" data-offset-key=\"e22-0-0\"><span data-offset-key=\"e22-0-0\">\u00a0<\/span><\/div>\n<\/div>\n<div class=\"\" data-block=\"true\" data-editor=\"dll0c\" data-offset-key=\"5lj7u-0-0\">\n<div class=\"_1mf _1mj\" data-offset-key=\"5lj7u-0-0\"><strong>\ud83d\udc49 Aproveite agora e n\u00e3o fique de fora! \ud83c\udf84\u2728<\/strong><\/div>\n<\/div>\n<div class=\"\" data-block=\"true\" data-editor=\"dll0c\" data-offset-key=\"2vavk-0-0\">\n<div class=\"_1mf _1mj\" data-offset-key=\"2vavk-0-0\"><strong>.<\/strong><\/div>\n<\/div>\n<div class=\"\" data-block=\"true\" data-editor=\"dll0c\" data-offset-key=\"5qmj6-0-0\">\n<div class=\"_1mf _1mj\" data-offset-key=\"5qmj6-0-0\"><strong>OBS: AT\u00c9 DURAR O ESTOQUE!!!<\/strong><\/div>\n<\/div>\n","protected":false},"excerpt":{"rendered":"<div class=\"\" data-block=\"true\" data-editor=\"dll0c\" data-offset-key=\"eds3l-0-0\">\n<div class=\"_1mf _1mj\" data-offset-key=\"eds3l-0-0\"><span data-offset-key=\"eds3l-0-0\">\ud83c\udf84\u2728 <strong>\u00c9 NATAL, \u00c9 ARTESANATO, \u00c9 PRESENT\u00c3O<\/strong>! \u2728\ud83c\udf84<\/span><\/div>\n<\/div>\n<div class=\"\" data-block=\"true\" data-editor=\"dll0c\" data-offset-key=\"8d7tc-0-0\">\n<div class=\"_1mf _1mj\" data-offset-key=\"8d7tc-0-0\"><span data-offset-key=\"8d7tc-0-0\">\u00a0<\/span><\/div>\n<\/div>\n<div class=\"\" data-block=\"true\" data-editor=\"dll0c\" data-offset-key=\"8mutp-0-0\">\n<div class=\"_1mf _1mj\" data-offset-key=\"8mutp-0-0\"><span data-offset-key=\"8mutp-0-0\">Ho Ho Ho! \ud83c\udf85\ud83d\udc9b J\u00e1 imaginou aprender, se inspirar e ainda <strong>GANHAR<\/strong>?<\/span><\/div>\n<\/div>\n<div class=\"\" data-block=\"true\" data-editor=\"dll0c\" data-offset-key=\"898s7-0-0\">\n<div class=\"_1mf _1mj\" data-offset-key=\"898s7-0-0\"><span data-offset-key=\"898s7-0-0\">Em nossa Promo\u00e7\u00e3o de Natal \u2013 Vers\u00e3o Impressa, isso \u00e9 realidade! \ud83c\udf81\ud83e\uddf5<\/span><\/div>\n<\/div>\n<div class=\"\" data-block=\"true\" data-editor=\"dll0c\" data-offset-key=\"cp96f-0-0\">\n<div class=\"_1mf _1mj\" data-offset-key=\"cp96f-0-0\"><span data-offset-key=\"cp96f-0-0\">\u00a0<\/span><\/div>\n<\/div>\n<div class=\"\" data-block=\"true\" data-editor=\"dll0c\" data-offset-key=\"723lu-0-0\">\n<div class=\"_1mf _1mj\" data-offset-key=\"723lu-0-0\"><span data-offset-key=\"723lu-0-0\">\ud83d\udc49<strong> Comprando a Revista Artesanato In Casa \u2013 Edi\u00e7\u00e3o 21 Especial de Natal,<\/strong><\/span><\/div>\n<\/div>\n<div class=\"\" data-block=\"true\" data-editor=\"dll0c\" data-offset-key=\"5ukoj-0-0\">\n<div class=\"_1mf _1mj\" data-offset-key=\"5ukoj-0-0\"><span data-offset-key=\"5ukoj-0-0\">\ud83c\udf89 <strong>voc\u00ea GANHA a Edi\u00e7\u00e3o 20 de BRINDE<\/strong><\/span><\/div>\n<\/div>\n<div class=\"\" data-block=\"true\" data-editor=\"dll0c\" data-offset-key=\"9u9il-0-0\">\n<div class=\"_1mf _1mj\" data-offset-key=\"9u9il-0-0\"><span data-offset-key=\"9u9il-0-0\">\ud83d\ude9a <strong>+ FRETE GR\u00c1TIS<\/strong> para deixar tudo ainda mais alegre!<\/span><\/div>\n<\/div>\n<div class=\"\" data-block=\"true\" data-editor=\"dll0c\" data-offset-key=\"lceh-0-0\">\n<div class=\"_1mf _1mj\" data-offset-key=\"lceh-0-0\"><span data-offset-key=\"lceh-0-0\">\u00a0<\/span><\/div>\n<\/div>\n<div class=\"\" data-block=\"true\" data-editor=\"dll0c\" data-offset-key=\"396h3-0-0\">\n<div class=\"_1mf _1mj\" data-offset-key=\"396h3-0-0\"><span data-offset-key=\"396h3-0-0\">S\u00e3o centenas de ideias criativas, passo a passos completos, hist\u00f3rias inspiradoras e aquele cheirinho de revista impressa que todo amante do artesanato ama \ud83d\udcd6\u2764\ufe0f<\/span><\/div>\n<\/div>\n<div class=\"\" data-block=\"true\" data-editor=\"dll0c\" data-offset-key=\"9v412-0-0\">\n<div class=\"_1mf _1mj\" data-offset-key=\"9v412-0-0\"><span data-offset-key=\"9v412-0-0\">\u00a0<\/span><\/div>\n<\/div>\n<div class=\"\" data-block=\"true\" data-editor=\"dll0c\" data-offset-key=\"2o700-0-0\">\n<div class=\"_1mf _1mj\" data-offset-key=\"2o700-0-0\"><span data-offset-key=\"2o700-0-0\">Tudo isso por um valor especial que cabe no bolso e aquece o cora\u00e7\u00e3o! \ud83e\udd70<\/span><\/div>\n<\/div>\n<div class=\"\" data-block=\"true\" data-editor=\"dll0c\" data-offset-key=\"lof4-0-0\">\n<div class=\"_1mf _1mj\" data-offset-key=\"lof4-0-0\"><span data-offset-key=\"lof4-0-0\">\u00a0<\/span><\/div>\n<\/div>\n<div class=\"\" data-block=\"true\" data-editor=\"dll0c\" data-offset-key=\"3csni-0-0\">\n<div class=\"_1mf _1mj\" data-offset-key=\"3csni-0-0\"><span data-offset-key=\"3csni-0-0\">\u26a0\ufe0f Promo\u00e7\u00e3o por tempo limitado!<\/span><\/div>\n<\/div>\n<div class=\"\" data-block=\"true\" data-editor=\"dll0c\" data-offset-key=\"9bk5g-0-0\">\n<div class=\"_1mf _1mj\" data-offset-key=\"9bk5g-0-0\"><span data-offset-key=\"9bk5g-0-0\">\u00a0<\/span><\/div>\n<\/div>\n<div class=\"\" data-block=\"true\" data-editor=\"dll0c\" data-offset-key=\"2pr88-0-0\">\n<div class=\"_1mf _1mj\" data-offset-key=\"2pr88-0-0\"><span data-offset-key=\"2pr88-0-0\">Garanta j\u00e1 o seu kit, presenteie quem voc\u00ea ama (ou a si mesmo \ud83d\ude09) e comece o ano com muita criatividade! \u2702\ufe0f\ud83c\udfa8<\/span><\/div>\n<\/div>\n<div class=\"\" data-block=\"true\" data-editor=\"dll0c\" data-offset-key=\"e22-0-0\">\n<div class=\"_1mf _1mj\" data-offset-key=\"e22-0-0\"><span data-offset-key=\"e22-0-0\">\u00a0<\/span><\/div>\n<\/div>\n<div class=\"\" data-block=\"true\" data-editor=\"dll0c\" data-offset-key=\"5lj7u-0-0\">\n<div class=\"_1mf _1mj\" data-offset-key=\"5lj7u-0-0\"><strong>\ud83d\udc49 Aproveite agora e n\u00e3o fique de fora! \ud83c\udf84\u2728<\/strong><\/div>\n<\/div>\n<div class=\"\" data-block=\"true\" data-editor=\"dll0c\" data-offset-key=\"2vavk-0-0\">\n<div class=\"_1mf _1mj\" data-offset-key=\"2vavk-0-0\"><strong>.<\/strong><\/div>\n<\/div>\n<div class=\"\" data-block=\"true\" data-editor=\"dll0c\" data-offset-key=\"5qmj6-0-0\">\n<div class=\"_1mf _1mj\" data-offset-key=\"5qmj6-0-0\"><strong>OBS: AT\u00c9 DURAR O ESTOQUE!!!<\/strong><\/div>\n<\/div>\n","protected":false},"featured_media":4399,"comment_status":"open","ping_status":"closed","template":"","meta":{"_monsterinsights_skip_tracking":false,"_monsterinsights_sitenote_active":false,"_monsterinsights_sitenote_note":"","_monsterinsights_sitenote_category":0},"product_brand":[],"product_cat":[168],"product_tag":[276,353,311,354,264,333,260,251,332,349,261,195,256,351,315,243,301,252,319,335,275,350,277,254,278],"class_list":{"0":"post-4398","1":"product","2":"type-product","3":"status-publish","4":"has-post-thumbnail","6":"product_cat-revistas","7":"product_tag-amigurumi","8":"product_tag-amobiscuit","9":"product_tag-amocolorir","10":"product_tag-amocroche","11":"product_tag-apostila","12":"product_tag-aprender-artesanato","13":"product_tag-artesa","14":"product_tag-artesanato","15":"product_tag-artesao-2","16":"product_tag-artesao-profissional","17":"product_tag-biscuit","18":"product_tag-bordado","19":"product_tag-cartonagem","20":"product_tag-celebridades","21":"product_tag-chineloscustomizados","22":"product_tag-costura-criativa","23":"product_tag-croche-3","24":"product_tag-empreender","25":"product_tag-feitoamao","26":"product_tag-lancamento","27":"product_tag-macrame","28":"product_tag-natal2025","29":"product_tag-patchwork","30":"product_tag-pintura","31":"product_tag-revistadeartesanato","32":"dc_vendor_shop-artesanatoincasa","34":"first","35":"instock","36":"sale","37":"taxable","38":"shipping-taxable","39":"purchasable","40":"product-type-simple"},"yoast_head":"<!-- This site is optimized with the Yoast SEO plugin v27.4 - https:\/\/yoast.com\/product\/yoast-seo-wordpress\/ -->\n<title>PROMO\u00c7\u00c3O - KIT 2 Revistas Artesanato In Casa Ed.21 + Ed.20 - Loja Artesanato In Casa<\/title>\n<meta name=\"robots\" content=\"index, follow, max-snippet:-1, max-image-preview:large, max-video-preview:-1\" \/>\n<link rel=\"canonical\" href=\"https:\/\/artesanatoincasa.com.br\/loja\/produto\/revistas\/promocao-kit-2-revistas-artesanato-in-casa-ed-21-ed-20\/\" \/>\n<meta property=\"og:locale\" content=\"pt_BR\" \/>\n<meta property=\"og:type\" content=\"article\" \/>\n<meta property=\"og:title\" content=\"PROMO\u00c7\u00c3O - KIT 2 Revistas Artesanato In Casa Ed.21 + Ed.20 - Loja Artesanato In Casa\" \/>\n<meta property=\"og:description\" content=\"\ud83c\udf84\u2728 \u00c9 NATAL, \u00c9 ARTESANATO, \u00c9 PRESENT\u00c3O! \u2728\ud83c\udf84   \u00a0   Ho Ho Ho! \ud83c\udf85\ud83d\udc9b J\u00e1 imaginou aprender, se inspirar e ainda GANHAR?   Em nossa Promo\u00e7\u00e3o de Natal \u2013 Vers\u00e3o Impressa, isso \u00e9 realidade! \ud83c\udf81\ud83e\uddf5   \u00a0   \ud83d\udc49 Comprando a Revista Artesanato In Casa \u2013 Edi\u00e7\u00e3o 21 Especial de Natal,   \ud83c\udf89 voc\u00ea GANHA a Edi\u00e7\u00e3o 20 de BRINDE   \ud83d\ude9a + FRETE GR\u00c1TIS para deixar tudo ainda mais alegre!   \u00a0   S\u00e3o centenas de ideias criativas, passo a passos completos, hist\u00f3rias inspiradoras e aquele cheirinho de revista impressa que todo amante do artesanato ama \ud83d\udcd6\u2764\ufe0f   \u00a0   Tudo isso por um valor especial que cabe no bolso e aquece o cora\u00e7\u00e3o! \ud83e\udd70   \u00a0   \u26a0\ufe0f Promo\u00e7\u00e3o por tempo limitado!   \u00a0   Garanta j\u00e1 o seu kit, presenteie quem voc\u00ea ama (ou a si mesmo \ud83d\ude09) e comece o ano com muita criatividade! \u2702\ufe0f\ud83c\udfa8   \u00a0   \ud83d\udc49 Aproveite agora e n\u00e3o fique de fora! \ud83c\udf84\u2728   .   OBS: AT\u00c9 DURAR O ESTOQUE!!!\" \/>\n<meta property=\"og:url\" content=\"https:\/\/artesanatoincasa.com.br\/loja\/produto\/revistas\/promocao-kit-2-revistas-artesanato-in-casa-ed-21-ed-20\/\" \/>\n<meta property=\"og:site_name\" content=\"Loja Artesanato In Casa\" \/>\n<meta property=\"article:modified_time\" content=\"2026-03-06T14:49:59+00:00\" \/>\n<meta property=\"og:image\" content=\"https:\/\/artesanatoincasa.com.br\/loja\/wp-content\/uploads\/2025\/12\/Post__promo-COMPRE-ed-21-e-ganhe-a-22-1.jpg\" \/>\n\t<meta property=\"og:image:width\" content=\"1337\" \/>\n\t<meta property=\"og:image:height\" content=\"1344\" \/>\n\t<meta property=\"og:image:type\" content=\"image\/jpeg\" \/>\n<script type=\"application\/ld+json\" class=\"yoast-schema-graph\">{\"@context\":\"https:\\\/\\\/schema.org\",\"@graph\":[{\"@type\":\"WebPage\",\"@id\":\"https:\\\/\\\/artesanatoincasa.com.br\\\/loja\\\/produto\\\/revistas\\\/promocao-kit-2-revistas-artesanato-in-casa-ed-21-ed-20\\\/\",\"url\":\"https:\\\/\\\/artesanatoincasa.com.br\\\/loja\\\/produto\\\/revistas\\\/promocao-kit-2-revistas-artesanato-in-casa-ed-21-ed-20\\\/\",\"name\":\"PROMO\u00c7\u00c3O - KIT 2 Revistas Artesanato In Casa Ed.21 + Ed.20 - Loja Artesanato In Casa\",\"isPartOf\":{\"@id\":\"https:\\\/\\\/artesanatoincasa.com.br\\\/loja\\\/#website\"},\"primaryImageOfPage\":{\"@id\":\"https:\\\/\\\/artesanatoincasa.com.br\\\/loja\\\/produto\\\/revistas\\\/promocao-kit-2-revistas-artesanato-in-casa-ed-21-ed-20\\\/#primaryimage\"},\"image\":{\"@id\":\"https:\\\/\\\/artesanatoincasa.com.br\\\/loja\\\/produto\\\/revistas\\\/promocao-kit-2-revistas-artesanato-in-casa-ed-21-ed-20\\\/#primaryimage\"},\"thumbnailUrl\":\"https:\\\/\\\/artesanatoincasa.com.br\\\/loja\\\/wp-content\\\/uploads\\\/2025\\\/12\\\/Post__promo-COMPRE-ed-21-e-ganhe-a-22-1.jpg\",\"datePublished\":\"2025-12-15T23:52:53+00:00\",\"dateModified\":\"2026-03-06T14:49:59+00:00\",\"breadcrumb\":{\"@id\":\"https:\\\/\\\/artesanatoincasa.com.br\\\/loja\\\/produto\\\/revistas\\\/promocao-kit-2-revistas-artesanato-in-casa-ed-21-ed-20\\\/#breadcrumb\"},\"inLanguage\":\"pt-BR\",\"potentialAction\":[{\"@type\":\"ReadAction\",\"target\":[\"https:\\\/\\\/artesanatoincasa.com.br\\\/loja\\\/produto\\\/revistas\\\/promocao-kit-2-revistas-artesanato-in-casa-ed-21-ed-20\\\/\"]}]},{\"@type\":\"ImageObject\",\"inLanguage\":\"pt-BR\",\"@id\":\"https:\\\/\\\/artesanatoincasa.com.br\\\/loja\\\/produto\\\/revistas\\\/promocao-kit-2-revistas-artesanato-in-casa-ed-21-ed-20\\\/#primaryimage\",\"url\":\"https:\\\/\\\/artesanatoincasa.com.br\\\/loja\\\/wp-content\\\/uploads\\\/2025\\\/12\\\/Post__promo-COMPRE-ed-21-e-ganhe-a-22-1.jpg\",\"contentUrl\":\"https:\\\/\\\/artesanatoincasa.com.br\\\/loja\\\/wp-content\\\/uploads\\\/2025\\\/12\\\/Post__promo-COMPRE-ed-21-e-ganhe-a-22-1.jpg\",\"width\":1337,\"height\":1344},{\"@type\":\"BreadcrumbList\",\"@id\":\"https:\\\/\\\/artesanatoincasa.com.br\\\/loja\\\/produto\\\/revistas\\\/promocao-kit-2-revistas-artesanato-in-casa-ed-21-ed-20\\\/#breadcrumb\",\"itemListElement\":[{\"@type\":\"ListItem\",\"position\":1,\"name\":\"In\u00edcio\",\"item\":\"https:\\\/\\\/artesanatoincasa.com.br\\\/loja\\\/\"},{\"@type\":\"ListItem\",\"position\":2,\"name\":\"Produtos\",\"item\":\"https:\\\/\\\/artesanatoincasa.com.br\\\/loja\\\/loja\\\/\"},{\"@type\":\"ListItem\",\"position\":3,\"name\":\"PROMO\u00c7\u00c3O &#8211; KIT 2 Revistas Artesanato In Casa Ed.21 + Ed.20\"}]},{\"@type\":\"WebSite\",\"@id\":\"https:\\\/\\\/artesanatoincasa.com.br\\\/loja\\\/#website\",\"url\":\"https:\\\/\\\/artesanatoincasa.com.br\\\/loja\\\/\",\"name\":\"Loja Artesanato In Casa\",\"description\":\"Marketplace exclusivo para artes\u00e3os!\",\"publisher\":{\"@id\":\"https:\\\/\\\/artesanatoincasa.com.br\\\/loja\\\/#organization\"},\"alternateName\":\"Loja Artesanato In Casa\",\"potentialAction\":[{\"@type\":\"SearchAction\",\"target\":{\"@type\":\"EntryPoint\",\"urlTemplate\":\"https:\\\/\\\/artesanatoincasa.com.br\\\/loja\\\/?s={search_term_string}\"},\"query-input\":{\"@type\":\"PropertyValueSpecification\",\"valueRequired\":true,\"valueName\":\"search_term_string\"}}],\"inLanguage\":\"pt-BR\"},{\"@type\":\"Organization\",\"@id\":\"https:\\\/\\\/artesanatoincasa.com.br\\\/loja\\\/#organization\",\"name\":\"Loja Artesanato In Casa\",\"alternateName\":\"Loja Artesanato In Casa\",\"url\":\"https:\\\/\\\/artesanatoincasa.com.br\\\/loja\\\/\",\"logo\":{\"@type\":\"ImageObject\",\"inLanguage\":\"pt-BR\",\"@id\":\"https:\\\/\\\/artesanatoincasa.com.br\\\/loja\\\/#\\\/schema\\\/logo\\\/image\\\/\",\"url\":\"http:\\\/\\\/artesanatoincasa.com.br\\\/loja\\\/wp-content\\\/uploads\\\/2023\\\/07\\\/Logo-Marketing-Place.png\",\"contentUrl\":\"http:\\\/\\\/artesanatoincasa.com.br\\\/loja\\\/wp-content\\\/uploads\\\/2023\\\/07\\\/Logo-Marketing-Place.png\",\"width\":698,\"height\":390,\"caption\":\"Loja Artesanato In Casa\"},\"image\":{\"@id\":\"https:\\\/\\\/artesanatoincasa.com.br\\\/loja\\\/#\\\/schema\\\/logo\\\/image\\\/\"}}]}<\/script>\n<!-- \/ Yoast SEO plugin. -->","yoast_head_json":{"title":"PROMO\u00c7\u00c3O - KIT 2 Revistas Artesanato In Casa Ed.21 + Ed.20 - Loja Artesanato In Casa","robots":{"index":"index","follow":"follow","max-snippet":"max-snippet:-1","max-image-preview":"max-image-preview:large","max-video-preview":"max-video-preview:-1"},"canonical":"https:\/\/artesanatoincasa.com.br\/loja\/produto\/revistas\/promocao-kit-2-revistas-artesanato-in-casa-ed-21-ed-20\/","og_locale":"pt_BR","og_type":"article","og_title":"PROMO\u00c7\u00c3O - KIT 2 Revistas Artesanato In Casa Ed.21 + Ed.20 - Loja Artesanato In Casa","og_description":"\ud83c\udf84\u2728 \u00c9 NATAL, \u00c9 ARTESANATO, \u00c9 PRESENT\u00c3O! \u2728\ud83c\udf84   \u00a0   Ho Ho Ho! \ud83c\udf85\ud83d\udc9b J\u00e1 imaginou aprender, se inspirar e ainda GANHAR?   Em nossa Promo\u00e7\u00e3o de Natal \u2013 Vers\u00e3o Impressa, isso \u00e9 realidade! \ud83c\udf81\ud83e\uddf5   \u00a0   \ud83d\udc49 Comprando a Revista Artesanato In Casa \u2013 Edi\u00e7\u00e3o 21 Especial de Natal,   \ud83c\udf89 voc\u00ea GANHA a Edi\u00e7\u00e3o 20 de BRINDE   \ud83d\ude9a + FRETE GR\u00c1TIS para deixar tudo ainda mais alegre!   \u00a0   S\u00e3o centenas de ideias criativas, passo a passos completos, hist\u00f3rias inspiradoras e aquele cheirinho de revista impressa que todo amante do artesanato ama \ud83d\udcd6\u2764\ufe0f   \u00a0   Tudo isso por um valor especial que cabe no bolso e aquece o cora\u00e7\u00e3o! \ud83e\udd70   \u00a0   \u26a0\ufe0f Promo\u00e7\u00e3o por tempo limitado!   \u00a0   Garanta j\u00e1 o seu kit, presenteie quem voc\u00ea ama (ou a si mesmo \ud83d\ude09) e comece o ano com muita criatividade! \u2702\ufe0f\ud83c\udfa8   \u00a0   \ud83d\udc49 Aproveite agora e n\u00e3o fique de fora! \ud83c\udf84\u2728   .   OBS: AT\u00c9 DURAR O ESTOQUE!!!","og_url":"https:\/\/artesanatoincasa.com.br\/loja\/produto\/revistas\/promocao-kit-2-revistas-artesanato-in-casa-ed-21-ed-20\/","og_site_name":"Loja Artesanato In Casa","article_modified_time":"2026-03-06T14:49:59+00:00","og_image":[{"width":1337,"height":1344,"url":"https:\/\/artesanatoincasa.com.br\/loja\/wp-content\/uploads\/2025\/12\/Post__promo-COMPRE-ed-21-e-ganhe-a-22-1.jpg","type":"image\/jpeg"}],"schema":{"@context":"https:\/\/schema.org","@graph":[{"@type":"WebPage","@id":"https:\/\/artesanatoincasa.com.br\/loja\/produto\/revistas\/promocao-kit-2-revistas-artesanato-in-casa-ed-21-ed-20\/","url":"https:\/\/artesanatoincasa.com.br\/loja\/produto\/revistas\/promocao-kit-2-revistas-artesanato-in-casa-ed-21-ed-20\/","name":"PROMO\u00c7\u00c3O - KIT 2 Revistas Artesanato In Casa Ed.21 + Ed.20 - Loja Artesanato In Casa","isPartOf":{"@id":"https:\/\/artesanatoincasa.com.br\/loja\/#website"},"primaryImageOfPage":{"@id":"https:\/\/artesanatoincasa.com.br\/loja\/produto\/revistas\/promocao-kit-2-revistas-artesanato-in-casa-ed-21-ed-20\/#primaryimage"},"image":{"@id":"https:\/\/artesanatoincasa.com.br\/loja\/produto\/revistas\/promocao-kit-2-revistas-artesanato-in-casa-ed-21-ed-20\/#primaryimage"},"thumbnailUrl":"https:\/\/artesanatoincasa.com.br\/loja\/wp-content\/uploads\/2025\/12\/Post__promo-COMPRE-ed-21-e-ganhe-a-22-1.jpg","datePublished":"2025-12-15T23:52:53+00:00","dateModified":"2026-03-06T14:49:59+00:00","breadcrumb":{"@id":"https:\/\/artesanatoincasa.com.br\/loja\/produto\/revistas\/promocao-kit-2-revistas-artesanato-in-casa-ed-21-ed-20\/#breadcrumb"},"inLanguage":"pt-BR","potentialAction":[{"@type":"ReadAction","target":["https:\/\/artesanatoincasa.com.br\/loja\/produto\/revistas\/promocao-kit-2-revistas-artesanato-in-casa-ed-21-ed-20\/"]}]},{"@type":"ImageObject","inLanguage":"pt-BR","@id":"https:\/\/artesanatoincasa.com.br\/loja\/produto\/revistas\/promocao-kit-2-revistas-artesanato-in-casa-ed-21-ed-20\/#primaryimage","url":"https:\/\/artesanatoincasa.com.br\/loja\/wp-content\/uploads\/2025\/12\/Post__promo-COMPRE-ed-21-e-ganhe-a-22-1.jpg","contentUrl":"https:\/\/artesanatoincasa.com.br\/loja\/wp-content\/uploads\/2025\/12\/Post__promo-COMPRE-ed-21-e-ganhe-a-22-1.jpg","width":1337,"height":1344},{"@type":"BreadcrumbList","@id":"https:\/\/artesanatoincasa.com.br\/loja\/produto\/revistas\/promocao-kit-2-revistas-artesanato-in-casa-ed-21-ed-20\/#breadcrumb","itemListElement":[{"@type":"ListItem","position":1,"name":"In\u00edcio","item":"https:\/\/artesanatoincasa.com.br\/loja\/"},{"@type":"ListItem","position":2,"name":"Produtos","item":"https:\/\/artesanatoincasa.com.br\/loja\/loja\/"},{"@type":"ListItem","position":3,"name":"PROMO\u00c7\u00c3O &#8211; KIT 2 Revistas Artesanato In Casa Ed.21 + Ed.20"}]},{"@type":"WebSite","@id":"https:\/\/artesanatoincasa.com.br\/loja\/#website","url":"https:\/\/artesanatoincasa.com.br\/loja\/","name":"Loja Artesanato In Casa","description":"Marketplace exclusivo para artes\u00e3os!","publisher":{"@id":"https:\/\/artesanatoincasa.com.br\/loja\/#organization"},"alternateName":"Loja Artesanato In Casa","potentialAction":[{"@type":"SearchAction","target":{"@type":"EntryPoint","urlTemplate":"https:\/\/artesanatoincasa.com.br\/loja\/?s={search_term_string}"},"query-input":{"@type":"PropertyValueSpecification","valueRequired":true,"valueName":"search_term_string"}}],"inLanguage":"pt-BR"},{"@type":"Organization","@id":"https:\/\/artesanatoincasa.com.br\/loja\/#organization","name":"Loja Artesanato In Casa","alternateName":"Loja Artesanato In Casa","url":"https:\/\/artesanatoincasa.com.br\/loja\/","logo":{"@type":"ImageObject","inLanguage":"pt-BR","@id":"https:\/\/artesanatoincasa.com.br\/loja\/#\/schema\/logo\/image\/","url":"http:\/\/artesanatoincasa.com.br\/loja\/wp-content\/uploads\/2023\/07\/Logo-Marketing-Place.png","contentUrl":"http:\/\/artesanatoincasa.com.br\/loja\/wp-content\/uploads\/2023\/07\/Logo-Marketing-Place.png","width":698,"height":390,"caption":"Loja Artesanato In Casa"},"image":{"@id":"https:\/\/artesanatoincasa.com.br\/loja\/#\/schema\/logo\/image\/"}}]}},"_links":{"self":[{"href":"https:\/\/artesanatoincasa.com.br\/loja\/wp-json\/wp\/v2\/product\/4398","targetHints":{"allow":["GET"]}}],"collection":[{"href":"https:\/\/artesanatoincasa.com.br\/loja\/wp-json\/wp\/v2\/product"}],"about":[{"href":"https:\/\/artesanatoincasa.com.br\/loja\/wp-json\/wp\/v2\/types\/product"}],"replies":[{"embeddable":true,"href":"https:\/\/artesanatoincasa.com.br\/loja\/wp-json\/wp\/v2\/comments?post=4398"}],"wp:featuredmedia":[{"embeddable":true,"href":"https:\/\/artesanatoincasa.com.br\/loja\/wp-json\/wp\/v2\/media\/4399"}],"wp:attachment":[{"href":"https:\/\/artesanatoincasa.com.br\/loja\/wp-json\/wp\/v2\/media?parent=4398"}],"wp:term":[{"taxonomy":"product_brand","embeddable":true,"href":"https:\/\/artesanatoincasa.com.br\/loja\/wp-json\/wp\/v2\/product_brand?post=4398"},{"taxonomy":"product_cat","embeddable":true,"href":"https:\/\/artesanatoincasa.com.br\/loja\/wp-json\/wp\/v2\/product_cat?post=4398"},{"taxonomy":"product_tag","embeddable":true,"href":"https:\/\/artesanatoincasa.com.br\/loja\/wp-json\/wp\/v2\/product_tag?post=4398"}],"curies":[{"name":"wp","href":"https:\/\/api.w.org\/{rel}","templated":true}]}}