{"id":4156,"date":"2025-09-11T17:49:44","date_gmt":"2025-09-11T20:49:44","guid":{"rendered":"https:\/\/artesanatoincasa.com.br\/loja\/?post_type=product&#038;p=4156"},"modified":"2025-09-11T17:49:44","modified_gmt":"2025-09-11T20:49:44","slug":"e-book-marketing-digital-para-artesaos-artesanato-in-casa-2","status":"publish","type":"product","link":"https:\/\/artesanatoincasa.com.br\/loja\/produto\/apostilas\/e-book-marketing-digital-para-artesaos-artesanato-in-casa-2\/","title":{"rendered":"E-BOOK: MARKETING DIGITAL PARA ARTES\u00c3OS &#8211; Artesanato In Casa"},"content":{"rendered":"<p><strong>E-BOOK: MARKETING DIGITAL PARA ARTES\u00c3OS<\/strong><\/p>\n<p><strong>O que voc\u00ea ir\u00e1 aprender neste E-book da Artesanato In Casa?<\/strong><\/p>\n<p>Este E-book oferece um conte\u00fado abrangente e mais completo relacionado ao <strong>Marketing Digital para Artes\u00e3os<\/strong>, abordando desde o b\u00e1sico at\u00e9 estrat\u00e9gias avan\u00e7adas para vender online. O objetivo \u00e9 fornecer ferramentas para que voc\u00ea possa aplicar imediatamente no seu neg\u00f3cio.<\/p>\n<p><strong>Como usar o e-book para melhorar suas vendas:<\/strong><br \/>\nAo seguir cada etapa proposta, voc\u00ea poder\u00e1 desenvolver suas habilidades digitais de forma progressiva e pr\u00e1tica. Use os exemplos, aplique as dicas e revise constantemente suas estrat\u00e9gias.<\/p>\n<p>Lista de aplicativos e ferramentas mencionadas ao longo deste e-book, ser\u00e3o fundamentais para elevar seu n\u00edvel, como um profissional da arte.<\/p>\n<p>Recursos gratuitos e pagos para ajudar na jornada digital. Este e-book foi planejado para ser um guia pr\u00e1tico, acess\u00edvel e \u00fatil para artes\u00e3os que desejam expandir seu neg\u00f3cio por meio do marketing digital, oferecendo um passo a passo completo para voc\u00eas.<\/p>\n<p>\u2014\u2014\u2014\u2014\u2014\u2014\u2014\u2014-<br \/>\nLembrando que qualquer material adquirido em nossa loja, voc\u00ea estar\u00e1 ajudando a muitas fam\u00edlias que vivem do artesanato no Brasil.<\/p>\n<p>Obrigado e \u00f3timo aprendizado!<\/p>\n<p>Um grande Abra\u00e7o da Equipe Artesanato In Casa.<\/p>\n","protected":false},"excerpt":{"rendered":"<p><strong>E-BOOK: MARKETING DIGITAL PARA ARTES\u00c3OS<\/strong><\/p>\n<p><strong>O que voc\u00ea ir\u00e1 aprender neste E-book da Artesanato In Casa?<\/strong><\/p>\n<p>Este E-book oferece um conte\u00fado abrangente e mais completo relacionado ao <strong>Marketing Digital para Artes\u00e3os<\/strong>, abordando desde o b\u00e1sico at\u00e9 estrat\u00e9gias avan\u00e7adas para vender online. O objetivo \u00e9 fornecer ferramentas para que voc\u00ea possa aplicar imediatamente no seu neg\u00f3cio.<\/p>\n<p><strong>Como usar o e-book para melhorar suas vendas:<\/strong><br \/>\nAo seguir cada etapa proposta, voc\u00ea poder\u00e1 desenvolver suas habilidades digitais de forma progressiva e pr\u00e1tica. Use os exemplos, aplique as dicas e revise constantemente suas estrat\u00e9gias.<\/p>\n<p>Lista de aplicativos e ferramentas mencionadas ao longo deste e-book, ser\u00e3o fundamentais para elevar seu n\u00edvel, como um profissional da arte.<\/p>\n<p>Recursos gratuitos e pagos para ajudar na jornada digital. Este e-book foi planejado para ser um guia pr\u00e1tico, acess\u00edvel e \u00fatil para artes\u00e3os que desejam expandir seu neg\u00f3cio por meio do marketing digital, oferecendo um passo a passo completo para voc\u00eas.<\/p>\n<p>\u2014\u2014\u2014\u2014\u2014\u2014\u2014\u2014-<br \/>\nLembrando que qualquer material adquirido em nossa loja, voc\u00ea estar\u00e1 ajudando a muitas fam\u00edlias que vivem do artesanato no Brasil.<\/p>\n<p>Obrigado e \u00f3timo aprendizado!<\/p>\n<p>Um grande Abra\u00e7o da Equipe Artesanato In Casa.<\/p>\n","protected":false},"featured_media":3236,"comment_status":"open","ping_status":"closed","template":"","meta":{"_monsterinsights_skip_tracking":false,"_monsterinsights_sitenote_active":false,"_monsterinsights_sitenote_note":"","_monsterinsights_sitenote_category":0},"product_brand":[],"product_cat":[169],"product_tag":[349,337,347,346,348,252],"class_list":{"0":"post-4156","1":"product","2":"type-product","3":"status-publish","4":"has-post-thumbnail","6":"product_cat-apostilas","7":"product_tag-artesao-profissional","8":"product_tag-artesaos","9":"product_tag-e-book","10":"product_tag-ebook","11":"product_tag-empreendedorismo","12":"product_tag-empreender","13":"dc_vendor_shop-artesanatoincasa","15":"first","16":"instock","17":"sale","18":"downloadable","19":"virtual","20":"taxable","21":"purchasable","22":"product-type-simple"},"yoast_head":"<!-- This site is optimized with the Yoast SEO plugin v27.4 - https:\/\/yoast.com\/product\/yoast-seo-wordpress\/ -->\n<title>E-BOOK: MARKETING DIGITAL PARA ARTES\u00c3OS - Artesanato In Casa - Loja Artesanato In Casa<\/title>\n<meta name=\"robots\" content=\"index, follow, max-snippet:-1, max-image-preview:large, max-video-preview:-1\" \/>\n<link rel=\"canonical\" href=\"https:\/\/artesanatoincasa.com.br\/loja\/produto\/sem%20categoria\/e-book-marketing-digital-para-artesaos-artesanato-in-casa-2\/\" \/>\n<meta property=\"og:locale\" content=\"pt_BR\" \/>\n<meta property=\"og:type\" content=\"article\" \/>\n<meta property=\"og:title\" content=\"E-BOOK: MARKETING DIGITAL PARA ARTES\u00c3OS - Artesanato In Casa - Loja Artesanato In Casa\" \/>\n<meta property=\"og:description\" content=\"E-BOOK: MARKETING DIGITAL PARA ARTES\u00c3OS  O que voc\u00ea ir\u00e1 aprender neste E-book da Artesanato In Casa?  Este E-book oferece um conte\u00fado abrangente e mais completo relacionado ao Marketing Digital para Artes\u00e3os, abordando desde o b\u00e1sico at\u00e9 estrat\u00e9gias avan\u00e7adas para vender online. O objetivo \u00e9 fornecer ferramentas para que voc\u00ea possa aplicar imediatamente no seu neg\u00f3cio.  Como usar o e-book para melhorar suas vendas: Ao seguir cada etapa proposta, voc\u00ea poder\u00e1 desenvolver suas habilidades digitais de forma progressiva e pr\u00e1tica. Use os exemplos, aplique as dicas e revise constantemente suas estrat\u00e9gias.  Lista de aplicativos e ferramentas mencionadas ao longo deste e-book, ser\u00e3o fundamentais para elevar seu n\u00edvel, como um profissional da arte.  Recursos gratuitos e pagos para ajudar na jornada digital. Este e-book foi planejado para ser um guia pr\u00e1tico, acess\u00edvel e \u00fatil para artes\u00e3os que desejam expandir seu neg\u00f3cio por meio do marketing digital, oferecendo um passo a passo completo para voc\u00eas.  \u2014\u2014\u2014\u2014\u2014\u2014\u2014\u2014- Lembrando que qualquer material adquirido em nossa loja, voc\u00ea estar\u00e1 ajudando a muitas fam\u00edlias que vivem do artesanato no Brasil.  Obrigado e \u00f3timo aprendizado!  Um grande Abra\u00e7o da Equipe Artesanato In Casa.\" \/>\n<meta property=\"og:url\" content=\"https:\/\/artesanatoincasa.com.br\/loja\/produto\/sem categoria\/e-book-marketing-digital-para-artesaos-artesanato-in-casa-2\/\" \/>\n<meta property=\"og:site_name\" content=\"Loja Artesanato In Casa\" \/>\n<meta property=\"og:image\" content=\"https:\/\/artesanatoincasa.com.br\/loja\/wp-content\/uploads\/2024\/03\/Logo-Marketing-Place_ArtesanatoIN-CASA_LOJA_v2_PNG.png\" \/>\n\t<meta property=\"og:image:width\" content=\"1719\" \/>\n\t<meta property=\"og:image:height\" content=\"961\" \/>\n\t<meta property=\"og:image:type\" content=\"image\/png\" \/>\n<script type=\"application\/ld+json\" class=\"yoast-schema-graph\">{\"@context\":\"https:\\\/\\\/schema.org\",\"@graph\":[{\"@type\":\"WebPage\",\"@id\":\"https:\\\/\\\/artesanatoincasa.com.br\\\/loja\\\/produto\\\/sem categoria\\\/e-book-marketing-digital-para-artesaos-artesanato-in-casa-2\\\/\",\"url\":\"https:\\\/\\\/artesanatoincasa.com.br\\\/loja\\\/produto\\\/sem categoria\\\/e-book-marketing-digital-para-artesaos-artesanato-in-casa-2\\\/\",\"name\":\"E-BOOK: MARKETING DIGITAL PARA ARTES\u00c3OS - Artesanato In Casa - Loja Artesanato In Casa\",\"isPartOf\":{\"@id\":\"https:\\\/\\\/artesanatoincasa.com.br\\\/loja\\\/#website\"},\"primaryImageOfPage\":{\"@id\":\"https:\\\/\\\/artesanatoincasa.com.br\\\/loja\\\/produto\\\/sem categoria\\\/e-book-marketing-digital-para-artesaos-artesanato-in-casa-2\\\/#primaryimage\"},\"image\":{\"@id\":\"https:\\\/\\\/artesanatoincasa.com.br\\\/loja\\\/produto\\\/sem categoria\\\/e-book-marketing-digital-para-artesaos-artesanato-in-casa-2\\\/#primaryimage\"},\"thumbnailUrl\":\"https:\\\/\\\/artesanatoincasa.com.br\\\/loja\\\/wp-content\\\/uploads\\\/2024\\\/09\\\/Capa__E-book_Marketing-Digital-para-Artesaos_Artesanato-in-Casa.jpg\",\"datePublished\":\"2025-09-11T20:49:44+00:00\",\"breadcrumb\":{\"@id\":\"https:\\\/\\\/artesanatoincasa.com.br\\\/loja\\\/produto\\\/sem categoria\\\/e-book-marketing-digital-para-artesaos-artesanato-in-casa-2\\\/#breadcrumb\"},\"inLanguage\":\"pt-BR\",\"potentialAction\":[{\"@type\":\"ReadAction\",\"target\":[\"https:\\\/\\\/artesanatoincasa.com.br\\\/loja\\\/produto\\\/sem categoria\\\/e-book-marketing-digital-para-artesaos-artesanato-in-casa-2\\\/\"]}]},{\"@type\":\"ImageObject\",\"inLanguage\":\"pt-BR\",\"@id\":\"https:\\\/\\\/artesanatoincasa.com.br\\\/loja\\\/produto\\\/sem categoria\\\/e-book-marketing-digital-para-artesaos-artesanato-in-casa-2\\\/#primaryimage\",\"url\":\"https:\\\/\\\/artesanatoincasa.com.br\\\/loja\\\/wp-content\\\/uploads\\\/2024\\\/09\\\/Capa__E-book_Marketing-Digital-para-Artesaos_Artesanato-in-Casa.jpg\",\"contentUrl\":\"https:\\\/\\\/artesanatoincasa.com.br\\\/loja\\\/wp-content\\\/uploads\\\/2024\\\/09\\\/Capa__E-book_Marketing-Digital-para-Artesaos_Artesanato-in-Casa.jpg\",\"width\":1918,\"height\":1878},{\"@type\":\"BreadcrumbList\",\"@id\":\"https:\\\/\\\/artesanatoincasa.com.br\\\/loja\\\/produto\\\/sem categoria\\\/e-book-marketing-digital-para-artesaos-artesanato-in-casa-2\\\/#breadcrumb\",\"itemListElement\":[{\"@type\":\"ListItem\",\"position\":1,\"name\":\"In\u00edcio\",\"item\":\"https:\\\/\\\/artesanatoincasa.com.br\\\/loja\\\/\"},{\"@type\":\"ListItem\",\"position\":2,\"name\":\"Produtos\",\"item\":\"https:\\\/\\\/artesanatoincasa.com.br\\\/loja\\\/loja\\\/\"},{\"@type\":\"ListItem\",\"position\":3,\"name\":\"E-BOOK: MARKETING DIGITAL PARA ARTES\u00c3OS &#8211; Artesanato In Casa\"}]},{\"@type\":\"WebSite\",\"@id\":\"https:\\\/\\\/artesanatoincasa.com.br\\\/loja\\\/#website\",\"url\":\"https:\\\/\\\/artesanatoincasa.com.br\\\/loja\\\/\",\"name\":\"Loja Artesanato In Casa\",\"description\":\"Marketplace exclusivo para artes\u00e3os!\",\"publisher\":{\"@id\":\"https:\\\/\\\/artesanatoincasa.com.br\\\/loja\\\/#organization\"},\"alternateName\":\"Loja Artesanato In Casa\",\"potentialAction\":[{\"@type\":\"SearchAction\",\"target\":{\"@type\":\"EntryPoint\",\"urlTemplate\":\"https:\\\/\\\/artesanatoincasa.com.br\\\/loja\\\/?s={search_term_string}\"},\"query-input\":{\"@type\":\"PropertyValueSpecification\",\"valueRequired\":true,\"valueName\":\"search_term_string\"}}],\"inLanguage\":\"pt-BR\"},{\"@type\":\"Organization\",\"@id\":\"https:\\\/\\\/artesanatoincasa.com.br\\\/loja\\\/#organization\",\"name\":\"Loja Artesanato In Casa\",\"alternateName\":\"Loja Artesanato In Casa\",\"url\":\"https:\\\/\\\/artesanatoincasa.com.br\\\/loja\\\/\",\"logo\":{\"@type\":\"ImageObject\",\"inLanguage\":\"pt-BR\",\"@id\":\"https:\\\/\\\/artesanatoincasa.com.br\\\/loja\\\/#\\\/schema\\\/logo\\\/image\\\/\",\"url\":\"http:\\\/\\\/artesanatoincasa.com.br\\\/loja\\\/wp-content\\\/uploads\\\/2023\\\/07\\\/Logo-Marketing-Place.png\",\"contentUrl\":\"http:\\\/\\\/artesanatoincasa.com.br\\\/loja\\\/wp-content\\\/uploads\\\/2023\\\/07\\\/Logo-Marketing-Place.png\",\"width\":698,\"height\":390,\"caption\":\"Loja Artesanato In Casa\"},\"image\":{\"@id\":\"https:\\\/\\\/artesanatoincasa.com.br\\\/loja\\\/#\\\/schema\\\/logo\\\/image\\\/\"}}]}<\/script>\n<!-- \/ Yoast SEO plugin. -->","yoast_head_json":{"title":"E-BOOK: MARKETING DIGITAL PARA ARTES\u00c3OS - Artesanato In Casa - Loja Artesanato In Casa","robots":{"index":"index","follow":"follow","max-snippet":"max-snippet:-1","max-image-preview":"max-image-preview:large","max-video-preview":"max-video-preview:-1"},"canonical":"https:\/\/artesanatoincasa.com.br\/loja\/produto\/sem categoria\/e-book-marketing-digital-para-artesaos-artesanato-in-casa-2\/","og_locale":"pt_BR","og_type":"article","og_title":"E-BOOK: MARKETING DIGITAL PARA ARTES\u00c3OS - Artesanato In Casa - Loja Artesanato In Casa","og_description":"E-BOOK: MARKETING DIGITAL PARA ARTES\u00c3OS  O que voc\u00ea ir\u00e1 aprender neste E-book da Artesanato In Casa?  Este E-book oferece um conte\u00fado abrangente e mais completo relacionado ao Marketing Digital para Artes\u00e3os, abordando desde o b\u00e1sico at\u00e9 estrat\u00e9gias avan\u00e7adas para vender online. O objetivo \u00e9 fornecer ferramentas para que voc\u00ea possa aplicar imediatamente no seu neg\u00f3cio.  Como usar o e-book para melhorar suas vendas: Ao seguir cada etapa proposta, voc\u00ea poder\u00e1 desenvolver suas habilidades digitais de forma progressiva e pr\u00e1tica. Use os exemplos, aplique as dicas e revise constantemente suas estrat\u00e9gias.  Lista de aplicativos e ferramentas mencionadas ao longo deste e-book, ser\u00e3o fundamentais para elevar seu n\u00edvel, como um profissional da arte.  Recursos gratuitos e pagos para ajudar na jornada digital. Este e-book foi planejado para ser um guia pr\u00e1tico, acess\u00edvel e \u00fatil para artes\u00e3os que desejam expandir seu neg\u00f3cio por meio do marketing digital, oferecendo um passo a passo completo para voc\u00eas.  \u2014\u2014\u2014\u2014\u2014\u2014\u2014\u2014- Lembrando que qualquer material adquirido em nossa loja, voc\u00ea estar\u00e1 ajudando a muitas fam\u00edlias que vivem do artesanato no Brasil.  Obrigado e \u00f3timo aprendizado!  Um grande Abra\u00e7o da Equipe Artesanato In Casa.","og_url":"https:\/\/artesanatoincasa.com.br\/loja\/produto\/sem categoria\/e-book-marketing-digital-para-artesaos-artesanato-in-casa-2\/","og_site_name":"Loja Artesanato In Casa","og_image":[{"width":1719,"height":961,"url":"https:\/\/artesanatoincasa.com.br\/loja\/wp-content\/uploads\/2024\/03\/Logo-Marketing-Place_ArtesanatoIN-CASA_LOJA_v2_PNG.png","type":"image\/png"}],"schema":{"@context":"https:\/\/schema.org","@graph":[{"@type":"WebPage","@id":"https:\/\/artesanatoincasa.com.br\/loja\/produto\/sem categoria\/e-book-marketing-digital-para-artesaos-artesanato-in-casa-2\/","url":"https:\/\/artesanatoincasa.com.br\/loja\/produto\/sem categoria\/e-book-marketing-digital-para-artesaos-artesanato-in-casa-2\/","name":"E-BOOK: MARKETING DIGITAL PARA ARTES\u00c3OS - Artesanato In Casa - Loja Artesanato In Casa","isPartOf":{"@id":"https:\/\/artesanatoincasa.com.br\/loja\/#website"},"primaryImageOfPage":{"@id":"https:\/\/artesanatoincasa.com.br\/loja\/produto\/sem categoria\/e-book-marketing-digital-para-artesaos-artesanato-in-casa-2\/#primaryimage"},"image":{"@id":"https:\/\/artesanatoincasa.com.br\/loja\/produto\/sem categoria\/e-book-marketing-digital-para-artesaos-artesanato-in-casa-2\/#primaryimage"},"thumbnailUrl":"https:\/\/artesanatoincasa.com.br\/loja\/wp-content\/uploads\/2024\/09\/Capa__E-book_Marketing-Digital-para-Artesaos_Artesanato-in-Casa.jpg","datePublished":"2025-09-11T20:49:44+00:00","breadcrumb":{"@id":"https:\/\/artesanatoincasa.com.br\/loja\/produto\/sem categoria\/e-book-marketing-digital-para-artesaos-artesanato-in-casa-2\/#breadcrumb"},"inLanguage":"pt-BR","potentialAction":[{"@type":"ReadAction","target":["https:\/\/artesanatoincasa.com.br\/loja\/produto\/sem categoria\/e-book-marketing-digital-para-artesaos-artesanato-in-casa-2\/"]}]},{"@type":"ImageObject","inLanguage":"pt-BR","@id":"https:\/\/artesanatoincasa.com.br\/loja\/produto\/sem categoria\/e-book-marketing-digital-para-artesaos-artesanato-in-casa-2\/#primaryimage","url":"https:\/\/artesanatoincasa.com.br\/loja\/wp-content\/uploads\/2024\/09\/Capa__E-book_Marketing-Digital-para-Artesaos_Artesanato-in-Casa.jpg","contentUrl":"https:\/\/artesanatoincasa.com.br\/loja\/wp-content\/uploads\/2024\/09\/Capa__E-book_Marketing-Digital-para-Artesaos_Artesanato-in-Casa.jpg","width":1918,"height":1878},{"@type":"BreadcrumbList","@id":"https:\/\/artesanatoincasa.com.br\/loja\/produto\/sem categoria\/e-book-marketing-digital-para-artesaos-artesanato-in-casa-2\/#breadcrumb","itemListElement":[{"@type":"ListItem","position":1,"name":"In\u00edcio","item":"https:\/\/artesanatoincasa.com.br\/loja\/"},{"@type":"ListItem","position":2,"name":"Produtos","item":"https:\/\/artesanatoincasa.com.br\/loja\/loja\/"},{"@type":"ListItem","position":3,"name":"E-BOOK: MARKETING DIGITAL PARA ARTES\u00c3OS &#8211; Artesanato In Casa"}]},{"@type":"WebSite","@id":"https:\/\/artesanatoincasa.com.br\/loja\/#website","url":"https:\/\/artesanatoincasa.com.br\/loja\/","name":"Loja Artesanato In Casa","description":"Marketplace exclusivo para artes\u00e3os!","publisher":{"@id":"https:\/\/artesanatoincasa.com.br\/loja\/#organization"},"alternateName":"Loja Artesanato In Casa","potentialAction":[{"@type":"SearchAction","target":{"@type":"EntryPoint","urlTemplate":"https:\/\/artesanatoincasa.com.br\/loja\/?s={search_term_string}"},"query-input":{"@type":"PropertyValueSpecification","valueRequired":true,"valueName":"search_term_string"}}],"inLanguage":"pt-BR"},{"@type":"Organization","@id":"https:\/\/artesanatoincasa.com.br\/loja\/#organization","name":"Loja Artesanato In Casa","alternateName":"Loja Artesanato In Casa","url":"https:\/\/artesanatoincasa.com.br\/loja\/","logo":{"@type":"ImageObject","inLanguage":"pt-BR","@id":"https:\/\/artesanatoincasa.com.br\/loja\/#\/schema\/logo\/image\/","url":"http:\/\/artesanatoincasa.com.br\/loja\/wp-content\/uploads\/2023\/07\/Logo-Marketing-Place.png","contentUrl":"http:\/\/artesanatoincasa.com.br\/loja\/wp-content\/uploads\/2023\/07\/Logo-Marketing-Place.png","width":698,"height":390,"caption":"Loja Artesanato In Casa"},"image":{"@id":"https:\/\/artesanatoincasa.com.br\/loja\/#\/schema\/logo\/image\/"}}]}},"_links":{"self":[{"href":"https:\/\/artesanatoincasa.com.br\/loja\/wp-json\/wp\/v2\/product\/4156","targetHints":{"allow":["GET"]}}],"collection":[{"href":"https:\/\/artesanatoincasa.com.br\/loja\/wp-json\/wp\/v2\/product"}],"about":[{"href":"https:\/\/artesanatoincasa.com.br\/loja\/wp-json\/wp\/v2\/types\/product"}],"replies":[{"embeddable":true,"href":"https:\/\/artesanatoincasa.com.br\/loja\/wp-json\/wp\/v2\/comments?post=4156"}],"wp:featuredmedia":[{"embeddable":true,"href":"https:\/\/artesanatoincasa.com.br\/loja\/wp-json\/wp\/v2\/media\/3236"}],"wp:attachment":[{"href":"https:\/\/artesanatoincasa.com.br\/loja\/wp-json\/wp\/v2\/media?parent=4156"}],"wp:term":[{"taxonomy":"product_brand","embeddable":true,"href":"https:\/\/artesanatoincasa.com.br\/loja\/wp-json\/wp\/v2\/product_brand?post=4156"},{"taxonomy":"product_cat","embeddable":true,"href":"https:\/\/artesanatoincasa.com.br\/loja\/wp-json\/wp\/v2\/product_cat?post=4156"},{"taxonomy":"product_tag","embeddable":true,"href":"https:\/\/artesanatoincasa.com.br\/loja\/wp-json\/wp\/v2\/product_tag?post=4156"}],"curies":[{"name":"wp","href":"https:\/\/api.w.org\/{rel}","templated":true}]}}