{"id":3945,"date":"2025-06-23T17:36:10","date_gmt":"2025-06-23T20:36:10","guid":{"rendered":"https:\/\/artesanatoincasa.com.br\/loja\/?post_type=product&#038;p=3945"},"modified":"2025-06-23T19:59:23","modified_gmt":"2025-06-23T22:59:23","slug":"revista-artesanato-in-casa-ed-20-versao-digital","status":"publish","type":"product","link":"https:\/\/artesanatoincasa.com.br\/loja\/produto\/revistas-e-apostilas\/revista-artesanato-in-casa-ed-20-versao-digital\/","title":{"rendered":"Revista Artesanato In Casa Ed. 20 \u2013 VERS\u00c3O DIGITAL"},"content":{"rendered":"<p><strong>Revista Artesanato In Casa Ed. 20 \u2013 VERS\u00c3O DIGITAL com Bot\u00f5es Interativos<\/strong><\/p>\n<p>Muito artesanato de qualidade em nossa Revista Artesanato In Casa Edi\u00e7\u00e3o 20<\/p>\n<p><strong>Nesta edi\u00e7\u00e3o voc\u00ea ir\u00e1 encontrar:<\/strong><\/p>\n<p><strong>09 PASSO A PASSOS COMPLETOS<\/strong> para voc\u00ea APRENDER e LUCRAR, fazer como HOBBY ou como TERAPIA:<\/p>\n<p>\u2022 T\u00c9CNICA GRID \/ TELAS com Rute Prestes \/ PE\u00c7A: Bolsa Rami<\/p>\n<p>\u2022 CROCH\u00ca com Alessandra Veiga \/ PE\u00c7A: Rosa de Croch\u00ea<\/p>\n<p>\u2022 DECOUPAGE com Josi Balbo \/ PE\u00c7A: Caixa Vintage Porta C\u00e1psulas de Caf\u00e9<\/p>\n<p>\u2022 ARTE EM RESINA com Rochele Lumos \/ PE\u00c7A: Espelho de M\u00e3o Floral<\/p>\n<p>\u2022 PRATO EM DECOUPAGE para sua mesa posta por Ana Fl\u00e1via<\/p>\n<p>\u2022 BARRADO VINTAGE por Gisele Pereira<\/p>\n<p>\u2022 VELA DECORATIVA Por Peter Paiva<\/p>\n<p>\u2022 CROCH\u00ca: CACHECOL PONTO PIPOCA por Bruna Szpisjak<\/p>\n<p>\u2022 COSTURA CRIATIVA: N\u00c9CESSAIRE LUXO por Vaneza Elias<\/p>\n<p>&#8212;&#8212;&#8211;<\/p>\n<p><strong>HIST\u00d3RIA DE SUCESSO COM PETER PAIVA<\/strong><\/p>\n<p><em>SAIBA A HORA DE MUDAR!<\/em><br \/>\nAmadurecer tamb\u00e9m \u00e9 entender que tudo o que vivi foi importante, mas que seguir em frente com prop\u00f3sito \u00e9 ainda mais.<br \/>\nEssa \u00e9 a nova fase. Mais sil\u00eancio, mais presen\u00e7a, mais verdade. E a certeza de que, mesmo fora dos holofotes, ainda posso continuar inspirando.<br \/>\nS\u00f3 que agora, de outro jeito. Acompanhe a mat\u00e9ria completa nesta edi\u00e7\u00e3o!<\/p>\n<p><strong>E MAIS<\/strong>: Ca\u00e7a-palavras \u2022 Artigo: Intelig\u00eancia artificial \u00e9 uma grande aliada para os artes\u00e3os\u2022 Dica de Customiza\u00e7\u00e3o de Jaqueta com Daniel Monteiro \u2022 Descontos Especiais das Empresas participantes para os leitores da revista.<br \/>\nAl\u00e9m de: Moldes e Riscos em Tamanho Real para baixar; Artigo: A identidade visual que transforma seu artesanato em uma marca de valor por Bete Monta e Faiga Silveira \u2013 Canal Craft.<\/p>\n<p><strong>E DESCONTOS ESPECIAIS<\/strong> de <em><strong>mat\u00e9ria prima<\/strong><\/em> para os leitores da Revista.<\/p>\n<p>APROVEITE!<\/p>\n<p>\u2014\u2014\u2014\u2014\u2014\u2014\u2014\u2014\u2014-<\/p>\n<p><strong>Lembre-se:<\/strong> que qualquer material adquirido em nossa loja, voc\u00ea estar\u00e1 ajudando a muitas fam\u00edlias que vivem do artesanato no Brasil.<\/p>\n<p><em>Obrigado e \u00f3tima Leitura!<\/em><br \/>\nUm grande Abra\u00e7o da Equipe Artesanato In Casa.<\/p>\n","protected":false},"excerpt":{"rendered":"<p><strong>Revista Artesanato In Casa Ed. 20 \u2013 VERS\u00c3O DIGITAL com Bot\u00f5es Interativos<\/strong><\/p>\n<p>Muito artesanato de qualidade em nossa Revista Artesanato In Casa Edi\u00e7\u00e3o 20<\/p>\n<p><strong>Nesta edi\u00e7\u00e3o voc\u00ea ir\u00e1 encontrar:<\/strong><\/p>\n<p><strong>09 PASSO A PASSOS COMPLETOS<\/strong> para voc\u00ea APRENDER e LUCRAR, fazer como HOBBY ou como TERAPIA:<\/p>\n<p>\u2022 T\u00c9CNICA GRID \/ TELAS com Rute Prestes \/ PE\u00c7A: Bolsa Rami<\/p>\n<p>\u2022 CROCH\u00ca com Alessandra Veiga \/ PE\u00c7A: Rosa de Croch\u00ea<\/p>\n<p>\u2022 DECOUPAGE com Josi Balbo \/ PE\u00c7A: Caixa Vintage Porta C\u00e1psulas de Caf\u00e9<\/p>\n<p>\u2022 ARTE EM RESINA com Rochele Lumos \/ PE\u00c7A: Espelho de M\u00e3o Floral<\/p>\n<p>\u2022 PRATO EM DECOUPAGE para sua mesa posta por Ana Fl\u00e1via<\/p>\n<p>\u2022 BARRADO VINTAGE por Gisele Pereira<\/p>\n<p>\u2022 VELA DECORATIVA Por Peter Paiva<\/p>\n<p>\u2022 CROCH\u00ca: CACHECOL PONTO PIPOCA por Bruna Szpisjak<\/p>\n<p>\u2022 COSTURA CRIATIVA: N\u00c9CESSAIRE LUXO por Vaneza Elias<\/p>\n<p>&#8212;&#8212;&#8211;<\/p>\n<p><strong>HIST\u00d3RIA DE SUCESSO COM PETER PAIVA<\/strong><\/p>\n<p><em>SAIBA A HORA DE MUDAR!<\/em><br \/>\nAmadurecer tamb\u00e9m \u00e9 entender que tudo o que vivi foi importante, mas que seguir em frente com prop\u00f3sito \u00e9 ainda mais.<br \/>\nEssa \u00e9 a nova fase. Mais sil\u00eancio, mais presen\u00e7a, mais verdade. E a certeza de que, mesmo fora dos holofotes, ainda posso continuar inspirando.<br \/>\nS\u00f3 que agora, de outro jeito. Acompanhe a mat\u00e9ria completa nesta edi\u00e7\u00e3o!<\/p>\n<p><strong>E MAIS<\/strong>: Ca\u00e7a-palavras \u2022 Artigo: Intelig\u00eancia artificial \u00e9 uma grande aliada para os artes\u00e3os\u2022 Dica de Customiza\u00e7\u00e3o de Jaqueta com Daniel Monteiro \u2022 Descontos Especiais das Empresas participantes para os leitores da revista.<br \/>\nAl\u00e9m de: Moldes e Riscos em Tamanho Real para baixar; Artigo: A identidade visual que transforma seu artesanato em uma marca de valor por Bete Monta e Faiga Silveira \u2013 Canal Craft.<\/p>\n<p><strong>E DESCONTOS ESPECIAIS<\/strong> de <em><strong>mat\u00e9ria prima<\/strong><\/em> para os leitores da Revista.<\/p>\n<p>APROVEITE!<\/p>\n<p>\u2014\u2014\u2014\u2014\u2014\u2014\u2014\u2014\u2014-<\/p>\n<p><strong>Lembre-se:<\/strong> que qualquer material adquirido em nossa loja, voc\u00ea estar\u00e1 ajudando a muitas fam\u00edlias que vivem do artesanato no Brasil.<\/p>\n<p><em>Obrigado e \u00f3tima Leitura!<\/em><br \/>\nUm grande Abra\u00e7o da Equipe Artesanato In Casa.<\/p>\n","protected":false},"featured_media":3950,"comment_status":"open","ping_status":"closed","template":"","meta":{"_monsterinsights_skip_tracking":false,"_monsterinsights_sitenote_active":false,"_monsterinsights_sitenote_note":"","_monsterinsights_sitenote_category":0},"product_brand":[],"product_cat":[168,165],"product_tag":[276,311,264,334,313,296,333,260,259,261,195,256,243,300,265,268,336,252,257,262,319,275,328,254,267,340,329,331,330,278],"class_list":{"0":"post-3945","1":"product","2":"type-product","3":"status-publish","4":"has-post-thumbnail","6":"product_cat-revistas","7":"product_cat-revistas-e-apostilas","8":"product_tag-amigurumi","9":"product_tag-amocolorir","10":"product_tag-apostila","11":"product_tag-apostila-de-artesanato","12":"product_tag-apostiladecolorir","13":"product_tag-apostiladigital","14":"product_tag-aprender-artesanato","15":"product_tag-artesa","16":"product_tag-artesao","17":"product_tag-biscuit","18":"product_tag-bordado","19":"product_tag-cartonagem","20":"product_tag-costura-criativa","21":"product_tag-croche-2","22":"product_tag-decalque","23":"product_tag-decoracao","24":"product_tag-edicao-nova","25":"product_tag-empreender","26":"product_tag-encadernacao","27":"product_tag-eva","28":"product_tag-feitoamao","29":"product_tag-macrame","30":"product_tag-passo-a-passo","31":"product_tag-pintura","32":"product_tag-pontocruz","33":"product_tag-produtos-artesanais","34":"product_tag-revista-de-artesanato","35":"product_tag-revista-digital","36":"product_tag-revista-impressa","37":"product_tag-revistadeartesanato","38":"dc_vendor_shop-artesanatoincasa","40":"first","41":"instock","42":"sale","43":"downloadable","44":"virtual","45":"taxable","46":"purchasable","47":"product-type-simple"},"yoast_head":"<!-- This site is optimized with the Yoast SEO plugin v27.4 - https:\/\/yoast.com\/product\/yoast-seo-wordpress\/ -->\n<title>Revista Artesanato In Casa Ed. 20 \u2013 VERS\u00c3O DIGITAL - Loja Artesanato In Casa<\/title>\n<meta name=\"robots\" content=\"index, follow, max-snippet:-1, max-image-preview:large, max-video-preview:-1\" \/>\n<link rel=\"canonical\" href=\"https:\/\/artesanatoincasa.com.br\/loja\/produto\/revistas-e-apostilas\/revista-artesanato-in-casa-ed-20-versao-digital\/\" \/>\n<meta property=\"og:locale\" content=\"pt_BR\" \/>\n<meta property=\"og:type\" content=\"article\" \/>\n<meta property=\"og:title\" content=\"Revista Artesanato In Casa Ed. 20 \u2013 VERS\u00c3O DIGITAL - Loja Artesanato In Casa\" \/>\n<meta property=\"og:description\" content=\"Revista Artesanato In Casa Ed. 20 \u2013 VERS\u00c3O DIGITAL com Bot\u00f5es Interativos  Muito artesanato de qualidade em nossa Revista Artesanato In Casa Edi\u00e7\u00e3o 20  Nesta edi\u00e7\u00e3o voc\u00ea ir\u00e1 encontrar:  09 PASSO A PASSOS COMPLETOS para voc\u00ea APRENDER e LUCRAR, fazer como HOBBY ou como TERAPIA:  \u2022 T\u00c9CNICA GRID \/ TELAS com Rute Prestes \/ PE\u00c7A: Bolsa Rami  \u2022 CROCH\u00ca com Alessandra Veiga \/ PE\u00c7A: Rosa de Croch\u00ea  \u2022 DECOUPAGE com Josi Balbo \/ PE\u00c7A: Caixa Vintage Porta C\u00e1psulas de Caf\u00e9  \u2022 ARTE EM RESINA com Rochele Lumos \/ PE\u00c7A: Espelho de M\u00e3o Floral  \u2022 PRATO EM DECOUPAGE para sua mesa posta por Ana Fl\u00e1via  \u2022 BARRADO VINTAGE por Gisele Pereira  \u2022 VELA DECORATIVA Por Peter Paiva  \u2022 CROCH\u00ca: CACHECOL PONTO PIPOCA por Bruna Szpisjak  \u2022 COSTURA CRIATIVA: N\u00c9CESSAIRE LUXO por Vaneza Elias  --------  HIST\u00d3RIA DE SUCESSO COM PETER PAIVA  SAIBA A HORA DE MUDAR! Amadurecer tamb\u00e9m \u00e9 entender que tudo o que vivi foi importante, mas que seguir em frente com prop\u00f3sito \u00e9 ainda mais. Essa \u00e9 a nova fase. Mais sil\u00eancio, mais presen\u00e7a, mais verdade. E a certeza de que, mesmo fora dos holofotes, ainda posso continuar inspirando. S\u00f3 que agora, de outro jeito. Acompanhe a mat\u00e9ria completa nesta edi\u00e7\u00e3o!  E MAIS: Ca\u00e7a-palavras \u2022 Artigo: Intelig\u00eancia artificial \u00e9 uma grande aliada para os artes\u00e3os\u2022 Dica de Customiza\u00e7\u00e3o de Jaqueta com Daniel Monteiro \u2022 Descontos Especiais das Empresas participantes para os leitores da revista. Al\u00e9m de: Moldes e Riscos em Tamanho Real para baixar; Artigo: A identidade visual que transforma seu artesanato em uma marca de valor por Bete Monta e Faiga Silveira \u2013 Canal Craft.  E DESCONTOS ESPECIAIS de mat\u00e9ria prima para os leitores da Revista.  APROVEITE!  \u2014\u2014\u2014\u2014\u2014\u2014\u2014\u2014\u2014-  Lembre-se: que qualquer material adquirido em nossa loja, voc\u00ea estar\u00e1 ajudando a muitas fam\u00edlias que vivem do artesanato no Brasil.  Obrigado e \u00f3tima Leitura! Um grande Abra\u00e7o da Equipe Artesanato In Casa.\" \/>\n<meta property=\"og:url\" content=\"https:\/\/artesanatoincasa.com.br\/loja\/produto\/revistas-e-apostilas\/revista-artesanato-in-casa-ed-20-versao-digital\/\" \/>\n<meta property=\"og:site_name\" content=\"Loja Artesanato In Casa\" \/>\n<meta property=\"article:modified_time\" content=\"2025-06-23T22:59:23+00:00\" \/>\n<meta property=\"og:image\" content=\"http:\/\/artesanatoincasa.com.br\/loja\/wp-content\/uploads\/2025\/06\/Revista-Artesanato-In-Casa_ED20_20x28cm-1-733x1024.jpg\" \/>\n\t<meta property=\"og:image:width\" content=\"733\" \/>\n\t<meta property=\"og:image:height\" content=\"1024\" \/>\n\t<meta property=\"og:image:type\" content=\"image\/jpeg\" \/>\n<script type=\"application\/ld+json\" class=\"yoast-schema-graph\">{\"@context\":\"https:\\\/\\\/schema.org\",\"@graph\":[{\"@type\":\"WebPage\",\"@id\":\"https:\\\/\\\/artesanatoincasa.com.br\\\/loja\\\/produto\\\/revistas-e-apostilas\\\/revista-artesanato-in-casa-ed-20-versao-digital\\\/\",\"url\":\"https:\\\/\\\/artesanatoincasa.com.br\\\/loja\\\/produto\\\/revistas-e-apostilas\\\/revista-artesanato-in-casa-ed-20-versao-digital\\\/\",\"name\":\"Revista Artesanato In Casa Ed. 20 \u2013 VERS\u00c3O DIGITAL - Loja Artesanato In Casa\",\"isPartOf\":{\"@id\":\"https:\\\/\\\/artesanatoincasa.com.br\\\/loja\\\/#website\"},\"primaryImageOfPage\":{\"@id\":\"https:\\\/\\\/artesanatoincasa.com.br\\\/loja\\\/produto\\\/revistas-e-apostilas\\\/revista-artesanato-in-casa-ed-20-versao-digital\\\/#primaryimage\"},\"image\":{\"@id\":\"https:\\\/\\\/artesanatoincasa.com.br\\\/loja\\\/produto\\\/revistas-e-apostilas\\\/revista-artesanato-in-casa-ed-20-versao-digital\\\/#primaryimage\"},\"thumbnailUrl\":\"https:\\\/\\\/artesanatoincasa.com.br\\\/loja\\\/wp-content\\\/uploads\\\/2025\\\/06\\\/Revista-Artesanato-In-Casa_ED20_20x28cm-1.jpg\",\"datePublished\":\"2025-06-23T20:36:10+00:00\",\"dateModified\":\"2025-06-23T22:59:23+00:00\",\"breadcrumb\":{\"@id\":\"https:\\\/\\\/artesanatoincasa.com.br\\\/loja\\\/produto\\\/revistas-e-apostilas\\\/revista-artesanato-in-casa-ed-20-versao-digital\\\/#breadcrumb\"},\"inLanguage\":\"pt-BR\",\"potentialAction\":[{\"@type\":\"ReadAction\",\"target\":[\"https:\\\/\\\/artesanatoincasa.com.br\\\/loja\\\/produto\\\/revistas-e-apostilas\\\/revista-artesanato-in-casa-ed-20-versao-digital\\\/\"]}]},{\"@type\":\"ImageObject\",\"inLanguage\":\"pt-BR\",\"@id\":\"https:\\\/\\\/artesanatoincasa.com.br\\\/loja\\\/produto\\\/revistas-e-apostilas\\\/revista-artesanato-in-casa-ed-20-versao-digital\\\/#primaryimage\",\"url\":\"https:\\\/\\\/artesanatoincasa.com.br\\\/loja\\\/wp-content\\\/uploads\\\/2025\\\/06\\\/Revista-Artesanato-In-Casa_ED20_20x28cm-1.jpg\",\"contentUrl\":\"https:\\\/\\\/artesanatoincasa.com.br\\\/loja\\\/wp-content\\\/uploads\\\/2025\\\/06\\\/Revista-Artesanato-In-Casa_ED20_20x28cm-1.jpg\",\"width\":1571,\"height\":2196},{\"@type\":\"BreadcrumbList\",\"@id\":\"https:\\\/\\\/artesanatoincasa.com.br\\\/loja\\\/produto\\\/revistas-e-apostilas\\\/revista-artesanato-in-casa-ed-20-versao-digital\\\/#breadcrumb\",\"itemListElement\":[{\"@type\":\"ListItem\",\"position\":1,\"name\":\"In\u00edcio\",\"item\":\"https:\\\/\\\/artesanatoincasa.com.br\\\/loja\\\/\"},{\"@type\":\"ListItem\",\"position\":2,\"name\":\"Produtos\",\"item\":\"https:\\\/\\\/artesanatoincasa.com.br\\\/loja\\\/loja\\\/\"},{\"@type\":\"ListItem\",\"position\":3,\"name\":\"Revista Artesanato In Casa Ed. 20 \u2013 VERS\u00c3O DIGITAL\"}]},{\"@type\":\"WebSite\",\"@id\":\"https:\\\/\\\/artesanatoincasa.com.br\\\/loja\\\/#website\",\"url\":\"https:\\\/\\\/artesanatoincasa.com.br\\\/loja\\\/\",\"name\":\"Loja Artesanato In Casa\",\"description\":\"Marketplace exclusivo para artes\u00e3os!\",\"publisher\":{\"@id\":\"https:\\\/\\\/artesanatoincasa.com.br\\\/loja\\\/#organization\"},\"alternateName\":\"Loja Artesanato In Casa\",\"potentialAction\":[{\"@type\":\"SearchAction\",\"target\":{\"@type\":\"EntryPoint\",\"urlTemplate\":\"https:\\\/\\\/artesanatoincasa.com.br\\\/loja\\\/?s={search_term_string}\"},\"query-input\":{\"@type\":\"PropertyValueSpecification\",\"valueRequired\":true,\"valueName\":\"search_term_string\"}}],\"inLanguage\":\"pt-BR\"},{\"@type\":\"Organization\",\"@id\":\"https:\\\/\\\/artesanatoincasa.com.br\\\/loja\\\/#organization\",\"name\":\"Loja Artesanato In Casa\",\"alternateName\":\"Loja Artesanato In Casa\",\"url\":\"https:\\\/\\\/artesanatoincasa.com.br\\\/loja\\\/\",\"logo\":{\"@type\":\"ImageObject\",\"inLanguage\":\"pt-BR\",\"@id\":\"https:\\\/\\\/artesanatoincasa.com.br\\\/loja\\\/#\\\/schema\\\/logo\\\/image\\\/\",\"url\":\"http:\\\/\\\/artesanatoincasa.com.br\\\/loja\\\/wp-content\\\/uploads\\\/2023\\\/07\\\/Logo-Marketing-Place.png\",\"contentUrl\":\"http:\\\/\\\/artesanatoincasa.com.br\\\/loja\\\/wp-content\\\/uploads\\\/2023\\\/07\\\/Logo-Marketing-Place.png\",\"width\":698,\"height\":390,\"caption\":\"Loja Artesanato In Casa\"},\"image\":{\"@id\":\"https:\\\/\\\/artesanatoincasa.com.br\\\/loja\\\/#\\\/schema\\\/logo\\\/image\\\/\"}}]}<\/script>\n<!-- \/ Yoast SEO plugin. -->","yoast_head_json":{"title":"Revista Artesanato In Casa Ed. 20 \u2013 VERS\u00c3O DIGITAL - Loja Artesanato In Casa","robots":{"index":"index","follow":"follow","max-snippet":"max-snippet:-1","max-image-preview":"max-image-preview:large","max-video-preview":"max-video-preview:-1"},"canonical":"https:\/\/artesanatoincasa.com.br\/loja\/produto\/revistas-e-apostilas\/revista-artesanato-in-casa-ed-20-versao-digital\/","og_locale":"pt_BR","og_type":"article","og_title":"Revista Artesanato In Casa Ed. 20 \u2013 VERS\u00c3O DIGITAL - Loja Artesanato In Casa","og_description":"Revista Artesanato In Casa Ed. 20 \u2013 VERS\u00c3O DIGITAL com Bot\u00f5es Interativos  Muito artesanato de qualidade em nossa Revista Artesanato In Casa Edi\u00e7\u00e3o 20  Nesta edi\u00e7\u00e3o voc\u00ea ir\u00e1 encontrar:  09 PASSO A PASSOS COMPLETOS para voc\u00ea APRENDER e LUCRAR, fazer como HOBBY ou como TERAPIA:  \u2022 T\u00c9CNICA GRID \/ TELAS com Rute Prestes \/ PE\u00c7A: Bolsa Rami  \u2022 CROCH\u00ca com Alessandra Veiga \/ PE\u00c7A: Rosa de Croch\u00ea  \u2022 DECOUPAGE com Josi Balbo \/ PE\u00c7A: Caixa Vintage Porta C\u00e1psulas de Caf\u00e9  \u2022 ARTE EM RESINA com Rochele Lumos \/ PE\u00c7A: Espelho de M\u00e3o Floral  \u2022 PRATO EM DECOUPAGE para sua mesa posta por Ana Fl\u00e1via  \u2022 BARRADO VINTAGE por Gisele Pereira  \u2022 VELA DECORATIVA Por Peter Paiva  \u2022 CROCH\u00ca: CACHECOL PONTO PIPOCA por Bruna Szpisjak  \u2022 COSTURA CRIATIVA: N\u00c9CESSAIRE LUXO por Vaneza Elias  --------  HIST\u00d3RIA DE SUCESSO COM PETER PAIVA  SAIBA A HORA DE MUDAR! Amadurecer tamb\u00e9m \u00e9 entender que tudo o que vivi foi importante, mas que seguir em frente com prop\u00f3sito \u00e9 ainda mais. Essa \u00e9 a nova fase. Mais sil\u00eancio, mais presen\u00e7a, mais verdade. E a certeza de que, mesmo fora dos holofotes, ainda posso continuar inspirando. S\u00f3 que agora, de outro jeito. Acompanhe a mat\u00e9ria completa nesta edi\u00e7\u00e3o!  E MAIS: Ca\u00e7a-palavras \u2022 Artigo: Intelig\u00eancia artificial \u00e9 uma grande aliada para os artes\u00e3os\u2022 Dica de Customiza\u00e7\u00e3o de Jaqueta com Daniel Monteiro \u2022 Descontos Especiais das Empresas participantes para os leitores da revista. Al\u00e9m de: Moldes e Riscos em Tamanho Real para baixar; Artigo: A identidade visual que transforma seu artesanato em uma marca de valor por Bete Monta e Faiga Silveira \u2013 Canal Craft.  E DESCONTOS ESPECIAIS de mat\u00e9ria prima para os leitores da Revista.  APROVEITE!  \u2014\u2014\u2014\u2014\u2014\u2014\u2014\u2014\u2014-  Lembre-se: que qualquer material adquirido em nossa loja, voc\u00ea estar\u00e1 ajudando a muitas fam\u00edlias que vivem do artesanato no Brasil.  Obrigado e \u00f3tima Leitura! Um grande Abra\u00e7o da Equipe Artesanato In Casa.","og_url":"https:\/\/artesanatoincasa.com.br\/loja\/produto\/revistas-e-apostilas\/revista-artesanato-in-casa-ed-20-versao-digital\/","og_site_name":"Loja Artesanato In Casa","article_modified_time":"2025-06-23T22:59:23+00:00","og_image":[{"width":733,"height":1024,"url":"http:\/\/artesanatoincasa.com.br\/loja\/wp-content\/uploads\/2025\/06\/Revista-Artesanato-In-Casa_ED20_20x28cm-1-733x1024.jpg","type":"image\/jpeg"}],"schema":{"@context":"https:\/\/schema.org","@graph":[{"@type":"WebPage","@id":"https:\/\/artesanatoincasa.com.br\/loja\/produto\/revistas-e-apostilas\/revista-artesanato-in-casa-ed-20-versao-digital\/","url":"https:\/\/artesanatoincasa.com.br\/loja\/produto\/revistas-e-apostilas\/revista-artesanato-in-casa-ed-20-versao-digital\/","name":"Revista Artesanato In Casa Ed. 20 \u2013 VERS\u00c3O DIGITAL - Loja Artesanato In Casa","isPartOf":{"@id":"https:\/\/artesanatoincasa.com.br\/loja\/#website"},"primaryImageOfPage":{"@id":"https:\/\/artesanatoincasa.com.br\/loja\/produto\/revistas-e-apostilas\/revista-artesanato-in-casa-ed-20-versao-digital\/#primaryimage"},"image":{"@id":"https:\/\/artesanatoincasa.com.br\/loja\/produto\/revistas-e-apostilas\/revista-artesanato-in-casa-ed-20-versao-digital\/#primaryimage"},"thumbnailUrl":"https:\/\/artesanatoincasa.com.br\/loja\/wp-content\/uploads\/2025\/06\/Revista-Artesanato-In-Casa_ED20_20x28cm-1.jpg","datePublished":"2025-06-23T20:36:10+00:00","dateModified":"2025-06-23T22:59:23+00:00","breadcrumb":{"@id":"https:\/\/artesanatoincasa.com.br\/loja\/produto\/revistas-e-apostilas\/revista-artesanato-in-casa-ed-20-versao-digital\/#breadcrumb"},"inLanguage":"pt-BR","potentialAction":[{"@type":"ReadAction","target":["https:\/\/artesanatoincasa.com.br\/loja\/produto\/revistas-e-apostilas\/revista-artesanato-in-casa-ed-20-versao-digital\/"]}]},{"@type":"ImageObject","inLanguage":"pt-BR","@id":"https:\/\/artesanatoincasa.com.br\/loja\/produto\/revistas-e-apostilas\/revista-artesanato-in-casa-ed-20-versao-digital\/#primaryimage","url":"https:\/\/artesanatoincasa.com.br\/loja\/wp-content\/uploads\/2025\/06\/Revista-Artesanato-In-Casa_ED20_20x28cm-1.jpg","contentUrl":"https:\/\/artesanatoincasa.com.br\/loja\/wp-content\/uploads\/2025\/06\/Revista-Artesanato-In-Casa_ED20_20x28cm-1.jpg","width":1571,"height":2196},{"@type":"BreadcrumbList","@id":"https:\/\/artesanatoincasa.com.br\/loja\/produto\/revistas-e-apostilas\/revista-artesanato-in-casa-ed-20-versao-digital\/#breadcrumb","itemListElement":[{"@type":"ListItem","position":1,"name":"In\u00edcio","item":"https:\/\/artesanatoincasa.com.br\/loja\/"},{"@type":"ListItem","position":2,"name":"Produtos","item":"https:\/\/artesanatoincasa.com.br\/loja\/loja\/"},{"@type":"ListItem","position":3,"name":"Revista Artesanato In Casa Ed. 20 \u2013 VERS\u00c3O DIGITAL"}]},{"@type":"WebSite","@id":"https:\/\/artesanatoincasa.com.br\/loja\/#website","url":"https:\/\/artesanatoincasa.com.br\/loja\/","name":"Loja Artesanato In Casa","description":"Marketplace exclusivo para artes\u00e3os!","publisher":{"@id":"https:\/\/artesanatoincasa.com.br\/loja\/#organization"},"alternateName":"Loja Artesanato In Casa","potentialAction":[{"@type":"SearchAction","target":{"@type":"EntryPoint","urlTemplate":"https:\/\/artesanatoincasa.com.br\/loja\/?s={search_term_string}"},"query-input":{"@type":"PropertyValueSpecification","valueRequired":true,"valueName":"search_term_string"}}],"inLanguage":"pt-BR"},{"@type":"Organization","@id":"https:\/\/artesanatoincasa.com.br\/loja\/#organization","name":"Loja Artesanato In Casa","alternateName":"Loja Artesanato In Casa","url":"https:\/\/artesanatoincasa.com.br\/loja\/","logo":{"@type":"ImageObject","inLanguage":"pt-BR","@id":"https:\/\/artesanatoincasa.com.br\/loja\/#\/schema\/logo\/image\/","url":"http:\/\/artesanatoincasa.com.br\/loja\/wp-content\/uploads\/2023\/07\/Logo-Marketing-Place.png","contentUrl":"http:\/\/artesanatoincasa.com.br\/loja\/wp-content\/uploads\/2023\/07\/Logo-Marketing-Place.png","width":698,"height":390,"caption":"Loja Artesanato In Casa"},"image":{"@id":"https:\/\/artesanatoincasa.com.br\/loja\/#\/schema\/logo\/image\/"}}]}},"_links":{"self":[{"href":"https:\/\/artesanatoincasa.com.br\/loja\/wp-json\/wp\/v2\/product\/3945","targetHints":{"allow":["GET"]}}],"collection":[{"href":"https:\/\/artesanatoincasa.com.br\/loja\/wp-json\/wp\/v2\/product"}],"about":[{"href":"https:\/\/artesanatoincasa.com.br\/loja\/wp-json\/wp\/v2\/types\/product"}],"replies":[{"embeddable":true,"href":"https:\/\/artesanatoincasa.com.br\/loja\/wp-json\/wp\/v2\/comments?post=3945"}],"wp:featuredmedia":[{"embeddable":true,"href":"https:\/\/artesanatoincasa.com.br\/loja\/wp-json\/wp\/v2\/media\/3950"}],"wp:attachment":[{"href":"https:\/\/artesanatoincasa.com.br\/loja\/wp-json\/wp\/v2\/media?parent=3945"}],"wp:term":[{"taxonomy":"product_brand","embeddable":true,"href":"https:\/\/artesanatoincasa.com.br\/loja\/wp-json\/wp\/v2\/product_brand?post=3945"},{"taxonomy":"product_cat","embeddable":true,"href":"https:\/\/artesanatoincasa.com.br\/loja\/wp-json\/wp\/v2\/product_cat?post=3945"},{"taxonomy":"product_tag","embeddable":true,"href":"https:\/\/artesanatoincasa.com.br\/loja\/wp-json\/wp\/v2\/product_tag?post=3945"}],"curies":[{"name":"wp","href":"https:\/\/api.w.org\/{rel}","templated":true}]}}