{"id":3553,"date":"2024-11-28T13:13:56","date_gmt":"2024-11-28T16:13:56","guid":{"rendered":"https:\/\/artesanatoincasa.com.br\/loja\/?post_type=product&#038;p=3553"},"modified":"2024-11-28T13:13:58","modified_gmt":"2024-11-28T16:13:58","slug":"apostila-digital-alessandra-veiga-turca-croche-rio-estojo-selaron","status":"publish","type":"product","link":"https:\/\/artesanatoincasa.com.br\/loja\/produto\/revistas-e-apostilas\/apostila-digital-alessandra-veiga-turca-croche-rio-estojo-selaron\/","title":{"rendered":"Apostila Digital: Alessandra Veiga \u2013 TURCA Croche Rio &#8211; Estojo Selaron"},"content":{"rendered":"<p>Apostila Digital Alessandra Veiga_TURCA_Croche Rio<\/p>\n<p>Cole\u00e7\u00e3o Especial: Rio de Janeiro<\/p>\n<p>Nesta apostila, voc\u00ea ir\u00e1 aprender a fazer 1 linda pe\u00e7a, um Estojo Selaron , para decorar e usar onde achar mais interessante, seja sua casa, loja, escrit\u00f3rio em seu trabalho e o melhor, poder ser usadas em qualquer \u00e9poca do ano.<\/p>\n<p>Gere renda em casa sem gastar muito, criando pe\u00e7as \u00daNICAS e EXCLUSIVAS.<\/p>\n<p>Com PASSOS A PASSOS FOTOGRAFADOS!<\/p>\n<p>E mais: como precificar seus trabalhos artesanais, gr\u00e1ficos para facilitar nas cria\u00e7\u00f5es, e V\u00cdDEOS explicativo de como fazer todas as pe\u00e7as!<\/p>\n<p>\u2014\u2014\u2014\u2014\u2014\u2014\u2014\u2014-<br \/>\nLembrando que qualquer material adquirido em nossa loja, voc\u00ea estar\u00e1 ajudando a muitas fam\u00edlias que vivem do artesanato no Brasil.<\/p>\n<p>Obrigado e \u00f3timo aprendizado!<br \/>\nUm grande Abra\u00e7o da Equipe Artesanato In Casa<\/p>\n","protected":false},"excerpt":{"rendered":"<p>Apostila Digital Alessandra Veiga_TURCA_Croche Rio<\/p>\n<p>Cole\u00e7\u00e3o Especial: Rio de Janeiro<\/p>\n<p>Nesta apostila, voc\u00ea ir\u00e1 aprender a fazer 1 linda pe\u00e7a, um Estojo Selaron , para decorar e usar onde achar mais interessante, seja sua casa, loja, escrit\u00f3rio em seu trabalho e o melhor, poder ser usadas em qualquer \u00e9poca do ano.<\/p>\n<p>Gere renda em casa sem gastar muito, criando pe\u00e7as \u00daNICAS e EXCLUSIVAS.<\/p>\n<p>Com PASSOS A PASSOS FOTOGRAFADOS!<\/p>\n<p>E mais: como precificar seus trabalhos artesanais, gr\u00e1ficos para facilitar nas cria\u00e7\u00f5es, e V\u00cdDEOS explicativo de como fazer todas as pe\u00e7as!<\/p>\n<p>\u2014\u2014\u2014\u2014\u2014\u2014\u2014\u2014-<br \/>\nLembrando que qualquer material adquirido em nossa loja, voc\u00ea estar\u00e1 ajudando a muitas fam\u00edlias que vivem do artesanato no Brasil.<\/p>\n<p>Obrigado e \u00f3timo aprendizado!<br \/>\nUm grande Abra\u00e7o da Equipe Artesanato In Casa<\/p>\n","protected":false},"featured_media":3554,"comment_status":"open","ping_status":"closed","template":"","meta":{"_monsterinsights_skip_tracking":false,"_monsterinsights_sitenote_active":false,"_monsterinsights_sitenote_note":"","_monsterinsights_sitenote_category":0},"product_brand":[],"product_cat":[169,165],"product_tag":[264,296,251,259,255,297,278,291,298],"class_list":{"0":"post-3553","1":"product","2":"type-product","3":"status-publish","4":"has-post-thumbnail","6":"product_cat-apostilas","7":"product_cat-revistas-e-apostilas","8":"product_tag-apostila","9":"product_tag-apostiladigital","10":"product_tag-artesanato","11":"product_tag-artesao","12":"product_tag-croche","13":"product_tag-estojo","14":"product_tag-revistadeartesanato","15":"product_tag-riodejaneiro","16":"product_tag-selaron","17":"dc_vendor_shop-artesanatoincasa","19":"first","20":"instock","21":"sale","22":"downloadable","23":"virtual","24":"taxable","25":"purchasable","26":"product-type-simple"},"yoast_head":"<!-- This site is optimized with the Yoast SEO plugin v27.4 - https:\/\/yoast.com\/product\/yoast-seo-wordpress\/ -->\n<title>Apostila Digital: Alessandra Veiga \u2013 TURCA Croche Rio - Estojo Selaron - Loja Artesanato In Casa<\/title>\n<meta name=\"robots\" content=\"index, follow, max-snippet:-1, max-image-preview:large, max-video-preview:-1\" \/>\n<link rel=\"canonical\" href=\"https:\/\/artesanatoincasa.com.br\/loja\/produto\/revistas-e-apostilas\/apostila-digital-alessandra-veiga-turca-croche-rio-estojo-selaron\/\" \/>\n<meta property=\"og:locale\" content=\"pt_BR\" \/>\n<meta property=\"og:type\" content=\"article\" \/>\n<meta property=\"og:title\" content=\"Apostila Digital: Alessandra Veiga \u2013 TURCA Croche Rio - Estojo Selaron - Loja Artesanato In Casa\" \/>\n<meta property=\"og:description\" content=\"Apostila Digital Alessandra Veiga_TURCA_Croche Rio  Cole\u00e7\u00e3o Especial: Rio de Janeiro  Nesta apostila, voc\u00ea ir\u00e1 aprender a fazer 1 linda pe\u00e7a, um Estojo Selaron , para decorar e usar onde achar mais interessante, seja sua casa, loja, escrit\u00f3rio em seu trabalho e o melhor, poder ser usadas em qualquer \u00e9poca do ano.  Gere renda em casa sem gastar muito, criando pe\u00e7as \u00daNICAS e EXCLUSIVAS.  Com PASSOS A PASSOS FOTOGRAFADOS!  E mais: como precificar seus trabalhos artesanais, gr\u00e1ficos para facilitar nas cria\u00e7\u00f5es, e V\u00cdDEOS explicativo de como fazer todas as pe\u00e7as!  \u2014\u2014\u2014\u2014\u2014\u2014\u2014\u2014- Lembrando que qualquer material adquirido em nossa loja, voc\u00ea estar\u00e1 ajudando a muitas fam\u00edlias que vivem do artesanato no Brasil.  Obrigado e \u00f3timo aprendizado! Um grande Abra\u00e7o da Equipe Artesanato In Casa\" \/>\n<meta property=\"og:url\" content=\"https:\/\/artesanatoincasa.com.br\/loja\/produto\/revistas-e-apostilas\/apostila-digital-alessandra-veiga-turca-croche-rio-estojo-selaron\/\" \/>\n<meta property=\"og:site_name\" content=\"Loja Artesanato In Casa\" \/>\n<meta property=\"article:modified_time\" content=\"2024-11-28T16:13:58+00:00\" \/>\n<meta property=\"og:image\" content=\"http:\/\/artesanatoincasa.com.br\/loja\/wp-content\/uploads\/2024\/11\/Captura-de-tela-2024-11-28-115117.png\" \/>\n\t<meta property=\"og:image:width\" content=\"574\" \/>\n\t<meta property=\"og:image:height\" content=\"834\" \/>\n\t<meta property=\"og:image:type\" content=\"image\/png\" \/>\n<script type=\"application\/ld+json\" class=\"yoast-schema-graph\">{\"@context\":\"https:\\\/\\\/schema.org\",\"@graph\":[{\"@type\":\"WebPage\",\"@id\":\"https:\\\/\\\/artesanatoincasa.com.br\\\/loja\\\/produto\\\/revistas-e-apostilas\\\/apostila-digital-alessandra-veiga-turca-croche-rio-estojo-selaron\\\/\",\"url\":\"https:\\\/\\\/artesanatoincasa.com.br\\\/loja\\\/produto\\\/revistas-e-apostilas\\\/apostila-digital-alessandra-veiga-turca-croche-rio-estojo-selaron\\\/\",\"name\":\"Apostila Digital: Alessandra Veiga \u2013 TURCA Croche Rio - Estojo Selaron - Loja Artesanato In Casa\",\"isPartOf\":{\"@id\":\"https:\\\/\\\/artesanatoincasa.com.br\\\/loja\\\/#website\"},\"primaryImageOfPage\":{\"@id\":\"https:\\\/\\\/artesanatoincasa.com.br\\\/loja\\\/produto\\\/revistas-e-apostilas\\\/apostila-digital-alessandra-veiga-turca-croche-rio-estojo-selaron\\\/#primaryimage\"},\"image\":{\"@id\":\"https:\\\/\\\/artesanatoincasa.com.br\\\/loja\\\/produto\\\/revistas-e-apostilas\\\/apostila-digital-alessandra-veiga-turca-croche-rio-estojo-selaron\\\/#primaryimage\"},\"thumbnailUrl\":\"https:\\\/\\\/artesanatoincasa.com.br\\\/loja\\\/wp-content\\\/uploads\\\/2024\\\/11\\\/Captura-de-tela-2024-11-28-115117.png\",\"datePublished\":\"2024-11-28T16:13:56+00:00\",\"dateModified\":\"2024-11-28T16:13:58+00:00\",\"breadcrumb\":{\"@id\":\"https:\\\/\\\/artesanatoincasa.com.br\\\/loja\\\/produto\\\/revistas-e-apostilas\\\/apostila-digital-alessandra-veiga-turca-croche-rio-estojo-selaron\\\/#breadcrumb\"},\"inLanguage\":\"pt-BR\",\"potentialAction\":[{\"@type\":\"ReadAction\",\"target\":[\"https:\\\/\\\/artesanatoincasa.com.br\\\/loja\\\/produto\\\/revistas-e-apostilas\\\/apostila-digital-alessandra-veiga-turca-croche-rio-estojo-selaron\\\/\"]}]},{\"@type\":\"ImageObject\",\"inLanguage\":\"pt-BR\",\"@id\":\"https:\\\/\\\/artesanatoincasa.com.br\\\/loja\\\/produto\\\/revistas-e-apostilas\\\/apostila-digital-alessandra-veiga-turca-croche-rio-estojo-selaron\\\/#primaryimage\",\"url\":\"https:\\\/\\\/artesanatoincasa.com.br\\\/loja\\\/wp-content\\\/uploads\\\/2024\\\/11\\\/Captura-de-tela-2024-11-28-115117.png\",\"contentUrl\":\"https:\\\/\\\/artesanatoincasa.com.br\\\/loja\\\/wp-content\\\/uploads\\\/2024\\\/11\\\/Captura-de-tela-2024-11-28-115117.png\",\"width\":574,\"height\":834},{\"@type\":\"BreadcrumbList\",\"@id\":\"https:\\\/\\\/artesanatoincasa.com.br\\\/loja\\\/produto\\\/revistas-e-apostilas\\\/apostila-digital-alessandra-veiga-turca-croche-rio-estojo-selaron\\\/#breadcrumb\",\"itemListElement\":[{\"@type\":\"ListItem\",\"position\":1,\"name\":\"In\u00edcio\",\"item\":\"https:\\\/\\\/artesanatoincasa.com.br\\\/loja\\\/\"},{\"@type\":\"ListItem\",\"position\":2,\"name\":\"Produtos\",\"item\":\"https:\\\/\\\/artesanatoincasa.com.br\\\/loja\\\/loja\\\/\"},{\"@type\":\"ListItem\",\"position\":3,\"name\":\"Apostila Digital: Alessandra Veiga \u2013 TURCA Croche Rio &#8211; Estojo Selaron\"}]},{\"@type\":\"WebSite\",\"@id\":\"https:\\\/\\\/artesanatoincasa.com.br\\\/loja\\\/#website\",\"url\":\"https:\\\/\\\/artesanatoincasa.com.br\\\/loja\\\/\",\"name\":\"Loja Artesanato In Casa\",\"description\":\"Marketplace exclusivo para artes\u00e3os!\",\"publisher\":{\"@id\":\"https:\\\/\\\/artesanatoincasa.com.br\\\/loja\\\/#organization\"},\"alternateName\":\"Loja Artesanato In Casa\",\"potentialAction\":[{\"@type\":\"SearchAction\",\"target\":{\"@type\":\"EntryPoint\",\"urlTemplate\":\"https:\\\/\\\/artesanatoincasa.com.br\\\/loja\\\/?s={search_term_string}\"},\"query-input\":{\"@type\":\"PropertyValueSpecification\",\"valueRequired\":true,\"valueName\":\"search_term_string\"}}],\"inLanguage\":\"pt-BR\"},{\"@type\":\"Organization\",\"@id\":\"https:\\\/\\\/artesanatoincasa.com.br\\\/loja\\\/#organization\",\"name\":\"Loja Artesanato In Casa\",\"alternateName\":\"Loja Artesanato In Casa\",\"url\":\"https:\\\/\\\/artesanatoincasa.com.br\\\/loja\\\/\",\"logo\":{\"@type\":\"ImageObject\",\"inLanguage\":\"pt-BR\",\"@id\":\"https:\\\/\\\/artesanatoincasa.com.br\\\/loja\\\/#\\\/schema\\\/logo\\\/image\\\/\",\"url\":\"http:\\\/\\\/artesanatoincasa.com.br\\\/loja\\\/wp-content\\\/uploads\\\/2023\\\/07\\\/Logo-Marketing-Place.png\",\"contentUrl\":\"http:\\\/\\\/artesanatoincasa.com.br\\\/loja\\\/wp-content\\\/uploads\\\/2023\\\/07\\\/Logo-Marketing-Place.png\",\"width\":698,\"height\":390,\"caption\":\"Loja Artesanato In Casa\"},\"image\":{\"@id\":\"https:\\\/\\\/artesanatoincasa.com.br\\\/loja\\\/#\\\/schema\\\/logo\\\/image\\\/\"}}]}<\/script>\n<!-- \/ Yoast SEO plugin. -->","yoast_head_json":{"title":"Apostila Digital: Alessandra Veiga \u2013 TURCA Croche Rio - Estojo Selaron - Loja Artesanato In Casa","robots":{"index":"index","follow":"follow","max-snippet":"max-snippet:-1","max-image-preview":"max-image-preview:large","max-video-preview":"max-video-preview:-1"},"canonical":"https:\/\/artesanatoincasa.com.br\/loja\/produto\/revistas-e-apostilas\/apostila-digital-alessandra-veiga-turca-croche-rio-estojo-selaron\/","og_locale":"pt_BR","og_type":"article","og_title":"Apostila Digital: Alessandra Veiga \u2013 TURCA Croche Rio - Estojo Selaron - Loja Artesanato In Casa","og_description":"Apostila Digital Alessandra Veiga_TURCA_Croche Rio  Cole\u00e7\u00e3o Especial: Rio de Janeiro  Nesta apostila, voc\u00ea ir\u00e1 aprender a fazer 1 linda pe\u00e7a, um Estojo Selaron , para decorar e usar onde achar mais interessante, seja sua casa, loja, escrit\u00f3rio em seu trabalho e o melhor, poder ser usadas em qualquer \u00e9poca do ano.  Gere renda em casa sem gastar muito, criando pe\u00e7as \u00daNICAS e EXCLUSIVAS.  Com PASSOS A PASSOS FOTOGRAFADOS!  E mais: como precificar seus trabalhos artesanais, gr\u00e1ficos para facilitar nas cria\u00e7\u00f5es, e V\u00cdDEOS explicativo de como fazer todas as pe\u00e7as!  \u2014\u2014\u2014\u2014\u2014\u2014\u2014\u2014- Lembrando que qualquer material adquirido em nossa loja, voc\u00ea estar\u00e1 ajudando a muitas fam\u00edlias que vivem do artesanato no Brasil.  Obrigado e \u00f3timo aprendizado! Um grande Abra\u00e7o da Equipe Artesanato In Casa","og_url":"https:\/\/artesanatoincasa.com.br\/loja\/produto\/revistas-e-apostilas\/apostila-digital-alessandra-veiga-turca-croche-rio-estojo-selaron\/","og_site_name":"Loja Artesanato In Casa","article_modified_time":"2024-11-28T16:13:58+00:00","og_image":[{"width":574,"height":834,"url":"http:\/\/artesanatoincasa.com.br\/loja\/wp-content\/uploads\/2024\/11\/Captura-de-tela-2024-11-28-115117.png","type":"image\/png"}],"schema":{"@context":"https:\/\/schema.org","@graph":[{"@type":"WebPage","@id":"https:\/\/artesanatoincasa.com.br\/loja\/produto\/revistas-e-apostilas\/apostila-digital-alessandra-veiga-turca-croche-rio-estojo-selaron\/","url":"https:\/\/artesanatoincasa.com.br\/loja\/produto\/revistas-e-apostilas\/apostila-digital-alessandra-veiga-turca-croche-rio-estojo-selaron\/","name":"Apostila Digital: Alessandra Veiga \u2013 TURCA Croche Rio - Estojo Selaron - Loja Artesanato In Casa","isPartOf":{"@id":"https:\/\/artesanatoincasa.com.br\/loja\/#website"},"primaryImageOfPage":{"@id":"https:\/\/artesanatoincasa.com.br\/loja\/produto\/revistas-e-apostilas\/apostila-digital-alessandra-veiga-turca-croche-rio-estojo-selaron\/#primaryimage"},"image":{"@id":"https:\/\/artesanatoincasa.com.br\/loja\/produto\/revistas-e-apostilas\/apostila-digital-alessandra-veiga-turca-croche-rio-estojo-selaron\/#primaryimage"},"thumbnailUrl":"https:\/\/artesanatoincasa.com.br\/loja\/wp-content\/uploads\/2024\/11\/Captura-de-tela-2024-11-28-115117.png","datePublished":"2024-11-28T16:13:56+00:00","dateModified":"2024-11-28T16:13:58+00:00","breadcrumb":{"@id":"https:\/\/artesanatoincasa.com.br\/loja\/produto\/revistas-e-apostilas\/apostila-digital-alessandra-veiga-turca-croche-rio-estojo-selaron\/#breadcrumb"},"inLanguage":"pt-BR","potentialAction":[{"@type":"ReadAction","target":["https:\/\/artesanatoincasa.com.br\/loja\/produto\/revistas-e-apostilas\/apostila-digital-alessandra-veiga-turca-croche-rio-estojo-selaron\/"]}]},{"@type":"ImageObject","inLanguage":"pt-BR","@id":"https:\/\/artesanatoincasa.com.br\/loja\/produto\/revistas-e-apostilas\/apostila-digital-alessandra-veiga-turca-croche-rio-estojo-selaron\/#primaryimage","url":"https:\/\/artesanatoincasa.com.br\/loja\/wp-content\/uploads\/2024\/11\/Captura-de-tela-2024-11-28-115117.png","contentUrl":"https:\/\/artesanatoincasa.com.br\/loja\/wp-content\/uploads\/2024\/11\/Captura-de-tela-2024-11-28-115117.png","width":574,"height":834},{"@type":"BreadcrumbList","@id":"https:\/\/artesanatoincasa.com.br\/loja\/produto\/revistas-e-apostilas\/apostila-digital-alessandra-veiga-turca-croche-rio-estojo-selaron\/#breadcrumb","itemListElement":[{"@type":"ListItem","position":1,"name":"In\u00edcio","item":"https:\/\/artesanatoincasa.com.br\/loja\/"},{"@type":"ListItem","position":2,"name":"Produtos","item":"https:\/\/artesanatoincasa.com.br\/loja\/loja\/"},{"@type":"ListItem","position":3,"name":"Apostila Digital: Alessandra Veiga \u2013 TURCA Croche Rio &#8211; Estojo Selaron"}]},{"@type":"WebSite","@id":"https:\/\/artesanatoincasa.com.br\/loja\/#website","url":"https:\/\/artesanatoincasa.com.br\/loja\/","name":"Loja Artesanato In Casa","description":"Marketplace exclusivo para artes\u00e3os!","publisher":{"@id":"https:\/\/artesanatoincasa.com.br\/loja\/#organization"},"alternateName":"Loja Artesanato In Casa","potentialAction":[{"@type":"SearchAction","target":{"@type":"EntryPoint","urlTemplate":"https:\/\/artesanatoincasa.com.br\/loja\/?s={search_term_string}"},"query-input":{"@type":"PropertyValueSpecification","valueRequired":true,"valueName":"search_term_string"}}],"inLanguage":"pt-BR"},{"@type":"Organization","@id":"https:\/\/artesanatoincasa.com.br\/loja\/#organization","name":"Loja Artesanato In Casa","alternateName":"Loja Artesanato In Casa","url":"https:\/\/artesanatoincasa.com.br\/loja\/","logo":{"@type":"ImageObject","inLanguage":"pt-BR","@id":"https:\/\/artesanatoincasa.com.br\/loja\/#\/schema\/logo\/image\/","url":"http:\/\/artesanatoincasa.com.br\/loja\/wp-content\/uploads\/2023\/07\/Logo-Marketing-Place.png","contentUrl":"http:\/\/artesanatoincasa.com.br\/loja\/wp-content\/uploads\/2023\/07\/Logo-Marketing-Place.png","width":698,"height":390,"caption":"Loja Artesanato In Casa"},"image":{"@id":"https:\/\/artesanatoincasa.com.br\/loja\/#\/schema\/logo\/image\/"}}]}},"_links":{"self":[{"href":"https:\/\/artesanatoincasa.com.br\/loja\/wp-json\/wp\/v2\/product\/3553","targetHints":{"allow":["GET"]}}],"collection":[{"href":"https:\/\/artesanatoincasa.com.br\/loja\/wp-json\/wp\/v2\/product"}],"about":[{"href":"https:\/\/artesanatoincasa.com.br\/loja\/wp-json\/wp\/v2\/types\/product"}],"replies":[{"embeddable":true,"href":"https:\/\/artesanatoincasa.com.br\/loja\/wp-json\/wp\/v2\/comments?post=3553"}],"wp:featuredmedia":[{"embeddable":true,"href":"https:\/\/artesanatoincasa.com.br\/loja\/wp-json\/wp\/v2\/media\/3554"}],"wp:attachment":[{"href":"https:\/\/artesanatoincasa.com.br\/loja\/wp-json\/wp\/v2\/media?parent=3553"}],"wp:term":[{"taxonomy":"product_brand","embeddable":true,"href":"https:\/\/artesanatoincasa.com.br\/loja\/wp-json\/wp\/v2\/product_brand?post=3553"},{"taxonomy":"product_cat","embeddable":true,"href":"https:\/\/artesanatoincasa.com.br\/loja\/wp-json\/wp\/v2\/product_cat?post=3553"},{"taxonomy":"product_tag","embeddable":true,"href":"https:\/\/artesanatoincasa.com.br\/loja\/wp-json\/wp\/v2\/product_tag?post=3553"}],"curies":[{"name":"wp","href":"https:\/\/api.w.org\/{rel}","templated":true}]}}