{"id":3507,"date":"2024-11-22T11:37:29","date_gmt":"2024-11-22T14:37:29","guid":{"rendered":"https:\/\/artesanatoincasa.com.br\/loja\/?post_type=product&#038;p=3507"},"modified":"2026-04-20T17:34:16","modified_gmt":"2026-04-20T20:34:16","slug":"kit-5-revistas-artesanato-in-casa-especial-de-natal-versao-digital-2","status":"publish","type":"product","link":"https:\/\/artesanatoincasa.com.br\/loja\/produto\/revistas-e-apostilas\/kit-5-revistas-artesanato-in-casa-especial-de-natal-versao-digital-2\/","title":{"rendered":"Kit 5 Revistas Artesanato In Casa \u2013 Especial de Natal \u2013 VERS\u00c3O DIGITAL"},"content":{"rendered":"<p>(Lembrando que cada produto adquirido em nossa loja, voc\u00ea estar\u00e1 ajudando a muitas fam\u00edlias que vivem do artesanato).<\/p>\n<p>\u2014-<\/p>\n<p>Em nossas 5 edi\u00e7\u00f5es ( Ed 02. Ed 08. Ed 12. Ed 15 e Ed 18) voc\u00ea ir\u00e1 encontrar:<\/p>\n<p>PASSO A PASSOS COMPLETOS\u00a0para voc\u00ea APRENDER e LUCRAR, fazer como HOBBY ou como TERAPIA:<\/p>\n<p>\u2022 Hist\u00f3rias de Sucesso.<\/p>\n<p>\u2022\u00a0Sess\u00f5es de Empreendedorismo.<\/p>\n<p>\u2022 Muitos trabalhos para se inspirar&#8230;<\/p>\n<p>E muito mais .<\/p>\n<p>APROVEITE!<\/p>\n","protected":false},"excerpt":{"rendered":"<p>(Lembrando que cada produto adquirido em nossa loja, voc\u00ea estar\u00e1 ajudando a muitas fam\u00edlias que vivem do artesanato).<\/p>\n<p>\u2014-<\/p>\n<p>Em nossas 5 edi\u00e7\u00f5es ( Ed 02. Ed 08. Ed 12. Ed 15 e Ed 18) voc\u00ea ir\u00e1 encontrar:<\/p>\n<p>PASSO A PASSOS COMPLETOS\u00a0para voc\u00ea APRENDER e LUCRAR, fazer como HOBBY ou como TERAPIA:<\/p>\n<p>\u2022 Hist\u00f3rias de Sucesso.<\/p>\n<p>\u2022\u00a0Sess\u00f5es de Empreendedorismo.<\/p>\n<p>\u2022 Muitos trabalhos para se inspirar&#8230;<\/p>\n<p>E muito mais .<\/p>\n<p>APROVEITE!<\/p>\n","protected":false},"featured_media":3500,"comment_status":"open","ping_status":"closed","template":"","meta":{"_monsterinsights_skip_tracking":false,"_monsterinsights_sitenote_active":false,"_monsterinsights_sitenote_note":"","_monsterinsights_sitenote_category":0},"product_brand":[],"product_cat":[168,165],"product_tag":[],"class_list":{"0":"post-3507","1":"product","2":"type-product","3":"status-publish","4":"has-post-thumbnail","6":"product_cat-revistas","7":"product_cat-revistas-e-apostilas","9":"first","10":"instock","11":"sale","12":"downloadable","13":"virtual","14":"taxable","15":"purchasable","16":"product-type-simple"},"yoast_head":"<!-- This site is optimized with the Yoast SEO plugin v27.4 - https:\/\/yoast.com\/product\/yoast-seo-wordpress\/ -->\n<title>Kit 5 Revistas Artesanato In Casa \u2013 Especial de Natal \u2013 VERS\u00c3O DIGITAL - Loja Artesanato In Casa<\/title>\n<meta name=\"robots\" content=\"index, follow, max-snippet:-1, max-image-preview:large, max-video-preview:-1\" \/>\n<link rel=\"canonical\" href=\"https:\/\/artesanatoincasa.com.br\/loja\/produto\/revistas-e-apostilas\/kit-5-revistas-artesanato-in-casa-especial-de-natal-versao-digital-2\/\" \/>\n<meta property=\"og:locale\" content=\"pt_BR\" \/>\n<meta property=\"og:type\" content=\"article\" \/>\n<meta property=\"og:title\" content=\"Kit 5 Revistas Artesanato In Casa \u2013 Especial de Natal \u2013 VERS\u00c3O DIGITAL - Loja Artesanato In Casa\" \/>\n<meta property=\"og:description\" content=\"(Lembrando que cada produto adquirido em nossa loja, voc\u00ea estar\u00e1 ajudando a muitas fam\u00edlias que vivem do artesanato).  \u2014-  Em nossas 5 edi\u00e7\u00f5es ( Ed 02. Ed 08. Ed 12. Ed 15 e Ed 18) voc\u00ea ir\u00e1 encontrar:  PASSO A PASSOS COMPLETOS\u00a0para voc\u00ea APRENDER e LUCRAR, fazer como HOBBY ou como TERAPIA:  \u2022 Hist\u00f3rias de Sucesso.  \u2022\u00a0Sess\u00f5es de Empreendedorismo.  \u2022 Muitos trabalhos para se inspirar...  E muito mais .  APROVEITE!\" \/>\n<meta property=\"og:url\" content=\"https:\/\/artesanatoincasa.com.br\/loja\/produto\/revistas-e-apostilas\/kit-5-revistas-artesanato-in-casa-especial-de-natal-versao-digital-2\/\" \/>\n<meta property=\"og:site_name\" content=\"Loja Artesanato In Casa\" \/>\n<meta property=\"article:modified_time\" content=\"2026-04-20T20:34:16+00:00\" \/>\n<meta property=\"og:image\" content=\"http:\/\/artesanatoincasa.com.br\/loja\/wp-content\/uploads\/2024\/11\/Revistas-de-Natal.jpeg\" \/>\n\t<meta property=\"og:image:width\" content=\"1592\" \/>\n\t<meta property=\"og:image:height\" content=\"1459\" \/>\n\t<meta property=\"og:image:type\" content=\"image\/jpeg\" \/>\n<script type=\"application\/ld+json\" class=\"yoast-schema-graph\">{\"@context\":\"https:\\\/\\\/schema.org\",\"@graph\":[{\"@type\":\"WebPage\",\"@id\":\"https:\\\/\\\/artesanatoincasa.com.br\\\/loja\\\/produto\\\/revistas-e-apostilas\\\/kit-5-revistas-artesanato-in-casa-especial-de-natal-versao-digital-2\\\/\",\"url\":\"https:\\\/\\\/artesanatoincasa.com.br\\\/loja\\\/produto\\\/revistas-e-apostilas\\\/kit-5-revistas-artesanato-in-casa-especial-de-natal-versao-digital-2\\\/\",\"name\":\"Kit 5 Revistas Artesanato In Casa \u2013 Especial de Natal \u2013 VERS\u00c3O DIGITAL - Loja Artesanato In Casa\",\"isPartOf\":{\"@id\":\"https:\\\/\\\/artesanatoincasa.com.br\\\/loja\\\/#website\"},\"primaryImageOfPage\":{\"@id\":\"https:\\\/\\\/artesanatoincasa.com.br\\\/loja\\\/produto\\\/revistas-e-apostilas\\\/kit-5-revistas-artesanato-in-casa-especial-de-natal-versao-digital-2\\\/#primaryimage\"},\"image\":{\"@id\":\"https:\\\/\\\/artesanatoincasa.com.br\\\/loja\\\/produto\\\/revistas-e-apostilas\\\/kit-5-revistas-artesanato-in-casa-especial-de-natal-versao-digital-2\\\/#primaryimage\"},\"thumbnailUrl\":\"https:\\\/\\\/artesanatoincasa.com.br\\\/loja\\\/wp-content\\\/uploads\\\/2024\\\/11\\\/Revistas-de-Natal.jpeg\",\"datePublished\":\"2024-11-22T14:37:29+00:00\",\"dateModified\":\"2026-04-20T20:34:16+00:00\",\"breadcrumb\":{\"@id\":\"https:\\\/\\\/artesanatoincasa.com.br\\\/loja\\\/produto\\\/revistas-e-apostilas\\\/kit-5-revistas-artesanato-in-casa-especial-de-natal-versao-digital-2\\\/#breadcrumb\"},\"inLanguage\":\"pt-BR\",\"potentialAction\":[{\"@type\":\"ReadAction\",\"target\":[\"https:\\\/\\\/artesanatoincasa.com.br\\\/loja\\\/produto\\\/revistas-e-apostilas\\\/kit-5-revistas-artesanato-in-casa-especial-de-natal-versao-digital-2\\\/\"]}]},{\"@type\":\"ImageObject\",\"inLanguage\":\"pt-BR\",\"@id\":\"https:\\\/\\\/artesanatoincasa.com.br\\\/loja\\\/produto\\\/revistas-e-apostilas\\\/kit-5-revistas-artesanato-in-casa-especial-de-natal-versao-digital-2\\\/#primaryimage\",\"url\":\"https:\\\/\\\/artesanatoincasa.com.br\\\/loja\\\/wp-content\\\/uploads\\\/2024\\\/11\\\/Revistas-de-Natal.jpeg\",\"contentUrl\":\"https:\\\/\\\/artesanatoincasa.com.br\\\/loja\\\/wp-content\\\/uploads\\\/2024\\\/11\\\/Revistas-de-Natal.jpeg\",\"width\":1592,\"height\":1459},{\"@type\":\"BreadcrumbList\",\"@id\":\"https:\\\/\\\/artesanatoincasa.com.br\\\/loja\\\/produto\\\/revistas-e-apostilas\\\/kit-5-revistas-artesanato-in-casa-especial-de-natal-versao-digital-2\\\/#breadcrumb\",\"itemListElement\":[{\"@type\":\"ListItem\",\"position\":1,\"name\":\"In\u00edcio\",\"item\":\"https:\\\/\\\/artesanatoincasa.com.br\\\/loja\\\/\"},{\"@type\":\"ListItem\",\"position\":2,\"name\":\"Produtos\",\"item\":\"https:\\\/\\\/artesanatoincasa.com.br\\\/loja\\\/loja\\\/\"},{\"@type\":\"ListItem\",\"position\":3,\"name\":\"Kit 5 Revistas Artesanato In Casa \u2013 Especial de Natal \u2013 VERS\u00c3O DIGITAL\"}]},{\"@type\":\"WebSite\",\"@id\":\"https:\\\/\\\/artesanatoincasa.com.br\\\/loja\\\/#website\",\"url\":\"https:\\\/\\\/artesanatoincasa.com.br\\\/loja\\\/\",\"name\":\"Loja Artesanato In Casa\",\"description\":\"Marketplace exclusivo para artes\u00e3os!\",\"publisher\":{\"@id\":\"https:\\\/\\\/artesanatoincasa.com.br\\\/loja\\\/#organization\"},\"alternateName\":\"Loja Artesanato In Casa\",\"potentialAction\":[{\"@type\":\"SearchAction\",\"target\":{\"@type\":\"EntryPoint\",\"urlTemplate\":\"https:\\\/\\\/artesanatoincasa.com.br\\\/loja\\\/?s={search_term_string}\"},\"query-input\":{\"@type\":\"PropertyValueSpecification\",\"valueRequired\":true,\"valueName\":\"search_term_string\"}}],\"inLanguage\":\"pt-BR\"},{\"@type\":\"Organization\",\"@id\":\"https:\\\/\\\/artesanatoincasa.com.br\\\/loja\\\/#organization\",\"name\":\"Loja Artesanato In Casa\",\"alternateName\":\"Loja Artesanato In Casa\",\"url\":\"https:\\\/\\\/artesanatoincasa.com.br\\\/loja\\\/\",\"logo\":{\"@type\":\"ImageObject\",\"inLanguage\":\"pt-BR\",\"@id\":\"https:\\\/\\\/artesanatoincasa.com.br\\\/loja\\\/#\\\/schema\\\/logo\\\/image\\\/\",\"url\":\"http:\\\/\\\/artesanatoincasa.com.br\\\/loja\\\/wp-content\\\/uploads\\\/2023\\\/07\\\/Logo-Marketing-Place.png\",\"contentUrl\":\"http:\\\/\\\/artesanatoincasa.com.br\\\/loja\\\/wp-content\\\/uploads\\\/2023\\\/07\\\/Logo-Marketing-Place.png\",\"width\":698,\"height\":390,\"caption\":\"Loja Artesanato In Casa\"},\"image\":{\"@id\":\"https:\\\/\\\/artesanatoincasa.com.br\\\/loja\\\/#\\\/schema\\\/logo\\\/image\\\/\"}}]}<\/script>\n<!-- \/ Yoast SEO plugin. -->","yoast_head_json":{"title":"Kit 5 Revistas Artesanato In Casa \u2013 Especial de Natal \u2013 VERS\u00c3O DIGITAL - Loja Artesanato In Casa","robots":{"index":"index","follow":"follow","max-snippet":"max-snippet:-1","max-image-preview":"max-image-preview:large","max-video-preview":"max-video-preview:-1"},"canonical":"https:\/\/artesanatoincasa.com.br\/loja\/produto\/revistas-e-apostilas\/kit-5-revistas-artesanato-in-casa-especial-de-natal-versao-digital-2\/","og_locale":"pt_BR","og_type":"article","og_title":"Kit 5 Revistas Artesanato In Casa \u2013 Especial de Natal \u2013 VERS\u00c3O DIGITAL - Loja Artesanato In Casa","og_description":"(Lembrando que cada produto adquirido em nossa loja, voc\u00ea estar\u00e1 ajudando a muitas fam\u00edlias que vivem do artesanato).  \u2014-  Em nossas 5 edi\u00e7\u00f5es ( Ed 02. Ed 08. Ed 12. Ed 15 e Ed 18) voc\u00ea ir\u00e1 encontrar:  PASSO A PASSOS COMPLETOS\u00a0para voc\u00ea APRENDER e LUCRAR, fazer como HOBBY ou como TERAPIA:  \u2022 Hist\u00f3rias de Sucesso.  \u2022\u00a0Sess\u00f5es de Empreendedorismo.  \u2022 Muitos trabalhos para se inspirar...  E muito mais .  APROVEITE!","og_url":"https:\/\/artesanatoincasa.com.br\/loja\/produto\/revistas-e-apostilas\/kit-5-revistas-artesanato-in-casa-especial-de-natal-versao-digital-2\/","og_site_name":"Loja Artesanato In Casa","article_modified_time":"2026-04-20T20:34:16+00:00","og_image":[{"width":1592,"height":1459,"url":"http:\/\/artesanatoincasa.com.br\/loja\/wp-content\/uploads\/2024\/11\/Revistas-de-Natal.jpeg","type":"image\/jpeg"}],"schema":{"@context":"https:\/\/schema.org","@graph":[{"@type":"WebPage","@id":"https:\/\/artesanatoincasa.com.br\/loja\/produto\/revistas-e-apostilas\/kit-5-revistas-artesanato-in-casa-especial-de-natal-versao-digital-2\/","url":"https:\/\/artesanatoincasa.com.br\/loja\/produto\/revistas-e-apostilas\/kit-5-revistas-artesanato-in-casa-especial-de-natal-versao-digital-2\/","name":"Kit 5 Revistas Artesanato In Casa \u2013 Especial de Natal \u2013 VERS\u00c3O DIGITAL - Loja Artesanato In Casa","isPartOf":{"@id":"https:\/\/artesanatoincasa.com.br\/loja\/#website"},"primaryImageOfPage":{"@id":"https:\/\/artesanatoincasa.com.br\/loja\/produto\/revistas-e-apostilas\/kit-5-revistas-artesanato-in-casa-especial-de-natal-versao-digital-2\/#primaryimage"},"image":{"@id":"https:\/\/artesanatoincasa.com.br\/loja\/produto\/revistas-e-apostilas\/kit-5-revistas-artesanato-in-casa-especial-de-natal-versao-digital-2\/#primaryimage"},"thumbnailUrl":"https:\/\/artesanatoincasa.com.br\/loja\/wp-content\/uploads\/2024\/11\/Revistas-de-Natal.jpeg","datePublished":"2024-11-22T14:37:29+00:00","dateModified":"2026-04-20T20:34:16+00:00","breadcrumb":{"@id":"https:\/\/artesanatoincasa.com.br\/loja\/produto\/revistas-e-apostilas\/kit-5-revistas-artesanato-in-casa-especial-de-natal-versao-digital-2\/#breadcrumb"},"inLanguage":"pt-BR","potentialAction":[{"@type":"ReadAction","target":["https:\/\/artesanatoincasa.com.br\/loja\/produto\/revistas-e-apostilas\/kit-5-revistas-artesanato-in-casa-especial-de-natal-versao-digital-2\/"]}]},{"@type":"ImageObject","inLanguage":"pt-BR","@id":"https:\/\/artesanatoincasa.com.br\/loja\/produto\/revistas-e-apostilas\/kit-5-revistas-artesanato-in-casa-especial-de-natal-versao-digital-2\/#primaryimage","url":"https:\/\/artesanatoincasa.com.br\/loja\/wp-content\/uploads\/2024\/11\/Revistas-de-Natal.jpeg","contentUrl":"https:\/\/artesanatoincasa.com.br\/loja\/wp-content\/uploads\/2024\/11\/Revistas-de-Natal.jpeg","width":1592,"height":1459},{"@type":"BreadcrumbList","@id":"https:\/\/artesanatoincasa.com.br\/loja\/produto\/revistas-e-apostilas\/kit-5-revistas-artesanato-in-casa-especial-de-natal-versao-digital-2\/#breadcrumb","itemListElement":[{"@type":"ListItem","position":1,"name":"In\u00edcio","item":"https:\/\/artesanatoincasa.com.br\/loja\/"},{"@type":"ListItem","position":2,"name":"Produtos","item":"https:\/\/artesanatoincasa.com.br\/loja\/loja\/"},{"@type":"ListItem","position":3,"name":"Kit 5 Revistas Artesanato In Casa \u2013 Especial de Natal \u2013 VERS\u00c3O DIGITAL"}]},{"@type":"WebSite","@id":"https:\/\/artesanatoincasa.com.br\/loja\/#website","url":"https:\/\/artesanatoincasa.com.br\/loja\/","name":"Loja Artesanato In Casa","description":"Marketplace exclusivo para artes\u00e3os!","publisher":{"@id":"https:\/\/artesanatoincasa.com.br\/loja\/#organization"},"alternateName":"Loja Artesanato In Casa","potentialAction":[{"@type":"SearchAction","target":{"@type":"EntryPoint","urlTemplate":"https:\/\/artesanatoincasa.com.br\/loja\/?s={search_term_string}"},"query-input":{"@type":"PropertyValueSpecification","valueRequired":true,"valueName":"search_term_string"}}],"inLanguage":"pt-BR"},{"@type":"Organization","@id":"https:\/\/artesanatoincasa.com.br\/loja\/#organization","name":"Loja Artesanato In Casa","alternateName":"Loja Artesanato In Casa","url":"https:\/\/artesanatoincasa.com.br\/loja\/","logo":{"@type":"ImageObject","inLanguage":"pt-BR","@id":"https:\/\/artesanatoincasa.com.br\/loja\/#\/schema\/logo\/image\/","url":"http:\/\/artesanatoincasa.com.br\/loja\/wp-content\/uploads\/2023\/07\/Logo-Marketing-Place.png","contentUrl":"http:\/\/artesanatoincasa.com.br\/loja\/wp-content\/uploads\/2023\/07\/Logo-Marketing-Place.png","width":698,"height":390,"caption":"Loja Artesanato In Casa"},"image":{"@id":"https:\/\/artesanatoincasa.com.br\/loja\/#\/schema\/logo\/image\/"}}]}},"_links":{"self":[{"href":"https:\/\/artesanatoincasa.com.br\/loja\/wp-json\/wp\/v2\/product\/3507","targetHints":{"allow":["GET"]}}],"collection":[{"href":"https:\/\/artesanatoincasa.com.br\/loja\/wp-json\/wp\/v2\/product"}],"about":[{"href":"https:\/\/artesanatoincasa.com.br\/loja\/wp-json\/wp\/v2\/types\/product"}],"replies":[{"embeddable":true,"href":"https:\/\/artesanatoincasa.com.br\/loja\/wp-json\/wp\/v2\/comments?post=3507"}],"wp:featuredmedia":[{"embeddable":true,"href":"https:\/\/artesanatoincasa.com.br\/loja\/wp-json\/wp\/v2\/media\/3500"}],"wp:attachment":[{"href":"https:\/\/artesanatoincasa.com.br\/loja\/wp-json\/wp\/v2\/media?parent=3507"}],"wp:term":[{"taxonomy":"product_brand","embeddable":true,"href":"https:\/\/artesanatoincasa.com.br\/loja\/wp-json\/wp\/v2\/product_brand?post=3507"},{"taxonomy":"product_cat","embeddable":true,"href":"https:\/\/artesanatoincasa.com.br\/loja\/wp-json\/wp\/v2\/product_cat?post=3507"},{"taxonomy":"product_tag","embeddable":true,"href":"https:\/\/artesanatoincasa.com.br\/loja\/wp-json\/wp\/v2\/product_tag?post=3507"}],"curies":[{"name":"wp","href":"https:\/\/api.w.org\/{rel}","templated":true}]}}