{"id":3448,"date":"2024-11-08T17:15:36","date_gmt":"2024-11-08T20:15:36","guid":{"rendered":"https:\/\/artesanatoincasa.com.br\/loja\/?post_type=product&#038;p=3448"},"modified":"2025-06-12T12:15:32","modified_gmt":"2025-06-12T15:15:32","slug":"apostila-mariana-carvalho-amigurumi_presepio","status":"publish","type":"product","link":"https:\/\/artesanatoincasa.com.br\/loja\/produto\/revistas-e-apostilas\/apostila-mariana-carvalho-amigurumi_presepio\/","title":{"rendered":"Apostila Mariana Carvalho &#8211; Amigurumi_Pres\u00e9pio"},"content":{"rendered":"<h2>Nesta Apostila Digital, voc\u00ea ir\u00e1 aprender a fazer 10 lindas pe\u00e7as em AMIGURUMI, O Pres\u00e9pio com a t\u00e9cnica do Croch\u00ea e ainda ganhar\u00e1 um BRINDE a Revista Artesanato In Casa Especial de Natal (vers\u00e3o digital) com muito artesanato para voc\u00ea .<\/h2>\n<p>Aprenda de forma simples e r\u00e1pida.<br \/>\n<strong>ADQUIRINDO essa apostila voc\u00ea ainda ganhar\u00e1 um BRINDE (Revista Artesanato In Casa Especial Natal \u2013 LAN\u00c7AMENTO).<\/strong><\/p>\n<p>Com PASSO A PASSOS FOTOGRAFADOS de todas as pe\u00e7as.<\/p>\n<p>Criada pela artes\u00e3 <strong>Mariana Fonseca.<\/strong><\/p>\n<p>APRENDA SE DIVERTINDO, gere renda fazendo pe\u00e7as incr\u00edveis!<br \/>\n.<br \/>\n<strong>LEMBRE-SE:<\/strong>\u00a0Adquirindo este material, voc\u00ea estar\u00e1 ajudando a muitas fam\u00edlias que vivem do artesanato.<\/p>\n","protected":false},"excerpt":{"rendered":"<h2>Nesta Apostila Digital, voc\u00ea ir\u00e1 aprender a fazer 10 lindas pe\u00e7as em AMIGURUMI, O Pres\u00e9pio com a t\u00e9cnica do Croch\u00ea e ainda ganhar\u00e1 um BRINDE a Revista Artesanato In Casa Especial de Natal (vers\u00e3o digital) com muito artesanato para voc\u00ea .<\/h2>\n<p>Aprenda de forma simples e r\u00e1pida.<br \/>\n<strong>ADQUIRINDO essa apostila voc\u00ea ainda ganhar\u00e1 um BRINDE (Revista Artesanato In Casa Especial Natal \u2013 LAN\u00c7AMENTO).<\/strong><\/p>\n<p>Com PASSO A PASSOS FOTOGRAFADOS de todas as pe\u00e7as.<\/p>\n<p>Criada pela artes\u00e3 <strong>Mariana Fonseca.<\/strong><\/p>\n<p>APRENDA SE DIVERTINDO, gere renda fazendo pe\u00e7as incr\u00edveis!<br \/>\n.<br \/>\n<strong>LEMBRE-SE:<\/strong>\u00a0Adquirindo este material, voc\u00ea estar\u00e1 ajudando a muitas fam\u00edlias que vivem do artesanato.<\/p>\n","protected":false},"featured_media":3449,"comment_status":"open","ping_status":"closed","template":"","meta":{"_monsterinsights_skip_tracking":false,"_monsterinsights_sitenote_active":false,"_monsterinsights_sitenote_note":"","_monsterinsights_sitenote_category":0},"product_brand":[],"product_cat":[169,165],"product_tag":[276,264,260,251,259,255,268,258,270],"class_list":{"0":"post-3448","1":"product","2":"type-product","3":"status-publish","4":"has-post-thumbnail","6":"product_cat-apostilas","7":"product_cat-revistas-e-apostilas","8":"product_tag-amigurumi","9":"product_tag-apostila","10":"product_tag-artesa","11":"product_tag-artesanato","12":"product_tag-artesao","13":"product_tag-croche","14":"product_tag-decoracao","15":"product_tag-marketingdigital","16":"product_tag-natal2024","17":"dc_vendor_shop-artesanatoincasa","19":"first","20":"instock","21":"sale","22":"downloadable","23":"virtual","24":"taxable","25":"purchasable","26":"product-type-simple"},"yoast_head":"<!-- This site is optimized with the Yoast SEO plugin v27.4 - https:\/\/yoast.com\/product\/yoast-seo-wordpress\/ -->\n<title>Apostila Mariana Carvalho - Amigurumi_Pres\u00e9pio - Loja Artesanato In Casa<\/title>\n<meta name=\"robots\" content=\"index, follow, max-snippet:-1, max-image-preview:large, max-video-preview:-1\" \/>\n<link rel=\"canonical\" href=\"https:\/\/artesanatoincasa.com.br\/loja\/produto\/revistas-e-apostilas\/apostila-mariana-carvalho-amigurumi_presepio\/\" \/>\n<meta property=\"og:locale\" content=\"pt_BR\" \/>\n<meta property=\"og:type\" content=\"article\" \/>\n<meta property=\"og:title\" content=\"Apostila Mariana Carvalho - Amigurumi_Pres\u00e9pio - Loja Artesanato In Casa\" \/>\n<meta property=\"og:description\" content=\"Nesta Apostila Digital, voc\u00ea ir\u00e1 aprender a fazer 10 lindas pe\u00e7as em AMIGURUMI, O Pres\u00e9pio com a t\u00e9cnica do Croch\u00ea e ainda ganhar\u00e1 um BRINDE a Revista Artesanato In Casa Especial de Natal (vers\u00e3o digital) com muito artesanato para voc\u00ea . Aprenda de forma simples e r\u00e1pida. ADQUIRINDO essa apostila voc\u00ea ainda ganhar\u00e1 um BRINDE (Revista Artesanato In Casa Especial Natal \u2013 LAN\u00c7AMENTO).  Com PASSO A PASSOS FOTOGRAFADOS de todas as pe\u00e7as.  Criada pela artes\u00e3 Mariana Fonseca.  APRENDA SE DIVERTINDO, gere renda fazendo pe\u00e7as incr\u00edveis! . LEMBRE-SE:\u00a0Adquirindo este material, voc\u00ea estar\u00e1 ajudando a muitas fam\u00edlias que vivem do artesanato.\" \/>\n<meta property=\"og:url\" content=\"https:\/\/artesanatoincasa.com.br\/loja\/produto\/revistas-e-apostilas\/apostila-mariana-carvalho-amigurumi_presepio\/\" \/>\n<meta property=\"og:site_name\" content=\"Loja Artesanato In Casa\" \/>\n<meta property=\"article:modified_time\" content=\"2025-06-12T15:15:32+00:00\" \/>\n<meta property=\"og:image\" content=\"http:\/\/artesanatoincasa.com.br\/loja\/wp-content\/uploads\/2024\/11\/Apostila-Mariana-Carvalho-Amigurumi_PRESEPIO-1-scaled.jpg\" \/>\n\t<meta property=\"og:image:width\" content=\"1828\" \/>\n\t<meta property=\"og:image:height\" content=\"2560\" \/>\n\t<meta property=\"og:image:type\" content=\"image\/jpeg\" \/>\n<script type=\"application\/ld+json\" class=\"yoast-schema-graph\">{\"@context\":\"https:\\\/\\\/schema.org\",\"@graph\":[{\"@type\":\"WebPage\",\"@id\":\"https:\\\/\\\/artesanatoincasa.com.br\\\/loja\\\/produto\\\/revistas-e-apostilas\\\/apostila-mariana-carvalho-amigurumi_presepio\\\/\",\"url\":\"https:\\\/\\\/artesanatoincasa.com.br\\\/loja\\\/produto\\\/revistas-e-apostilas\\\/apostila-mariana-carvalho-amigurumi_presepio\\\/\",\"name\":\"Apostila Mariana Carvalho - Amigurumi_Pres\u00e9pio - Loja Artesanato In Casa\",\"isPartOf\":{\"@id\":\"https:\\\/\\\/artesanatoincasa.com.br\\\/loja\\\/#website\"},\"primaryImageOfPage\":{\"@id\":\"https:\\\/\\\/artesanatoincasa.com.br\\\/loja\\\/produto\\\/revistas-e-apostilas\\\/apostila-mariana-carvalho-amigurumi_presepio\\\/#primaryimage\"},\"image\":{\"@id\":\"https:\\\/\\\/artesanatoincasa.com.br\\\/loja\\\/produto\\\/revistas-e-apostilas\\\/apostila-mariana-carvalho-amigurumi_presepio\\\/#primaryimage\"},\"thumbnailUrl\":\"https:\\\/\\\/artesanatoincasa.com.br\\\/loja\\\/wp-content\\\/uploads\\\/2024\\\/11\\\/Apostila-Mariana-Carvalho-Amigurumi_PRESEPIO-1-scaled.jpg\",\"datePublished\":\"2024-11-08T20:15:36+00:00\",\"dateModified\":\"2025-06-12T15:15:32+00:00\",\"breadcrumb\":{\"@id\":\"https:\\\/\\\/artesanatoincasa.com.br\\\/loja\\\/produto\\\/revistas-e-apostilas\\\/apostila-mariana-carvalho-amigurumi_presepio\\\/#breadcrumb\"},\"inLanguage\":\"pt-BR\",\"potentialAction\":[{\"@type\":\"ReadAction\",\"target\":[\"https:\\\/\\\/artesanatoincasa.com.br\\\/loja\\\/produto\\\/revistas-e-apostilas\\\/apostila-mariana-carvalho-amigurumi_presepio\\\/\"]}]},{\"@type\":\"ImageObject\",\"inLanguage\":\"pt-BR\",\"@id\":\"https:\\\/\\\/artesanatoincasa.com.br\\\/loja\\\/produto\\\/revistas-e-apostilas\\\/apostila-mariana-carvalho-amigurumi_presepio\\\/#primaryimage\",\"url\":\"https:\\\/\\\/artesanatoincasa.com.br\\\/loja\\\/wp-content\\\/uploads\\\/2024\\\/11\\\/Apostila-Mariana-Carvalho-Amigurumi_PRESEPIO-1-scaled.jpg\",\"contentUrl\":\"https:\\\/\\\/artesanatoincasa.com.br\\\/loja\\\/wp-content\\\/uploads\\\/2024\\\/11\\\/Apostila-Mariana-Carvalho-Amigurumi_PRESEPIO-1-scaled.jpg\",\"width\":1828,\"height\":2560},{\"@type\":\"BreadcrumbList\",\"@id\":\"https:\\\/\\\/artesanatoincasa.com.br\\\/loja\\\/produto\\\/revistas-e-apostilas\\\/apostila-mariana-carvalho-amigurumi_presepio\\\/#breadcrumb\",\"itemListElement\":[{\"@type\":\"ListItem\",\"position\":1,\"name\":\"In\u00edcio\",\"item\":\"https:\\\/\\\/artesanatoincasa.com.br\\\/loja\\\/\"},{\"@type\":\"ListItem\",\"position\":2,\"name\":\"Produtos\",\"item\":\"https:\\\/\\\/artesanatoincasa.com.br\\\/loja\\\/loja\\\/\"},{\"@type\":\"ListItem\",\"position\":3,\"name\":\"Apostila Mariana Carvalho &#8211; Amigurumi_Pres\u00e9pio\"}]},{\"@type\":\"WebSite\",\"@id\":\"https:\\\/\\\/artesanatoincasa.com.br\\\/loja\\\/#website\",\"url\":\"https:\\\/\\\/artesanatoincasa.com.br\\\/loja\\\/\",\"name\":\"Loja Artesanato In Casa\",\"description\":\"Marketplace exclusivo para artes\u00e3os!\",\"publisher\":{\"@id\":\"https:\\\/\\\/artesanatoincasa.com.br\\\/loja\\\/#organization\"},\"alternateName\":\"Loja Artesanato In Casa\",\"potentialAction\":[{\"@type\":\"SearchAction\",\"target\":{\"@type\":\"EntryPoint\",\"urlTemplate\":\"https:\\\/\\\/artesanatoincasa.com.br\\\/loja\\\/?s={search_term_string}\"},\"query-input\":{\"@type\":\"PropertyValueSpecification\",\"valueRequired\":true,\"valueName\":\"search_term_string\"}}],\"inLanguage\":\"pt-BR\"},{\"@type\":\"Organization\",\"@id\":\"https:\\\/\\\/artesanatoincasa.com.br\\\/loja\\\/#organization\",\"name\":\"Loja Artesanato In Casa\",\"alternateName\":\"Loja Artesanato In Casa\",\"url\":\"https:\\\/\\\/artesanatoincasa.com.br\\\/loja\\\/\",\"logo\":{\"@type\":\"ImageObject\",\"inLanguage\":\"pt-BR\",\"@id\":\"https:\\\/\\\/artesanatoincasa.com.br\\\/loja\\\/#\\\/schema\\\/logo\\\/image\\\/\",\"url\":\"http:\\\/\\\/artesanatoincasa.com.br\\\/loja\\\/wp-content\\\/uploads\\\/2023\\\/07\\\/Logo-Marketing-Place.png\",\"contentUrl\":\"http:\\\/\\\/artesanatoincasa.com.br\\\/loja\\\/wp-content\\\/uploads\\\/2023\\\/07\\\/Logo-Marketing-Place.png\",\"width\":698,\"height\":390,\"caption\":\"Loja Artesanato In Casa\"},\"image\":{\"@id\":\"https:\\\/\\\/artesanatoincasa.com.br\\\/loja\\\/#\\\/schema\\\/logo\\\/image\\\/\"}}]}<\/script>\n<!-- \/ Yoast SEO plugin. -->","yoast_head_json":{"title":"Apostila Mariana Carvalho - Amigurumi_Pres\u00e9pio - Loja Artesanato In Casa","robots":{"index":"index","follow":"follow","max-snippet":"max-snippet:-1","max-image-preview":"max-image-preview:large","max-video-preview":"max-video-preview:-1"},"canonical":"https:\/\/artesanatoincasa.com.br\/loja\/produto\/revistas-e-apostilas\/apostila-mariana-carvalho-amigurumi_presepio\/","og_locale":"pt_BR","og_type":"article","og_title":"Apostila Mariana Carvalho - Amigurumi_Pres\u00e9pio - Loja Artesanato In Casa","og_description":"Nesta Apostila Digital, voc\u00ea ir\u00e1 aprender a fazer 10 lindas pe\u00e7as em AMIGURUMI, O Pres\u00e9pio com a t\u00e9cnica do Croch\u00ea e ainda ganhar\u00e1 um BRINDE a Revista Artesanato In Casa Especial de Natal (vers\u00e3o digital) com muito artesanato para voc\u00ea . Aprenda de forma simples e r\u00e1pida. ADQUIRINDO essa apostila voc\u00ea ainda ganhar\u00e1 um BRINDE (Revista Artesanato In Casa Especial Natal \u2013 LAN\u00c7AMENTO).  Com PASSO A PASSOS FOTOGRAFADOS de todas as pe\u00e7as.  Criada pela artes\u00e3 Mariana Fonseca.  APRENDA SE DIVERTINDO, gere renda fazendo pe\u00e7as incr\u00edveis! . LEMBRE-SE:\u00a0Adquirindo este material, voc\u00ea estar\u00e1 ajudando a muitas fam\u00edlias que vivem do artesanato.","og_url":"https:\/\/artesanatoincasa.com.br\/loja\/produto\/revistas-e-apostilas\/apostila-mariana-carvalho-amigurumi_presepio\/","og_site_name":"Loja Artesanato In Casa","article_modified_time":"2025-06-12T15:15:32+00:00","og_image":[{"width":1828,"height":2560,"url":"http:\/\/artesanatoincasa.com.br\/loja\/wp-content\/uploads\/2024\/11\/Apostila-Mariana-Carvalho-Amigurumi_PRESEPIO-1-scaled.jpg","type":"image\/jpeg"}],"schema":{"@context":"https:\/\/schema.org","@graph":[{"@type":"WebPage","@id":"https:\/\/artesanatoincasa.com.br\/loja\/produto\/revistas-e-apostilas\/apostila-mariana-carvalho-amigurumi_presepio\/","url":"https:\/\/artesanatoincasa.com.br\/loja\/produto\/revistas-e-apostilas\/apostila-mariana-carvalho-amigurumi_presepio\/","name":"Apostila Mariana Carvalho - Amigurumi_Pres\u00e9pio - Loja Artesanato In Casa","isPartOf":{"@id":"https:\/\/artesanatoincasa.com.br\/loja\/#website"},"primaryImageOfPage":{"@id":"https:\/\/artesanatoincasa.com.br\/loja\/produto\/revistas-e-apostilas\/apostila-mariana-carvalho-amigurumi_presepio\/#primaryimage"},"image":{"@id":"https:\/\/artesanatoincasa.com.br\/loja\/produto\/revistas-e-apostilas\/apostila-mariana-carvalho-amigurumi_presepio\/#primaryimage"},"thumbnailUrl":"https:\/\/artesanatoincasa.com.br\/loja\/wp-content\/uploads\/2024\/11\/Apostila-Mariana-Carvalho-Amigurumi_PRESEPIO-1-scaled.jpg","datePublished":"2024-11-08T20:15:36+00:00","dateModified":"2025-06-12T15:15:32+00:00","breadcrumb":{"@id":"https:\/\/artesanatoincasa.com.br\/loja\/produto\/revistas-e-apostilas\/apostila-mariana-carvalho-amigurumi_presepio\/#breadcrumb"},"inLanguage":"pt-BR","potentialAction":[{"@type":"ReadAction","target":["https:\/\/artesanatoincasa.com.br\/loja\/produto\/revistas-e-apostilas\/apostila-mariana-carvalho-amigurumi_presepio\/"]}]},{"@type":"ImageObject","inLanguage":"pt-BR","@id":"https:\/\/artesanatoincasa.com.br\/loja\/produto\/revistas-e-apostilas\/apostila-mariana-carvalho-amigurumi_presepio\/#primaryimage","url":"https:\/\/artesanatoincasa.com.br\/loja\/wp-content\/uploads\/2024\/11\/Apostila-Mariana-Carvalho-Amigurumi_PRESEPIO-1-scaled.jpg","contentUrl":"https:\/\/artesanatoincasa.com.br\/loja\/wp-content\/uploads\/2024\/11\/Apostila-Mariana-Carvalho-Amigurumi_PRESEPIO-1-scaled.jpg","width":1828,"height":2560},{"@type":"BreadcrumbList","@id":"https:\/\/artesanatoincasa.com.br\/loja\/produto\/revistas-e-apostilas\/apostila-mariana-carvalho-amigurumi_presepio\/#breadcrumb","itemListElement":[{"@type":"ListItem","position":1,"name":"In\u00edcio","item":"https:\/\/artesanatoincasa.com.br\/loja\/"},{"@type":"ListItem","position":2,"name":"Produtos","item":"https:\/\/artesanatoincasa.com.br\/loja\/loja\/"},{"@type":"ListItem","position":3,"name":"Apostila Mariana Carvalho &#8211; Amigurumi_Pres\u00e9pio"}]},{"@type":"WebSite","@id":"https:\/\/artesanatoincasa.com.br\/loja\/#website","url":"https:\/\/artesanatoincasa.com.br\/loja\/","name":"Loja Artesanato In Casa","description":"Marketplace exclusivo para artes\u00e3os!","publisher":{"@id":"https:\/\/artesanatoincasa.com.br\/loja\/#organization"},"alternateName":"Loja Artesanato In Casa","potentialAction":[{"@type":"SearchAction","target":{"@type":"EntryPoint","urlTemplate":"https:\/\/artesanatoincasa.com.br\/loja\/?s={search_term_string}"},"query-input":{"@type":"PropertyValueSpecification","valueRequired":true,"valueName":"search_term_string"}}],"inLanguage":"pt-BR"},{"@type":"Organization","@id":"https:\/\/artesanatoincasa.com.br\/loja\/#organization","name":"Loja Artesanato In Casa","alternateName":"Loja Artesanato In Casa","url":"https:\/\/artesanatoincasa.com.br\/loja\/","logo":{"@type":"ImageObject","inLanguage":"pt-BR","@id":"https:\/\/artesanatoincasa.com.br\/loja\/#\/schema\/logo\/image\/","url":"http:\/\/artesanatoincasa.com.br\/loja\/wp-content\/uploads\/2023\/07\/Logo-Marketing-Place.png","contentUrl":"http:\/\/artesanatoincasa.com.br\/loja\/wp-content\/uploads\/2023\/07\/Logo-Marketing-Place.png","width":698,"height":390,"caption":"Loja Artesanato In Casa"},"image":{"@id":"https:\/\/artesanatoincasa.com.br\/loja\/#\/schema\/logo\/image\/"}}]}},"_links":{"self":[{"href":"https:\/\/artesanatoincasa.com.br\/loja\/wp-json\/wp\/v2\/product\/3448","targetHints":{"allow":["GET"]}}],"collection":[{"href":"https:\/\/artesanatoincasa.com.br\/loja\/wp-json\/wp\/v2\/product"}],"about":[{"href":"https:\/\/artesanatoincasa.com.br\/loja\/wp-json\/wp\/v2\/types\/product"}],"replies":[{"embeddable":true,"href":"https:\/\/artesanatoincasa.com.br\/loja\/wp-json\/wp\/v2\/comments?post=3448"}],"wp:featuredmedia":[{"embeddable":true,"href":"https:\/\/artesanatoincasa.com.br\/loja\/wp-json\/wp\/v2\/media\/3449"}],"wp:attachment":[{"href":"https:\/\/artesanatoincasa.com.br\/loja\/wp-json\/wp\/v2\/media?parent=3448"}],"wp:term":[{"taxonomy":"product_brand","embeddable":true,"href":"https:\/\/artesanatoincasa.com.br\/loja\/wp-json\/wp\/v2\/product_brand?post=3448"},{"taxonomy":"product_cat","embeddable":true,"href":"https:\/\/artesanatoincasa.com.br\/loja\/wp-json\/wp\/v2\/product_cat?post=3448"},{"taxonomy":"product_tag","embeddable":true,"href":"https:\/\/artesanatoincasa.com.br\/loja\/wp-json\/wp\/v2\/product_tag?post=3448"}],"curies":[{"name":"wp","href":"https:\/\/api.w.org\/{rel}","templated":true}]}}