{"id":3412,"date":"2024-11-02T11:43:23","date_gmt":"2024-11-02T14:43:23","guid":{"rendered":"https:\/\/artesanatoincasa.com.br\/loja\/?post_type=product&#038;p=3412"},"modified":"2024-11-04T13:35:02","modified_gmt":"2024-11-04T16:35:02","slug":"apostila-digital-macrame-in-casa-com-beethoven-cavalcante-vol-02-especial-luminarias-colecao-elementos","status":"publish","type":"product","link":"https:\/\/artesanatoincasa.com.br\/loja\/produto\/revistas-e-apostilas\/apostila-digital-macrame-in-casa-com-beethoven-cavalcante-vol-02-especial-luminarias-colecao-elementos\/","title":{"rendered":"Apostila Digital &#8211; Macram\u00ea in Casa com Beethoven Cavalcante Vol. 02 &#8211; Especial LUMIN\u00c1RIAS &#8211; Cole\u00e7\u00e3o Elementos"},"content":{"rendered":"<h2><strong>Apostila Digital &#8211; Macram\u00ea in Casa com Beethoven Cavalcante Vol. 02<\/strong><br \/>\n<strong>Especial LUMIN\u00c1RIAS &#8211; Cole\u00e7\u00e3o Elementos<\/strong><br \/>\n.<br \/>\nNesta Apostila Digital, voc\u00ea ir\u00e1 aprender a fazer 3 lindas lumin\u00e1rias em Macram\u00ea,<br \/>\nO Abajur Ra\u00edzes, Arandela Mar\u00e9 e a Colar Aura, encante e decore qualquer ambiente.<\/h2>\n<p>Aprenda de forma simples e r\u00e1pida.<br \/>\n<strong>ADQUIRINDO essa apostila voc\u00ea ainda ganhar\u00e1 um BRINDE (Revista Artesanato In Casa Especial Natal &#8211; LAN\u00c7AMENTO).<\/strong><\/p>\n<p><strong>E MAIS:<\/strong> Saiba como surgiu o Macram\u00ea, dicas para iniciantes, ideias de decora\u00e7\u00e3o e como precificar seus trabalhos em Macram\u00ea, aprenda a criar 10 diferentes N\u00d3S, com PASSO A PASSOS FOTOGRAFADOS de todas as pe\u00e7as.<\/p>\n<p>Lumin\u00e1rias criadas pelo artes\u00e3o <strong>Beethoven Cavalcante<\/strong>, uma das refer\u00eancias no segmento da t\u00e9cnica Macram\u00ea de nosso Brasil.<\/p>\n<p>APRENDA SE DIVERTINDO, gere renda fazendo pe\u00e7as incr\u00edveis!<br \/>\n.<br \/>\n<strong>LEMBRE-SE:<\/strong>\u00a0Adquirindo este material, voc\u00ea estar\u00e1 ajudando a muitas fam\u00edlias que vivem do artesanato.<br \/>\n.<br \/>\n.<br \/>\n.<br \/>\n#apostiladigital #apostilaartesanato #artesanato #macrame #apostilamacrame #tecnicaartesanato #macrameincasa #amomacrame #artesanatoraiz #artesanato #amoartesanato #arte #macramebrasil #macramelovers #art #ampreender #celebridades<\/p>\n","protected":false},"excerpt":{"rendered":"<h2><strong>Apostila Digital &#8211; Macram\u00ea in Casa com Beethoven Cavalcante Vol. 02<\/strong><br \/>\n<strong>Especial LUMIN\u00c1RIAS &#8211; Cole\u00e7\u00e3o Elementos<\/strong><br \/>\n.<br \/>\nNesta Apostila Digital, voc\u00ea ir\u00e1 aprender a fazer 3 lindas lumin\u00e1rias em Macram\u00ea,<br \/>\nO Abajur Ra\u00edzes, Arandela Mar\u00e9 e a Colar Aura, encante e decore qualquer ambiente.<\/h2>\n<p>Aprenda de forma simples e r\u00e1pida.<br \/>\n<strong>ADQUIRINDO essa apostila voc\u00ea ainda ganhar\u00e1 um BRINDE (Revista Artesanato In Casa Especial Natal &#8211; LAN\u00c7AMENTO).<\/strong><\/p>\n<p><strong>E MAIS:<\/strong> Saiba como surgiu o Macram\u00ea, dicas para iniciantes, ideias de decora\u00e7\u00e3o e como precificar seus trabalhos em Macram\u00ea, aprenda a criar 10 diferentes N\u00d3S, com PASSO A PASSOS FOTOGRAFADOS de todas as pe\u00e7as.<\/p>\n<p>Lumin\u00e1rias criadas pelo artes\u00e3o <strong>Beethoven Cavalcante<\/strong>, uma das refer\u00eancias no segmento da t\u00e9cnica Macram\u00ea de nosso Brasil.<\/p>\n<p>APRENDA SE DIVERTINDO, gere renda fazendo pe\u00e7as incr\u00edveis!<br \/>\n.<br \/>\n<strong>LEMBRE-SE:<\/strong>\u00a0Adquirindo este material, voc\u00ea estar\u00e1 ajudando a muitas fam\u00edlias que vivem do artesanato.<br \/>\n.<br \/>\n.<br \/>\n.<br \/>\n#apostiladigital #apostilaartesanato #artesanato #macrame #apostilamacrame #tecnicaartesanato #macrameincasa #amomacrame #artesanatoraiz #artesanato #amoartesanato #arte #macramebrasil #macramelovers #art #ampreender #celebridades<\/p>\n","protected":false},"featured_media":3414,"comment_status":"open","ping_status":"closed","template":"","meta":{"_monsterinsights_skip_tracking":false,"_monsterinsights_sitenote_active":false,"_monsterinsights_sitenote_note":"","_monsterinsights_sitenote_category":0},"product_brand":[],"product_cat":[169,165],"product_tag":[276,264,260,251,259,252,275,258,269,250,105],"class_list":{"0":"post-3412","1":"product","2":"type-product","3":"status-publish","4":"has-post-thumbnail","6":"product_cat-apostilas","7":"product_cat-revistas-e-apostilas","8":"product_tag-amigurumi","9":"product_tag-apostila","10":"product_tag-artesa","11":"product_tag-artesanato","12":"product_tag-artesao","13":"product_tag-empreender","14":"product_tag-macrame","15":"product_tag-marketingdigital","16":"product_tag-natal","17":"product_tag-revista","18":"product_tag-revista-artesanato","19":"dc_vendor_shop-artesanatoincasa","21":"first","22":"instock","23":"sale","24":"downloadable","25":"virtual","26":"taxable","27":"purchasable","28":"product-type-simple"},"yoast_head":"<!-- This site is optimized with the Yoast SEO plugin v27.4 - https:\/\/yoast.com\/product\/yoast-seo-wordpress\/ -->\n<title>Apostila Digital - Macram\u00ea in Casa com Beethoven Cavalcante Vol. 02 - Especial LUMIN\u00c1RIAS - Cole\u00e7\u00e3o Elementos - Loja Artesanato In Casa<\/title>\n<meta name=\"robots\" content=\"index, follow, max-snippet:-1, max-image-preview:large, max-video-preview:-1\" \/>\n<link rel=\"canonical\" href=\"https:\/\/artesanatoincasa.com.br\/loja\/produto\/revistas-e-apostilas\/apostila-digital-macrame-in-casa-com-beethoven-cavalcante-vol-02-especial-luminarias-colecao-elementos\/\" \/>\n<meta property=\"og:locale\" content=\"pt_BR\" \/>\n<meta property=\"og:type\" content=\"article\" \/>\n<meta property=\"og:title\" content=\"Apostila Digital - Macram\u00ea in Casa com Beethoven Cavalcante Vol. 02 - Especial LUMIN\u00c1RIAS - Cole\u00e7\u00e3o Elementos - Loja Artesanato In Casa\" \/>\n<meta property=\"og:description\" content=\"Apostila Digital - Macram\u00ea in Casa com Beethoven Cavalcante Vol. 02 Especial LUMIN\u00c1RIAS - Cole\u00e7\u00e3o Elementos . Nesta Apostila Digital, voc\u00ea ir\u00e1 aprender a fazer 3 lindas lumin\u00e1rias em Macram\u00ea, O Abajur Ra\u00edzes, Arandela Mar\u00e9 e a Colar Aura, encante e decore qualquer ambiente. Aprenda de forma simples e r\u00e1pida. ADQUIRINDO essa apostila voc\u00ea ainda ganhar\u00e1 um BRINDE (Revista Artesanato In Casa Especial Natal - LAN\u00c7AMENTO).  E MAIS: Saiba como surgiu o Macram\u00ea, dicas para iniciantes, ideias de decora\u00e7\u00e3o e como precificar seus trabalhos em Macram\u00ea, aprenda a criar 10 diferentes N\u00d3S, com PASSO A PASSOS FOTOGRAFADOS de todas as pe\u00e7as.  Lumin\u00e1rias criadas pelo artes\u00e3o Beethoven Cavalcante, uma das refer\u00eancias no segmento da t\u00e9cnica Macram\u00ea de nosso Brasil.  APRENDA SE DIVERTINDO, gere renda fazendo pe\u00e7as incr\u00edveis! . LEMBRE-SE:\u00a0Adquirindo este material, voc\u00ea estar\u00e1 ajudando a muitas fam\u00edlias que vivem do artesanato. . . . #apostiladigital #apostilaartesanato #artesanato #macrame #apostilamacrame #tecnicaartesanato #macrameincasa #amomacrame #artesanatoraiz #artesanato #amoartesanato #arte #macramebrasil #macramelovers #art #ampreender #celebridades\" \/>\n<meta property=\"og:url\" content=\"https:\/\/artesanatoincasa.com.br\/loja\/produto\/revistas-e-apostilas\/apostila-digital-macrame-in-casa-com-beethoven-cavalcante-vol-02-especial-luminarias-colecao-elementos\/\" \/>\n<meta property=\"og:site_name\" content=\"Loja Artesanato In Casa\" \/>\n<meta property=\"article:modified_time\" content=\"2024-11-04T16:35:02+00:00\" \/>\n<meta property=\"og:image\" content=\"http:\/\/artesanatoincasa.com.br\/loja\/wp-content\/uploads\/2024\/11\/Apostila-Macrame-In-Casa-com-Beethoven-Cavalcante_Vol-02__-1-scaled.jpg\" \/>\n\t<meta property=\"og:image:width\" content=\"1828\" \/>\n\t<meta property=\"og:image:height\" content=\"2560\" \/>\n\t<meta property=\"og:image:type\" content=\"image\/jpeg\" \/>\n<script type=\"application\/ld+json\" class=\"yoast-schema-graph\">{\"@context\":\"https:\\\/\\\/schema.org\",\"@graph\":[{\"@type\":\"WebPage\",\"@id\":\"https:\\\/\\\/artesanatoincasa.com.br\\\/loja\\\/produto\\\/revistas-e-apostilas\\\/apostila-digital-macrame-in-casa-com-beethoven-cavalcante-vol-02-especial-luminarias-colecao-elementos\\\/\",\"url\":\"https:\\\/\\\/artesanatoincasa.com.br\\\/loja\\\/produto\\\/revistas-e-apostilas\\\/apostila-digital-macrame-in-casa-com-beethoven-cavalcante-vol-02-especial-luminarias-colecao-elementos\\\/\",\"name\":\"Apostila Digital - Macram\u00ea in Casa com Beethoven Cavalcante Vol. 02 - Especial LUMIN\u00c1RIAS - Cole\u00e7\u00e3o Elementos - Loja Artesanato In Casa\",\"isPartOf\":{\"@id\":\"https:\\\/\\\/artesanatoincasa.com.br\\\/loja\\\/#website\"},\"primaryImageOfPage\":{\"@id\":\"https:\\\/\\\/artesanatoincasa.com.br\\\/loja\\\/produto\\\/revistas-e-apostilas\\\/apostila-digital-macrame-in-casa-com-beethoven-cavalcante-vol-02-especial-luminarias-colecao-elementos\\\/#primaryimage\"},\"image\":{\"@id\":\"https:\\\/\\\/artesanatoincasa.com.br\\\/loja\\\/produto\\\/revistas-e-apostilas\\\/apostila-digital-macrame-in-casa-com-beethoven-cavalcante-vol-02-especial-luminarias-colecao-elementos\\\/#primaryimage\"},\"thumbnailUrl\":\"https:\\\/\\\/artesanatoincasa.com.br\\\/loja\\\/wp-content\\\/uploads\\\/2024\\\/11\\\/Apostila-Macrame-In-Casa-com-Beethoven-Cavalcante_Vol-02__-1-scaled.jpg\",\"datePublished\":\"2024-11-02T14:43:23+00:00\",\"dateModified\":\"2024-11-04T16:35:02+00:00\",\"breadcrumb\":{\"@id\":\"https:\\\/\\\/artesanatoincasa.com.br\\\/loja\\\/produto\\\/revistas-e-apostilas\\\/apostila-digital-macrame-in-casa-com-beethoven-cavalcante-vol-02-especial-luminarias-colecao-elementos\\\/#breadcrumb\"},\"inLanguage\":\"pt-BR\",\"potentialAction\":[{\"@type\":\"ReadAction\",\"target\":[\"https:\\\/\\\/artesanatoincasa.com.br\\\/loja\\\/produto\\\/revistas-e-apostilas\\\/apostila-digital-macrame-in-casa-com-beethoven-cavalcante-vol-02-especial-luminarias-colecao-elementos\\\/\"]}]},{\"@type\":\"ImageObject\",\"inLanguage\":\"pt-BR\",\"@id\":\"https:\\\/\\\/artesanatoincasa.com.br\\\/loja\\\/produto\\\/revistas-e-apostilas\\\/apostila-digital-macrame-in-casa-com-beethoven-cavalcante-vol-02-especial-luminarias-colecao-elementos\\\/#primaryimage\",\"url\":\"https:\\\/\\\/artesanatoincasa.com.br\\\/loja\\\/wp-content\\\/uploads\\\/2024\\\/11\\\/Apostila-Macrame-In-Casa-com-Beethoven-Cavalcante_Vol-02__-1-scaled.jpg\",\"contentUrl\":\"https:\\\/\\\/artesanatoincasa.com.br\\\/loja\\\/wp-content\\\/uploads\\\/2024\\\/11\\\/Apostila-Macrame-In-Casa-com-Beethoven-Cavalcante_Vol-02__-1-scaled.jpg\",\"width\":1828,\"height\":2560},{\"@type\":\"BreadcrumbList\",\"@id\":\"https:\\\/\\\/artesanatoincasa.com.br\\\/loja\\\/produto\\\/revistas-e-apostilas\\\/apostila-digital-macrame-in-casa-com-beethoven-cavalcante-vol-02-especial-luminarias-colecao-elementos\\\/#breadcrumb\",\"itemListElement\":[{\"@type\":\"ListItem\",\"position\":1,\"name\":\"In\u00edcio\",\"item\":\"https:\\\/\\\/artesanatoincasa.com.br\\\/loja\\\/\"},{\"@type\":\"ListItem\",\"position\":2,\"name\":\"Produtos\",\"item\":\"https:\\\/\\\/artesanatoincasa.com.br\\\/loja\\\/loja\\\/\"},{\"@type\":\"ListItem\",\"position\":3,\"name\":\"Apostila Digital &#8211; Macram\u00ea in Casa com Beethoven Cavalcante Vol. 02 &#8211; Especial LUMIN\u00c1RIAS &#8211; Cole\u00e7\u00e3o Elementos\"}]},{\"@type\":\"WebSite\",\"@id\":\"https:\\\/\\\/artesanatoincasa.com.br\\\/loja\\\/#website\",\"url\":\"https:\\\/\\\/artesanatoincasa.com.br\\\/loja\\\/\",\"name\":\"Loja Artesanato In Casa\",\"description\":\"Marketplace exclusivo para artes\u00e3os!\",\"publisher\":{\"@id\":\"https:\\\/\\\/artesanatoincasa.com.br\\\/loja\\\/#organization\"},\"alternateName\":\"Loja Artesanato In Casa\",\"potentialAction\":[{\"@type\":\"SearchAction\",\"target\":{\"@type\":\"EntryPoint\",\"urlTemplate\":\"https:\\\/\\\/artesanatoincasa.com.br\\\/loja\\\/?s={search_term_string}\"},\"query-input\":{\"@type\":\"PropertyValueSpecification\",\"valueRequired\":true,\"valueName\":\"search_term_string\"}}],\"inLanguage\":\"pt-BR\"},{\"@type\":\"Organization\",\"@id\":\"https:\\\/\\\/artesanatoincasa.com.br\\\/loja\\\/#organization\",\"name\":\"Loja Artesanato In Casa\",\"alternateName\":\"Loja Artesanato In Casa\",\"url\":\"https:\\\/\\\/artesanatoincasa.com.br\\\/loja\\\/\",\"logo\":{\"@type\":\"ImageObject\",\"inLanguage\":\"pt-BR\",\"@id\":\"https:\\\/\\\/artesanatoincasa.com.br\\\/loja\\\/#\\\/schema\\\/logo\\\/image\\\/\",\"url\":\"http:\\\/\\\/artesanatoincasa.com.br\\\/loja\\\/wp-content\\\/uploads\\\/2023\\\/07\\\/Logo-Marketing-Place.png\",\"contentUrl\":\"http:\\\/\\\/artesanatoincasa.com.br\\\/loja\\\/wp-content\\\/uploads\\\/2023\\\/07\\\/Logo-Marketing-Place.png\",\"width\":698,\"height\":390,\"caption\":\"Loja Artesanato In Casa\"},\"image\":{\"@id\":\"https:\\\/\\\/artesanatoincasa.com.br\\\/loja\\\/#\\\/schema\\\/logo\\\/image\\\/\"}}]}<\/script>\n<!-- \/ Yoast SEO plugin. -->","yoast_head_json":{"title":"Apostila Digital - Macram\u00ea in Casa com Beethoven Cavalcante Vol. 02 - Especial LUMIN\u00c1RIAS - Cole\u00e7\u00e3o Elementos - Loja Artesanato In Casa","robots":{"index":"index","follow":"follow","max-snippet":"max-snippet:-1","max-image-preview":"max-image-preview:large","max-video-preview":"max-video-preview:-1"},"canonical":"https:\/\/artesanatoincasa.com.br\/loja\/produto\/revistas-e-apostilas\/apostila-digital-macrame-in-casa-com-beethoven-cavalcante-vol-02-especial-luminarias-colecao-elementos\/","og_locale":"pt_BR","og_type":"article","og_title":"Apostila Digital - Macram\u00ea in Casa com Beethoven Cavalcante Vol. 02 - Especial LUMIN\u00c1RIAS - Cole\u00e7\u00e3o Elementos - Loja Artesanato In Casa","og_description":"Apostila Digital - Macram\u00ea in Casa com Beethoven Cavalcante Vol. 02 Especial LUMIN\u00c1RIAS - Cole\u00e7\u00e3o Elementos . Nesta Apostila Digital, voc\u00ea ir\u00e1 aprender a fazer 3 lindas lumin\u00e1rias em Macram\u00ea, O Abajur Ra\u00edzes, Arandela Mar\u00e9 e a Colar Aura, encante e decore qualquer ambiente. Aprenda de forma simples e r\u00e1pida. ADQUIRINDO essa apostila voc\u00ea ainda ganhar\u00e1 um BRINDE (Revista Artesanato In Casa Especial Natal - LAN\u00c7AMENTO).  E MAIS: Saiba como surgiu o Macram\u00ea, dicas para iniciantes, ideias de decora\u00e7\u00e3o e como precificar seus trabalhos em Macram\u00ea, aprenda a criar 10 diferentes N\u00d3S, com PASSO A PASSOS FOTOGRAFADOS de todas as pe\u00e7as.  Lumin\u00e1rias criadas pelo artes\u00e3o Beethoven Cavalcante, uma das refer\u00eancias no segmento da t\u00e9cnica Macram\u00ea de nosso Brasil.  APRENDA SE DIVERTINDO, gere renda fazendo pe\u00e7as incr\u00edveis! . LEMBRE-SE:\u00a0Adquirindo este material, voc\u00ea estar\u00e1 ajudando a muitas fam\u00edlias que vivem do artesanato. . . . #apostiladigital #apostilaartesanato #artesanato #macrame #apostilamacrame #tecnicaartesanato #macrameincasa #amomacrame #artesanatoraiz #artesanato #amoartesanato #arte #macramebrasil #macramelovers #art #ampreender #celebridades","og_url":"https:\/\/artesanatoincasa.com.br\/loja\/produto\/revistas-e-apostilas\/apostila-digital-macrame-in-casa-com-beethoven-cavalcante-vol-02-especial-luminarias-colecao-elementos\/","og_site_name":"Loja Artesanato In Casa","article_modified_time":"2024-11-04T16:35:02+00:00","og_image":[{"width":1828,"height":2560,"url":"http:\/\/artesanatoincasa.com.br\/loja\/wp-content\/uploads\/2024\/11\/Apostila-Macrame-In-Casa-com-Beethoven-Cavalcante_Vol-02__-1-scaled.jpg","type":"image\/jpeg"}],"schema":{"@context":"https:\/\/schema.org","@graph":[{"@type":"WebPage","@id":"https:\/\/artesanatoincasa.com.br\/loja\/produto\/revistas-e-apostilas\/apostila-digital-macrame-in-casa-com-beethoven-cavalcante-vol-02-especial-luminarias-colecao-elementos\/","url":"https:\/\/artesanatoincasa.com.br\/loja\/produto\/revistas-e-apostilas\/apostila-digital-macrame-in-casa-com-beethoven-cavalcante-vol-02-especial-luminarias-colecao-elementos\/","name":"Apostila Digital - Macram\u00ea in Casa com Beethoven Cavalcante Vol. 02 - Especial LUMIN\u00c1RIAS - Cole\u00e7\u00e3o Elementos - Loja Artesanato In Casa","isPartOf":{"@id":"https:\/\/artesanatoincasa.com.br\/loja\/#website"},"primaryImageOfPage":{"@id":"https:\/\/artesanatoincasa.com.br\/loja\/produto\/revistas-e-apostilas\/apostila-digital-macrame-in-casa-com-beethoven-cavalcante-vol-02-especial-luminarias-colecao-elementos\/#primaryimage"},"image":{"@id":"https:\/\/artesanatoincasa.com.br\/loja\/produto\/revistas-e-apostilas\/apostila-digital-macrame-in-casa-com-beethoven-cavalcante-vol-02-especial-luminarias-colecao-elementos\/#primaryimage"},"thumbnailUrl":"https:\/\/artesanatoincasa.com.br\/loja\/wp-content\/uploads\/2024\/11\/Apostila-Macrame-In-Casa-com-Beethoven-Cavalcante_Vol-02__-1-scaled.jpg","datePublished":"2024-11-02T14:43:23+00:00","dateModified":"2024-11-04T16:35:02+00:00","breadcrumb":{"@id":"https:\/\/artesanatoincasa.com.br\/loja\/produto\/revistas-e-apostilas\/apostila-digital-macrame-in-casa-com-beethoven-cavalcante-vol-02-especial-luminarias-colecao-elementos\/#breadcrumb"},"inLanguage":"pt-BR","potentialAction":[{"@type":"ReadAction","target":["https:\/\/artesanatoincasa.com.br\/loja\/produto\/revistas-e-apostilas\/apostila-digital-macrame-in-casa-com-beethoven-cavalcante-vol-02-especial-luminarias-colecao-elementos\/"]}]},{"@type":"ImageObject","inLanguage":"pt-BR","@id":"https:\/\/artesanatoincasa.com.br\/loja\/produto\/revistas-e-apostilas\/apostila-digital-macrame-in-casa-com-beethoven-cavalcante-vol-02-especial-luminarias-colecao-elementos\/#primaryimage","url":"https:\/\/artesanatoincasa.com.br\/loja\/wp-content\/uploads\/2024\/11\/Apostila-Macrame-In-Casa-com-Beethoven-Cavalcante_Vol-02__-1-scaled.jpg","contentUrl":"https:\/\/artesanatoincasa.com.br\/loja\/wp-content\/uploads\/2024\/11\/Apostila-Macrame-In-Casa-com-Beethoven-Cavalcante_Vol-02__-1-scaled.jpg","width":1828,"height":2560},{"@type":"BreadcrumbList","@id":"https:\/\/artesanatoincasa.com.br\/loja\/produto\/revistas-e-apostilas\/apostila-digital-macrame-in-casa-com-beethoven-cavalcante-vol-02-especial-luminarias-colecao-elementos\/#breadcrumb","itemListElement":[{"@type":"ListItem","position":1,"name":"In\u00edcio","item":"https:\/\/artesanatoincasa.com.br\/loja\/"},{"@type":"ListItem","position":2,"name":"Produtos","item":"https:\/\/artesanatoincasa.com.br\/loja\/loja\/"},{"@type":"ListItem","position":3,"name":"Apostila Digital &#8211; Macram\u00ea in Casa com Beethoven Cavalcante Vol. 02 &#8211; Especial LUMIN\u00c1RIAS &#8211; Cole\u00e7\u00e3o Elementos"}]},{"@type":"WebSite","@id":"https:\/\/artesanatoincasa.com.br\/loja\/#website","url":"https:\/\/artesanatoincasa.com.br\/loja\/","name":"Loja Artesanato In Casa","description":"Marketplace exclusivo para artes\u00e3os!","publisher":{"@id":"https:\/\/artesanatoincasa.com.br\/loja\/#organization"},"alternateName":"Loja Artesanato In Casa","potentialAction":[{"@type":"SearchAction","target":{"@type":"EntryPoint","urlTemplate":"https:\/\/artesanatoincasa.com.br\/loja\/?s={search_term_string}"},"query-input":{"@type":"PropertyValueSpecification","valueRequired":true,"valueName":"search_term_string"}}],"inLanguage":"pt-BR"},{"@type":"Organization","@id":"https:\/\/artesanatoincasa.com.br\/loja\/#organization","name":"Loja Artesanato In Casa","alternateName":"Loja Artesanato In Casa","url":"https:\/\/artesanatoincasa.com.br\/loja\/","logo":{"@type":"ImageObject","inLanguage":"pt-BR","@id":"https:\/\/artesanatoincasa.com.br\/loja\/#\/schema\/logo\/image\/","url":"http:\/\/artesanatoincasa.com.br\/loja\/wp-content\/uploads\/2023\/07\/Logo-Marketing-Place.png","contentUrl":"http:\/\/artesanatoincasa.com.br\/loja\/wp-content\/uploads\/2023\/07\/Logo-Marketing-Place.png","width":698,"height":390,"caption":"Loja Artesanato In Casa"},"image":{"@id":"https:\/\/artesanatoincasa.com.br\/loja\/#\/schema\/logo\/image\/"}}]}},"_links":{"self":[{"href":"https:\/\/artesanatoincasa.com.br\/loja\/wp-json\/wp\/v2\/product\/3412","targetHints":{"allow":["GET"]}}],"collection":[{"href":"https:\/\/artesanatoincasa.com.br\/loja\/wp-json\/wp\/v2\/product"}],"about":[{"href":"https:\/\/artesanatoincasa.com.br\/loja\/wp-json\/wp\/v2\/types\/product"}],"replies":[{"embeddable":true,"href":"https:\/\/artesanatoincasa.com.br\/loja\/wp-json\/wp\/v2\/comments?post=3412"}],"wp:featuredmedia":[{"embeddable":true,"href":"https:\/\/artesanatoincasa.com.br\/loja\/wp-json\/wp\/v2\/media\/3414"}],"wp:attachment":[{"href":"https:\/\/artesanatoincasa.com.br\/loja\/wp-json\/wp\/v2\/media?parent=3412"}],"wp:term":[{"taxonomy":"product_brand","embeddable":true,"href":"https:\/\/artesanatoincasa.com.br\/loja\/wp-json\/wp\/v2\/product_brand?post=3412"},{"taxonomy":"product_cat","embeddable":true,"href":"https:\/\/artesanatoincasa.com.br\/loja\/wp-json\/wp\/v2\/product_cat?post=3412"},{"taxonomy":"product_tag","embeddable":true,"href":"https:\/\/artesanatoincasa.com.br\/loja\/wp-json\/wp\/v2\/product_tag?post=3412"}],"curies":[{"name":"wp","href":"https:\/\/api.w.org\/{rel}","templated":true}]}}