{"id":3314,"date":"2024-10-21T18:10:16","date_gmt":"2024-10-21T21:10:16","guid":{"rendered":"https:\/\/artesanatoincasa.com.br\/loja\/?post_type=product&#038;p=3314"},"modified":"2025-02-13T11:12:49","modified_gmt":"2025-02-13T14:12:49","slug":"revista-artesanato-in-casa-ed-18-especial-de-natal_versao-digital","status":"publish","type":"product","link":"https:\/\/artesanatoincasa.com.br\/loja\/produto\/revistas-e-apostilas\/revista-artesanato-in-casa-ed-18-especial-de-natal_versao-digital\/","title":{"rendered":"Revista Artesanato In Casa Ed. 18 \u2013 Especial de Natal &#8211; VERS\u00c3O DIGITAL"},"content":{"rendered":"<div class=\"woocommerce-product-details__short-description\">\n<p>Muito artesanato de qualidade em nossa\u00a0<strong>Revista Artesanato In Casa Ed.18 \u2013\u00a0<em>Especial de Natal<\/em><\/strong><\/p>\n<h1><strong>VERS\u00c3O DIGITAL + BRINDE (E-b<\/strong>ook: Marketing Digital para Artes\u00e3os<strong>)<\/strong><\/h1>\n<h5>(Lembrando que cada produto adquirido em nossa loja, voc\u00ea estar\u00e1 ajudando a muitas fam\u00edlias que vivem do artesanato).<\/h5>\n<p>\u2014-<\/p>\n<p><strong>Nesta edi\u00e7\u00e3o voc\u00ea ir\u00e1 encontrar:<\/strong><\/p>\n<p><strong>PASSO A PASSOS COMPLETOS<\/strong>\u00a0para voc\u00ea APRENDER e LUCRAR, fazer como HOBBY ou como TERAPIA:<\/p>\n<p>\u2022\u00a0<strong>Arte em Croch\u00ea<\/strong>\u00a0com Marcelo Nunes |\u00a0<strong>Pe\u00e7a:<\/strong>\u00a0Jogo Americano<br \/>\n\u2022\u00a0<strong>Arte em Chinelos<\/strong>\u00a0com Adriana Penna |\u00a0<strong>Pe\u00e7a:<\/strong>\u00a0Chinelo \u2022 Estrela Brilhante<br \/>\n\u2022<strong>\u00a0Arte em Origami<\/strong>\u00a0com Bianka Tomie |\u00a0<strong>Pe\u00e7a:<\/strong>\u00a0Papai Noel de Papel<br \/>\n\u2022<strong>\u00a0Arte em Biscuit<\/strong>\u00a0com Ester Paix\u00e3o |<strong>\u00a0Pe\u00e7a:<\/strong>\u00a0Porta Guardanapo<br \/>\n\u2013<br \/>\n<em><strong>APRENDA A FAZER TAMB\u00c9M:<\/strong><\/em><br \/>\n\u2022 Pintura em Tecido Papai Noel por Patricia Santos<br \/>\n\u2022 Boneco de Neve Encantado de Biscuit por Sabrina Rodrigues<br \/>\n\u2022 Tiara Boneco de Neve por Marilucia \u2013 Chica Chic\u00f3<br \/>\n\u2022 Croch\u00ea por Gisele Pereira Barrado G\u00e9rbera<br \/>\n\u2022 Chinelo Customizado em Macram\u00ea por Carolina Arag\u00e3o<\/p>\n<p>\u2022\u00a0<strong>HIST\u00d3RIA DE SUCESSO<\/strong>\u00a0com Cintia Nicolau<\/p>\n<p>\u2022\u00a0<strong>Sess\u00e3o Peter Paiva<\/strong>: Quanto o feito \u00e0 m\u00e3o, \u00e9 mais valioso que o INDUSTRIAL?<br \/>\nExistem muitos pontos que podem te ajudar a se sentir mais confiante. Venha conferir o que o Peter reparou para voc\u00ea!<\/p>\n<p><em>\u2022\u00a0<\/em>Temos + de<strong>\u00a0250 trabalhos<\/strong>\u00a0de artes\u00e3os de todo o Brasil, para se INSPIRAR<em>.\u00a0<\/em><\/p>\n<p><strong>E MAIS:<\/strong><\/p>\n<p>\u2022 Artigo: O caminho para o sucesso do artes\u00e3o por Bete Monta e Faiga Silveira \u2013 Canal Craft \u2022 Ca\u00e7a-<br \/>\nPalavras \u2013 Especial Natal \u2022 Artigo: Estrat\u00e9gias para melhorar suas vendas \u2022 Muitos artes\u00e3os de diversas t\u00e9cnicas<br \/>\n\u2022 V\u00e1rias empresas de mat\u00e9ria-prima com descontos especiais para os leitores da revista \u2022 APROVEITE!<\/p>\n<\/div>\n<div class=\"quantity-container info-container\">\n<div class=\"row\">\n<div class=\"qty-count\">\n<div class=\"cart-quantity\">\n<div class=\"quant-input\">\n<div class=\"arrows\">\n<div class=\"arrow plus gradient\"><\/div>\n<\/div>\n<\/div>\n<\/div>\n<\/div>\n<\/div>\n<\/div>\n","protected":false},"excerpt":{"rendered":"<div class=\"woocommerce-product-details__short-description\">\n<p>Muito artesanato de qualidade em nossa\u00a0<strong>Revista Artesanato In Casa Ed.18 \u2013\u00a0<em>Especial de Natal<\/em><\/strong><\/p>\n<h1><strong>VERS\u00c3O DIGITAL + BRINDE (<\/strong>E-book: Marketing Digital para Artes\u00e3os<strong>)<\/strong><\/h1>\n<h5>(Lembrando que cada produto adquirido em nossa loja, voc\u00ea estar\u00e1 ajudando a muitas fam\u00edlias que vivem do artesanato).<\/h5>\n<p>\u2014-<\/p>\n<p><strong>Nesta edi\u00e7\u00e3o voc\u00ea ir\u00e1 encontrar:<\/strong><\/p>\n<p><strong>PASSO A PASSOS COMPLETOS<\/strong>\u00a0para voc\u00ea APRENDER e LUCRAR, fazer como HOBBY ou como TERAPIA:<\/p>\n<p>\u2022\u00a0<strong>Arte em Croch\u00ea<\/strong>\u00a0com Marcelo Nunes |\u00a0<strong>Pe\u00e7a:<\/strong>\u00a0Jogo Americano<br \/>\n\u2022\u00a0<strong>Arte em Chinelos<\/strong>\u00a0com Adriana Penna |\u00a0<strong>Pe\u00e7a:<\/strong>\u00a0Chinelo \u2022 Estrela Brilhante<br \/>\n\u2022<strong>\u00a0Arte em Origami<\/strong>\u00a0com Bianka Tomie |\u00a0<strong>Pe\u00e7a:<\/strong>\u00a0Papai Noel de Papel<br \/>\n\u2022<strong>\u00a0Arte em Biscuit<\/strong>\u00a0com Ester Paix\u00e3o |<strong>\u00a0Pe\u00e7a:<\/strong>\u00a0Porta Guardanapo<br \/>\n\u2013<br \/>\n<em><strong>APRENDA A FAZER TAMB\u00c9M:<\/strong><\/em><br \/>\n\u2022 Pintura em Tecido Papai Noel por Patricia Santos<br \/>\n\u2022 Boneco de Neve Encantado de Biscuit por Sabrina Rodrigues<br \/>\n\u2022 Tiara Boneco de Neve por Marilucia \u2013 Chica Chic\u00f3<br \/>\n\u2022 Croch\u00ea por Gisele Pereira Barrado G\u00e9rbera<br \/>\n\u2022 Chinelo Customizado em Macram\u00ea por Carolina Arag\u00e3o<\/p>\n<p>\u2022\u00a0<strong>HIST\u00d3RIA DE SUCESSO<\/strong>\u00a0com Cintia Nicolau<\/p>\n<p>\u2022\u00a0<strong>Sess\u00e3o Peter Paiva<\/strong>: Quanto o feito \u00e0 m\u00e3o, \u00e9 mais valioso que o INDUSTRIAL?<br \/>\nExistem muitos pontos que podem te ajudar a se sentir mais confiante. Venha conferir o que o Peter reparou para voc\u00ea!<\/p>\n<p><em>\u2022\u00a0<\/em>Temos + de<strong>\u00a0250 trabalhos<\/strong>\u00a0de artes\u00e3os de todo o Brasil, para se INSPIRAR<em>.\u00a0<\/em><\/p>\n<p><strong>E MAIS:<\/strong><\/p>\n<p>\u2022 Artigo: O caminho para o sucesso do artes\u00e3o por Bete Monta e Faiga Silveira \u2013 Canal Craft \u2022 Ca\u00e7a-<br \/>\nPalavras \u2013 Especial Natal \u2022 Artigo: Estrat\u00e9gias para melhorar suas vendas \u2022 Muitos artes\u00e3os de diversas t\u00e9cnicas<br \/>\n\u2022 V\u00e1rias empresas de mat\u00e9ria-prima com descontos especiais para os leitores da revista \u2022 APROVEITE!<\/p>\n<\/div>\n<div class=\"quantity-container info-container\">\n<div class=\"row\">\n<div class=\"qty-count\">\n<div class=\"cart-quantity\">\n<div class=\"quant-input\">\n<div class=\"arrows\">\n<div class=\"arrow plus gradient\"><\/div>\n<\/div>\n<\/div>\n<\/div>\n<\/div>\n<\/div>\n<\/div>\n","protected":false},"featured_media":3326,"comment_status":"open","ping_status":"closed","template":"","meta":{"_monsterinsights_skip_tracking":false,"_monsterinsights_sitenote_active":false,"_monsterinsights_sitenote_note":"","_monsterinsights_sitenote_category":0},"product_brand":[],"product_cat":[168,165],"product_tag":[276,264,260,251,259,261,195,256,100,243,255,265,268,252,257,262,263,253,104,275,258,269,270,277,254,101,267,99,237,105],"class_list":{"0":"post-3314","1":"product","2":"type-product","3":"status-publish","4":"has-post-thumbnail","6":"product_cat-revistas","7":"product_cat-revistas-e-apostilas","8":"product_tag-amigurumi","9":"product_tag-apostila","10":"product_tag-artesa","11":"product_tag-artesanato","12":"product_tag-artesao","13":"product_tag-biscuit","14":"product_tag-bordado","15":"product_tag-cartonagem","16":"product_tag-colorido","17":"product_tag-costura-criativa","18":"product_tag-croche","19":"product_tag-decalque","20":"product_tag-decoracao","21":"product_tag-empreender","22":"product_tag-encadernacao","23":"product_tag-eva","24":"product_tag-fita","25":"product_tag-fotografia","26":"product_tag-garrafa","27":"product_tag-macrame","28":"product_tag-marketingdigital","29":"product_tag-natal","30":"product_tag-natal2024","31":"product_tag-patchwork","32":"product_tag-pintura","33":"product_tag-placa","34":"product_tag-pontocruz","35":"product_tag-quadro","36":"product_tag-renda","37":"product_tag-revista-artesanato","38":"dc_vendor_shop-artesanatoincasa","40":"first","41":"instock","42":"sale","43":"downloadable","44":"virtual","45":"taxable","46":"purchasable","47":"product-type-simple"},"yoast_head":"<!-- This site is optimized with the Yoast SEO plugin v27.4 - https:\/\/yoast.com\/product\/yoast-seo-wordpress\/ -->\n<title>Revista Artesanato In Casa Ed. 18 \u2013 Especial de Natal - VERS\u00c3O DIGITAL - Loja Artesanato In Casa<\/title>\n<meta name=\"robots\" content=\"index, follow, max-snippet:-1, max-image-preview:large, max-video-preview:-1\" \/>\n<link rel=\"canonical\" href=\"https:\/\/artesanatoincasa.com.br\/loja\/produto\/revistas-e-apostilas\/revista-artesanato-in-casa-ed-18-especial-de-natal_versao-digital\/\" \/>\n<meta property=\"og:locale\" content=\"pt_BR\" \/>\n<meta property=\"og:type\" content=\"article\" \/>\n<meta property=\"og:title\" content=\"Revista Artesanato In Casa Ed. 18 \u2013 Especial de Natal - VERS\u00c3O DIGITAL - Loja Artesanato In Casa\" \/>\n<meta property=\"og:description\" content=\"Muito artesanato de qualidade em nossa\u00a0Revista Artesanato In Casa Ed.18 \u2013\u00a0Especial de Natal VERS\u00c3O DIGITAL + BRINDE (E-book: Marketing Digital para Artes\u00e3os) (Lembrando que cada produto adquirido em nossa loja, voc\u00ea estar\u00e1 ajudando a muitas fam\u00edlias que vivem do artesanato). \u2014-  Nesta edi\u00e7\u00e3o voc\u00ea ir\u00e1 encontrar:  PASSO A PASSOS COMPLETOS\u00a0para voc\u00ea APRENDER e LUCRAR, fazer como HOBBY ou como TERAPIA:  \u2022\u00a0Arte em Croch\u00ea\u00a0com Marcelo Nunes |\u00a0Pe\u00e7a:\u00a0Jogo Americano \u2022\u00a0Arte em Chinelos\u00a0com Adriana Penna |\u00a0Pe\u00e7a:\u00a0Chinelo \u2022 Estrela Brilhante \u2022\u00a0Arte em Origami\u00a0com Bianka Tomie |\u00a0Pe\u00e7a:\u00a0Papai Noel de Papel \u2022\u00a0Arte em Biscuit\u00a0com Ester Paix\u00e3o |\u00a0Pe\u00e7a:\u00a0Porta Guardanapo \u2013 APRENDA A FAZER TAMB\u00c9M: \u2022 Pintura em Tecido Papai Noel por Patricia Santos \u2022 Boneco de Neve Encantado de Biscuit por Sabrina Rodrigues \u2022 Tiara Boneco de Neve por Marilucia \u2013 Chica Chic\u00f3 \u2022 Croch\u00ea por Gisele Pereira Barrado G\u00e9rbera \u2022 Chinelo Customizado em Macram\u00ea por Carolina Arag\u00e3o  \u2022\u00a0HIST\u00d3RIA DE SUCESSO\u00a0com Cintia Nicolau  \u2022\u00a0Sess\u00e3o Peter Paiva: Quanto o feito \u00e0 m\u00e3o, \u00e9 mais valioso que o INDUSTRIAL? Existem muitos pontos que podem te ajudar a se sentir mais confiante. Venha conferir o que o Peter reparou para voc\u00ea!  \u2022\u00a0Temos + de\u00a0250 trabalhos\u00a0de artes\u00e3os de todo o Brasil, para se INSPIRAR.\u00a0  E MAIS:  \u2022 Artigo: O caminho para o sucesso do artes\u00e3o por Bete Monta e Faiga Silveira \u2013 Canal Craft \u2022 Ca\u00e7a- Palavras \u2013 Especial Natal \u2022 Artigo: Estrat\u00e9gias para melhorar suas vendas \u2022 Muitos artes\u00e3os de diversas t\u00e9cnicas \u2022 V\u00e1rias empresas de mat\u00e9ria-prima com descontos especiais para os leitores da revista \u2022 APROVEITE!\" \/>\n<meta property=\"og:url\" content=\"https:\/\/artesanatoincasa.com.br\/loja\/produto\/revistas-e-apostilas\/revista-artesanato-in-casa-ed-18-especial-de-natal_versao-digital\/\" \/>\n<meta property=\"og:site_name\" content=\"Loja Artesanato In Casa\" \/>\n<meta property=\"article:modified_time\" content=\"2025-02-13T14:12:49+00:00\" \/>\n<meta property=\"og:image\" content=\"http:\/\/artesanatoincasa.com.br\/loja\/wp-content\/uploads\/2024\/10\/5ec7be5d-77ba-418d-adbe-25a2c9d79457.jpg\" \/>\n\t<meta property=\"og:image:width\" content=\"1200\" \/>\n\t<meta property=\"og:image:height\" content=\"1200\" \/>\n\t<meta property=\"og:image:type\" content=\"image\/jpeg\" \/>\n<script type=\"application\/ld+json\" class=\"yoast-schema-graph\">{\"@context\":\"https:\\\/\\\/schema.org\",\"@graph\":[{\"@type\":\"WebPage\",\"@id\":\"https:\\\/\\\/artesanatoincasa.com.br\\\/loja\\\/produto\\\/revistas-e-apostilas\\\/revista-artesanato-in-casa-ed-18-especial-de-natal_versao-digital\\\/\",\"url\":\"https:\\\/\\\/artesanatoincasa.com.br\\\/loja\\\/produto\\\/revistas-e-apostilas\\\/revista-artesanato-in-casa-ed-18-especial-de-natal_versao-digital\\\/\",\"name\":\"Revista Artesanato In Casa Ed. 18 \u2013 Especial de Natal - VERS\u00c3O DIGITAL - Loja Artesanato In Casa\",\"isPartOf\":{\"@id\":\"https:\\\/\\\/artesanatoincasa.com.br\\\/loja\\\/#website\"},\"primaryImageOfPage\":{\"@id\":\"https:\\\/\\\/artesanatoincasa.com.br\\\/loja\\\/produto\\\/revistas-e-apostilas\\\/revista-artesanato-in-casa-ed-18-especial-de-natal_versao-digital\\\/#primaryimage\"},\"image\":{\"@id\":\"https:\\\/\\\/artesanatoincasa.com.br\\\/loja\\\/produto\\\/revistas-e-apostilas\\\/revista-artesanato-in-casa-ed-18-especial-de-natal_versao-digital\\\/#primaryimage\"},\"thumbnailUrl\":\"https:\\\/\\\/artesanatoincasa.com.br\\\/loja\\\/wp-content\\\/uploads\\\/2024\\\/10\\\/5ec7be5d-77ba-418d-adbe-25a2c9d79457.jpg\",\"datePublished\":\"2024-10-21T21:10:16+00:00\",\"dateModified\":\"2025-02-13T14:12:49+00:00\",\"breadcrumb\":{\"@id\":\"https:\\\/\\\/artesanatoincasa.com.br\\\/loja\\\/produto\\\/revistas-e-apostilas\\\/revista-artesanato-in-casa-ed-18-especial-de-natal_versao-digital\\\/#breadcrumb\"},\"inLanguage\":\"pt-BR\",\"potentialAction\":[{\"@type\":\"ReadAction\",\"target\":[\"https:\\\/\\\/artesanatoincasa.com.br\\\/loja\\\/produto\\\/revistas-e-apostilas\\\/revista-artesanato-in-casa-ed-18-especial-de-natal_versao-digital\\\/\"]}]},{\"@type\":\"ImageObject\",\"inLanguage\":\"pt-BR\",\"@id\":\"https:\\\/\\\/artesanatoincasa.com.br\\\/loja\\\/produto\\\/revistas-e-apostilas\\\/revista-artesanato-in-casa-ed-18-especial-de-natal_versao-digital\\\/#primaryimage\",\"url\":\"https:\\\/\\\/artesanatoincasa.com.br\\\/loja\\\/wp-content\\\/uploads\\\/2024\\\/10\\\/5ec7be5d-77ba-418d-adbe-25a2c9d79457.jpg\",\"contentUrl\":\"https:\\\/\\\/artesanatoincasa.com.br\\\/loja\\\/wp-content\\\/uploads\\\/2024\\\/10\\\/5ec7be5d-77ba-418d-adbe-25a2c9d79457.jpg\",\"width\":1200,\"height\":1200},{\"@type\":\"BreadcrumbList\",\"@id\":\"https:\\\/\\\/artesanatoincasa.com.br\\\/loja\\\/produto\\\/revistas-e-apostilas\\\/revista-artesanato-in-casa-ed-18-especial-de-natal_versao-digital\\\/#breadcrumb\",\"itemListElement\":[{\"@type\":\"ListItem\",\"position\":1,\"name\":\"In\u00edcio\",\"item\":\"https:\\\/\\\/artesanatoincasa.com.br\\\/loja\\\/\"},{\"@type\":\"ListItem\",\"position\":2,\"name\":\"Produtos\",\"item\":\"https:\\\/\\\/artesanatoincasa.com.br\\\/loja\\\/loja\\\/\"},{\"@type\":\"ListItem\",\"position\":3,\"name\":\"Revista Artesanato In Casa Ed. 18 \u2013 Especial de Natal &#8211; VERS\u00c3O DIGITAL\"}]},{\"@type\":\"WebSite\",\"@id\":\"https:\\\/\\\/artesanatoincasa.com.br\\\/loja\\\/#website\",\"url\":\"https:\\\/\\\/artesanatoincasa.com.br\\\/loja\\\/\",\"name\":\"Loja Artesanato In Casa\",\"description\":\"Marketplace exclusivo para artes\u00e3os!\",\"publisher\":{\"@id\":\"https:\\\/\\\/artesanatoincasa.com.br\\\/loja\\\/#organization\"},\"alternateName\":\"Loja Artesanato In Casa\",\"potentialAction\":[{\"@type\":\"SearchAction\",\"target\":{\"@type\":\"EntryPoint\",\"urlTemplate\":\"https:\\\/\\\/artesanatoincasa.com.br\\\/loja\\\/?s={search_term_string}\"},\"query-input\":{\"@type\":\"PropertyValueSpecification\",\"valueRequired\":true,\"valueName\":\"search_term_string\"}}],\"inLanguage\":\"pt-BR\"},{\"@type\":\"Organization\",\"@id\":\"https:\\\/\\\/artesanatoincasa.com.br\\\/loja\\\/#organization\",\"name\":\"Loja Artesanato In Casa\",\"alternateName\":\"Loja Artesanato In Casa\",\"url\":\"https:\\\/\\\/artesanatoincasa.com.br\\\/loja\\\/\",\"logo\":{\"@type\":\"ImageObject\",\"inLanguage\":\"pt-BR\",\"@id\":\"https:\\\/\\\/artesanatoincasa.com.br\\\/loja\\\/#\\\/schema\\\/logo\\\/image\\\/\",\"url\":\"http:\\\/\\\/artesanatoincasa.com.br\\\/loja\\\/wp-content\\\/uploads\\\/2023\\\/07\\\/Logo-Marketing-Place.png\",\"contentUrl\":\"http:\\\/\\\/artesanatoincasa.com.br\\\/loja\\\/wp-content\\\/uploads\\\/2023\\\/07\\\/Logo-Marketing-Place.png\",\"width\":698,\"height\":390,\"caption\":\"Loja Artesanato In Casa\"},\"image\":{\"@id\":\"https:\\\/\\\/artesanatoincasa.com.br\\\/loja\\\/#\\\/schema\\\/logo\\\/image\\\/\"}}]}<\/script>\n<!-- \/ Yoast SEO plugin. -->","yoast_head_json":{"title":"Revista Artesanato In Casa Ed. 18 \u2013 Especial de Natal - VERS\u00c3O DIGITAL - Loja Artesanato In Casa","robots":{"index":"index","follow":"follow","max-snippet":"max-snippet:-1","max-image-preview":"max-image-preview:large","max-video-preview":"max-video-preview:-1"},"canonical":"https:\/\/artesanatoincasa.com.br\/loja\/produto\/revistas-e-apostilas\/revista-artesanato-in-casa-ed-18-especial-de-natal_versao-digital\/","og_locale":"pt_BR","og_type":"article","og_title":"Revista Artesanato In Casa Ed. 18 \u2013 Especial de Natal - VERS\u00c3O DIGITAL - Loja Artesanato In Casa","og_description":"Muito artesanato de qualidade em nossa\u00a0Revista Artesanato In Casa Ed.18 \u2013\u00a0Especial de Natal VERS\u00c3O DIGITAL + BRINDE (E-book: Marketing Digital para Artes\u00e3os) (Lembrando que cada produto adquirido em nossa loja, voc\u00ea estar\u00e1 ajudando a muitas fam\u00edlias que vivem do artesanato). \u2014-  Nesta edi\u00e7\u00e3o voc\u00ea ir\u00e1 encontrar:  PASSO A PASSOS COMPLETOS\u00a0para voc\u00ea APRENDER e LUCRAR, fazer como HOBBY ou como TERAPIA:  \u2022\u00a0Arte em Croch\u00ea\u00a0com Marcelo Nunes |\u00a0Pe\u00e7a:\u00a0Jogo Americano \u2022\u00a0Arte em Chinelos\u00a0com Adriana Penna |\u00a0Pe\u00e7a:\u00a0Chinelo \u2022 Estrela Brilhante \u2022\u00a0Arte em Origami\u00a0com Bianka Tomie |\u00a0Pe\u00e7a:\u00a0Papai Noel de Papel \u2022\u00a0Arte em Biscuit\u00a0com Ester Paix\u00e3o |\u00a0Pe\u00e7a:\u00a0Porta Guardanapo \u2013 APRENDA A FAZER TAMB\u00c9M: \u2022 Pintura em Tecido Papai Noel por Patricia Santos \u2022 Boneco de Neve Encantado de Biscuit por Sabrina Rodrigues \u2022 Tiara Boneco de Neve por Marilucia \u2013 Chica Chic\u00f3 \u2022 Croch\u00ea por Gisele Pereira Barrado G\u00e9rbera \u2022 Chinelo Customizado em Macram\u00ea por Carolina Arag\u00e3o  \u2022\u00a0HIST\u00d3RIA DE SUCESSO\u00a0com Cintia Nicolau  \u2022\u00a0Sess\u00e3o Peter Paiva: Quanto o feito \u00e0 m\u00e3o, \u00e9 mais valioso que o INDUSTRIAL? Existem muitos pontos que podem te ajudar a se sentir mais confiante. Venha conferir o que o Peter reparou para voc\u00ea!  \u2022\u00a0Temos + de\u00a0250 trabalhos\u00a0de artes\u00e3os de todo o Brasil, para se INSPIRAR.\u00a0  E MAIS:  \u2022 Artigo: O caminho para o sucesso do artes\u00e3o por Bete Monta e Faiga Silveira \u2013 Canal Craft \u2022 Ca\u00e7a- Palavras \u2013 Especial Natal \u2022 Artigo: Estrat\u00e9gias para melhorar suas vendas \u2022 Muitos artes\u00e3os de diversas t\u00e9cnicas \u2022 V\u00e1rias empresas de mat\u00e9ria-prima com descontos especiais para os leitores da revista \u2022 APROVEITE!","og_url":"https:\/\/artesanatoincasa.com.br\/loja\/produto\/revistas-e-apostilas\/revista-artesanato-in-casa-ed-18-especial-de-natal_versao-digital\/","og_site_name":"Loja Artesanato In Casa","article_modified_time":"2025-02-13T14:12:49+00:00","og_image":[{"width":1200,"height":1200,"url":"http:\/\/artesanatoincasa.com.br\/loja\/wp-content\/uploads\/2024\/10\/5ec7be5d-77ba-418d-adbe-25a2c9d79457.jpg","type":"image\/jpeg"}],"schema":{"@context":"https:\/\/schema.org","@graph":[{"@type":"WebPage","@id":"https:\/\/artesanatoincasa.com.br\/loja\/produto\/revistas-e-apostilas\/revista-artesanato-in-casa-ed-18-especial-de-natal_versao-digital\/","url":"https:\/\/artesanatoincasa.com.br\/loja\/produto\/revistas-e-apostilas\/revista-artesanato-in-casa-ed-18-especial-de-natal_versao-digital\/","name":"Revista Artesanato In Casa Ed. 18 \u2013 Especial de Natal - VERS\u00c3O DIGITAL - Loja Artesanato In Casa","isPartOf":{"@id":"https:\/\/artesanatoincasa.com.br\/loja\/#website"},"primaryImageOfPage":{"@id":"https:\/\/artesanatoincasa.com.br\/loja\/produto\/revistas-e-apostilas\/revista-artesanato-in-casa-ed-18-especial-de-natal_versao-digital\/#primaryimage"},"image":{"@id":"https:\/\/artesanatoincasa.com.br\/loja\/produto\/revistas-e-apostilas\/revista-artesanato-in-casa-ed-18-especial-de-natal_versao-digital\/#primaryimage"},"thumbnailUrl":"https:\/\/artesanatoincasa.com.br\/loja\/wp-content\/uploads\/2024\/10\/5ec7be5d-77ba-418d-adbe-25a2c9d79457.jpg","datePublished":"2024-10-21T21:10:16+00:00","dateModified":"2025-02-13T14:12:49+00:00","breadcrumb":{"@id":"https:\/\/artesanatoincasa.com.br\/loja\/produto\/revistas-e-apostilas\/revista-artesanato-in-casa-ed-18-especial-de-natal_versao-digital\/#breadcrumb"},"inLanguage":"pt-BR","potentialAction":[{"@type":"ReadAction","target":["https:\/\/artesanatoincasa.com.br\/loja\/produto\/revistas-e-apostilas\/revista-artesanato-in-casa-ed-18-especial-de-natal_versao-digital\/"]}]},{"@type":"ImageObject","inLanguage":"pt-BR","@id":"https:\/\/artesanatoincasa.com.br\/loja\/produto\/revistas-e-apostilas\/revista-artesanato-in-casa-ed-18-especial-de-natal_versao-digital\/#primaryimage","url":"https:\/\/artesanatoincasa.com.br\/loja\/wp-content\/uploads\/2024\/10\/5ec7be5d-77ba-418d-adbe-25a2c9d79457.jpg","contentUrl":"https:\/\/artesanatoincasa.com.br\/loja\/wp-content\/uploads\/2024\/10\/5ec7be5d-77ba-418d-adbe-25a2c9d79457.jpg","width":1200,"height":1200},{"@type":"BreadcrumbList","@id":"https:\/\/artesanatoincasa.com.br\/loja\/produto\/revistas-e-apostilas\/revista-artesanato-in-casa-ed-18-especial-de-natal_versao-digital\/#breadcrumb","itemListElement":[{"@type":"ListItem","position":1,"name":"In\u00edcio","item":"https:\/\/artesanatoincasa.com.br\/loja\/"},{"@type":"ListItem","position":2,"name":"Produtos","item":"https:\/\/artesanatoincasa.com.br\/loja\/loja\/"},{"@type":"ListItem","position":3,"name":"Revista Artesanato In Casa Ed. 18 \u2013 Especial de Natal &#8211; VERS\u00c3O DIGITAL"}]},{"@type":"WebSite","@id":"https:\/\/artesanatoincasa.com.br\/loja\/#website","url":"https:\/\/artesanatoincasa.com.br\/loja\/","name":"Loja Artesanato In Casa","description":"Marketplace exclusivo para artes\u00e3os!","publisher":{"@id":"https:\/\/artesanatoincasa.com.br\/loja\/#organization"},"alternateName":"Loja Artesanato In Casa","potentialAction":[{"@type":"SearchAction","target":{"@type":"EntryPoint","urlTemplate":"https:\/\/artesanatoincasa.com.br\/loja\/?s={search_term_string}"},"query-input":{"@type":"PropertyValueSpecification","valueRequired":true,"valueName":"search_term_string"}}],"inLanguage":"pt-BR"},{"@type":"Organization","@id":"https:\/\/artesanatoincasa.com.br\/loja\/#organization","name":"Loja Artesanato In Casa","alternateName":"Loja Artesanato In Casa","url":"https:\/\/artesanatoincasa.com.br\/loja\/","logo":{"@type":"ImageObject","inLanguage":"pt-BR","@id":"https:\/\/artesanatoincasa.com.br\/loja\/#\/schema\/logo\/image\/","url":"http:\/\/artesanatoincasa.com.br\/loja\/wp-content\/uploads\/2023\/07\/Logo-Marketing-Place.png","contentUrl":"http:\/\/artesanatoincasa.com.br\/loja\/wp-content\/uploads\/2023\/07\/Logo-Marketing-Place.png","width":698,"height":390,"caption":"Loja Artesanato In Casa"},"image":{"@id":"https:\/\/artesanatoincasa.com.br\/loja\/#\/schema\/logo\/image\/"}}]}},"_links":{"self":[{"href":"https:\/\/artesanatoincasa.com.br\/loja\/wp-json\/wp\/v2\/product\/3314","targetHints":{"allow":["GET"]}}],"collection":[{"href":"https:\/\/artesanatoincasa.com.br\/loja\/wp-json\/wp\/v2\/product"}],"about":[{"href":"https:\/\/artesanatoincasa.com.br\/loja\/wp-json\/wp\/v2\/types\/product"}],"replies":[{"embeddable":true,"href":"https:\/\/artesanatoincasa.com.br\/loja\/wp-json\/wp\/v2\/comments?post=3314"}],"wp:featuredmedia":[{"embeddable":true,"href":"https:\/\/artesanatoincasa.com.br\/loja\/wp-json\/wp\/v2\/media\/3326"}],"wp:attachment":[{"href":"https:\/\/artesanatoincasa.com.br\/loja\/wp-json\/wp\/v2\/media?parent=3314"}],"wp:term":[{"taxonomy":"product_brand","embeddable":true,"href":"https:\/\/artesanatoincasa.com.br\/loja\/wp-json\/wp\/v2\/product_brand?post=3314"},{"taxonomy":"product_cat","embeddable":true,"href":"https:\/\/artesanatoincasa.com.br\/loja\/wp-json\/wp\/v2\/product_cat?post=3314"},{"taxonomy":"product_tag","embeddable":true,"href":"https:\/\/artesanatoincasa.com.br\/loja\/wp-json\/wp\/v2\/product_tag?post=3314"}],"curies":[{"name":"wp","href":"https:\/\/api.w.org\/{rel}","templated":true}]}}