{"id":3308,"date":"2024-10-21T17:58:45","date_gmt":"2024-10-21T20:58:45","guid":{"rendered":"https:\/\/artesanatoincasa.com.br\/loja\/?post_type=product&#038;p=3308"},"modified":"2026-04-20T17:34:42","modified_gmt":"2026-04-20T20:34:42","slug":"revista-artesanato-in-casa-ed-18-especial-de-natal_versao-impressa","status":"publish","type":"product","link":"https:\/\/artesanatoincasa.com.br\/loja\/produto\/revistas-e-apostilas\/revista-artesanato-in-casa-ed-18-especial-de-natal_versao-impressa\/","title":{"rendered":"Revista Artesanato In Casa Ed. 18 \u2013 Especial de Natal &#8211; VERS\u00c3O IMPRESSA"},"content":{"rendered":"<p>Muito artesanato de qualidade em nossa <strong>Revista Artesanato In Casa Ed.18 &#8211; <em>Especial de Natal<\/em><\/strong><\/p>\n<h1><strong>VERS\u00c3O IMPRESSA + FRETE GR\u00c1TIS<\/strong><\/h1>\n<h5>(Lembrando que cada produto adquirido em nossa loja, voc\u00ea estar\u00e1 ajudando a muitas fam\u00edlias que vivem do artesanato).<\/h5>\n<p>&#8212;-<\/p>\n<p><strong>Nesta edi\u00e7\u00e3o voc\u00ea ir\u00e1 encontrar:<\/strong><\/p>\n<p><strong>PASSO A PASSOS COMPLETOS<\/strong>\u00a0para voc\u00ea APRENDER e LUCRAR, fazer como HOBBY ou como TERAPIA:<\/p>\n<p>\u2022 <strong>Arte em Croch\u00ea<\/strong> com Marcelo Nunes | <strong>Pe\u00e7a:<\/strong> Jogo Americano<br \/>\n\u2022 <strong>Arte em Chinelos<\/strong> com Adriana Penna | <strong>Pe\u00e7a:<\/strong> Chinelo \u2022 Estrela Brilhante<br \/>\n\u2022<strong> Arte em Origami<\/strong> com Bianka Tomie | <strong>Pe\u00e7a:<\/strong> Papai Noel de Papel<br \/>\n\u2022<strong> Arte em Biscuit<\/strong> com Ester Paix\u00e3o |<strong> Pe\u00e7a:<\/strong> Porta Guardanapo<br \/>\n&#8211;<br \/>\n<em><strong>APRENDA A FAZER TAMB\u00c9M:<\/strong><\/em><br \/>\n\u2022 Pintura em Tecido Papai Noel por Patricia Santos<br \/>\n\u2022 Boneco de Neve Encantado de Biscuit por Sabrina Rodrigues<br \/>\n\u2022 Tiara Boneco de Neve por Marilucia &#8211; Chica Chic\u00f3<br \/>\n\u2022 Croch\u00ea por Gisele Pereira Barrado G\u00e9rbera<br \/>\n\u2022 Chinelo Customizado em Macram\u00ea por Carolina Arag\u00e3o<\/p>\n<p>\u2022 <strong>HIST\u00d3RIA DE SUCESSO<\/strong> com Cintia Nicolau<\/p>\n<p>\u2022 <strong>Sess\u00e3o Peter Paiva<\/strong>: Quanto o feito \u00e0 m\u00e3o, \u00e9 mais valioso que o INDUSTRIAL?<br \/>\nExistem muitos pontos que podem te ajudar a se sentir mais confiante. Venha conferir o que o Peter reparou para voc\u00ea!<\/p>\n<p><em>\u2022 <\/em>Temos + de<strong> 250 trabalhos<\/strong> de artes\u00e3os de todo o Brasil, para se INSPIRAR<em>.\u00a0<\/em><\/p>\n<p><strong>E MAIS:<\/strong><\/p>\n<p>\u2022 Artigo: O caminho para o sucesso do artes\u00e3o por Bete Monta e Faiga Silveira &#8211; Canal Craft \u2022 Ca\u00e7a-<br \/>\nPalavras &#8211; Especial Natal \u2022 Artigo: Estrat\u00e9gias para melhorar suas vendas \u2022 Muitos artes\u00e3os de diversas t\u00e9cnicas<br \/>\n\u2022 V\u00e1rias empresas de mat\u00e9ria-prima com descontos especiais para os leitores da revista \u2022 APROVEITE!<\/p>\n","protected":false},"excerpt":{"rendered":"<p>Muito artesanato de qualidade em nossa <strong>Revista Artesanato In Casa Ed.18 &#8211; <em>Especial de Natal<\/em><\/strong><\/p>\n<h1><strong>VERS\u00c3O IMPRESSA + FRETE GR\u00c1TIS<\/strong><\/h1>\n<h5>(Lembrando que cada produto adquirido em nossa loja, voc\u00ea estar\u00e1 ajudando a muitas fam\u00edlias que vivem do artesanato).<\/h5>\n<p>&#8212;-<\/p>\n<p><strong>Nesta edi\u00e7\u00e3o voc\u00ea ir\u00e1 encontrar:<\/strong><\/p>\n<p><strong>PASSO A PASSOS COMPLETOS<\/strong>\u00a0para voc\u00ea APRENDER e LUCRAR, fazer como HOBBY ou como TERAPIA:<\/p>\n<p>\u2022 <strong>Arte em Croch\u00ea<\/strong> com Marcelo Nunes | <strong>Pe\u00e7a:<\/strong> Jogo Americano<br \/>\n\u2022 <strong>Arte em Chinelos<\/strong> com Adriana Penna | <strong>Pe\u00e7a:<\/strong> Chinelo \u2022 Estrela Brilhante<br \/>\n\u2022<strong> Arte em Origami<\/strong> com Bianka Tomie | <strong>Pe\u00e7a:<\/strong> Papai Noel de Papel<br \/>\n\u2022<strong> Arte em Biscuit<\/strong> com Ester Paix\u00e3o |<strong> Pe\u00e7a:<\/strong> Porta Guardanapo<br \/>\n&#8211;<br \/>\n<em><strong>APRENDA A FAZER TAMB\u00c9M:<\/strong><\/em><br \/>\n\u2022 Pintura em Tecido Papai Noel por Patricia Santos<br \/>\n\u2022 Boneco de Neve Encantado de Biscuit por Sabrina Rodrigues<br \/>\n\u2022 Tiara Boneco de Neve por Marilucia &#8211; Chica Chic\u00f3<br \/>\n\u2022 Croch\u00ea por Gisele Pereira Barrado G\u00e9rbera<br \/>\n\u2022 Chinelo Customizado em Macram\u00ea por Carolina Arag\u00e3o<\/p>\n<p>\u2022 <strong>HIST\u00d3RIA DE SUCESSO<\/strong> com Cintia Nicolau<\/p>\n<p>\u2022 <strong>Sess\u00e3o Peter Paiva<\/strong>: Quanto o feito \u00e0 m\u00e3o, \u00e9 mais valioso que o INDUSTRIAL?<br \/>\nExistem muitos pontos que podem te ajudar a se sentir mais confiante. Venha conferir o que o Peter reparou para voc\u00ea!<\/p>\n<p><em>\u2022 <\/em>Temos + de<strong> 250 trabalhos<\/strong> de artes\u00e3os de todo o Brasil, para se INSPIRAR<em>.\u00a0<\/em><\/p>\n<p><strong>E MAIS:<\/strong><\/p>\n<p>\u2022 Artigo: O caminho para o sucesso do artes\u00e3o por Bete Monta e Faiga Silveira &#8211; Canal Craft \u2022 Ca\u00e7a-Palavras &#8211; Especial Natal \u2022 Artigo: Estrat\u00e9gias para melhorar suas vendas \u2022 Muitos artes\u00e3os de diversas t\u00e9cnicas<br \/>\n\u2022 V\u00e1rias empresas de mat\u00e9ria-prima com descontos especiais para os leitores da revista \u2022 APROVEITE!<\/p>\n","protected":false},"featured_media":3310,"comment_status":"open","ping_status":"closed","template":"","meta":{"_monsterinsights_skip_tracking":false,"_monsterinsights_sitenote_active":false,"_monsterinsights_sitenote_note":"","_monsterinsights_sitenote_category":0},"product_brand":[],"product_cat":[168,165],"product_tag":[334,296,333,337,338,339,328,331,330,278],"class_list":{"0":"post-3308","1":"product","2":"type-product","3":"status-publish","4":"has-post-thumbnail","6":"product_cat-revistas","7":"product_cat-revistas-e-apostilas","8":"product_tag-apostila-de-artesanato","9":"product_tag-apostiladigital","10":"product_tag-aprender-artesanato","11":"product_tag-artesaos","12":"product_tag-jogo-americano","13":"product_tag-lucrar","14":"product_tag-passo-a-passo","15":"product_tag-revista-digital","16":"product_tag-revista-impressa","17":"product_tag-revistadeartesanato","19":"first","20":"instock","21":"sale","22":"taxable","23":"shipping-taxable","24":"purchasable","25":"product-type-simple"},"yoast_head":"<!-- This site is optimized with the Yoast SEO plugin v27.4 - https:\/\/yoast.com\/product\/yoast-seo-wordpress\/ -->\n<title>Revista Artesanato In Casa Ed. 18 \u2013 Especial de Natal - VERS\u00c3O IMPRESSA - Loja Artesanato In Casa<\/title>\n<meta name=\"robots\" content=\"index, follow, max-snippet:-1, max-image-preview:large, max-video-preview:-1\" \/>\n<link rel=\"canonical\" href=\"https:\/\/artesanatoincasa.com.br\/loja\/produto\/revistas-e-apostilas\/revista-artesanato-in-casa-ed-18-especial-de-natal_versao-impressa\/\" \/>\n<meta property=\"og:locale\" content=\"pt_BR\" \/>\n<meta property=\"og:type\" content=\"article\" \/>\n<meta property=\"og:title\" content=\"Revista Artesanato In Casa Ed. 18 \u2013 Especial de Natal - VERS\u00c3O IMPRESSA - Loja Artesanato In Casa\" \/>\n<meta property=\"og:description\" content=\"Muito artesanato de qualidade em nossa Revista Artesanato In Casa Ed.18 - Especial de Natal VERS\u00c3O IMPRESSA + FRETE GR\u00c1TIS (Lembrando que cada produto adquirido em nossa loja, voc\u00ea estar\u00e1 ajudando a muitas fam\u00edlias que vivem do artesanato). ----  Nesta edi\u00e7\u00e3o voc\u00ea ir\u00e1 encontrar:  PASSO A PASSOS COMPLETOS\u00a0para voc\u00ea APRENDER e LUCRAR, fazer como HOBBY ou como TERAPIA:  \u2022 Arte em Croch\u00ea com Marcelo Nunes | Pe\u00e7a: Jogo Americano \u2022 Arte em Chinelos com Adriana Penna | Pe\u00e7a: Chinelo \u2022 Estrela Brilhante \u2022 Arte em Origami com Bianka Tomie | Pe\u00e7a: Papai Noel de Papel \u2022 Arte em Biscuit com Ester Paix\u00e3o | Pe\u00e7a: Porta Guardanapo - APRENDA A FAZER TAMB\u00c9M: \u2022 Pintura em Tecido Papai Noel por Patricia Santos \u2022 Boneco de Neve Encantado de Biscuit por Sabrina Rodrigues \u2022 Tiara Boneco de Neve por Marilucia - Chica Chic\u00f3 \u2022 Croch\u00ea por Gisele Pereira Barrado G\u00e9rbera \u2022 Chinelo Customizado em Macram\u00ea por Carolina Arag\u00e3o  \u2022 HIST\u00d3RIA DE SUCESSO com Cintia Nicolau  \u2022 Sess\u00e3o Peter Paiva: Quanto o feito \u00e0 m\u00e3o, \u00e9 mais valioso que o INDUSTRIAL? Existem muitos pontos que podem te ajudar a se sentir mais confiante. Venha conferir o que o Peter reparou para voc\u00ea!  \u2022 Temos + de 250 trabalhos de artes\u00e3os de todo o Brasil, para se INSPIRAR.\u00a0  E MAIS:  \u2022 Artigo: O caminho para o sucesso do artes\u00e3o por Bete Monta e Faiga Silveira - Canal Craft \u2022 Ca\u00e7a-Palavras - Especial Natal \u2022 Artigo: Estrat\u00e9gias para melhorar suas vendas \u2022 Muitos artes\u00e3os de diversas t\u00e9cnicas \u2022 V\u00e1rias empresas de mat\u00e9ria-prima com descontos especiais para os leitores da revista \u2022 APROVEITE!\" \/>\n<meta property=\"og:url\" content=\"https:\/\/artesanatoincasa.com.br\/loja\/produto\/revistas-e-apostilas\/revista-artesanato-in-casa-ed-18-especial-de-natal_versao-impressa\/\" \/>\n<meta property=\"og:site_name\" content=\"Loja Artesanato In Casa\" \/>\n<meta property=\"article:modified_time\" content=\"2026-04-20T20:34:42+00:00\" \/>\n<meta property=\"og:image\" content=\"https:\/\/artesanatoincasa.com.br\/loja\/wp-content\/uploads\/2024\/03\/Logo-Marketing-Place_ArtesanatoIN-CASA_LOJA_v2_PNG.png\" \/>\n\t<meta property=\"og:image:width\" content=\"1719\" \/>\n\t<meta property=\"og:image:height\" content=\"961\" \/>\n\t<meta property=\"og:image:type\" content=\"image\/png\" \/>\n<script type=\"application\/ld+json\" class=\"yoast-schema-graph\">{\"@context\":\"https:\\\/\\\/schema.org\",\"@graph\":[{\"@type\":\"WebPage\",\"@id\":\"https:\\\/\\\/artesanatoincasa.com.br\\\/loja\\\/produto\\\/revistas-e-apostilas\\\/revista-artesanato-in-casa-ed-18-especial-de-natal_versao-impressa\\\/\",\"url\":\"https:\\\/\\\/artesanatoincasa.com.br\\\/loja\\\/produto\\\/revistas-e-apostilas\\\/revista-artesanato-in-casa-ed-18-especial-de-natal_versao-impressa\\\/\",\"name\":\"Revista Artesanato In Casa Ed. 18 \u2013 Especial de Natal - VERS\u00c3O IMPRESSA - Loja Artesanato In Casa\",\"isPartOf\":{\"@id\":\"https:\\\/\\\/artesanatoincasa.com.br\\\/loja\\\/#website\"},\"primaryImageOfPage\":{\"@id\":\"https:\\\/\\\/artesanatoincasa.com.br\\\/loja\\\/produto\\\/revistas-e-apostilas\\\/revista-artesanato-in-casa-ed-18-especial-de-natal_versao-impressa\\\/#primaryimage\"},\"image\":{\"@id\":\"https:\\\/\\\/artesanatoincasa.com.br\\\/loja\\\/produto\\\/revistas-e-apostilas\\\/revista-artesanato-in-casa-ed-18-especial-de-natal_versao-impressa\\\/#primaryimage\"},\"thumbnailUrl\":\"https:\\\/\\\/artesanatoincasa.com.br\\\/loja\\\/wp-content\\\/uploads\\\/2024\\\/10\\\/Revista-Artesanato-In-Casa_ED18_20x28cm_INTERATIVO_COMPLETO-pdf.jpg\",\"datePublished\":\"2024-10-21T20:58:45+00:00\",\"dateModified\":\"2026-04-20T20:34:42+00:00\",\"breadcrumb\":{\"@id\":\"https:\\\/\\\/artesanatoincasa.com.br\\\/loja\\\/produto\\\/revistas-e-apostilas\\\/revista-artesanato-in-casa-ed-18-especial-de-natal_versao-impressa\\\/#breadcrumb\"},\"inLanguage\":\"pt-BR\",\"potentialAction\":[{\"@type\":\"ReadAction\",\"target\":[\"https:\\\/\\\/artesanatoincasa.com.br\\\/loja\\\/produto\\\/revistas-e-apostilas\\\/revista-artesanato-in-casa-ed-18-especial-de-natal_versao-impressa\\\/\"]}]},{\"@type\":\"ImageObject\",\"inLanguage\":\"pt-BR\",\"@id\":\"https:\\\/\\\/artesanatoincasa.com.br\\\/loja\\\/produto\\\/revistas-e-apostilas\\\/revista-artesanato-in-casa-ed-18-especial-de-natal_versao-impressa\\\/#primaryimage\",\"url\":\"https:\\\/\\\/artesanatoincasa.com.br\\\/loja\\\/wp-content\\\/uploads\\\/2024\\\/10\\\/Revista-Artesanato-In-Casa_ED18_20x28cm_INTERATIVO_COMPLETO-pdf.jpg\",\"contentUrl\":\"https:\\\/\\\/artesanatoincasa.com.br\\\/loja\\\/wp-content\\\/uploads\\\/2024\\\/10\\\/Revista-Artesanato-In-Casa_ED18_20x28cm_INTERATIVO_COMPLETO-pdf.jpg\"},{\"@type\":\"BreadcrumbList\",\"@id\":\"https:\\\/\\\/artesanatoincasa.com.br\\\/loja\\\/produto\\\/revistas-e-apostilas\\\/revista-artesanato-in-casa-ed-18-especial-de-natal_versao-impressa\\\/#breadcrumb\",\"itemListElement\":[{\"@type\":\"ListItem\",\"position\":1,\"name\":\"In\u00edcio\",\"item\":\"https:\\\/\\\/artesanatoincasa.com.br\\\/loja\\\/\"},{\"@type\":\"ListItem\",\"position\":2,\"name\":\"Produtos\",\"item\":\"https:\\\/\\\/artesanatoincasa.com.br\\\/loja\\\/loja\\\/\"},{\"@type\":\"ListItem\",\"position\":3,\"name\":\"Revista Artesanato In Casa Ed. 18 \u2013 Especial de Natal &#8211; VERS\u00c3O IMPRESSA\"}]},{\"@type\":\"WebSite\",\"@id\":\"https:\\\/\\\/artesanatoincasa.com.br\\\/loja\\\/#website\",\"url\":\"https:\\\/\\\/artesanatoincasa.com.br\\\/loja\\\/\",\"name\":\"Loja Artesanato In Casa\",\"description\":\"Marketplace exclusivo para artes\u00e3os!\",\"publisher\":{\"@id\":\"https:\\\/\\\/artesanatoincasa.com.br\\\/loja\\\/#organization\"},\"alternateName\":\"Loja Artesanato In Casa\",\"potentialAction\":[{\"@type\":\"SearchAction\",\"target\":{\"@type\":\"EntryPoint\",\"urlTemplate\":\"https:\\\/\\\/artesanatoincasa.com.br\\\/loja\\\/?s={search_term_string}\"},\"query-input\":{\"@type\":\"PropertyValueSpecification\",\"valueRequired\":true,\"valueName\":\"search_term_string\"}}],\"inLanguage\":\"pt-BR\"},{\"@type\":\"Organization\",\"@id\":\"https:\\\/\\\/artesanatoincasa.com.br\\\/loja\\\/#organization\",\"name\":\"Loja Artesanato In Casa\",\"alternateName\":\"Loja Artesanato In Casa\",\"url\":\"https:\\\/\\\/artesanatoincasa.com.br\\\/loja\\\/\",\"logo\":{\"@type\":\"ImageObject\",\"inLanguage\":\"pt-BR\",\"@id\":\"https:\\\/\\\/artesanatoincasa.com.br\\\/loja\\\/#\\\/schema\\\/logo\\\/image\\\/\",\"url\":\"http:\\\/\\\/artesanatoincasa.com.br\\\/loja\\\/wp-content\\\/uploads\\\/2023\\\/07\\\/Logo-Marketing-Place.png\",\"contentUrl\":\"http:\\\/\\\/artesanatoincasa.com.br\\\/loja\\\/wp-content\\\/uploads\\\/2023\\\/07\\\/Logo-Marketing-Place.png\",\"width\":698,\"height\":390,\"caption\":\"Loja Artesanato In Casa\"},\"image\":{\"@id\":\"https:\\\/\\\/artesanatoincasa.com.br\\\/loja\\\/#\\\/schema\\\/logo\\\/image\\\/\"}}]}<\/script>\n<!-- \/ Yoast SEO plugin. -->","yoast_head_json":{"title":"Revista Artesanato In Casa Ed. 18 \u2013 Especial de Natal - VERS\u00c3O IMPRESSA - Loja Artesanato In Casa","robots":{"index":"index","follow":"follow","max-snippet":"max-snippet:-1","max-image-preview":"max-image-preview:large","max-video-preview":"max-video-preview:-1"},"canonical":"https:\/\/artesanatoincasa.com.br\/loja\/produto\/revistas-e-apostilas\/revista-artesanato-in-casa-ed-18-especial-de-natal_versao-impressa\/","og_locale":"pt_BR","og_type":"article","og_title":"Revista Artesanato In Casa Ed. 18 \u2013 Especial de Natal - VERS\u00c3O IMPRESSA - Loja Artesanato In Casa","og_description":"Muito artesanato de qualidade em nossa Revista Artesanato In Casa Ed.18 - Especial de Natal VERS\u00c3O IMPRESSA + FRETE GR\u00c1TIS (Lembrando que cada produto adquirido em nossa loja, voc\u00ea estar\u00e1 ajudando a muitas fam\u00edlias que vivem do artesanato). ----  Nesta edi\u00e7\u00e3o voc\u00ea ir\u00e1 encontrar:  PASSO A PASSOS COMPLETOS\u00a0para voc\u00ea APRENDER e LUCRAR, fazer como HOBBY ou como TERAPIA:  \u2022 Arte em Croch\u00ea com Marcelo Nunes | Pe\u00e7a: Jogo Americano \u2022 Arte em Chinelos com Adriana Penna | Pe\u00e7a: Chinelo \u2022 Estrela Brilhante \u2022 Arte em Origami com Bianka Tomie | Pe\u00e7a: Papai Noel de Papel \u2022 Arte em Biscuit com Ester Paix\u00e3o | Pe\u00e7a: Porta Guardanapo - APRENDA A FAZER TAMB\u00c9M: \u2022 Pintura em Tecido Papai Noel por Patricia Santos \u2022 Boneco de Neve Encantado de Biscuit por Sabrina Rodrigues \u2022 Tiara Boneco de Neve por Marilucia - Chica Chic\u00f3 \u2022 Croch\u00ea por Gisele Pereira Barrado G\u00e9rbera \u2022 Chinelo Customizado em Macram\u00ea por Carolina Arag\u00e3o  \u2022 HIST\u00d3RIA DE SUCESSO com Cintia Nicolau  \u2022 Sess\u00e3o Peter Paiva: Quanto o feito \u00e0 m\u00e3o, \u00e9 mais valioso que o INDUSTRIAL? Existem muitos pontos que podem te ajudar a se sentir mais confiante. Venha conferir o que o Peter reparou para voc\u00ea!  \u2022 Temos + de 250 trabalhos de artes\u00e3os de todo o Brasil, para se INSPIRAR.\u00a0  E MAIS:  \u2022 Artigo: O caminho para o sucesso do artes\u00e3o por Bete Monta e Faiga Silveira - Canal Craft \u2022 Ca\u00e7a-Palavras - Especial Natal \u2022 Artigo: Estrat\u00e9gias para melhorar suas vendas \u2022 Muitos artes\u00e3os de diversas t\u00e9cnicas \u2022 V\u00e1rias empresas de mat\u00e9ria-prima com descontos especiais para os leitores da revista \u2022 APROVEITE!","og_url":"https:\/\/artesanatoincasa.com.br\/loja\/produto\/revistas-e-apostilas\/revista-artesanato-in-casa-ed-18-especial-de-natal_versao-impressa\/","og_site_name":"Loja Artesanato In Casa","article_modified_time":"2026-04-20T20:34:42+00:00","og_image":[{"width":1719,"height":961,"url":"https:\/\/artesanatoincasa.com.br\/loja\/wp-content\/uploads\/2024\/03\/Logo-Marketing-Place_ArtesanatoIN-CASA_LOJA_v2_PNG.png","type":"image\/png"}],"schema":{"@context":"https:\/\/schema.org","@graph":[{"@type":"WebPage","@id":"https:\/\/artesanatoincasa.com.br\/loja\/produto\/revistas-e-apostilas\/revista-artesanato-in-casa-ed-18-especial-de-natal_versao-impressa\/","url":"https:\/\/artesanatoincasa.com.br\/loja\/produto\/revistas-e-apostilas\/revista-artesanato-in-casa-ed-18-especial-de-natal_versao-impressa\/","name":"Revista Artesanato In Casa Ed. 18 \u2013 Especial de Natal - VERS\u00c3O IMPRESSA - Loja Artesanato In Casa","isPartOf":{"@id":"https:\/\/artesanatoincasa.com.br\/loja\/#website"},"primaryImageOfPage":{"@id":"https:\/\/artesanatoincasa.com.br\/loja\/produto\/revistas-e-apostilas\/revista-artesanato-in-casa-ed-18-especial-de-natal_versao-impressa\/#primaryimage"},"image":{"@id":"https:\/\/artesanatoincasa.com.br\/loja\/produto\/revistas-e-apostilas\/revista-artesanato-in-casa-ed-18-especial-de-natal_versao-impressa\/#primaryimage"},"thumbnailUrl":"https:\/\/artesanatoincasa.com.br\/loja\/wp-content\/uploads\/2024\/10\/Revista-Artesanato-In-Casa_ED18_20x28cm_INTERATIVO_COMPLETO-pdf.jpg","datePublished":"2024-10-21T20:58:45+00:00","dateModified":"2026-04-20T20:34:42+00:00","breadcrumb":{"@id":"https:\/\/artesanatoincasa.com.br\/loja\/produto\/revistas-e-apostilas\/revista-artesanato-in-casa-ed-18-especial-de-natal_versao-impressa\/#breadcrumb"},"inLanguage":"pt-BR","potentialAction":[{"@type":"ReadAction","target":["https:\/\/artesanatoincasa.com.br\/loja\/produto\/revistas-e-apostilas\/revista-artesanato-in-casa-ed-18-especial-de-natal_versao-impressa\/"]}]},{"@type":"ImageObject","inLanguage":"pt-BR","@id":"https:\/\/artesanatoincasa.com.br\/loja\/produto\/revistas-e-apostilas\/revista-artesanato-in-casa-ed-18-especial-de-natal_versao-impressa\/#primaryimage","url":"https:\/\/artesanatoincasa.com.br\/loja\/wp-content\/uploads\/2024\/10\/Revista-Artesanato-In-Casa_ED18_20x28cm_INTERATIVO_COMPLETO-pdf.jpg","contentUrl":"https:\/\/artesanatoincasa.com.br\/loja\/wp-content\/uploads\/2024\/10\/Revista-Artesanato-In-Casa_ED18_20x28cm_INTERATIVO_COMPLETO-pdf.jpg"},{"@type":"BreadcrumbList","@id":"https:\/\/artesanatoincasa.com.br\/loja\/produto\/revistas-e-apostilas\/revista-artesanato-in-casa-ed-18-especial-de-natal_versao-impressa\/#breadcrumb","itemListElement":[{"@type":"ListItem","position":1,"name":"In\u00edcio","item":"https:\/\/artesanatoincasa.com.br\/loja\/"},{"@type":"ListItem","position":2,"name":"Produtos","item":"https:\/\/artesanatoincasa.com.br\/loja\/loja\/"},{"@type":"ListItem","position":3,"name":"Revista Artesanato In Casa Ed. 18 \u2013 Especial de Natal &#8211; VERS\u00c3O IMPRESSA"}]},{"@type":"WebSite","@id":"https:\/\/artesanatoincasa.com.br\/loja\/#website","url":"https:\/\/artesanatoincasa.com.br\/loja\/","name":"Loja Artesanato In Casa","description":"Marketplace exclusivo para artes\u00e3os!","publisher":{"@id":"https:\/\/artesanatoincasa.com.br\/loja\/#organization"},"alternateName":"Loja Artesanato In Casa","potentialAction":[{"@type":"SearchAction","target":{"@type":"EntryPoint","urlTemplate":"https:\/\/artesanatoincasa.com.br\/loja\/?s={search_term_string}"},"query-input":{"@type":"PropertyValueSpecification","valueRequired":true,"valueName":"search_term_string"}}],"inLanguage":"pt-BR"},{"@type":"Organization","@id":"https:\/\/artesanatoincasa.com.br\/loja\/#organization","name":"Loja Artesanato In Casa","alternateName":"Loja Artesanato In Casa","url":"https:\/\/artesanatoincasa.com.br\/loja\/","logo":{"@type":"ImageObject","inLanguage":"pt-BR","@id":"https:\/\/artesanatoincasa.com.br\/loja\/#\/schema\/logo\/image\/","url":"http:\/\/artesanatoincasa.com.br\/loja\/wp-content\/uploads\/2023\/07\/Logo-Marketing-Place.png","contentUrl":"http:\/\/artesanatoincasa.com.br\/loja\/wp-content\/uploads\/2023\/07\/Logo-Marketing-Place.png","width":698,"height":390,"caption":"Loja Artesanato In Casa"},"image":{"@id":"https:\/\/artesanatoincasa.com.br\/loja\/#\/schema\/logo\/image\/"}}]}},"_links":{"self":[{"href":"https:\/\/artesanatoincasa.com.br\/loja\/wp-json\/wp\/v2\/product\/3308","targetHints":{"allow":["GET"]}}],"collection":[{"href":"https:\/\/artesanatoincasa.com.br\/loja\/wp-json\/wp\/v2\/product"}],"about":[{"href":"https:\/\/artesanatoincasa.com.br\/loja\/wp-json\/wp\/v2\/types\/product"}],"replies":[{"embeddable":true,"href":"https:\/\/artesanatoincasa.com.br\/loja\/wp-json\/wp\/v2\/comments?post=3308"}],"wp:featuredmedia":[{"embeddable":true,"href":"https:\/\/artesanatoincasa.com.br\/loja\/wp-json\/wp\/v2\/media\/3310"}],"wp:attachment":[{"href":"https:\/\/artesanatoincasa.com.br\/loja\/wp-json\/wp\/v2\/media?parent=3308"}],"wp:term":[{"taxonomy":"product_brand","embeddable":true,"href":"https:\/\/artesanatoincasa.com.br\/loja\/wp-json\/wp\/v2\/product_brand?post=3308"},{"taxonomy":"product_cat","embeddable":true,"href":"https:\/\/artesanatoincasa.com.br\/loja\/wp-json\/wp\/v2\/product_cat?post=3308"},{"taxonomy":"product_tag","embeddable":true,"href":"https:\/\/artesanatoincasa.com.br\/loja\/wp-json\/wp\/v2\/product_tag?post=3308"}],"curies":[{"name":"wp","href":"https:\/\/api.w.org\/{rel}","templated":true}]}}