{"id":3135,"date":"2024-07-21T16:16:40","date_gmt":"2024-07-21T19:16:40","guid":{"rendered":"https:\/\/artesanatoincasa.com.br\/loja\/?post_type=product&#038;p=3135"},"modified":"2024-09-17T16:12:20","modified_gmt":"2024-09-17T19:12:20","slug":"apostila-digital_costura-criativa-in-casa-por-sheila-mauricio","status":"publish","type":"product","link":"https:\/\/artesanatoincasa.com.br\/loja\/produto\/revistas-e-apostilas\/apostila-digital_costura-criativa-in-casa-por-sheila-mauricio\/","title":{"rendered":"Apostila Digital: Costura Criativa in Casa por Sheila Mauricio"},"content":{"rendered":"<p><strong>Apostila Digital_Costura Criativa in Casa por Sheila Mauricio + BRINDE<\/strong><\/p>\n<p>Nesta apostila digital, voc\u00ea ir\u00e1 aprender este lindo<strong> Boneco de Neve Joh<\/strong>, para decorar qualquer ambiente na noite de Natal, deixando sua casa ainda mais linda para encantar voc\u00ea e seus convidados.<\/p>\n<p>Gere renda em casa sem gastar muito, criando pe\u00e7as \u00daNICAS e EXCLUSIVAS.<\/p>\n<p>Com <strong>PASSOS A PASSOS FOTOGRAFADO<\/strong>S!<\/p>\n<p>Criado pela professora refer\u00eancia na Costura Criativa<em><strong> Sheila Mauricio<\/strong><\/em>.<\/p>\n<p>&#8212;&#8212;&#8212;&#8212;&#8212;&#8212;&#8212;&#8212;-<br \/>\nLembrando que qualquer material adquirido em nossa loja, voc\u00ea estar\u00e1 ajudando a muitas fam\u00edlias que vivem do artesanato no Brasil.<\/p>\n<p><em>Obrigado e \u00f3timo aprendizado!<\/em><\/p>\n<p><em>Um grande Abra\u00e7o da Equipe Artesanato In Casa<\/em><\/p>\n","protected":false},"excerpt":{"rendered":"<p><strong>Apostila Digital_Costura Criativa in Casa por Sheila Mauricio + BRINDE<\/strong><\/p>\n<p>Nesta apostila digital, voc\u00ea ir\u00e1 aprender este lindo<strong> Boneco de Neve Joh<\/strong>, para decorar qualquer ambiente na noite de Natal, deixando sua casa ainda mais linda para encantar voc\u00ea e seus convidados.<\/p>\n<p>Gere renda em casa sem gastar muito, criando pe\u00e7as \u00daNICAS e EXCLUSIVAS.<\/p>\n<p>Com <strong>PASSOS A PASSOS FOTOGRAFADO<\/strong>S!<\/p>\n<p>Criado pela professora refer\u00eancia na Costura Criativa<em><strong> Sheila Mauricio<\/strong><\/em>.<\/p>\n<p>&#8212;&#8212;&#8212;&#8212;&#8212;&#8212;&#8212;&#8212;-<br \/>\nLembrando que qualquer material adquirido em nossa loja, voc\u00ea estar\u00e1 ajudando a muitas fam\u00edlias que vivem do artesanato no Brasil.<\/p>\n<p><em>Obrigado e \u00f3timo aprendizado!<\/em><\/p>\n<p><em>Um grande Abra\u00e7o da Equipe Artesanato In Casa<\/em><\/p>\n","protected":false},"featured_media":3137,"comment_status":"open","ping_status":"closed","template":"","meta":{"_monsterinsights_skip_tracking":false,"_monsterinsights_sitenote_active":false,"_monsterinsights_sitenote_note":"","_monsterinsights_sitenote_category":0},"product_brand":[],"product_cat":[169,165],"product_tag":[264,260,251,243,252,269,270,250],"class_list":{"0":"post-3135","1":"product","2":"type-product","3":"status-publish","4":"has-post-thumbnail","6":"product_cat-apostilas","7":"product_cat-revistas-e-apostilas","8":"product_tag-apostila","9":"product_tag-artesa","10":"product_tag-artesanato","11":"product_tag-costura-criativa","12":"product_tag-empreender","13":"product_tag-natal","14":"product_tag-natal2024","15":"product_tag-revista","16":"dc_vendor_shop-artesanatoincasa","18":"first","19":"instock","20":"sale","21":"downloadable","22":"virtual","23":"taxable","24":"purchasable","25":"product-type-simple"},"yoast_head":"<!-- This site is optimized with the Yoast SEO plugin v27.4 - https:\/\/yoast.com\/product\/yoast-seo-wordpress\/ -->\n<title>Apostila Digital: Costura Criativa in Casa por Sheila Mauricio - Loja Artesanato In Casa<\/title>\n<meta name=\"robots\" content=\"index, follow, max-snippet:-1, max-image-preview:large, max-video-preview:-1\" \/>\n<link rel=\"canonical\" href=\"https:\/\/artesanatoincasa.com.br\/loja\/produto\/revistas-e-apostilas\/apostila-digital_costura-criativa-in-casa-por-sheila-mauricio\/\" \/>\n<meta property=\"og:locale\" content=\"pt_BR\" \/>\n<meta property=\"og:type\" content=\"article\" \/>\n<meta property=\"og:title\" content=\"Apostila Digital: Costura Criativa in Casa por Sheila Mauricio - Loja Artesanato In Casa\" \/>\n<meta property=\"og:description\" content=\"Apostila Digital_Costura Criativa in Casa por Sheila Mauricio + BRINDE  Nesta apostila digital, voc\u00ea ir\u00e1 aprender este lindo Boneco de Neve Joh, para decorar qualquer ambiente na noite de Natal, deixando sua casa ainda mais linda para encantar voc\u00ea e seus convidados.  Gere renda em casa sem gastar muito, criando pe\u00e7as \u00daNICAS e EXCLUSIVAS.  Com PASSOS A PASSOS FOTOGRAFADOS!  Criado pela professora refer\u00eancia na Costura Criativa Sheila Mauricio.  ------------------------- Lembrando que qualquer material adquirido em nossa loja, voc\u00ea estar\u00e1 ajudando a muitas fam\u00edlias que vivem do artesanato no Brasil.  Obrigado e \u00f3timo aprendizado!  Um grande Abra\u00e7o da Equipe Artesanato In Casa\" \/>\n<meta property=\"og:url\" content=\"https:\/\/artesanatoincasa.com.br\/loja\/produto\/revistas-e-apostilas\/apostila-digital_costura-criativa-in-casa-por-sheila-mauricio\/\" \/>\n<meta property=\"og:site_name\" content=\"Loja Artesanato In Casa\" \/>\n<meta property=\"article:modified_time\" content=\"2024-09-17T19:12:20+00:00\" \/>\n<meta property=\"og:image\" content=\"http:\/\/artesanatoincasa.com.br\/loja\/wp-content\/uploads\/2024\/07\/Apostila-Digital_Sheila-Mauricio_Costura-Criativa-scaled.jpg\" \/>\n\t<meta property=\"og:image:width\" content=\"1828\" \/>\n\t<meta property=\"og:image:height\" content=\"2560\" \/>\n\t<meta property=\"og:image:type\" content=\"image\/jpeg\" \/>\n<script type=\"application\/ld+json\" class=\"yoast-schema-graph\">{\"@context\":\"https:\\\/\\\/schema.org\",\"@graph\":[{\"@type\":\"WebPage\",\"@id\":\"https:\\\/\\\/artesanatoincasa.com.br\\\/loja\\\/produto\\\/revistas-e-apostilas\\\/apostila-digital_costura-criativa-in-casa-por-sheila-mauricio\\\/\",\"url\":\"https:\\\/\\\/artesanatoincasa.com.br\\\/loja\\\/produto\\\/revistas-e-apostilas\\\/apostila-digital_costura-criativa-in-casa-por-sheila-mauricio\\\/\",\"name\":\"Apostila Digital: Costura Criativa in Casa por Sheila Mauricio - Loja Artesanato In Casa\",\"isPartOf\":{\"@id\":\"https:\\\/\\\/artesanatoincasa.com.br\\\/loja\\\/#website\"},\"primaryImageOfPage\":{\"@id\":\"https:\\\/\\\/artesanatoincasa.com.br\\\/loja\\\/produto\\\/revistas-e-apostilas\\\/apostila-digital_costura-criativa-in-casa-por-sheila-mauricio\\\/#primaryimage\"},\"image\":{\"@id\":\"https:\\\/\\\/artesanatoincasa.com.br\\\/loja\\\/produto\\\/revistas-e-apostilas\\\/apostila-digital_costura-criativa-in-casa-por-sheila-mauricio\\\/#primaryimage\"},\"thumbnailUrl\":\"https:\\\/\\\/artesanatoincasa.com.br\\\/loja\\\/wp-content\\\/uploads\\\/2024\\\/07\\\/Apostila-Digital_Sheila-Mauricio_Costura-Criativa-scaled.jpg\",\"datePublished\":\"2024-07-21T19:16:40+00:00\",\"dateModified\":\"2024-09-17T19:12:20+00:00\",\"breadcrumb\":{\"@id\":\"https:\\\/\\\/artesanatoincasa.com.br\\\/loja\\\/produto\\\/revistas-e-apostilas\\\/apostila-digital_costura-criativa-in-casa-por-sheila-mauricio\\\/#breadcrumb\"},\"inLanguage\":\"pt-BR\",\"potentialAction\":[{\"@type\":\"ReadAction\",\"target\":[\"https:\\\/\\\/artesanatoincasa.com.br\\\/loja\\\/produto\\\/revistas-e-apostilas\\\/apostila-digital_costura-criativa-in-casa-por-sheila-mauricio\\\/\"]}]},{\"@type\":\"ImageObject\",\"inLanguage\":\"pt-BR\",\"@id\":\"https:\\\/\\\/artesanatoincasa.com.br\\\/loja\\\/produto\\\/revistas-e-apostilas\\\/apostila-digital_costura-criativa-in-casa-por-sheila-mauricio\\\/#primaryimage\",\"url\":\"https:\\\/\\\/artesanatoincasa.com.br\\\/loja\\\/wp-content\\\/uploads\\\/2024\\\/07\\\/Apostila-Digital_Sheila-Mauricio_Costura-Criativa-scaled.jpg\",\"contentUrl\":\"https:\\\/\\\/artesanatoincasa.com.br\\\/loja\\\/wp-content\\\/uploads\\\/2024\\\/07\\\/Apostila-Digital_Sheila-Mauricio_Costura-Criativa-scaled.jpg\",\"width\":1828,\"height\":2560},{\"@type\":\"BreadcrumbList\",\"@id\":\"https:\\\/\\\/artesanatoincasa.com.br\\\/loja\\\/produto\\\/revistas-e-apostilas\\\/apostila-digital_costura-criativa-in-casa-por-sheila-mauricio\\\/#breadcrumb\",\"itemListElement\":[{\"@type\":\"ListItem\",\"position\":1,\"name\":\"In\u00edcio\",\"item\":\"https:\\\/\\\/artesanatoincasa.com.br\\\/loja\\\/\"},{\"@type\":\"ListItem\",\"position\":2,\"name\":\"Produtos\",\"item\":\"https:\\\/\\\/artesanatoincasa.com.br\\\/loja\\\/loja\\\/\"},{\"@type\":\"ListItem\",\"position\":3,\"name\":\"Apostila Digital: Costura Criativa in Casa por Sheila Mauricio\"}]},{\"@type\":\"WebSite\",\"@id\":\"https:\\\/\\\/artesanatoincasa.com.br\\\/loja\\\/#website\",\"url\":\"https:\\\/\\\/artesanatoincasa.com.br\\\/loja\\\/\",\"name\":\"Loja Artesanato In Casa\",\"description\":\"Marketplace exclusivo para artes\u00e3os!\",\"publisher\":{\"@id\":\"https:\\\/\\\/artesanatoincasa.com.br\\\/loja\\\/#organization\"},\"alternateName\":\"Loja Artesanato In Casa\",\"potentialAction\":[{\"@type\":\"SearchAction\",\"target\":{\"@type\":\"EntryPoint\",\"urlTemplate\":\"https:\\\/\\\/artesanatoincasa.com.br\\\/loja\\\/?s={search_term_string}\"},\"query-input\":{\"@type\":\"PropertyValueSpecification\",\"valueRequired\":true,\"valueName\":\"search_term_string\"}}],\"inLanguage\":\"pt-BR\"},{\"@type\":\"Organization\",\"@id\":\"https:\\\/\\\/artesanatoincasa.com.br\\\/loja\\\/#organization\",\"name\":\"Loja Artesanato In Casa\",\"alternateName\":\"Loja Artesanato In Casa\",\"url\":\"https:\\\/\\\/artesanatoincasa.com.br\\\/loja\\\/\",\"logo\":{\"@type\":\"ImageObject\",\"inLanguage\":\"pt-BR\",\"@id\":\"https:\\\/\\\/artesanatoincasa.com.br\\\/loja\\\/#\\\/schema\\\/logo\\\/image\\\/\",\"url\":\"http:\\\/\\\/artesanatoincasa.com.br\\\/loja\\\/wp-content\\\/uploads\\\/2023\\\/07\\\/Logo-Marketing-Place.png\",\"contentUrl\":\"http:\\\/\\\/artesanatoincasa.com.br\\\/loja\\\/wp-content\\\/uploads\\\/2023\\\/07\\\/Logo-Marketing-Place.png\",\"width\":698,\"height\":390,\"caption\":\"Loja Artesanato In Casa\"},\"image\":{\"@id\":\"https:\\\/\\\/artesanatoincasa.com.br\\\/loja\\\/#\\\/schema\\\/logo\\\/image\\\/\"}}]}<\/script>\n<!-- \/ Yoast SEO plugin. -->","yoast_head_json":{"title":"Apostila Digital: Costura Criativa in Casa por Sheila Mauricio - Loja Artesanato In Casa","robots":{"index":"index","follow":"follow","max-snippet":"max-snippet:-1","max-image-preview":"max-image-preview:large","max-video-preview":"max-video-preview:-1"},"canonical":"https:\/\/artesanatoincasa.com.br\/loja\/produto\/revistas-e-apostilas\/apostila-digital_costura-criativa-in-casa-por-sheila-mauricio\/","og_locale":"pt_BR","og_type":"article","og_title":"Apostila Digital: Costura Criativa in Casa por Sheila Mauricio - Loja Artesanato In Casa","og_description":"Apostila Digital_Costura Criativa in Casa por Sheila Mauricio + BRINDE  Nesta apostila digital, voc\u00ea ir\u00e1 aprender este lindo Boneco de Neve Joh, para decorar qualquer ambiente na noite de Natal, deixando sua casa ainda mais linda para encantar voc\u00ea e seus convidados.  Gere renda em casa sem gastar muito, criando pe\u00e7as \u00daNICAS e EXCLUSIVAS.  Com PASSOS A PASSOS FOTOGRAFADOS!  Criado pela professora refer\u00eancia na Costura Criativa Sheila Mauricio.  ------------------------- Lembrando que qualquer material adquirido em nossa loja, voc\u00ea estar\u00e1 ajudando a muitas fam\u00edlias que vivem do artesanato no Brasil.  Obrigado e \u00f3timo aprendizado!  Um grande Abra\u00e7o da Equipe Artesanato In Casa","og_url":"https:\/\/artesanatoincasa.com.br\/loja\/produto\/revistas-e-apostilas\/apostila-digital_costura-criativa-in-casa-por-sheila-mauricio\/","og_site_name":"Loja Artesanato In Casa","article_modified_time":"2024-09-17T19:12:20+00:00","og_image":[{"width":1828,"height":2560,"url":"http:\/\/artesanatoincasa.com.br\/loja\/wp-content\/uploads\/2024\/07\/Apostila-Digital_Sheila-Mauricio_Costura-Criativa-scaled.jpg","type":"image\/jpeg"}],"schema":{"@context":"https:\/\/schema.org","@graph":[{"@type":"WebPage","@id":"https:\/\/artesanatoincasa.com.br\/loja\/produto\/revistas-e-apostilas\/apostila-digital_costura-criativa-in-casa-por-sheila-mauricio\/","url":"https:\/\/artesanatoincasa.com.br\/loja\/produto\/revistas-e-apostilas\/apostila-digital_costura-criativa-in-casa-por-sheila-mauricio\/","name":"Apostila Digital: Costura Criativa in Casa por Sheila Mauricio - Loja Artesanato In Casa","isPartOf":{"@id":"https:\/\/artesanatoincasa.com.br\/loja\/#website"},"primaryImageOfPage":{"@id":"https:\/\/artesanatoincasa.com.br\/loja\/produto\/revistas-e-apostilas\/apostila-digital_costura-criativa-in-casa-por-sheila-mauricio\/#primaryimage"},"image":{"@id":"https:\/\/artesanatoincasa.com.br\/loja\/produto\/revistas-e-apostilas\/apostila-digital_costura-criativa-in-casa-por-sheila-mauricio\/#primaryimage"},"thumbnailUrl":"https:\/\/artesanatoincasa.com.br\/loja\/wp-content\/uploads\/2024\/07\/Apostila-Digital_Sheila-Mauricio_Costura-Criativa-scaled.jpg","datePublished":"2024-07-21T19:16:40+00:00","dateModified":"2024-09-17T19:12:20+00:00","breadcrumb":{"@id":"https:\/\/artesanatoincasa.com.br\/loja\/produto\/revistas-e-apostilas\/apostila-digital_costura-criativa-in-casa-por-sheila-mauricio\/#breadcrumb"},"inLanguage":"pt-BR","potentialAction":[{"@type":"ReadAction","target":["https:\/\/artesanatoincasa.com.br\/loja\/produto\/revistas-e-apostilas\/apostila-digital_costura-criativa-in-casa-por-sheila-mauricio\/"]}]},{"@type":"ImageObject","inLanguage":"pt-BR","@id":"https:\/\/artesanatoincasa.com.br\/loja\/produto\/revistas-e-apostilas\/apostila-digital_costura-criativa-in-casa-por-sheila-mauricio\/#primaryimage","url":"https:\/\/artesanatoincasa.com.br\/loja\/wp-content\/uploads\/2024\/07\/Apostila-Digital_Sheila-Mauricio_Costura-Criativa-scaled.jpg","contentUrl":"https:\/\/artesanatoincasa.com.br\/loja\/wp-content\/uploads\/2024\/07\/Apostila-Digital_Sheila-Mauricio_Costura-Criativa-scaled.jpg","width":1828,"height":2560},{"@type":"BreadcrumbList","@id":"https:\/\/artesanatoincasa.com.br\/loja\/produto\/revistas-e-apostilas\/apostila-digital_costura-criativa-in-casa-por-sheila-mauricio\/#breadcrumb","itemListElement":[{"@type":"ListItem","position":1,"name":"In\u00edcio","item":"https:\/\/artesanatoincasa.com.br\/loja\/"},{"@type":"ListItem","position":2,"name":"Produtos","item":"https:\/\/artesanatoincasa.com.br\/loja\/loja\/"},{"@type":"ListItem","position":3,"name":"Apostila Digital: Costura Criativa in Casa por Sheila Mauricio"}]},{"@type":"WebSite","@id":"https:\/\/artesanatoincasa.com.br\/loja\/#website","url":"https:\/\/artesanatoincasa.com.br\/loja\/","name":"Loja Artesanato In Casa","description":"Marketplace exclusivo para artes\u00e3os!","publisher":{"@id":"https:\/\/artesanatoincasa.com.br\/loja\/#organization"},"alternateName":"Loja Artesanato In Casa","potentialAction":[{"@type":"SearchAction","target":{"@type":"EntryPoint","urlTemplate":"https:\/\/artesanatoincasa.com.br\/loja\/?s={search_term_string}"},"query-input":{"@type":"PropertyValueSpecification","valueRequired":true,"valueName":"search_term_string"}}],"inLanguage":"pt-BR"},{"@type":"Organization","@id":"https:\/\/artesanatoincasa.com.br\/loja\/#organization","name":"Loja Artesanato In Casa","alternateName":"Loja Artesanato In Casa","url":"https:\/\/artesanatoincasa.com.br\/loja\/","logo":{"@type":"ImageObject","inLanguage":"pt-BR","@id":"https:\/\/artesanatoincasa.com.br\/loja\/#\/schema\/logo\/image\/","url":"http:\/\/artesanatoincasa.com.br\/loja\/wp-content\/uploads\/2023\/07\/Logo-Marketing-Place.png","contentUrl":"http:\/\/artesanatoincasa.com.br\/loja\/wp-content\/uploads\/2023\/07\/Logo-Marketing-Place.png","width":698,"height":390,"caption":"Loja Artesanato In Casa"},"image":{"@id":"https:\/\/artesanatoincasa.com.br\/loja\/#\/schema\/logo\/image\/"}}]}},"_links":{"self":[{"href":"https:\/\/artesanatoincasa.com.br\/loja\/wp-json\/wp\/v2\/product\/3135","targetHints":{"allow":["GET"]}}],"collection":[{"href":"https:\/\/artesanatoincasa.com.br\/loja\/wp-json\/wp\/v2\/product"}],"about":[{"href":"https:\/\/artesanatoincasa.com.br\/loja\/wp-json\/wp\/v2\/types\/product"}],"replies":[{"embeddable":true,"href":"https:\/\/artesanatoincasa.com.br\/loja\/wp-json\/wp\/v2\/comments?post=3135"}],"wp:featuredmedia":[{"embeddable":true,"href":"https:\/\/artesanatoincasa.com.br\/loja\/wp-json\/wp\/v2\/media\/3137"}],"wp:attachment":[{"href":"https:\/\/artesanatoincasa.com.br\/loja\/wp-json\/wp\/v2\/media?parent=3135"}],"wp:term":[{"taxonomy":"product_brand","embeddable":true,"href":"https:\/\/artesanatoincasa.com.br\/loja\/wp-json\/wp\/v2\/product_brand?post=3135"},{"taxonomy":"product_cat","embeddable":true,"href":"https:\/\/artesanatoincasa.com.br\/loja\/wp-json\/wp\/v2\/product_cat?post=3135"},{"taxonomy":"product_tag","embeddable":true,"href":"https:\/\/artesanatoincasa.com.br\/loja\/wp-json\/wp\/v2\/product_tag?post=3135"}],"curies":[{"name":"wp","href":"https:\/\/api.w.org\/{rel}","templated":true}]}}