{"id":3107,"date":"2024-07-16T19:48:58","date_gmt":"2024-07-16T22:48:58","guid":{"rendered":"https:\/\/artesanatoincasa.com.br\/loja\/?post_type=product&#038;p=3107"},"modified":"2025-06-12T12:16:08","modified_gmt":"2025-06-12T15:16:08","slug":"apostila-digital_renato-olivieri_decalque-in-casa","status":"publish","type":"product","link":"https:\/\/artesanatoincasa.com.br\/loja\/produto\/revistas-e-apostilas\/apostila-digital_renato-olivieri_decalque-in-casa\/","title":{"rendered":"Apostila Digital: Renato Olivieri &#8211; Decalque in Casa"},"content":{"rendered":"<p><strong>Apostila Digital Renato Olivieri_Decalque in Casa_Vol 01 + BRINDE<\/strong><\/p>\n<p>Nesta apostila, voc\u00ea ir\u00e1 aprender a fazer 4 pe\u00e7as utilizando o <em>DECALQUE WTP<\/em>, uma t\u00e9cnica da pintura hidrogr\u00e1fica que voc\u00ea faz de forma simples, r\u00e1pido.<\/p>\n<p>Gere renda em casa sem gastar muito, criando pe\u00e7as \u00daNICAS e EXCLUSIVAS com qualquer imagem.<\/p>\n<p><strong>Com PASSOS A PASSOS FOTOGRAFADOS!<\/strong><\/p>\n<p><strong>E mais:<\/strong> como precificar seus trabalhos artesanais.<\/p>\n<p>Lembrando que qualquer material adquirido em nossa loja, voc\u00ea estar\u00e1 ajudando a muitas fam\u00edlias que vivem do artesanato no Brasil.<\/p>\n<p><strong>Obrigado e \u00f3timo aprendizado!<\/strong><br \/>\n<strong>Um grande Abra\u00e7o da Equipe Artesanato In Casa<\/strong><\/p>\n","protected":false},"excerpt":{"rendered":"<p><strong>Apostila Digital Renato Olivieri_Decalque in Casa_Vol 01 + BRINDE<\/strong><\/p>\n<p>Nesta apostila, voc\u00ea ir\u00e1 aprender a fazer 4 pe\u00e7as utilizando o <em>DECALQUE WTP<\/em>, uma t\u00e9cnica da pintura hidrogr\u00e1fica que voc\u00ea faz de forma simples, r\u00e1pido.<\/p>\n<p>Gere renda em casa sem gastar muito, criando pe\u00e7as \u00daNICAS e EXCLUSIVAS com qualquer imagem.<\/p>\n<p><strong>Com PASSOS A PASSOS FOTOGRAFADOS!<\/strong><\/p>\n<p><strong>E mais:<\/strong> como precificar seus trabalhos artesanais.<\/p>\n<p>Lembrando que qualquer material adquirido em nossa loja, voc\u00ea estar\u00e1 ajudando a muitas fam\u00edlias que vivem do artesanato no Brasil.<\/p>\n<p><strong>Obrigado e \u00f3timo aprendizado!<\/strong><br \/>\n<strong>Um grande Abra\u00e7o da Equipe Artesanato In Casa<\/strong><\/p>\n","protected":false},"featured_media":3108,"comment_status":"open","ping_status":"closed","template":"","meta":{"_monsterinsights_skip_tracking":false,"_monsterinsights_sitenote_active":false,"_monsterinsights_sitenote_note":"","_monsterinsights_sitenote_category":0},"product_brand":[],"product_cat":[169,165],"product_tag":[264,260,251,259,265,252,253,258,250,266],"class_list":{"0":"post-3107","1":"product","2":"type-product","3":"status-publish","4":"has-post-thumbnail","6":"product_cat-apostilas","7":"product_cat-revistas-e-apostilas","8":"product_tag-apostila","9":"product_tag-artesa","10":"product_tag-artesanato","11":"product_tag-artesao","12":"product_tag-decalque","13":"product_tag-empreender","14":"product_tag-fotografia","15":"product_tag-marketingdigital","16":"product_tag-revista","17":"product_tag-wtp","18":"dc_vendor_shop-artesanatoincasa","20":"first","21":"instock","22":"sale","23":"downloadable","24":"virtual","25":"taxable","26":"purchasable","27":"product-type-simple"},"yoast_head":"<!-- This site is optimized with the Yoast SEO plugin v27.4 - https:\/\/yoast.com\/product\/yoast-seo-wordpress\/ -->\n<title>Apostila Digital: Renato Olivieri - Decalque in Casa - Loja Artesanato In Casa<\/title>\n<meta name=\"robots\" content=\"index, follow, max-snippet:-1, max-image-preview:large, max-video-preview:-1\" \/>\n<link rel=\"canonical\" href=\"https:\/\/artesanatoincasa.com.br\/loja\/produto\/revistas-e-apostilas\/apostila-digital_renato-olivieri_decalque-in-casa\/\" \/>\n<meta property=\"og:locale\" content=\"pt_BR\" \/>\n<meta property=\"og:type\" content=\"article\" \/>\n<meta property=\"og:title\" content=\"Apostila Digital: Renato Olivieri - Decalque in Casa - Loja Artesanato In Casa\" \/>\n<meta property=\"og:description\" content=\"Apostila Digital Renato Olivieri_Decalque in Casa_Vol 01 + BRINDE  Nesta apostila, voc\u00ea ir\u00e1 aprender a fazer 4 pe\u00e7as utilizando o DECALQUE WTP, uma t\u00e9cnica da pintura hidrogr\u00e1fica que voc\u00ea faz de forma simples, r\u00e1pido.  Gere renda em casa sem gastar muito, criando pe\u00e7as \u00daNICAS e EXCLUSIVAS com qualquer imagem.  Com PASSOS A PASSOS FOTOGRAFADOS!  E mais: como precificar seus trabalhos artesanais.  Lembrando que qualquer material adquirido em nossa loja, voc\u00ea estar\u00e1 ajudando a muitas fam\u00edlias que vivem do artesanato no Brasil.  Obrigado e \u00f3timo aprendizado! Um grande Abra\u00e7o da Equipe Artesanato In Casa\" \/>\n<meta property=\"og:url\" content=\"https:\/\/artesanatoincasa.com.br\/loja\/produto\/revistas-e-apostilas\/apostila-digital_renato-olivieri_decalque-in-casa\/\" \/>\n<meta property=\"og:site_name\" content=\"Loja Artesanato In Casa\" \/>\n<meta property=\"article:modified_time\" content=\"2025-06-12T15:16:08+00:00\" \/>\n<meta property=\"og:image\" content=\"http:\/\/artesanatoincasa.com.br\/loja\/wp-content\/uploads\/2024\/07\/Apostila-Digital_Renato-Olivieri_Decalque-1-scaled.jpg\" \/>\n\t<meta property=\"og:image:width\" content=\"1828\" \/>\n\t<meta property=\"og:image:height\" content=\"2560\" \/>\n\t<meta property=\"og:image:type\" content=\"image\/jpeg\" \/>\n<script type=\"application\/ld+json\" class=\"yoast-schema-graph\">{\"@context\":\"https:\\\/\\\/schema.org\",\"@graph\":[{\"@type\":\"WebPage\",\"@id\":\"https:\\\/\\\/artesanatoincasa.com.br\\\/loja\\\/produto\\\/revistas-e-apostilas\\\/apostila-digital_renato-olivieri_decalque-in-casa\\\/\",\"url\":\"https:\\\/\\\/artesanatoincasa.com.br\\\/loja\\\/produto\\\/revistas-e-apostilas\\\/apostila-digital_renato-olivieri_decalque-in-casa\\\/\",\"name\":\"Apostila Digital: Renato Olivieri - Decalque in Casa - Loja Artesanato In Casa\",\"isPartOf\":{\"@id\":\"https:\\\/\\\/artesanatoincasa.com.br\\\/loja\\\/#website\"},\"primaryImageOfPage\":{\"@id\":\"https:\\\/\\\/artesanatoincasa.com.br\\\/loja\\\/produto\\\/revistas-e-apostilas\\\/apostila-digital_renato-olivieri_decalque-in-casa\\\/#primaryimage\"},\"image\":{\"@id\":\"https:\\\/\\\/artesanatoincasa.com.br\\\/loja\\\/produto\\\/revistas-e-apostilas\\\/apostila-digital_renato-olivieri_decalque-in-casa\\\/#primaryimage\"},\"thumbnailUrl\":\"https:\\\/\\\/artesanatoincasa.com.br\\\/loja\\\/wp-content\\\/uploads\\\/2024\\\/07\\\/Apostila-Digital_Renato-Olivieri_Decalque-1-scaled.jpg\",\"datePublished\":\"2024-07-16T22:48:58+00:00\",\"dateModified\":\"2025-06-12T15:16:08+00:00\",\"breadcrumb\":{\"@id\":\"https:\\\/\\\/artesanatoincasa.com.br\\\/loja\\\/produto\\\/revistas-e-apostilas\\\/apostila-digital_renato-olivieri_decalque-in-casa\\\/#breadcrumb\"},\"inLanguage\":\"pt-BR\",\"potentialAction\":[{\"@type\":\"ReadAction\",\"target\":[\"https:\\\/\\\/artesanatoincasa.com.br\\\/loja\\\/produto\\\/revistas-e-apostilas\\\/apostila-digital_renato-olivieri_decalque-in-casa\\\/\"]}]},{\"@type\":\"ImageObject\",\"inLanguage\":\"pt-BR\",\"@id\":\"https:\\\/\\\/artesanatoincasa.com.br\\\/loja\\\/produto\\\/revistas-e-apostilas\\\/apostila-digital_renato-olivieri_decalque-in-casa\\\/#primaryimage\",\"url\":\"https:\\\/\\\/artesanatoincasa.com.br\\\/loja\\\/wp-content\\\/uploads\\\/2024\\\/07\\\/Apostila-Digital_Renato-Olivieri_Decalque-1-scaled.jpg\",\"contentUrl\":\"https:\\\/\\\/artesanatoincasa.com.br\\\/loja\\\/wp-content\\\/uploads\\\/2024\\\/07\\\/Apostila-Digital_Renato-Olivieri_Decalque-1-scaled.jpg\",\"width\":1828,\"height\":2560},{\"@type\":\"BreadcrumbList\",\"@id\":\"https:\\\/\\\/artesanatoincasa.com.br\\\/loja\\\/produto\\\/revistas-e-apostilas\\\/apostila-digital_renato-olivieri_decalque-in-casa\\\/#breadcrumb\",\"itemListElement\":[{\"@type\":\"ListItem\",\"position\":1,\"name\":\"In\u00edcio\",\"item\":\"https:\\\/\\\/artesanatoincasa.com.br\\\/loja\\\/\"},{\"@type\":\"ListItem\",\"position\":2,\"name\":\"Produtos\",\"item\":\"https:\\\/\\\/artesanatoincasa.com.br\\\/loja\\\/loja\\\/\"},{\"@type\":\"ListItem\",\"position\":3,\"name\":\"Apostila Digital: Renato Olivieri &#8211; Decalque in Casa\"}]},{\"@type\":\"WebSite\",\"@id\":\"https:\\\/\\\/artesanatoincasa.com.br\\\/loja\\\/#website\",\"url\":\"https:\\\/\\\/artesanatoincasa.com.br\\\/loja\\\/\",\"name\":\"Loja Artesanato In Casa\",\"description\":\"Marketplace exclusivo para artes\u00e3os!\",\"publisher\":{\"@id\":\"https:\\\/\\\/artesanatoincasa.com.br\\\/loja\\\/#organization\"},\"alternateName\":\"Loja Artesanato In Casa\",\"potentialAction\":[{\"@type\":\"SearchAction\",\"target\":{\"@type\":\"EntryPoint\",\"urlTemplate\":\"https:\\\/\\\/artesanatoincasa.com.br\\\/loja\\\/?s={search_term_string}\"},\"query-input\":{\"@type\":\"PropertyValueSpecification\",\"valueRequired\":true,\"valueName\":\"search_term_string\"}}],\"inLanguage\":\"pt-BR\"},{\"@type\":\"Organization\",\"@id\":\"https:\\\/\\\/artesanatoincasa.com.br\\\/loja\\\/#organization\",\"name\":\"Loja Artesanato In Casa\",\"alternateName\":\"Loja Artesanato In Casa\",\"url\":\"https:\\\/\\\/artesanatoincasa.com.br\\\/loja\\\/\",\"logo\":{\"@type\":\"ImageObject\",\"inLanguage\":\"pt-BR\",\"@id\":\"https:\\\/\\\/artesanatoincasa.com.br\\\/loja\\\/#\\\/schema\\\/logo\\\/image\\\/\",\"url\":\"http:\\\/\\\/artesanatoincasa.com.br\\\/loja\\\/wp-content\\\/uploads\\\/2023\\\/07\\\/Logo-Marketing-Place.png\",\"contentUrl\":\"http:\\\/\\\/artesanatoincasa.com.br\\\/loja\\\/wp-content\\\/uploads\\\/2023\\\/07\\\/Logo-Marketing-Place.png\",\"width\":698,\"height\":390,\"caption\":\"Loja Artesanato In Casa\"},\"image\":{\"@id\":\"https:\\\/\\\/artesanatoincasa.com.br\\\/loja\\\/#\\\/schema\\\/logo\\\/image\\\/\"}}]}<\/script>\n<!-- \/ Yoast SEO plugin. -->","yoast_head_json":{"title":"Apostila Digital: Renato Olivieri - Decalque in Casa - Loja Artesanato In Casa","robots":{"index":"index","follow":"follow","max-snippet":"max-snippet:-1","max-image-preview":"max-image-preview:large","max-video-preview":"max-video-preview:-1"},"canonical":"https:\/\/artesanatoincasa.com.br\/loja\/produto\/revistas-e-apostilas\/apostila-digital_renato-olivieri_decalque-in-casa\/","og_locale":"pt_BR","og_type":"article","og_title":"Apostila Digital: Renato Olivieri - Decalque in Casa - Loja Artesanato In Casa","og_description":"Apostila Digital Renato Olivieri_Decalque in Casa_Vol 01 + BRINDE  Nesta apostila, voc\u00ea ir\u00e1 aprender a fazer 4 pe\u00e7as utilizando o DECALQUE WTP, uma t\u00e9cnica da pintura hidrogr\u00e1fica que voc\u00ea faz de forma simples, r\u00e1pido.  Gere renda em casa sem gastar muito, criando pe\u00e7as \u00daNICAS e EXCLUSIVAS com qualquer imagem.  Com PASSOS A PASSOS FOTOGRAFADOS!  E mais: como precificar seus trabalhos artesanais.  Lembrando que qualquer material adquirido em nossa loja, voc\u00ea estar\u00e1 ajudando a muitas fam\u00edlias que vivem do artesanato no Brasil.  Obrigado e \u00f3timo aprendizado! Um grande Abra\u00e7o da Equipe Artesanato In Casa","og_url":"https:\/\/artesanatoincasa.com.br\/loja\/produto\/revistas-e-apostilas\/apostila-digital_renato-olivieri_decalque-in-casa\/","og_site_name":"Loja Artesanato In Casa","article_modified_time":"2025-06-12T15:16:08+00:00","og_image":[{"width":1828,"height":2560,"url":"http:\/\/artesanatoincasa.com.br\/loja\/wp-content\/uploads\/2024\/07\/Apostila-Digital_Renato-Olivieri_Decalque-1-scaled.jpg","type":"image\/jpeg"}],"schema":{"@context":"https:\/\/schema.org","@graph":[{"@type":"WebPage","@id":"https:\/\/artesanatoincasa.com.br\/loja\/produto\/revistas-e-apostilas\/apostila-digital_renato-olivieri_decalque-in-casa\/","url":"https:\/\/artesanatoincasa.com.br\/loja\/produto\/revistas-e-apostilas\/apostila-digital_renato-olivieri_decalque-in-casa\/","name":"Apostila Digital: Renato Olivieri - Decalque in Casa - Loja Artesanato In Casa","isPartOf":{"@id":"https:\/\/artesanatoincasa.com.br\/loja\/#website"},"primaryImageOfPage":{"@id":"https:\/\/artesanatoincasa.com.br\/loja\/produto\/revistas-e-apostilas\/apostila-digital_renato-olivieri_decalque-in-casa\/#primaryimage"},"image":{"@id":"https:\/\/artesanatoincasa.com.br\/loja\/produto\/revistas-e-apostilas\/apostila-digital_renato-olivieri_decalque-in-casa\/#primaryimage"},"thumbnailUrl":"https:\/\/artesanatoincasa.com.br\/loja\/wp-content\/uploads\/2024\/07\/Apostila-Digital_Renato-Olivieri_Decalque-1-scaled.jpg","datePublished":"2024-07-16T22:48:58+00:00","dateModified":"2025-06-12T15:16:08+00:00","breadcrumb":{"@id":"https:\/\/artesanatoincasa.com.br\/loja\/produto\/revistas-e-apostilas\/apostila-digital_renato-olivieri_decalque-in-casa\/#breadcrumb"},"inLanguage":"pt-BR","potentialAction":[{"@type":"ReadAction","target":["https:\/\/artesanatoincasa.com.br\/loja\/produto\/revistas-e-apostilas\/apostila-digital_renato-olivieri_decalque-in-casa\/"]}]},{"@type":"ImageObject","inLanguage":"pt-BR","@id":"https:\/\/artesanatoincasa.com.br\/loja\/produto\/revistas-e-apostilas\/apostila-digital_renato-olivieri_decalque-in-casa\/#primaryimage","url":"https:\/\/artesanatoincasa.com.br\/loja\/wp-content\/uploads\/2024\/07\/Apostila-Digital_Renato-Olivieri_Decalque-1-scaled.jpg","contentUrl":"https:\/\/artesanatoincasa.com.br\/loja\/wp-content\/uploads\/2024\/07\/Apostila-Digital_Renato-Olivieri_Decalque-1-scaled.jpg","width":1828,"height":2560},{"@type":"BreadcrumbList","@id":"https:\/\/artesanatoincasa.com.br\/loja\/produto\/revistas-e-apostilas\/apostila-digital_renato-olivieri_decalque-in-casa\/#breadcrumb","itemListElement":[{"@type":"ListItem","position":1,"name":"In\u00edcio","item":"https:\/\/artesanatoincasa.com.br\/loja\/"},{"@type":"ListItem","position":2,"name":"Produtos","item":"https:\/\/artesanatoincasa.com.br\/loja\/loja\/"},{"@type":"ListItem","position":3,"name":"Apostila Digital: Renato Olivieri &#8211; Decalque in Casa"}]},{"@type":"WebSite","@id":"https:\/\/artesanatoincasa.com.br\/loja\/#website","url":"https:\/\/artesanatoincasa.com.br\/loja\/","name":"Loja Artesanato In Casa","description":"Marketplace exclusivo para artes\u00e3os!","publisher":{"@id":"https:\/\/artesanatoincasa.com.br\/loja\/#organization"},"alternateName":"Loja Artesanato In Casa","potentialAction":[{"@type":"SearchAction","target":{"@type":"EntryPoint","urlTemplate":"https:\/\/artesanatoincasa.com.br\/loja\/?s={search_term_string}"},"query-input":{"@type":"PropertyValueSpecification","valueRequired":true,"valueName":"search_term_string"}}],"inLanguage":"pt-BR"},{"@type":"Organization","@id":"https:\/\/artesanatoincasa.com.br\/loja\/#organization","name":"Loja Artesanato In Casa","alternateName":"Loja Artesanato In Casa","url":"https:\/\/artesanatoincasa.com.br\/loja\/","logo":{"@type":"ImageObject","inLanguage":"pt-BR","@id":"https:\/\/artesanatoincasa.com.br\/loja\/#\/schema\/logo\/image\/","url":"http:\/\/artesanatoincasa.com.br\/loja\/wp-content\/uploads\/2023\/07\/Logo-Marketing-Place.png","contentUrl":"http:\/\/artesanatoincasa.com.br\/loja\/wp-content\/uploads\/2023\/07\/Logo-Marketing-Place.png","width":698,"height":390,"caption":"Loja Artesanato In Casa"},"image":{"@id":"https:\/\/artesanatoincasa.com.br\/loja\/#\/schema\/logo\/image\/"}}]}},"_links":{"self":[{"href":"https:\/\/artesanatoincasa.com.br\/loja\/wp-json\/wp\/v2\/product\/3107","targetHints":{"allow":["GET"]}}],"collection":[{"href":"https:\/\/artesanatoincasa.com.br\/loja\/wp-json\/wp\/v2\/product"}],"about":[{"href":"https:\/\/artesanatoincasa.com.br\/loja\/wp-json\/wp\/v2\/types\/product"}],"replies":[{"embeddable":true,"href":"https:\/\/artesanatoincasa.com.br\/loja\/wp-json\/wp\/v2\/comments?post=3107"}],"wp:featuredmedia":[{"embeddable":true,"href":"https:\/\/artesanatoincasa.com.br\/loja\/wp-json\/wp\/v2\/media\/3108"}],"wp:attachment":[{"href":"https:\/\/artesanatoincasa.com.br\/loja\/wp-json\/wp\/v2\/media?parent=3107"}],"wp:term":[{"taxonomy":"product_brand","embeddable":true,"href":"https:\/\/artesanatoincasa.com.br\/loja\/wp-json\/wp\/v2\/product_brand?post=3107"},{"taxonomy":"product_cat","embeddable":true,"href":"https:\/\/artesanatoincasa.com.br\/loja\/wp-json\/wp\/v2\/product_cat?post=3107"},{"taxonomy":"product_tag","embeddable":true,"href":"https:\/\/artesanatoincasa.com.br\/loja\/wp-json\/wp\/v2\/product_tag?post=3107"}],"curies":[{"name":"wp","href":"https:\/\/api.w.org\/{rel}","templated":true}]}}