{"id":3094,"date":"2024-07-16T19:34:22","date_gmt":"2024-07-16T22:34:22","guid":{"rendered":"https:\/\/artesanatoincasa.com.br\/loja\/?post_type=product&#038;p=3094"},"modified":"2024-09-17T16:15:02","modified_gmt":"2024-09-17T19:15:02","slug":"apostila-digital-alessandra-veiga_turca_croche-rio","status":"publish","type":"product","link":"https:\/\/artesanatoincasa.com.br\/loja\/produto\/revistas-e-apostilas\/apostila-digital-alessandra-veiga_turca_croche-rio\/","title":{"rendered":"Apostila Digital: Alessandra Veiga &#8211; TURCA Croche Rio"},"content":{"rendered":"<p><strong>Apostila Digital Alessandra Veiga_TURCA_Croche Rio + BRINDE<\/strong><\/p>\n<p><strong>Cole\u00e7\u00e3o Especial:<\/strong> Rio de Janeiro<\/p>\n<p>Nesta apostila, voc\u00ea ir\u00e1 aprender a fazer <strong>6 lindas pe\u00e7as<\/strong> para decorar e usar onde achar mais interessante, seja sua casa, loja, escrit\u00f3rio em seu trabalho e o melhor, poder ser usadas em qualquer \u00e9poca do ano.<\/p>\n<p>Gere renda em casa sem gastar muito, criando pe\u00e7as \u00daNICAS e EXCLUSIVAS.<\/p>\n<p><strong>Com PASSOS A PASSOS FOTOGRAFADOS<\/strong>!<\/p>\n<p><strong>E mais:<\/strong> como precificar seus trabalhos artesanais, gr\u00e1ficos para facilitar nas cria\u00e7\u00f5es, e V\u00cdDEOS explicativo de como fazer todas as pe\u00e7as!<\/p>\n<p>&#8212;&#8212;&#8212;&#8212;&#8212;&#8212;&#8212;&#8212;-<br \/>\nLembrando que qualquer material adquirido em nossa loja, voc\u00ea estar\u00e1 ajudando a muitas fam\u00edlias que vivem do artesanato no Brasil.<\/p>\n<p><strong>Obrigado e \u00f3timo aprendizado!<\/strong><br \/>\n<strong>Um grande Abra\u00e7o da Equipe Artesanato In Casa<\/strong><\/p>\n","protected":false},"excerpt":{"rendered":"<p><strong>Apostila Digital Alessandra Veiga_TURCA_Croche Rio + BRINDE<\/strong><\/p>\n<p><strong>Cole\u00e7\u00e3o Especial:<\/strong> Rio de Janeiro<\/p>\n<p>Nesta apostila, voc\u00ea ir\u00e1 aprender a fazer <strong>6 lindas pe\u00e7as<\/strong> para decorar e usar onde achar mais interessante, seja sua casa, loja, escrit\u00f3rio em seu trabalho e o melhor, poder ser usadas em qualquer \u00e9poca do ano.<\/p>\n<p>Gere renda em casa sem gastar muito, criando pe\u00e7as \u00daNICAS e EXCLUSIVAS.<\/p>\n<p><strong>Com PASSOS A PASSOS FOTOGRAFADOS<\/strong>!<\/p>\n<p><strong>E mais:<\/strong> como precificar seus trabalhos artesanais, gr\u00e1ficos para facilitar nas cria\u00e7\u00f5es, e V\u00cdDEOS explicativo de como fazer todas as pe\u00e7as!<\/p>\n<p>&#8212;&#8212;&#8212;&#8212;&#8212;&#8212;&#8212;&#8212;-<br \/>\nLembrando que qualquer material adquirido em nossa loja, voc\u00ea estar\u00e1 ajudando a muitas fam\u00edlias que vivem do artesanato no Brasil.<\/p>\n<p><strong>Obrigado e \u00f3timo aprendizado!<\/strong><br \/>\n<strong>Um grande Abra\u00e7o da Equipe Artesanato In Casa<\/strong><\/p>\n","protected":false},"featured_media":3096,"comment_status":"open","ping_status":"closed","template":"","meta":{"_monsterinsights_skip_tracking":false,"_monsterinsights_sitenote_active":false,"_monsterinsights_sitenote_note":"","_monsterinsights_sitenote_category":0},"product_brand":[],"product_cat":[169,165],"product_tag":[260,251,259,243,255,252,258,237,250],"class_list":{"0":"post-3094","1":"product","2":"type-product","3":"status-publish","4":"has-post-thumbnail","6":"product_cat-apostilas","7":"product_cat-revistas-e-apostilas","8":"product_tag-artesa","9":"product_tag-artesanato","10":"product_tag-artesao","11":"product_tag-costura-criativa","12":"product_tag-croche","13":"product_tag-empreender","14":"product_tag-marketingdigital","15":"product_tag-renda","16":"product_tag-revista","17":"dc_vendor_shop-artesanatoincasa","19":"first","20":"instock","21":"sale","22":"downloadable","23":"virtual","24":"taxable","25":"purchasable","26":"product-type-simple"},"yoast_head":"<!-- This site is optimized with the Yoast SEO plugin v27.4 - https:\/\/yoast.com\/product\/yoast-seo-wordpress\/ -->\n<title>Apostila Digital: Alessandra Veiga - TURCA Croche Rio - Loja Artesanato In Casa<\/title>\n<meta name=\"robots\" content=\"index, follow, max-snippet:-1, max-image-preview:large, max-video-preview:-1\" \/>\n<link rel=\"canonical\" href=\"https:\/\/artesanatoincasa.com.br\/loja\/produto\/revistas-e-apostilas\/apostila-digital-alessandra-veiga_turca_croche-rio\/\" \/>\n<meta property=\"og:locale\" content=\"pt_BR\" \/>\n<meta property=\"og:type\" content=\"article\" \/>\n<meta property=\"og:title\" content=\"Apostila Digital: Alessandra Veiga - TURCA Croche Rio - Loja Artesanato In Casa\" \/>\n<meta property=\"og:description\" content=\"Apostila Digital Alessandra Veiga_TURCA_Croche Rio + BRINDE  Cole\u00e7\u00e3o Especial: Rio de Janeiro  Nesta apostila, voc\u00ea ir\u00e1 aprender a fazer 6 lindas pe\u00e7as para decorar e usar onde achar mais interessante, seja sua casa, loja, escrit\u00f3rio em seu trabalho e o melhor, poder ser usadas em qualquer \u00e9poca do ano.  Gere renda em casa sem gastar muito, criando pe\u00e7as \u00daNICAS e EXCLUSIVAS.  Com PASSOS A PASSOS FOTOGRAFADOS!  E mais: como precificar seus trabalhos artesanais, gr\u00e1ficos para facilitar nas cria\u00e7\u00f5es, e V\u00cdDEOS explicativo de como fazer todas as pe\u00e7as!  ------------------------- Lembrando que qualquer material adquirido em nossa loja, voc\u00ea estar\u00e1 ajudando a muitas fam\u00edlias que vivem do artesanato no Brasil.  Obrigado e \u00f3timo aprendizado! Um grande Abra\u00e7o da Equipe Artesanato In Casa\" \/>\n<meta property=\"og:url\" content=\"https:\/\/artesanatoincasa.com.br\/loja\/produto\/revistas-e-apostilas\/apostila-digital-alessandra-veiga_turca_croche-rio\/\" \/>\n<meta property=\"og:site_name\" content=\"Loja Artesanato In Casa\" \/>\n<meta property=\"article:modified_time\" content=\"2024-09-17T19:15:02+00:00\" \/>\n<meta property=\"og:image\" content=\"http:\/\/artesanatoincasa.com.br\/loja\/wp-content\/uploads\/2024\/07\/Apostila-Digital-Alessandra-Veiga_TURCA_Croche-Rio-1-scaled.jpg\" \/>\n\t<meta property=\"og:image:width\" content=\"1828\" \/>\n\t<meta property=\"og:image:height\" content=\"2560\" \/>\n\t<meta property=\"og:image:type\" content=\"image\/jpeg\" \/>\n<script type=\"application\/ld+json\" class=\"yoast-schema-graph\">{\"@context\":\"https:\\\/\\\/schema.org\",\"@graph\":[{\"@type\":\"WebPage\",\"@id\":\"https:\\\/\\\/artesanatoincasa.com.br\\\/loja\\\/produto\\\/revistas-e-apostilas\\\/apostila-digital-alessandra-veiga_turca_croche-rio\\\/\",\"url\":\"https:\\\/\\\/artesanatoincasa.com.br\\\/loja\\\/produto\\\/revistas-e-apostilas\\\/apostila-digital-alessandra-veiga_turca_croche-rio\\\/\",\"name\":\"Apostila Digital: Alessandra Veiga - TURCA Croche Rio - Loja Artesanato In Casa\",\"isPartOf\":{\"@id\":\"https:\\\/\\\/artesanatoincasa.com.br\\\/loja\\\/#website\"},\"primaryImageOfPage\":{\"@id\":\"https:\\\/\\\/artesanatoincasa.com.br\\\/loja\\\/produto\\\/revistas-e-apostilas\\\/apostila-digital-alessandra-veiga_turca_croche-rio\\\/#primaryimage\"},\"image\":{\"@id\":\"https:\\\/\\\/artesanatoincasa.com.br\\\/loja\\\/produto\\\/revistas-e-apostilas\\\/apostila-digital-alessandra-veiga_turca_croche-rio\\\/#primaryimage\"},\"thumbnailUrl\":\"https:\\\/\\\/artesanatoincasa.com.br\\\/loja\\\/wp-content\\\/uploads\\\/2024\\\/07\\\/Apostila-Digital-Alessandra-Veiga_TURCA_Croche-Rio-1-scaled.jpg\",\"datePublished\":\"2024-07-16T22:34:22+00:00\",\"dateModified\":\"2024-09-17T19:15:02+00:00\",\"breadcrumb\":{\"@id\":\"https:\\\/\\\/artesanatoincasa.com.br\\\/loja\\\/produto\\\/revistas-e-apostilas\\\/apostila-digital-alessandra-veiga_turca_croche-rio\\\/#breadcrumb\"},\"inLanguage\":\"pt-BR\",\"potentialAction\":[{\"@type\":\"ReadAction\",\"target\":[\"https:\\\/\\\/artesanatoincasa.com.br\\\/loja\\\/produto\\\/revistas-e-apostilas\\\/apostila-digital-alessandra-veiga_turca_croche-rio\\\/\"]}]},{\"@type\":\"ImageObject\",\"inLanguage\":\"pt-BR\",\"@id\":\"https:\\\/\\\/artesanatoincasa.com.br\\\/loja\\\/produto\\\/revistas-e-apostilas\\\/apostila-digital-alessandra-veiga_turca_croche-rio\\\/#primaryimage\",\"url\":\"https:\\\/\\\/artesanatoincasa.com.br\\\/loja\\\/wp-content\\\/uploads\\\/2024\\\/07\\\/Apostila-Digital-Alessandra-Veiga_TURCA_Croche-Rio-1-scaled.jpg\",\"contentUrl\":\"https:\\\/\\\/artesanatoincasa.com.br\\\/loja\\\/wp-content\\\/uploads\\\/2024\\\/07\\\/Apostila-Digital-Alessandra-Veiga_TURCA_Croche-Rio-1-scaled.jpg\",\"width\":1828,\"height\":2560},{\"@type\":\"BreadcrumbList\",\"@id\":\"https:\\\/\\\/artesanatoincasa.com.br\\\/loja\\\/produto\\\/revistas-e-apostilas\\\/apostila-digital-alessandra-veiga_turca_croche-rio\\\/#breadcrumb\",\"itemListElement\":[{\"@type\":\"ListItem\",\"position\":1,\"name\":\"In\u00edcio\",\"item\":\"https:\\\/\\\/artesanatoincasa.com.br\\\/loja\\\/\"},{\"@type\":\"ListItem\",\"position\":2,\"name\":\"Produtos\",\"item\":\"https:\\\/\\\/artesanatoincasa.com.br\\\/loja\\\/loja\\\/\"},{\"@type\":\"ListItem\",\"position\":3,\"name\":\"Apostila Digital: Alessandra Veiga &#8211; TURCA Croche Rio\"}]},{\"@type\":\"WebSite\",\"@id\":\"https:\\\/\\\/artesanatoincasa.com.br\\\/loja\\\/#website\",\"url\":\"https:\\\/\\\/artesanatoincasa.com.br\\\/loja\\\/\",\"name\":\"Loja Artesanato In Casa\",\"description\":\"Marketplace exclusivo para artes\u00e3os!\",\"publisher\":{\"@id\":\"https:\\\/\\\/artesanatoincasa.com.br\\\/loja\\\/#organization\"},\"alternateName\":\"Loja Artesanato In Casa\",\"potentialAction\":[{\"@type\":\"SearchAction\",\"target\":{\"@type\":\"EntryPoint\",\"urlTemplate\":\"https:\\\/\\\/artesanatoincasa.com.br\\\/loja\\\/?s={search_term_string}\"},\"query-input\":{\"@type\":\"PropertyValueSpecification\",\"valueRequired\":true,\"valueName\":\"search_term_string\"}}],\"inLanguage\":\"pt-BR\"},{\"@type\":\"Organization\",\"@id\":\"https:\\\/\\\/artesanatoincasa.com.br\\\/loja\\\/#organization\",\"name\":\"Loja Artesanato In Casa\",\"alternateName\":\"Loja Artesanato In Casa\",\"url\":\"https:\\\/\\\/artesanatoincasa.com.br\\\/loja\\\/\",\"logo\":{\"@type\":\"ImageObject\",\"inLanguage\":\"pt-BR\",\"@id\":\"https:\\\/\\\/artesanatoincasa.com.br\\\/loja\\\/#\\\/schema\\\/logo\\\/image\\\/\",\"url\":\"http:\\\/\\\/artesanatoincasa.com.br\\\/loja\\\/wp-content\\\/uploads\\\/2023\\\/07\\\/Logo-Marketing-Place.png\",\"contentUrl\":\"http:\\\/\\\/artesanatoincasa.com.br\\\/loja\\\/wp-content\\\/uploads\\\/2023\\\/07\\\/Logo-Marketing-Place.png\",\"width\":698,\"height\":390,\"caption\":\"Loja Artesanato In Casa\"},\"image\":{\"@id\":\"https:\\\/\\\/artesanatoincasa.com.br\\\/loja\\\/#\\\/schema\\\/logo\\\/image\\\/\"}}]}<\/script>\n<!-- \/ Yoast SEO plugin. -->","yoast_head_json":{"title":"Apostila Digital: Alessandra Veiga - TURCA Croche Rio - Loja Artesanato In Casa","robots":{"index":"index","follow":"follow","max-snippet":"max-snippet:-1","max-image-preview":"max-image-preview:large","max-video-preview":"max-video-preview:-1"},"canonical":"https:\/\/artesanatoincasa.com.br\/loja\/produto\/revistas-e-apostilas\/apostila-digital-alessandra-veiga_turca_croche-rio\/","og_locale":"pt_BR","og_type":"article","og_title":"Apostila Digital: Alessandra Veiga - TURCA Croche Rio - Loja Artesanato In Casa","og_description":"Apostila Digital Alessandra Veiga_TURCA_Croche Rio + BRINDE  Cole\u00e7\u00e3o Especial: Rio de Janeiro  Nesta apostila, voc\u00ea ir\u00e1 aprender a fazer 6 lindas pe\u00e7as para decorar e usar onde achar mais interessante, seja sua casa, loja, escrit\u00f3rio em seu trabalho e o melhor, poder ser usadas em qualquer \u00e9poca do ano.  Gere renda em casa sem gastar muito, criando pe\u00e7as \u00daNICAS e EXCLUSIVAS.  Com PASSOS A PASSOS FOTOGRAFADOS!  E mais: como precificar seus trabalhos artesanais, gr\u00e1ficos para facilitar nas cria\u00e7\u00f5es, e V\u00cdDEOS explicativo de como fazer todas as pe\u00e7as!  ------------------------- Lembrando que qualquer material adquirido em nossa loja, voc\u00ea estar\u00e1 ajudando a muitas fam\u00edlias que vivem do artesanato no Brasil.  Obrigado e \u00f3timo aprendizado! Um grande Abra\u00e7o da Equipe Artesanato In Casa","og_url":"https:\/\/artesanatoincasa.com.br\/loja\/produto\/revistas-e-apostilas\/apostila-digital-alessandra-veiga_turca_croche-rio\/","og_site_name":"Loja Artesanato In Casa","article_modified_time":"2024-09-17T19:15:02+00:00","og_image":[{"width":1828,"height":2560,"url":"http:\/\/artesanatoincasa.com.br\/loja\/wp-content\/uploads\/2024\/07\/Apostila-Digital-Alessandra-Veiga_TURCA_Croche-Rio-1-scaled.jpg","type":"image\/jpeg"}],"schema":{"@context":"https:\/\/schema.org","@graph":[{"@type":"WebPage","@id":"https:\/\/artesanatoincasa.com.br\/loja\/produto\/revistas-e-apostilas\/apostila-digital-alessandra-veiga_turca_croche-rio\/","url":"https:\/\/artesanatoincasa.com.br\/loja\/produto\/revistas-e-apostilas\/apostila-digital-alessandra-veiga_turca_croche-rio\/","name":"Apostila Digital: Alessandra Veiga - TURCA Croche Rio - Loja Artesanato In Casa","isPartOf":{"@id":"https:\/\/artesanatoincasa.com.br\/loja\/#website"},"primaryImageOfPage":{"@id":"https:\/\/artesanatoincasa.com.br\/loja\/produto\/revistas-e-apostilas\/apostila-digital-alessandra-veiga_turca_croche-rio\/#primaryimage"},"image":{"@id":"https:\/\/artesanatoincasa.com.br\/loja\/produto\/revistas-e-apostilas\/apostila-digital-alessandra-veiga_turca_croche-rio\/#primaryimage"},"thumbnailUrl":"https:\/\/artesanatoincasa.com.br\/loja\/wp-content\/uploads\/2024\/07\/Apostila-Digital-Alessandra-Veiga_TURCA_Croche-Rio-1-scaled.jpg","datePublished":"2024-07-16T22:34:22+00:00","dateModified":"2024-09-17T19:15:02+00:00","breadcrumb":{"@id":"https:\/\/artesanatoincasa.com.br\/loja\/produto\/revistas-e-apostilas\/apostila-digital-alessandra-veiga_turca_croche-rio\/#breadcrumb"},"inLanguage":"pt-BR","potentialAction":[{"@type":"ReadAction","target":["https:\/\/artesanatoincasa.com.br\/loja\/produto\/revistas-e-apostilas\/apostila-digital-alessandra-veiga_turca_croche-rio\/"]}]},{"@type":"ImageObject","inLanguage":"pt-BR","@id":"https:\/\/artesanatoincasa.com.br\/loja\/produto\/revistas-e-apostilas\/apostila-digital-alessandra-veiga_turca_croche-rio\/#primaryimage","url":"https:\/\/artesanatoincasa.com.br\/loja\/wp-content\/uploads\/2024\/07\/Apostila-Digital-Alessandra-Veiga_TURCA_Croche-Rio-1-scaled.jpg","contentUrl":"https:\/\/artesanatoincasa.com.br\/loja\/wp-content\/uploads\/2024\/07\/Apostila-Digital-Alessandra-Veiga_TURCA_Croche-Rio-1-scaled.jpg","width":1828,"height":2560},{"@type":"BreadcrumbList","@id":"https:\/\/artesanatoincasa.com.br\/loja\/produto\/revistas-e-apostilas\/apostila-digital-alessandra-veiga_turca_croche-rio\/#breadcrumb","itemListElement":[{"@type":"ListItem","position":1,"name":"In\u00edcio","item":"https:\/\/artesanatoincasa.com.br\/loja\/"},{"@type":"ListItem","position":2,"name":"Produtos","item":"https:\/\/artesanatoincasa.com.br\/loja\/loja\/"},{"@type":"ListItem","position":3,"name":"Apostila Digital: Alessandra Veiga &#8211; TURCA Croche Rio"}]},{"@type":"WebSite","@id":"https:\/\/artesanatoincasa.com.br\/loja\/#website","url":"https:\/\/artesanatoincasa.com.br\/loja\/","name":"Loja Artesanato In Casa","description":"Marketplace exclusivo para artes\u00e3os!","publisher":{"@id":"https:\/\/artesanatoincasa.com.br\/loja\/#organization"},"alternateName":"Loja Artesanato In Casa","potentialAction":[{"@type":"SearchAction","target":{"@type":"EntryPoint","urlTemplate":"https:\/\/artesanatoincasa.com.br\/loja\/?s={search_term_string}"},"query-input":{"@type":"PropertyValueSpecification","valueRequired":true,"valueName":"search_term_string"}}],"inLanguage":"pt-BR"},{"@type":"Organization","@id":"https:\/\/artesanatoincasa.com.br\/loja\/#organization","name":"Loja Artesanato In Casa","alternateName":"Loja Artesanato In Casa","url":"https:\/\/artesanatoincasa.com.br\/loja\/","logo":{"@type":"ImageObject","inLanguage":"pt-BR","@id":"https:\/\/artesanatoincasa.com.br\/loja\/#\/schema\/logo\/image\/","url":"http:\/\/artesanatoincasa.com.br\/loja\/wp-content\/uploads\/2023\/07\/Logo-Marketing-Place.png","contentUrl":"http:\/\/artesanatoincasa.com.br\/loja\/wp-content\/uploads\/2023\/07\/Logo-Marketing-Place.png","width":698,"height":390,"caption":"Loja Artesanato In Casa"},"image":{"@id":"https:\/\/artesanatoincasa.com.br\/loja\/#\/schema\/logo\/image\/"}}]}},"_links":{"self":[{"href":"https:\/\/artesanatoincasa.com.br\/loja\/wp-json\/wp\/v2\/product\/3094","targetHints":{"allow":["GET"]}}],"collection":[{"href":"https:\/\/artesanatoincasa.com.br\/loja\/wp-json\/wp\/v2\/product"}],"about":[{"href":"https:\/\/artesanatoincasa.com.br\/loja\/wp-json\/wp\/v2\/types\/product"}],"replies":[{"embeddable":true,"href":"https:\/\/artesanatoincasa.com.br\/loja\/wp-json\/wp\/v2\/comments?post=3094"}],"wp:featuredmedia":[{"embeddable":true,"href":"https:\/\/artesanatoincasa.com.br\/loja\/wp-json\/wp\/v2\/media\/3096"}],"wp:attachment":[{"href":"https:\/\/artesanatoincasa.com.br\/loja\/wp-json\/wp\/v2\/media?parent=3094"}],"wp:term":[{"taxonomy":"product_brand","embeddable":true,"href":"https:\/\/artesanatoincasa.com.br\/loja\/wp-json\/wp\/v2\/product_brand?post=3094"},{"taxonomy":"product_cat","embeddable":true,"href":"https:\/\/artesanatoincasa.com.br\/loja\/wp-json\/wp\/v2\/product_cat?post=3094"},{"taxonomy":"product_tag","embeddable":true,"href":"https:\/\/artesanatoincasa.com.br\/loja\/wp-json\/wp\/v2\/product_tag?post=3094"}],"curies":[{"name":"wp","href":"https:\/\/api.w.org\/{rel}","templated":true}]}}