{"id":3082,"date":"2024-07-16T19:19:52","date_gmt":"2024-07-16T22:19:52","guid":{"rendered":"https:\/\/artesanatoincasa.com.br\/loja\/?post_type=product&#038;p=3082"},"modified":"2024-09-17T16:15:43","modified_gmt":"2024-09-17T19:15:43","slug":"apostila-digital-amigurumi-in-casa-especial-personagens","status":"publish","type":"product","link":"https:\/\/artesanatoincasa.com.br\/loja\/produto\/revistas-e-apostilas\/apostila-digital-amigurumi-in-casa-especial-personagens\/","title":{"rendered":"Apostila Digital AMIGURUMI in Casa &#8211; Especial Personagens"},"content":{"rendered":"<p><strong>Apostila Digital AMIGURUMI in Casa &#8211; Especial Personagens + BRINDE<\/strong><\/p>\n<p>Fa\u00e7a voc\u00ea tamb\u00e9m o seu mundo m\u00e1gico!!!<\/p>\n<p>Arquivo em PDF ilustrado <strong>com o passo a passo fotografados<\/strong> para confeccionar <strong>8 amigurumis<\/strong>.<\/p>\n<p><strong>&#8211; Mickey Mouse<\/strong><\/p>\n<p><strong>&#8211; Mickey Mouse Retr\u00f4<\/strong><\/p>\n<p><strong>&#8211; Minnie Mouse<\/strong><\/p>\n<p><strong>&#8211; Pato Donald<\/strong><\/p>\n<p><strong>&#8211; Margarida<\/strong><\/p>\n<p><strong>&#8211; Pateta<\/strong><\/p>\n<p><strong>&#8211; Clarabela<\/strong><\/p>\n<p><strong>&#8211; Pluto<\/strong><\/p>\n<p><strong>Vantagens:<\/strong><br \/>\nPasso a passo ilustrado: Apostila Digital AMIGURUMI in Casa &#8211; Especial Personagens feito por Emp\u00f3rio Amigurumi, oferece um guia completo e ilustrado para a confec\u00e7\u00e3o de 8 pe\u00e7as da turma do Mickey. Isso torna o processo de cria\u00e7\u00e3o mais f\u00e1cil e acess\u00edvel para qualquer pessoa, mesmo para iniciantes.<\/p>\n<p>Variedade de personagens: Com Apostila Digital AMIGURUMI in Casa &#8211; Especial Personagensi, \u00e9 poss\u00edvel criar 8 personagens diferentes da turma do Mickey, incluindo o Mickey Mouse, Minnie Mouse, Pato Donald, Margarida, Pateta, Clarabela e Pluto. Isso oferece uma grande variedade de op\u00e7\u00f5es para quem deseja criar seus pr\u00f3prios amigurumis.<br \/>\nEste projeto foi feito com muito amor e carinho, o que se reflete na qualidade do produto final. Al\u00e9m disso, o amor pelo universo da turma do Mickey \u00e9 evidente em cada detalhe da apostila, tornando a experi\u00eancia de cria\u00e7\u00e3o ainda mais especial e divertida.<\/p>\n<p>Lembrando que qualquer material adquirido em nossa loja, voc\u00ea estar\u00e1 ajudando a muitas fam\u00edlias que vivem do artesanato no Brasil.<\/p>\n<p><strong>Obrigado e \u00f3timo aprendizado!<\/strong><br \/>\n<strong>Um grande Abra\u00e7o da Equipe Artesanato In Casa<\/strong><\/p>\n","protected":false},"excerpt":{"rendered":"<p><strong>Apostila Digital AMIGURUMI in Casa &#8211; Especial Personagens + BRINDE<\/strong><\/p>\n<p>Fa\u00e7a voc\u00ea tamb\u00e9m o seu mundo m\u00e1gico!!!<\/p>\n<p>Arquivo em PDF ilustrado <strong>com o passo a passo fotografados<\/strong> para confeccionar <strong>8 amigurumis<\/strong>.<\/p>\n<p><strong>&#8211; Mickey Mouse<\/strong><\/p>\n<p><strong>&#8211; Mickey Mouse Retr\u00f4<\/strong><\/p>\n<p><strong>&#8211; Minnie Mouse<\/strong><\/p>\n<p><strong>&#8211; Pato Donald<\/strong><\/p>\n<p><strong>&#8211; Margarida<\/strong><\/p>\n<p><strong>&#8211; Pateta<\/strong><\/p>\n<p><strong>&#8211; Clarabela<\/strong><\/p>\n<p><strong>&#8211; Pluto<\/strong><\/p>\n<p><strong>Vantagens:<\/strong><br \/>\nPasso a passo ilustrado: Apostila Digital AMIGURUMI in Casa &#8211; Especial Personagens feito por Emp\u00f3rio Amigurumi, oferece um guia completo e ilustrado para a confec\u00e7\u00e3o de 8 pe\u00e7as da turma do Mickey. Isso torna o processo de cria\u00e7\u00e3o mais f\u00e1cil e acess\u00edvel para qualquer pessoa, mesmo para iniciantes.<\/p>\n<p>Variedade de personagens: Com Apostila Digital AMIGURUMI in Casa &#8211; Especial Personagensi, \u00e9 poss\u00edvel criar 8 personagens diferentes da turma do Mickey, incluindo o Mickey Mouse, Minnie Mouse, Pato Donald, Margarida, Pateta, Clarabela e Pluto. Isso oferece uma grande variedade de op\u00e7\u00f5es para quem deseja criar seus pr\u00f3prios amigurumis.<br \/>\nEste projeto foi feito com muito amor e carinho, o que se reflete na qualidade do produto final. Al\u00e9m disso, o amor pelo universo da turma do Mickey \u00e9 evidente em cada detalhe da apostila, tornando a experi\u00eancia de cria\u00e7\u00e3o ainda mais especial e divertida.<\/p>\n<p>Lembrando que qualquer material adquirido em nossa loja, voc\u00ea estar\u00e1 ajudando a muitas fam\u00edlias que vivem do artesanato no Brasil.<\/p>\n<p><strong>Obrigado e \u00f3timo aprendizado!<\/strong><br \/>\n<strong>Um grande Abra\u00e7o da Equipe Artesanato In Casa<\/strong><\/p>\n","protected":false},"featured_media":3083,"comment_status":"open","ping_status":"closed","template":"","meta":{"_monsterinsights_skip_tracking":false,"_monsterinsights_sitenote_active":false,"_monsterinsights_sitenote_note":"","_monsterinsights_sitenote_category":0},"product_brand":[],"product_cat":[169,165],"product_tag":[260,251,259,261,195,256,100,243,255,252,257,262,263,258,250,105],"class_list":{"0":"post-3082","1":"product","2":"type-product","3":"status-publish","4":"has-post-thumbnail","6":"product_cat-apostilas","7":"product_cat-revistas-e-apostilas","8":"product_tag-artesa","9":"product_tag-artesanato","10":"product_tag-artesao","11":"product_tag-biscuit","12":"product_tag-bordado","13":"product_tag-cartonagem","14":"product_tag-colorido","15":"product_tag-costura-criativa","16":"product_tag-croche","17":"product_tag-empreender","18":"product_tag-encadernacao","19":"product_tag-eva","20":"product_tag-fita","21":"product_tag-marketingdigital","22":"product_tag-revista","23":"product_tag-revista-artesanato","24":"dc_vendor_shop-artesanatoincasa","26":"first","27":"instock","28":"sale","29":"downloadable","30":"virtual","31":"taxable","32":"purchasable","33":"product-type-simple"},"yoast_head":"<!-- This site is optimized with the Yoast SEO plugin v27.4 - https:\/\/yoast.com\/product\/yoast-seo-wordpress\/ -->\n<title>Apostila Digital AMIGURUMI in Casa - Especial Personagens - Loja Artesanato In Casa<\/title>\n<meta name=\"robots\" content=\"index, follow, max-snippet:-1, max-image-preview:large, max-video-preview:-1\" \/>\n<link rel=\"canonical\" href=\"https:\/\/artesanatoincasa.com.br\/loja\/produto\/revistas-e-apostilas\/apostila-digital-amigurumi-in-casa-especial-personagens\/\" \/>\n<meta property=\"og:locale\" content=\"pt_BR\" \/>\n<meta property=\"og:type\" content=\"article\" \/>\n<meta property=\"og:title\" content=\"Apostila Digital AMIGURUMI in Casa - Especial Personagens - Loja Artesanato In Casa\" \/>\n<meta property=\"og:description\" content=\"Apostila Digital AMIGURUMI in Casa - Especial Personagens + BRINDE  Fa\u00e7a voc\u00ea tamb\u00e9m o seu mundo m\u00e1gico!!!  Arquivo em PDF ilustrado com o passo a passo fotografados para confeccionar 8 amigurumis.  - Mickey Mouse  - Mickey Mouse Retr\u00f4  - Minnie Mouse  - Pato Donald  - Margarida  - Pateta  - Clarabela  - Pluto  Vantagens: Passo a passo ilustrado: Apostila Digital AMIGURUMI in Casa - Especial Personagens feito por Emp\u00f3rio Amigurumi, oferece um guia completo e ilustrado para a confec\u00e7\u00e3o de 8 pe\u00e7as da turma do Mickey. Isso torna o processo de cria\u00e7\u00e3o mais f\u00e1cil e acess\u00edvel para qualquer pessoa, mesmo para iniciantes.  Variedade de personagens: Com Apostila Digital AMIGURUMI in Casa - Especial Personagensi, \u00e9 poss\u00edvel criar 8 personagens diferentes da turma do Mickey, incluindo o Mickey Mouse, Minnie Mouse, Pato Donald, Margarida, Pateta, Clarabela e Pluto. Isso oferece uma grande variedade de op\u00e7\u00f5es para quem deseja criar seus pr\u00f3prios amigurumis. Este projeto foi feito com muito amor e carinho, o que se reflete na qualidade do produto final. Al\u00e9m disso, o amor pelo universo da turma do Mickey \u00e9 evidente em cada detalhe da apostila, tornando a experi\u00eancia de cria\u00e7\u00e3o ainda mais especial e divertida.  Lembrando que qualquer material adquirido em nossa loja, voc\u00ea estar\u00e1 ajudando a muitas fam\u00edlias que vivem do artesanato no Brasil.  Obrigado e \u00f3timo aprendizado! Um grande Abra\u00e7o da Equipe Artesanato In Casa\" \/>\n<meta property=\"og:url\" content=\"https:\/\/artesanatoincasa.com.br\/loja\/produto\/revistas-e-apostilas\/apostila-digital-amigurumi-in-casa-especial-personagens\/\" \/>\n<meta property=\"og:site_name\" content=\"Loja Artesanato In Casa\" \/>\n<meta property=\"article:modified_time\" content=\"2024-09-17T19:15:43+00:00\" \/>\n<meta property=\"og:image\" content=\"http:\/\/artesanatoincasa.com.br\/loja\/wp-content\/uploads\/2024\/07\/07-Apostila-Digital_Mariana-Carvalho_Vol-3_Personagens__v2-1-scaled.jpg\" \/>\n\t<meta property=\"og:image:width\" content=\"1604\" \/>\n\t<meta property=\"og:image:height\" content=\"2560\" \/>\n\t<meta property=\"og:image:type\" content=\"image\/jpeg\" \/>\n<script type=\"application\/ld+json\" class=\"yoast-schema-graph\">{\"@context\":\"https:\\\/\\\/schema.org\",\"@graph\":[{\"@type\":\"WebPage\",\"@id\":\"https:\\\/\\\/artesanatoincasa.com.br\\\/loja\\\/produto\\\/revistas-e-apostilas\\\/apostila-digital-amigurumi-in-casa-especial-personagens\\\/\",\"url\":\"https:\\\/\\\/artesanatoincasa.com.br\\\/loja\\\/produto\\\/revistas-e-apostilas\\\/apostila-digital-amigurumi-in-casa-especial-personagens\\\/\",\"name\":\"Apostila Digital AMIGURUMI in Casa - Especial Personagens - Loja Artesanato In Casa\",\"isPartOf\":{\"@id\":\"https:\\\/\\\/artesanatoincasa.com.br\\\/loja\\\/#website\"},\"primaryImageOfPage\":{\"@id\":\"https:\\\/\\\/artesanatoincasa.com.br\\\/loja\\\/produto\\\/revistas-e-apostilas\\\/apostila-digital-amigurumi-in-casa-especial-personagens\\\/#primaryimage\"},\"image\":{\"@id\":\"https:\\\/\\\/artesanatoincasa.com.br\\\/loja\\\/produto\\\/revistas-e-apostilas\\\/apostila-digital-amigurumi-in-casa-especial-personagens\\\/#primaryimage\"},\"thumbnailUrl\":\"https:\\\/\\\/artesanatoincasa.com.br\\\/loja\\\/wp-content\\\/uploads\\\/2024\\\/07\\\/07-Apostila-Digital_Mariana-Carvalho_Vol-3_Personagens__v2-1-scaled.jpg\",\"datePublished\":\"2024-07-16T22:19:52+00:00\",\"dateModified\":\"2024-09-17T19:15:43+00:00\",\"breadcrumb\":{\"@id\":\"https:\\\/\\\/artesanatoincasa.com.br\\\/loja\\\/produto\\\/revistas-e-apostilas\\\/apostila-digital-amigurumi-in-casa-especial-personagens\\\/#breadcrumb\"},\"inLanguage\":\"pt-BR\",\"potentialAction\":[{\"@type\":\"ReadAction\",\"target\":[\"https:\\\/\\\/artesanatoincasa.com.br\\\/loja\\\/produto\\\/revistas-e-apostilas\\\/apostila-digital-amigurumi-in-casa-especial-personagens\\\/\"]}]},{\"@type\":\"ImageObject\",\"inLanguage\":\"pt-BR\",\"@id\":\"https:\\\/\\\/artesanatoincasa.com.br\\\/loja\\\/produto\\\/revistas-e-apostilas\\\/apostila-digital-amigurumi-in-casa-especial-personagens\\\/#primaryimage\",\"url\":\"https:\\\/\\\/artesanatoincasa.com.br\\\/loja\\\/wp-content\\\/uploads\\\/2024\\\/07\\\/07-Apostila-Digital_Mariana-Carvalho_Vol-3_Personagens__v2-1-scaled.jpg\",\"contentUrl\":\"https:\\\/\\\/artesanatoincasa.com.br\\\/loja\\\/wp-content\\\/uploads\\\/2024\\\/07\\\/07-Apostila-Digital_Mariana-Carvalho_Vol-3_Personagens__v2-1-scaled.jpg\",\"width\":1604,\"height\":2560},{\"@type\":\"BreadcrumbList\",\"@id\":\"https:\\\/\\\/artesanatoincasa.com.br\\\/loja\\\/produto\\\/revistas-e-apostilas\\\/apostila-digital-amigurumi-in-casa-especial-personagens\\\/#breadcrumb\",\"itemListElement\":[{\"@type\":\"ListItem\",\"position\":1,\"name\":\"In\u00edcio\",\"item\":\"https:\\\/\\\/artesanatoincasa.com.br\\\/loja\\\/\"},{\"@type\":\"ListItem\",\"position\":2,\"name\":\"Produtos\",\"item\":\"https:\\\/\\\/artesanatoincasa.com.br\\\/loja\\\/loja\\\/\"},{\"@type\":\"ListItem\",\"position\":3,\"name\":\"Apostila Digital AMIGURUMI in Casa &#8211; Especial Personagens\"}]},{\"@type\":\"WebSite\",\"@id\":\"https:\\\/\\\/artesanatoincasa.com.br\\\/loja\\\/#website\",\"url\":\"https:\\\/\\\/artesanatoincasa.com.br\\\/loja\\\/\",\"name\":\"Loja Artesanato In Casa\",\"description\":\"Marketplace exclusivo para artes\u00e3os!\",\"publisher\":{\"@id\":\"https:\\\/\\\/artesanatoincasa.com.br\\\/loja\\\/#organization\"},\"alternateName\":\"Loja Artesanato In Casa\",\"potentialAction\":[{\"@type\":\"SearchAction\",\"target\":{\"@type\":\"EntryPoint\",\"urlTemplate\":\"https:\\\/\\\/artesanatoincasa.com.br\\\/loja\\\/?s={search_term_string}\"},\"query-input\":{\"@type\":\"PropertyValueSpecification\",\"valueRequired\":true,\"valueName\":\"search_term_string\"}}],\"inLanguage\":\"pt-BR\"},{\"@type\":\"Organization\",\"@id\":\"https:\\\/\\\/artesanatoincasa.com.br\\\/loja\\\/#organization\",\"name\":\"Loja Artesanato In Casa\",\"alternateName\":\"Loja Artesanato In Casa\",\"url\":\"https:\\\/\\\/artesanatoincasa.com.br\\\/loja\\\/\",\"logo\":{\"@type\":\"ImageObject\",\"inLanguage\":\"pt-BR\",\"@id\":\"https:\\\/\\\/artesanatoincasa.com.br\\\/loja\\\/#\\\/schema\\\/logo\\\/image\\\/\",\"url\":\"http:\\\/\\\/artesanatoincasa.com.br\\\/loja\\\/wp-content\\\/uploads\\\/2023\\\/07\\\/Logo-Marketing-Place.png\",\"contentUrl\":\"http:\\\/\\\/artesanatoincasa.com.br\\\/loja\\\/wp-content\\\/uploads\\\/2023\\\/07\\\/Logo-Marketing-Place.png\",\"width\":698,\"height\":390,\"caption\":\"Loja Artesanato In Casa\"},\"image\":{\"@id\":\"https:\\\/\\\/artesanatoincasa.com.br\\\/loja\\\/#\\\/schema\\\/logo\\\/image\\\/\"}}]}<\/script>\n<!-- \/ Yoast SEO plugin. -->","yoast_head_json":{"title":"Apostila Digital AMIGURUMI in Casa - Especial Personagens - Loja Artesanato In Casa","robots":{"index":"index","follow":"follow","max-snippet":"max-snippet:-1","max-image-preview":"max-image-preview:large","max-video-preview":"max-video-preview:-1"},"canonical":"https:\/\/artesanatoincasa.com.br\/loja\/produto\/revistas-e-apostilas\/apostila-digital-amigurumi-in-casa-especial-personagens\/","og_locale":"pt_BR","og_type":"article","og_title":"Apostila Digital AMIGURUMI in Casa - Especial Personagens - Loja Artesanato In Casa","og_description":"Apostila Digital AMIGURUMI in Casa - Especial Personagens + BRINDE  Fa\u00e7a voc\u00ea tamb\u00e9m o seu mundo m\u00e1gico!!!  Arquivo em PDF ilustrado com o passo a passo fotografados para confeccionar 8 amigurumis.  - Mickey Mouse  - Mickey Mouse Retr\u00f4  - Minnie Mouse  - Pato Donald  - Margarida  - Pateta  - Clarabela  - Pluto  Vantagens: Passo a passo ilustrado: Apostila Digital AMIGURUMI in Casa - Especial Personagens feito por Emp\u00f3rio Amigurumi, oferece um guia completo e ilustrado para a confec\u00e7\u00e3o de 8 pe\u00e7as da turma do Mickey. Isso torna o processo de cria\u00e7\u00e3o mais f\u00e1cil e acess\u00edvel para qualquer pessoa, mesmo para iniciantes.  Variedade de personagens: Com Apostila Digital AMIGURUMI in Casa - Especial Personagensi, \u00e9 poss\u00edvel criar 8 personagens diferentes da turma do Mickey, incluindo o Mickey Mouse, Minnie Mouse, Pato Donald, Margarida, Pateta, Clarabela e Pluto. Isso oferece uma grande variedade de op\u00e7\u00f5es para quem deseja criar seus pr\u00f3prios amigurumis. Este projeto foi feito com muito amor e carinho, o que se reflete na qualidade do produto final. Al\u00e9m disso, o amor pelo universo da turma do Mickey \u00e9 evidente em cada detalhe da apostila, tornando a experi\u00eancia de cria\u00e7\u00e3o ainda mais especial e divertida.  Lembrando que qualquer material adquirido em nossa loja, voc\u00ea estar\u00e1 ajudando a muitas fam\u00edlias que vivem do artesanato no Brasil.  Obrigado e \u00f3timo aprendizado! Um grande Abra\u00e7o da Equipe Artesanato In Casa","og_url":"https:\/\/artesanatoincasa.com.br\/loja\/produto\/revistas-e-apostilas\/apostila-digital-amigurumi-in-casa-especial-personagens\/","og_site_name":"Loja Artesanato In Casa","article_modified_time":"2024-09-17T19:15:43+00:00","og_image":[{"width":1604,"height":2560,"url":"http:\/\/artesanatoincasa.com.br\/loja\/wp-content\/uploads\/2024\/07\/07-Apostila-Digital_Mariana-Carvalho_Vol-3_Personagens__v2-1-scaled.jpg","type":"image\/jpeg"}],"schema":{"@context":"https:\/\/schema.org","@graph":[{"@type":"WebPage","@id":"https:\/\/artesanatoincasa.com.br\/loja\/produto\/revistas-e-apostilas\/apostila-digital-amigurumi-in-casa-especial-personagens\/","url":"https:\/\/artesanatoincasa.com.br\/loja\/produto\/revistas-e-apostilas\/apostila-digital-amigurumi-in-casa-especial-personagens\/","name":"Apostila Digital AMIGURUMI in Casa - Especial Personagens - Loja Artesanato In Casa","isPartOf":{"@id":"https:\/\/artesanatoincasa.com.br\/loja\/#website"},"primaryImageOfPage":{"@id":"https:\/\/artesanatoincasa.com.br\/loja\/produto\/revistas-e-apostilas\/apostila-digital-amigurumi-in-casa-especial-personagens\/#primaryimage"},"image":{"@id":"https:\/\/artesanatoincasa.com.br\/loja\/produto\/revistas-e-apostilas\/apostila-digital-amigurumi-in-casa-especial-personagens\/#primaryimage"},"thumbnailUrl":"https:\/\/artesanatoincasa.com.br\/loja\/wp-content\/uploads\/2024\/07\/07-Apostila-Digital_Mariana-Carvalho_Vol-3_Personagens__v2-1-scaled.jpg","datePublished":"2024-07-16T22:19:52+00:00","dateModified":"2024-09-17T19:15:43+00:00","breadcrumb":{"@id":"https:\/\/artesanatoincasa.com.br\/loja\/produto\/revistas-e-apostilas\/apostila-digital-amigurumi-in-casa-especial-personagens\/#breadcrumb"},"inLanguage":"pt-BR","potentialAction":[{"@type":"ReadAction","target":["https:\/\/artesanatoincasa.com.br\/loja\/produto\/revistas-e-apostilas\/apostila-digital-amigurumi-in-casa-especial-personagens\/"]}]},{"@type":"ImageObject","inLanguage":"pt-BR","@id":"https:\/\/artesanatoincasa.com.br\/loja\/produto\/revistas-e-apostilas\/apostila-digital-amigurumi-in-casa-especial-personagens\/#primaryimage","url":"https:\/\/artesanatoincasa.com.br\/loja\/wp-content\/uploads\/2024\/07\/07-Apostila-Digital_Mariana-Carvalho_Vol-3_Personagens__v2-1-scaled.jpg","contentUrl":"https:\/\/artesanatoincasa.com.br\/loja\/wp-content\/uploads\/2024\/07\/07-Apostila-Digital_Mariana-Carvalho_Vol-3_Personagens__v2-1-scaled.jpg","width":1604,"height":2560},{"@type":"BreadcrumbList","@id":"https:\/\/artesanatoincasa.com.br\/loja\/produto\/revistas-e-apostilas\/apostila-digital-amigurumi-in-casa-especial-personagens\/#breadcrumb","itemListElement":[{"@type":"ListItem","position":1,"name":"In\u00edcio","item":"https:\/\/artesanatoincasa.com.br\/loja\/"},{"@type":"ListItem","position":2,"name":"Produtos","item":"https:\/\/artesanatoincasa.com.br\/loja\/loja\/"},{"@type":"ListItem","position":3,"name":"Apostila Digital AMIGURUMI in Casa &#8211; Especial Personagens"}]},{"@type":"WebSite","@id":"https:\/\/artesanatoincasa.com.br\/loja\/#website","url":"https:\/\/artesanatoincasa.com.br\/loja\/","name":"Loja Artesanato In Casa","description":"Marketplace exclusivo para artes\u00e3os!","publisher":{"@id":"https:\/\/artesanatoincasa.com.br\/loja\/#organization"},"alternateName":"Loja Artesanato In Casa","potentialAction":[{"@type":"SearchAction","target":{"@type":"EntryPoint","urlTemplate":"https:\/\/artesanatoincasa.com.br\/loja\/?s={search_term_string}"},"query-input":{"@type":"PropertyValueSpecification","valueRequired":true,"valueName":"search_term_string"}}],"inLanguage":"pt-BR"},{"@type":"Organization","@id":"https:\/\/artesanatoincasa.com.br\/loja\/#organization","name":"Loja Artesanato In Casa","alternateName":"Loja Artesanato In Casa","url":"https:\/\/artesanatoincasa.com.br\/loja\/","logo":{"@type":"ImageObject","inLanguage":"pt-BR","@id":"https:\/\/artesanatoincasa.com.br\/loja\/#\/schema\/logo\/image\/","url":"http:\/\/artesanatoincasa.com.br\/loja\/wp-content\/uploads\/2023\/07\/Logo-Marketing-Place.png","contentUrl":"http:\/\/artesanatoincasa.com.br\/loja\/wp-content\/uploads\/2023\/07\/Logo-Marketing-Place.png","width":698,"height":390,"caption":"Loja Artesanato In Casa"},"image":{"@id":"https:\/\/artesanatoincasa.com.br\/loja\/#\/schema\/logo\/image\/"}}]}},"_links":{"self":[{"href":"https:\/\/artesanatoincasa.com.br\/loja\/wp-json\/wp\/v2\/product\/3082","targetHints":{"allow":["GET"]}}],"collection":[{"href":"https:\/\/artesanatoincasa.com.br\/loja\/wp-json\/wp\/v2\/product"}],"about":[{"href":"https:\/\/artesanatoincasa.com.br\/loja\/wp-json\/wp\/v2\/types\/product"}],"replies":[{"embeddable":true,"href":"https:\/\/artesanatoincasa.com.br\/loja\/wp-json\/wp\/v2\/comments?post=3082"}],"wp:featuredmedia":[{"embeddable":true,"href":"https:\/\/artesanatoincasa.com.br\/loja\/wp-json\/wp\/v2\/media\/3083"}],"wp:attachment":[{"href":"https:\/\/artesanatoincasa.com.br\/loja\/wp-json\/wp\/v2\/media?parent=3082"}],"wp:term":[{"taxonomy":"product_brand","embeddable":true,"href":"https:\/\/artesanatoincasa.com.br\/loja\/wp-json\/wp\/v2\/product_brand?post=3082"},{"taxonomy":"product_cat","embeddable":true,"href":"https:\/\/artesanatoincasa.com.br\/loja\/wp-json\/wp\/v2\/product_cat?post=3082"},{"taxonomy":"product_tag","embeddable":true,"href":"https:\/\/artesanatoincasa.com.br\/loja\/wp-json\/wp\/v2\/product_tag?post=3082"}],"curies":[{"name":"wp","href":"https:\/\/api.w.org\/{rel}","templated":true}]}}