{"id":2807,"date":"2024-06-14T19:11:41","date_gmt":"2024-06-14T22:11:41","guid":{"rendered":"https:\/\/artesanatoincasa.com.br\/loja\/?post_type=product&#038;p=2807"},"modified":"2024-10-08T16:42:17","modified_gmt":"2024-10-08T19:42:17","slug":"revista-artesanato-in-casa-ed-17-versao-digital","status":"publish","type":"product","link":"https:\/\/artesanatoincasa.com.br\/loja\/produto\/revistas-e-apostilas\/revista-artesanato-in-casa-ed-17-versao-digital\/","title":{"rendered":"Revista Artesanato In Casa Ed. 17 \u2013 VERS\u00c3O DIGITAL + BRINDE"},"content":{"rendered":"<p>Muito artesanato de qualidade em nossa Revista Artesanato In Casa Ed.17<\/p>\n<h1><strong>VERS\u00c3O DIGITAL <\/strong><strong>+ BRINDE <\/strong><strong>(E-book in Casa &#8211; Introdu\u00e7\u00e3o ao Marketing Digital para Artes\u00e3os).<\/strong><\/h1>\n<p><strong>Nesta edi\u00e7\u00e3o voc\u00ea ir\u00e1 encontrar:<\/strong><\/p>\n<p><strong>PASSO A PASSOS COMPLETOS<\/strong> para voc\u00ea APRENDER e LUCRAR, fazer como HOBBY ou como TERAPIA:<\/p>\n<p><strong>\u2022 Arte em Biscuit<\/strong> com Sabrina Rodrigues | <strong>Pe\u00e7a:<\/strong> Lumin\u00e1ria dos Desejos<\/p>\n<p><strong>\u2022 Cartonagem e Encaderna\u00e7\u00e3o<\/strong> com Dani Morbi | <strong>Pe\u00e7a:<\/strong> Organizador Desktop<\/p>\n<p><strong>\u2022 Arte em Feltro<\/strong> com Deia Nascimento | <strong>Pe\u00e7a:<\/strong> Porta-Fraldas Baby Raposinha<\/p>\n<p><strong>\u2022 Pintura em Tecido<\/strong> com Alana Meyre | <strong>Pe\u00e7a:<\/strong> Gatinha Gigi<\/p>\n<p><strong>APRENDA A FAZER TAMB\u00c9M&#8230;<\/strong><\/p>\n<p>\u2022 La\u00e7o Coquete Cleide<\/p>\n<p>\u2022 Saia Square em Croch\u00ea<\/p>\n<p>\u2022 Compressa com Retalhos<\/p>\n<p>\u2022 Barrado Afeto em Croch\u00ea<\/p>\n<p>\u2022 Ponteira Ursinho Zangado em EVA.<\/p>\n<p><strong>E MAIS:<\/strong><\/p>\n<p><strong>\u2022 Sess\u00e3o Peter Paiva:<\/strong> \u201cA Ousadia que Nos Transp\u00f5e ao Sucesso\u201d;<\/p>\n<p><strong>\u2022 A arte da fotografia de produto:<\/strong> Dicas essenciais para artes\u00e3os empreendedores Por Bia Hertzing;<\/p>\n<p><strong>\u2022 Hist\u00f3ria de Sucesso com Andreia Bassan;<\/strong><\/p>\n<p><em><strong>Al\u00e9m de:<\/strong><\/em> Moldes e Riscos em Tamanho Real para baixar \u2022 Artigo: SOMOS M\u00c3OS QUE CONSTROEM ESPERAN\u00c7A | Canal Craft &#8211; com Bete<br \/>\nMonta e Faiga Silveira \u2022 Ca\u00e7a-Palavras Artesanato \u2022 Muitos artes\u00e3os de diversas t\u00e9cnicas, onde voc\u00ea pode entrar em contato para<br \/>\nfazer encomendas \u2022 V\u00e1rias empresas de mat\u00e9ria-prima com descontos especiais para os leitores da revista.<\/p>\n<p><strong>APROVEITE!<\/strong><\/p>\n","protected":false},"excerpt":{"rendered":"<p>Muito artesanato de qualidade em nossa Revista Artesanato In Casa Ed.17<\/p>\n<h1><strong>VERS\u00c3O DIGITAL + BRINDE (E-book in Casa &#8211; Introdu\u00e7\u00e3o ao Marketing Digital para Artes\u00e3os).<\/strong><\/h1>\n<p><strong>Nesta edi\u00e7\u00e3o voc\u00ea ir\u00e1 encontrar:<\/strong><\/p>\n<p><strong>PASSO A PASSOS COMPLETOS<\/strong> para voc\u00ea APRENDER e LUCRAR, fazer como HOBBY ou como TERAPIA:<\/p>\n<p><strong>\u2022 Arte em Biscuit<\/strong> com Sabrina Rodrigues | <strong>Pe\u00e7a:<\/strong> Lumin\u00e1ria dos Desejos<\/p>\n<p><strong>\u2022 Cartonagem e Encaderna\u00e7\u00e3o<\/strong> com Dani Morbi | <strong>Pe\u00e7a:<\/strong> Organizador Desktop<\/p>\n<p><strong>\u2022 Arte em Feltro<\/strong> com Deia Nascimento | <strong>Pe\u00e7a:<\/strong> Porta-Fraldas Baby Raposinha<\/p>\n<p><strong>\u2022 Pintura em Tecido<\/strong> com Alana Meyre | <strong>Pe\u00e7a:<\/strong> Gatinha Gigi<\/p>\n<p><strong>APRENDA A FAZER TAMB\u00c9M&#8230;<\/strong><\/p>\n<p>\u2022 La\u00e7o Coquete Cleide<\/p>\n<p>\u2022 Saia Square em Croch\u00ea<\/p>\n<p>\u2022 Compressa com Retalhos<\/p>\n<p>\u2022 Barrado Afeto em Croch\u00ea<\/p>\n<p>\u2022 Ponteira Ursinho Zangado em EVA.<\/p>\n<p><strong>E MAIS:<\/strong><\/p>\n<p><strong>\u2022 Sess\u00e3o Peter Paiva:<\/strong> \u201cA Ousadia que Nos Transp\u00f5e ao Sucesso\u201d;<\/p>\n<p><strong>\u2022 A arte da fotografia de produto:<\/strong> Dicas essenciais para artes\u00e3os empreendedores Por Bia Hertzing;<\/p>\n<p><strong>\u2022 Hist\u00f3ria de Sucesso com Andreia Bassan;<\/strong><\/p>\n<p><em><strong>Al\u00e9m de:<\/strong><\/em> Moldes e Riscos em Tamanho Real para baixar \u2022 Artigo: SOMOS M\u00c3OS QUE CONSTROEM ESPERAN\u00c7A | Canal Craft &#8211; com Bete<br \/>\nMonta e Faiga Silveira \u2022 Ca\u00e7a-Palavras Artesanato \u2022 Muitos artes\u00e3os de diversas t\u00e9cnicas, onde voc\u00ea pode entrar em contato para<br \/>\nfazer encomendas \u2022 V\u00e1rias empresas de mat\u00e9ria-prima com descontos especiais para os leitores da revista.<\/p>\n<p><strong>APROVEITE!<\/strong><\/p>\n","protected":false},"featured_media":3227,"comment_status":"open","ping_status":"closed","template":"","meta":{"_monsterinsights_skip_tracking":false,"_monsterinsights_sitenote_active":false,"_monsterinsights_sitenote_note":"","_monsterinsights_sitenote_category":0},"product_brand":[],"product_cat":[168,165],"product_tag":[260,251,259,261,195,256,100,243,255,252,257,262,263,253,258,254,237,250,105],"class_list":{"0":"post-2807","1":"product","2":"type-product","3":"status-publish","4":"has-post-thumbnail","6":"product_cat-revistas","7":"product_cat-revistas-e-apostilas","8":"product_tag-artesa","9":"product_tag-artesanato","10":"product_tag-artesao","11":"product_tag-biscuit","12":"product_tag-bordado","13":"product_tag-cartonagem","14":"product_tag-colorido","15":"product_tag-costura-criativa","16":"product_tag-croche","17":"product_tag-empreender","18":"product_tag-encadernacao","19":"product_tag-eva","20":"product_tag-fita","21":"product_tag-fotografia","22":"product_tag-marketingdigital","23":"product_tag-pintura","24":"product_tag-renda","25":"product_tag-revista","26":"product_tag-revista-artesanato","27":"dc_vendor_shop-artesanatoincasa","29":"first","30":"instock","31":"sale","32":"downloadable","33":"virtual","34":"taxable","35":"purchasable","36":"product-type-simple"},"yoast_head":"<!-- This site is optimized with the Yoast SEO plugin v27.4 - https:\/\/yoast.com\/product\/yoast-seo-wordpress\/ -->\n<title>Revista Artesanato In Casa Ed. 17 \u2013 VERS\u00c3O DIGITAL + BRINDE - Loja Artesanato In Casa<\/title>\n<meta name=\"robots\" content=\"index, follow, max-snippet:-1, max-image-preview:large, max-video-preview:-1\" \/>\n<link rel=\"canonical\" href=\"https:\/\/artesanatoincasa.com.br\/loja\/produto\/revistas-e-apostilas\/revista-artesanato-in-casa-ed-17-versao-digital\/\" \/>\n<meta property=\"og:locale\" content=\"pt_BR\" \/>\n<meta property=\"og:type\" content=\"article\" \/>\n<meta property=\"og:title\" content=\"Revista Artesanato In Casa Ed. 17 \u2013 VERS\u00c3O DIGITAL + BRINDE - Loja Artesanato In Casa\" \/>\n<meta property=\"og:description\" content=\"Muito artesanato de qualidade em nossa Revista Artesanato In Casa Ed.17 VERS\u00c3O DIGITAL + BRINDE (E-book in Casa - Introdu\u00e7\u00e3o ao Marketing Digital para Artes\u00e3os). Nesta edi\u00e7\u00e3o voc\u00ea ir\u00e1 encontrar:  PASSO A PASSOS COMPLETOS para voc\u00ea APRENDER e LUCRAR, fazer como HOBBY ou como TERAPIA:  \u2022 Arte em Biscuit com Sabrina Rodrigues | Pe\u00e7a: Lumin\u00e1ria dos Desejos  \u2022 Cartonagem e Encaderna\u00e7\u00e3o com Dani Morbi | Pe\u00e7a: Organizador Desktop  \u2022 Arte em Feltro com Deia Nascimento | Pe\u00e7a: Porta-Fraldas Baby Raposinha  \u2022 Pintura em Tecido com Alana Meyre | Pe\u00e7a: Gatinha Gigi  APRENDA A FAZER TAMB\u00c9M...  \u2022 La\u00e7o Coquete Cleide  \u2022 Saia Square em Croch\u00ea  \u2022 Compressa com Retalhos  \u2022 Barrado Afeto em Croch\u00ea  \u2022 Ponteira Ursinho Zangado em EVA.  E MAIS:  \u2022 Sess\u00e3o Peter Paiva: \u201cA Ousadia que Nos Transp\u00f5e ao Sucesso\u201d;  \u2022 A arte da fotografia de produto: Dicas essenciais para artes\u00e3os empreendedores Por Bia Hertzing;  \u2022 Hist\u00f3ria de Sucesso com Andreia Bassan;  Al\u00e9m de: Moldes e Riscos em Tamanho Real para baixar \u2022 Artigo: SOMOS M\u00c3OS QUE CONSTROEM ESPERAN\u00c7A | Canal Craft - com Bete Monta e Faiga Silveira \u2022 Ca\u00e7a-Palavras Artesanato \u2022 Muitos artes\u00e3os de diversas t\u00e9cnicas, onde voc\u00ea pode entrar em contato para fazer encomendas \u2022 V\u00e1rias empresas de mat\u00e9ria-prima com descontos especiais para os leitores da revista.  APROVEITE!\" \/>\n<meta property=\"og:url\" content=\"https:\/\/artesanatoincasa.com.br\/loja\/produto\/revistas-e-apostilas\/revista-artesanato-in-casa-ed-17-versao-digital\/\" \/>\n<meta property=\"og:site_name\" content=\"Loja Artesanato In Casa\" \/>\n<meta property=\"article:modified_time\" content=\"2024-10-08T19:42:17+00:00\" \/>\n<meta property=\"og:image\" content=\"http:\/\/artesanatoincasa.com.br\/loja\/wp-content\/uploads\/2024\/09\/Revista-Artesanato-In-Casa-1024x1024.png\" \/>\n\t<meta property=\"og:image:width\" content=\"1024\" \/>\n\t<meta property=\"og:image:height\" content=\"1024\" \/>\n\t<meta property=\"og:image:type\" content=\"image\/png\" \/>\n<script type=\"application\/ld+json\" class=\"yoast-schema-graph\">{\"@context\":\"https:\\\/\\\/schema.org\",\"@graph\":[{\"@type\":\"WebPage\",\"@id\":\"https:\\\/\\\/artesanatoincasa.com.br\\\/loja\\\/produto\\\/revistas-e-apostilas\\\/revista-artesanato-in-casa-ed-17-versao-digital\\\/\",\"url\":\"https:\\\/\\\/artesanatoincasa.com.br\\\/loja\\\/produto\\\/revistas-e-apostilas\\\/revista-artesanato-in-casa-ed-17-versao-digital\\\/\",\"name\":\"Revista Artesanato In Casa Ed. 17 \u2013 VERS\u00c3O DIGITAL + BRINDE - Loja Artesanato In Casa\",\"isPartOf\":{\"@id\":\"https:\\\/\\\/artesanatoincasa.com.br\\\/loja\\\/#website\"},\"primaryImageOfPage\":{\"@id\":\"https:\\\/\\\/artesanatoincasa.com.br\\\/loja\\\/produto\\\/revistas-e-apostilas\\\/revista-artesanato-in-casa-ed-17-versao-digital\\\/#primaryimage\"},\"image\":{\"@id\":\"https:\\\/\\\/artesanatoincasa.com.br\\\/loja\\\/produto\\\/revistas-e-apostilas\\\/revista-artesanato-in-casa-ed-17-versao-digital\\\/#primaryimage\"},\"thumbnailUrl\":\"https:\\\/\\\/artesanatoincasa.com.br\\\/loja\\\/wp-content\\\/uploads\\\/2024\\\/09\\\/Revista-Artesanato-In-Casa.png\",\"datePublished\":\"2024-06-14T22:11:41+00:00\",\"dateModified\":\"2024-10-08T19:42:17+00:00\",\"breadcrumb\":{\"@id\":\"https:\\\/\\\/artesanatoincasa.com.br\\\/loja\\\/produto\\\/revistas-e-apostilas\\\/revista-artesanato-in-casa-ed-17-versao-digital\\\/#breadcrumb\"},\"inLanguage\":\"pt-BR\",\"potentialAction\":[{\"@type\":\"ReadAction\",\"target\":[\"https:\\\/\\\/artesanatoincasa.com.br\\\/loja\\\/produto\\\/revistas-e-apostilas\\\/revista-artesanato-in-casa-ed-17-versao-digital\\\/\"]}]},{\"@type\":\"ImageObject\",\"inLanguage\":\"pt-BR\",\"@id\":\"https:\\\/\\\/artesanatoincasa.com.br\\\/loja\\\/produto\\\/revistas-e-apostilas\\\/revista-artesanato-in-casa-ed-17-versao-digital\\\/#primaryimage\",\"url\":\"https:\\\/\\\/artesanatoincasa.com.br\\\/loja\\\/wp-content\\\/uploads\\\/2024\\\/09\\\/Revista-Artesanato-In-Casa.png\",\"contentUrl\":\"https:\\\/\\\/artesanatoincasa.com.br\\\/loja\\\/wp-content\\\/uploads\\\/2024\\\/09\\\/Revista-Artesanato-In-Casa.png\",\"width\":1200,\"height\":1200},{\"@type\":\"BreadcrumbList\",\"@id\":\"https:\\\/\\\/artesanatoincasa.com.br\\\/loja\\\/produto\\\/revistas-e-apostilas\\\/revista-artesanato-in-casa-ed-17-versao-digital\\\/#breadcrumb\",\"itemListElement\":[{\"@type\":\"ListItem\",\"position\":1,\"name\":\"In\u00edcio\",\"item\":\"https:\\\/\\\/artesanatoincasa.com.br\\\/loja\\\/\"},{\"@type\":\"ListItem\",\"position\":2,\"name\":\"Produtos\",\"item\":\"https:\\\/\\\/artesanatoincasa.com.br\\\/loja\\\/loja\\\/\"},{\"@type\":\"ListItem\",\"position\":3,\"name\":\"Revista Artesanato In Casa Ed. 17 \u2013 VERS\u00c3O DIGITAL + BRINDE\"}]},{\"@type\":\"WebSite\",\"@id\":\"https:\\\/\\\/artesanatoincasa.com.br\\\/loja\\\/#website\",\"url\":\"https:\\\/\\\/artesanatoincasa.com.br\\\/loja\\\/\",\"name\":\"Loja Artesanato In Casa\",\"description\":\"Marketplace exclusivo para artes\u00e3os!\",\"publisher\":{\"@id\":\"https:\\\/\\\/artesanatoincasa.com.br\\\/loja\\\/#organization\"},\"alternateName\":\"Loja Artesanato In Casa\",\"potentialAction\":[{\"@type\":\"SearchAction\",\"target\":{\"@type\":\"EntryPoint\",\"urlTemplate\":\"https:\\\/\\\/artesanatoincasa.com.br\\\/loja\\\/?s={search_term_string}\"},\"query-input\":{\"@type\":\"PropertyValueSpecification\",\"valueRequired\":true,\"valueName\":\"search_term_string\"}}],\"inLanguage\":\"pt-BR\"},{\"@type\":\"Organization\",\"@id\":\"https:\\\/\\\/artesanatoincasa.com.br\\\/loja\\\/#organization\",\"name\":\"Loja Artesanato In Casa\",\"alternateName\":\"Loja Artesanato In Casa\",\"url\":\"https:\\\/\\\/artesanatoincasa.com.br\\\/loja\\\/\",\"logo\":{\"@type\":\"ImageObject\",\"inLanguage\":\"pt-BR\",\"@id\":\"https:\\\/\\\/artesanatoincasa.com.br\\\/loja\\\/#\\\/schema\\\/logo\\\/image\\\/\",\"url\":\"http:\\\/\\\/artesanatoincasa.com.br\\\/loja\\\/wp-content\\\/uploads\\\/2023\\\/07\\\/Logo-Marketing-Place.png\",\"contentUrl\":\"http:\\\/\\\/artesanatoincasa.com.br\\\/loja\\\/wp-content\\\/uploads\\\/2023\\\/07\\\/Logo-Marketing-Place.png\",\"width\":698,\"height\":390,\"caption\":\"Loja Artesanato In Casa\"},\"image\":{\"@id\":\"https:\\\/\\\/artesanatoincasa.com.br\\\/loja\\\/#\\\/schema\\\/logo\\\/image\\\/\"}}]}<\/script>\n<!-- \/ Yoast SEO plugin. -->","yoast_head_json":{"title":"Revista Artesanato In Casa Ed. 17 \u2013 VERS\u00c3O DIGITAL + BRINDE - Loja Artesanato In Casa","robots":{"index":"index","follow":"follow","max-snippet":"max-snippet:-1","max-image-preview":"max-image-preview:large","max-video-preview":"max-video-preview:-1"},"canonical":"https:\/\/artesanatoincasa.com.br\/loja\/produto\/revistas-e-apostilas\/revista-artesanato-in-casa-ed-17-versao-digital\/","og_locale":"pt_BR","og_type":"article","og_title":"Revista Artesanato In Casa Ed. 17 \u2013 VERS\u00c3O DIGITAL + BRINDE - Loja Artesanato In Casa","og_description":"Muito artesanato de qualidade em nossa Revista Artesanato In Casa Ed.17 VERS\u00c3O DIGITAL + BRINDE (E-book in Casa - Introdu\u00e7\u00e3o ao Marketing Digital para Artes\u00e3os). Nesta edi\u00e7\u00e3o voc\u00ea ir\u00e1 encontrar:  PASSO A PASSOS COMPLETOS para voc\u00ea APRENDER e LUCRAR, fazer como HOBBY ou como TERAPIA:  \u2022 Arte em Biscuit com Sabrina Rodrigues | Pe\u00e7a: Lumin\u00e1ria dos Desejos  \u2022 Cartonagem e Encaderna\u00e7\u00e3o com Dani Morbi | Pe\u00e7a: Organizador Desktop  \u2022 Arte em Feltro com Deia Nascimento | Pe\u00e7a: Porta-Fraldas Baby Raposinha  \u2022 Pintura em Tecido com Alana Meyre | Pe\u00e7a: Gatinha Gigi  APRENDA A FAZER TAMB\u00c9M...  \u2022 La\u00e7o Coquete Cleide  \u2022 Saia Square em Croch\u00ea  \u2022 Compressa com Retalhos  \u2022 Barrado Afeto em Croch\u00ea  \u2022 Ponteira Ursinho Zangado em EVA.  E MAIS:  \u2022 Sess\u00e3o Peter Paiva: \u201cA Ousadia que Nos Transp\u00f5e ao Sucesso\u201d;  \u2022 A arte da fotografia de produto: Dicas essenciais para artes\u00e3os empreendedores Por Bia Hertzing;  \u2022 Hist\u00f3ria de Sucesso com Andreia Bassan;  Al\u00e9m de: Moldes e Riscos em Tamanho Real para baixar \u2022 Artigo: SOMOS M\u00c3OS QUE CONSTROEM ESPERAN\u00c7A | Canal Craft - com Bete Monta e Faiga Silveira \u2022 Ca\u00e7a-Palavras Artesanato \u2022 Muitos artes\u00e3os de diversas t\u00e9cnicas, onde voc\u00ea pode entrar em contato para fazer encomendas \u2022 V\u00e1rias empresas de mat\u00e9ria-prima com descontos especiais para os leitores da revista.  APROVEITE!","og_url":"https:\/\/artesanatoincasa.com.br\/loja\/produto\/revistas-e-apostilas\/revista-artesanato-in-casa-ed-17-versao-digital\/","og_site_name":"Loja Artesanato In Casa","article_modified_time":"2024-10-08T19:42:17+00:00","og_image":[{"width":1024,"height":1024,"url":"http:\/\/artesanatoincasa.com.br\/loja\/wp-content\/uploads\/2024\/09\/Revista-Artesanato-In-Casa-1024x1024.png","type":"image\/png"}],"schema":{"@context":"https:\/\/schema.org","@graph":[{"@type":"WebPage","@id":"https:\/\/artesanatoincasa.com.br\/loja\/produto\/revistas-e-apostilas\/revista-artesanato-in-casa-ed-17-versao-digital\/","url":"https:\/\/artesanatoincasa.com.br\/loja\/produto\/revistas-e-apostilas\/revista-artesanato-in-casa-ed-17-versao-digital\/","name":"Revista Artesanato In Casa Ed. 17 \u2013 VERS\u00c3O DIGITAL + BRINDE - Loja Artesanato In Casa","isPartOf":{"@id":"https:\/\/artesanatoincasa.com.br\/loja\/#website"},"primaryImageOfPage":{"@id":"https:\/\/artesanatoincasa.com.br\/loja\/produto\/revistas-e-apostilas\/revista-artesanato-in-casa-ed-17-versao-digital\/#primaryimage"},"image":{"@id":"https:\/\/artesanatoincasa.com.br\/loja\/produto\/revistas-e-apostilas\/revista-artesanato-in-casa-ed-17-versao-digital\/#primaryimage"},"thumbnailUrl":"https:\/\/artesanatoincasa.com.br\/loja\/wp-content\/uploads\/2024\/09\/Revista-Artesanato-In-Casa.png","datePublished":"2024-06-14T22:11:41+00:00","dateModified":"2024-10-08T19:42:17+00:00","breadcrumb":{"@id":"https:\/\/artesanatoincasa.com.br\/loja\/produto\/revistas-e-apostilas\/revista-artesanato-in-casa-ed-17-versao-digital\/#breadcrumb"},"inLanguage":"pt-BR","potentialAction":[{"@type":"ReadAction","target":["https:\/\/artesanatoincasa.com.br\/loja\/produto\/revistas-e-apostilas\/revista-artesanato-in-casa-ed-17-versao-digital\/"]}]},{"@type":"ImageObject","inLanguage":"pt-BR","@id":"https:\/\/artesanatoincasa.com.br\/loja\/produto\/revistas-e-apostilas\/revista-artesanato-in-casa-ed-17-versao-digital\/#primaryimage","url":"https:\/\/artesanatoincasa.com.br\/loja\/wp-content\/uploads\/2024\/09\/Revista-Artesanato-In-Casa.png","contentUrl":"https:\/\/artesanatoincasa.com.br\/loja\/wp-content\/uploads\/2024\/09\/Revista-Artesanato-In-Casa.png","width":1200,"height":1200},{"@type":"BreadcrumbList","@id":"https:\/\/artesanatoincasa.com.br\/loja\/produto\/revistas-e-apostilas\/revista-artesanato-in-casa-ed-17-versao-digital\/#breadcrumb","itemListElement":[{"@type":"ListItem","position":1,"name":"In\u00edcio","item":"https:\/\/artesanatoincasa.com.br\/loja\/"},{"@type":"ListItem","position":2,"name":"Produtos","item":"https:\/\/artesanatoincasa.com.br\/loja\/loja\/"},{"@type":"ListItem","position":3,"name":"Revista Artesanato In Casa Ed. 17 \u2013 VERS\u00c3O DIGITAL + BRINDE"}]},{"@type":"WebSite","@id":"https:\/\/artesanatoincasa.com.br\/loja\/#website","url":"https:\/\/artesanatoincasa.com.br\/loja\/","name":"Loja Artesanato In Casa","description":"Marketplace exclusivo para artes\u00e3os!","publisher":{"@id":"https:\/\/artesanatoincasa.com.br\/loja\/#organization"},"alternateName":"Loja Artesanato In Casa","potentialAction":[{"@type":"SearchAction","target":{"@type":"EntryPoint","urlTemplate":"https:\/\/artesanatoincasa.com.br\/loja\/?s={search_term_string}"},"query-input":{"@type":"PropertyValueSpecification","valueRequired":true,"valueName":"search_term_string"}}],"inLanguage":"pt-BR"},{"@type":"Organization","@id":"https:\/\/artesanatoincasa.com.br\/loja\/#organization","name":"Loja Artesanato In Casa","alternateName":"Loja Artesanato In Casa","url":"https:\/\/artesanatoincasa.com.br\/loja\/","logo":{"@type":"ImageObject","inLanguage":"pt-BR","@id":"https:\/\/artesanatoincasa.com.br\/loja\/#\/schema\/logo\/image\/","url":"http:\/\/artesanatoincasa.com.br\/loja\/wp-content\/uploads\/2023\/07\/Logo-Marketing-Place.png","contentUrl":"http:\/\/artesanatoincasa.com.br\/loja\/wp-content\/uploads\/2023\/07\/Logo-Marketing-Place.png","width":698,"height":390,"caption":"Loja Artesanato In Casa"},"image":{"@id":"https:\/\/artesanatoincasa.com.br\/loja\/#\/schema\/logo\/image\/"}}]}},"_links":{"self":[{"href":"https:\/\/artesanatoincasa.com.br\/loja\/wp-json\/wp\/v2\/product\/2807","targetHints":{"allow":["GET"]}}],"collection":[{"href":"https:\/\/artesanatoincasa.com.br\/loja\/wp-json\/wp\/v2\/product"}],"about":[{"href":"https:\/\/artesanatoincasa.com.br\/loja\/wp-json\/wp\/v2\/types\/product"}],"replies":[{"embeddable":true,"href":"https:\/\/artesanatoincasa.com.br\/loja\/wp-json\/wp\/v2\/comments?post=2807"}],"wp:featuredmedia":[{"embeddable":true,"href":"https:\/\/artesanatoincasa.com.br\/loja\/wp-json\/wp\/v2\/media\/3227"}],"wp:attachment":[{"href":"https:\/\/artesanatoincasa.com.br\/loja\/wp-json\/wp\/v2\/media?parent=2807"}],"wp:term":[{"taxonomy":"product_brand","embeddable":true,"href":"https:\/\/artesanatoincasa.com.br\/loja\/wp-json\/wp\/v2\/product_brand?post=2807"},{"taxonomy":"product_cat","embeddable":true,"href":"https:\/\/artesanatoincasa.com.br\/loja\/wp-json\/wp\/v2\/product_cat?post=2807"},{"taxonomy":"product_tag","embeddable":true,"href":"https:\/\/artesanatoincasa.com.br\/loja\/wp-json\/wp\/v2\/product_tag?post=2807"}],"curies":[{"name":"wp","href":"https:\/\/api.w.org\/{rel}","templated":true}]}}