{"id":2400,"date":"2024-03-25T13:21:59","date_gmt":"2024-03-25T16:21:59","guid":{"rendered":"https:\/\/artesanatoincasa.com.br\/loja\/?post_type=product&#038;p=2400"},"modified":"2024-03-26T15:35:37","modified_gmt":"2024-03-26T18:35:37","slug":"apostila-digital-macrame-in-casa-com-beethoven-cavalcante-suporte-rede-jaguaruana","status":"publish","type":"product","link":"https:\/\/artesanatoincasa.com.br\/loja\/produto\/revistas-e-apostilas\/apostila-digital-macrame-in-casa-com-beethoven-cavalcante-suporte-rede-jaguaruana\/","title":{"rendered":"Apostila Digital \u2013 Macram\u00ea in Casa com Beethoven Cavalcante &#8211; Suporte Rede (Jaguaruana)"},"content":{"rendered":"<p><strong>Aprenda a fazer a pe\u00e7a: Suporte Rede (Jaguaruana)<\/strong><\/p>\n<p>Apostila Digital \u2013 Macram\u00ea in Casa com Beethoven Cavalcante<\/p>\n<p><strong><em>Aprenda tamb\u00e9m 7 diferentes N\u00d3S.<\/em><\/strong><\/p>\n<p><strong>Com PASSO A PASSOS FOTOGRAFADOS.<\/strong><\/p>\n<p><strong>E mais<\/strong>: Saiba como surgiu o Macram\u00ea, dicas para iniciantes, ideias de decora\u00e7\u00e3o e como precificar seus trabalhos em Macram\u00ea.<\/p>\n<p>Pe\u00e7as inspiradas em lugares do nosso Brasil, criadas pelo artes\u00e3o Beethoven Cavalcante, refer\u00eancia no Brasil com a t\u00e9cnica do MACRAM\u00ca.<\/p>\n<p>APRENDA SE DIVERTINDO, gere renda fazendo pe\u00e7as incr\u00edveis de forma simples e r\u00e1pida!<\/p>\n","protected":false},"excerpt":{"rendered":"<p><strong>Aprenda a fazer a pe\u00e7a: Suporte Rede (Jaguaruana)<\/strong><\/p>\n<p>Apostila Digital \u2013 Macram\u00ea in Casa com Beethoven Cavalcante<\/p>\n<p><strong><em>Aprenda tamb\u00e9m 7 diferentes N\u00d3S.<\/em><\/strong><\/p>\n<p><strong>Com PASSO A PASSOS FOTOGRAFADOS.<\/strong><\/p>\n<p><strong>E mais<\/strong>: Saiba como surgiu o Macram\u00ea, dicas para iniciantes, ideias de decora\u00e7\u00e3o e como precificar seus trabalhos em Macram\u00ea.<\/p>\n<p>Pe\u00e7as inspiradas em lugares do nosso Brasil, criadas pelo artes\u00e3o Beethoven Cavalcante, refer\u00eancia no Brasil com a t\u00e9cnica do MACRAM\u00ca.<\/p>\n<p>APRENDA SE DIVERTINDO, gere renda fazendo pe\u00e7as incr\u00edveis de forma simples e r\u00e1pida!<\/p>\n","protected":false},"featured_media":2401,"comment_status":"open","ping_status":"closed","template":"","meta":{"_monsterinsights_skip_tracking":false,"_monsterinsights_sitenote_active":false,"_monsterinsights_sitenote_note":"","_monsterinsights_sitenote_category":0},"product_brand":[],"product_cat":[169,165],"product_tag":[],"class_list":{"0":"post-2400","1":"product","2":"type-product","3":"status-publish","4":"has-post-thumbnail","6":"product_cat-apostilas","7":"product_cat-revistas-e-apostilas","8":"dc_vendor_shop-artesanatoincasa","10":"first","11":"instock","12":"sale","13":"downloadable","14":"virtual","15":"taxable","16":"purchasable","17":"product-type-simple"},"yoast_head":"<!-- This site is optimized with the Yoast SEO plugin v27.4 - https:\/\/yoast.com\/product\/yoast-seo-wordpress\/ -->\n<title>Apostila Digital \u2013 Macram\u00ea in Casa com Beethoven Cavalcante - Suporte Rede (Jaguaruana) - Loja Artesanato In Casa<\/title>\n<meta name=\"robots\" content=\"index, follow, max-snippet:-1, max-image-preview:large, max-video-preview:-1\" \/>\n<link rel=\"canonical\" href=\"https:\/\/artesanatoincasa.com.br\/loja\/produto\/revistas-e-apostilas\/apostila-digital-macrame-in-casa-com-beethoven-cavalcante-suporte-rede-jaguaruana\/\" \/>\n<meta property=\"og:locale\" content=\"pt_BR\" \/>\n<meta property=\"og:type\" content=\"article\" \/>\n<meta property=\"og:title\" content=\"Apostila Digital \u2013 Macram\u00ea in Casa com Beethoven Cavalcante - Suporte Rede (Jaguaruana) - Loja Artesanato In Casa\" \/>\n<meta property=\"og:description\" content=\"Aprenda a fazer a pe\u00e7a: Suporte Rede (Jaguaruana)  Apostila Digital \u2013 Macram\u00ea in Casa com Beethoven Cavalcante  Aprenda tamb\u00e9m 7 diferentes N\u00d3S.  Com PASSO A PASSOS FOTOGRAFADOS.  E mais: Saiba como surgiu o Macram\u00ea, dicas para iniciantes, ideias de decora\u00e7\u00e3o e como precificar seus trabalhos em Macram\u00ea.  Pe\u00e7as inspiradas em lugares do nosso Brasil, criadas pelo artes\u00e3o Beethoven Cavalcante, refer\u00eancia no Brasil com a t\u00e9cnica do MACRAM\u00ca.  APRENDA SE DIVERTINDO, gere renda fazendo pe\u00e7as incr\u00edveis de forma simples e r\u00e1pida!\" \/>\n<meta property=\"og:url\" content=\"https:\/\/artesanatoincasa.com.br\/loja\/produto\/revistas-e-apostilas\/apostila-digital-macrame-in-casa-com-beethoven-cavalcante-suporte-rede-jaguaruana\/\" \/>\n<meta property=\"og:site_name\" content=\"Loja Artesanato In Casa\" \/>\n<meta property=\"article:modified_time\" content=\"2024-03-26T18:35:37+00:00\" \/>\n<meta property=\"og:image\" content=\"http:\/\/artesanatoincasa.com.br\/loja\/wp-content\/uploads\/2024\/03\/Apostila-Macrame-In-Casa-com-Beethoven-Cavalcante_Suporte-de-Plantas-Rede-Modelo-Jaguaruana-1-scaled.jpg\" \/>\n\t<meta property=\"og:image:width\" content=\"1828\" \/>\n\t<meta property=\"og:image:height\" content=\"2560\" \/>\n\t<meta property=\"og:image:type\" content=\"image\/jpeg\" \/>\n<script type=\"application\/ld+json\" class=\"yoast-schema-graph\">{\"@context\":\"https:\\\/\\\/schema.org\",\"@graph\":[{\"@type\":\"WebPage\",\"@id\":\"https:\\\/\\\/artesanatoincasa.com.br\\\/loja\\\/produto\\\/revistas-e-apostilas\\\/apostila-digital-macrame-in-casa-com-beethoven-cavalcante-suporte-rede-jaguaruana\\\/\",\"url\":\"https:\\\/\\\/artesanatoincasa.com.br\\\/loja\\\/produto\\\/revistas-e-apostilas\\\/apostila-digital-macrame-in-casa-com-beethoven-cavalcante-suporte-rede-jaguaruana\\\/\",\"name\":\"Apostila Digital \u2013 Macram\u00ea in Casa com Beethoven Cavalcante - Suporte Rede (Jaguaruana) - Loja Artesanato In Casa\",\"isPartOf\":{\"@id\":\"https:\\\/\\\/artesanatoincasa.com.br\\\/loja\\\/#website\"},\"primaryImageOfPage\":{\"@id\":\"https:\\\/\\\/artesanatoincasa.com.br\\\/loja\\\/produto\\\/revistas-e-apostilas\\\/apostila-digital-macrame-in-casa-com-beethoven-cavalcante-suporte-rede-jaguaruana\\\/#primaryimage\"},\"image\":{\"@id\":\"https:\\\/\\\/artesanatoincasa.com.br\\\/loja\\\/produto\\\/revistas-e-apostilas\\\/apostila-digital-macrame-in-casa-com-beethoven-cavalcante-suporte-rede-jaguaruana\\\/#primaryimage\"},\"thumbnailUrl\":\"https:\\\/\\\/artesanatoincasa.com.br\\\/loja\\\/wp-content\\\/uploads\\\/2024\\\/03\\\/Apostila-Macrame-In-Casa-com-Beethoven-Cavalcante_Suporte-de-Plantas-Rede-Modelo-Jaguaruana-1-scaled.jpg\",\"datePublished\":\"2024-03-25T16:21:59+00:00\",\"dateModified\":\"2024-03-26T18:35:37+00:00\",\"breadcrumb\":{\"@id\":\"https:\\\/\\\/artesanatoincasa.com.br\\\/loja\\\/produto\\\/revistas-e-apostilas\\\/apostila-digital-macrame-in-casa-com-beethoven-cavalcante-suporte-rede-jaguaruana\\\/#breadcrumb\"},\"inLanguage\":\"pt-BR\",\"potentialAction\":[{\"@type\":\"ReadAction\",\"target\":[\"https:\\\/\\\/artesanatoincasa.com.br\\\/loja\\\/produto\\\/revistas-e-apostilas\\\/apostila-digital-macrame-in-casa-com-beethoven-cavalcante-suporte-rede-jaguaruana\\\/\"]}]},{\"@type\":\"ImageObject\",\"inLanguage\":\"pt-BR\",\"@id\":\"https:\\\/\\\/artesanatoincasa.com.br\\\/loja\\\/produto\\\/revistas-e-apostilas\\\/apostila-digital-macrame-in-casa-com-beethoven-cavalcante-suporte-rede-jaguaruana\\\/#primaryimage\",\"url\":\"https:\\\/\\\/artesanatoincasa.com.br\\\/loja\\\/wp-content\\\/uploads\\\/2024\\\/03\\\/Apostila-Macrame-In-Casa-com-Beethoven-Cavalcante_Suporte-de-Plantas-Rede-Modelo-Jaguaruana-1-scaled.jpg\",\"contentUrl\":\"https:\\\/\\\/artesanatoincasa.com.br\\\/loja\\\/wp-content\\\/uploads\\\/2024\\\/03\\\/Apostila-Macrame-In-Casa-com-Beethoven-Cavalcante_Suporte-de-Plantas-Rede-Modelo-Jaguaruana-1-scaled.jpg\",\"width\":1828,\"height\":2560},{\"@type\":\"BreadcrumbList\",\"@id\":\"https:\\\/\\\/artesanatoincasa.com.br\\\/loja\\\/produto\\\/revistas-e-apostilas\\\/apostila-digital-macrame-in-casa-com-beethoven-cavalcante-suporte-rede-jaguaruana\\\/#breadcrumb\",\"itemListElement\":[{\"@type\":\"ListItem\",\"position\":1,\"name\":\"In\u00edcio\",\"item\":\"https:\\\/\\\/artesanatoincasa.com.br\\\/loja\\\/\"},{\"@type\":\"ListItem\",\"position\":2,\"name\":\"Produtos\",\"item\":\"https:\\\/\\\/artesanatoincasa.com.br\\\/loja\\\/loja\\\/\"},{\"@type\":\"ListItem\",\"position\":3,\"name\":\"Apostila Digital \u2013 Macram\u00ea in Casa com Beethoven Cavalcante &#8211; Suporte Rede (Jaguaruana)\"}]},{\"@type\":\"WebSite\",\"@id\":\"https:\\\/\\\/artesanatoincasa.com.br\\\/loja\\\/#website\",\"url\":\"https:\\\/\\\/artesanatoincasa.com.br\\\/loja\\\/\",\"name\":\"Loja Artesanato In Casa\",\"description\":\"Marketplace exclusivo para artes\u00e3os!\",\"publisher\":{\"@id\":\"https:\\\/\\\/artesanatoincasa.com.br\\\/loja\\\/#organization\"},\"alternateName\":\"Loja Artesanato In Casa\",\"potentialAction\":[{\"@type\":\"SearchAction\",\"target\":{\"@type\":\"EntryPoint\",\"urlTemplate\":\"https:\\\/\\\/artesanatoincasa.com.br\\\/loja\\\/?s={search_term_string}\"},\"query-input\":{\"@type\":\"PropertyValueSpecification\",\"valueRequired\":true,\"valueName\":\"search_term_string\"}}],\"inLanguage\":\"pt-BR\"},{\"@type\":\"Organization\",\"@id\":\"https:\\\/\\\/artesanatoincasa.com.br\\\/loja\\\/#organization\",\"name\":\"Loja Artesanato In Casa\",\"alternateName\":\"Loja Artesanato In Casa\",\"url\":\"https:\\\/\\\/artesanatoincasa.com.br\\\/loja\\\/\",\"logo\":{\"@type\":\"ImageObject\",\"inLanguage\":\"pt-BR\",\"@id\":\"https:\\\/\\\/artesanatoincasa.com.br\\\/loja\\\/#\\\/schema\\\/logo\\\/image\\\/\",\"url\":\"http:\\\/\\\/artesanatoincasa.com.br\\\/loja\\\/wp-content\\\/uploads\\\/2023\\\/07\\\/Logo-Marketing-Place.png\",\"contentUrl\":\"http:\\\/\\\/artesanatoincasa.com.br\\\/loja\\\/wp-content\\\/uploads\\\/2023\\\/07\\\/Logo-Marketing-Place.png\",\"width\":698,\"height\":390,\"caption\":\"Loja Artesanato In Casa\"},\"image\":{\"@id\":\"https:\\\/\\\/artesanatoincasa.com.br\\\/loja\\\/#\\\/schema\\\/logo\\\/image\\\/\"}}]}<\/script>\n<!-- \/ Yoast SEO plugin. -->","yoast_head_json":{"title":"Apostila Digital \u2013 Macram\u00ea in Casa com Beethoven Cavalcante - Suporte Rede (Jaguaruana) - Loja Artesanato In Casa","robots":{"index":"index","follow":"follow","max-snippet":"max-snippet:-1","max-image-preview":"max-image-preview:large","max-video-preview":"max-video-preview:-1"},"canonical":"https:\/\/artesanatoincasa.com.br\/loja\/produto\/revistas-e-apostilas\/apostila-digital-macrame-in-casa-com-beethoven-cavalcante-suporte-rede-jaguaruana\/","og_locale":"pt_BR","og_type":"article","og_title":"Apostila Digital \u2013 Macram\u00ea in Casa com Beethoven Cavalcante - Suporte Rede (Jaguaruana) - Loja Artesanato In Casa","og_description":"Aprenda a fazer a pe\u00e7a: Suporte Rede (Jaguaruana)  Apostila Digital \u2013 Macram\u00ea in Casa com Beethoven Cavalcante  Aprenda tamb\u00e9m 7 diferentes N\u00d3S.  Com PASSO A PASSOS FOTOGRAFADOS.  E mais: Saiba como surgiu o Macram\u00ea, dicas para iniciantes, ideias de decora\u00e7\u00e3o e como precificar seus trabalhos em Macram\u00ea.  Pe\u00e7as inspiradas em lugares do nosso Brasil, criadas pelo artes\u00e3o Beethoven Cavalcante, refer\u00eancia no Brasil com a t\u00e9cnica do MACRAM\u00ca.  APRENDA SE DIVERTINDO, gere renda fazendo pe\u00e7as incr\u00edveis de forma simples e r\u00e1pida!","og_url":"https:\/\/artesanatoincasa.com.br\/loja\/produto\/revistas-e-apostilas\/apostila-digital-macrame-in-casa-com-beethoven-cavalcante-suporte-rede-jaguaruana\/","og_site_name":"Loja Artesanato In Casa","article_modified_time":"2024-03-26T18:35:37+00:00","og_image":[{"width":1828,"height":2560,"url":"http:\/\/artesanatoincasa.com.br\/loja\/wp-content\/uploads\/2024\/03\/Apostila-Macrame-In-Casa-com-Beethoven-Cavalcante_Suporte-de-Plantas-Rede-Modelo-Jaguaruana-1-scaled.jpg","type":"image\/jpeg"}],"schema":{"@context":"https:\/\/schema.org","@graph":[{"@type":"WebPage","@id":"https:\/\/artesanatoincasa.com.br\/loja\/produto\/revistas-e-apostilas\/apostila-digital-macrame-in-casa-com-beethoven-cavalcante-suporte-rede-jaguaruana\/","url":"https:\/\/artesanatoincasa.com.br\/loja\/produto\/revistas-e-apostilas\/apostila-digital-macrame-in-casa-com-beethoven-cavalcante-suporte-rede-jaguaruana\/","name":"Apostila Digital \u2013 Macram\u00ea in Casa com Beethoven Cavalcante - Suporte Rede (Jaguaruana) - Loja Artesanato In Casa","isPartOf":{"@id":"https:\/\/artesanatoincasa.com.br\/loja\/#website"},"primaryImageOfPage":{"@id":"https:\/\/artesanatoincasa.com.br\/loja\/produto\/revistas-e-apostilas\/apostila-digital-macrame-in-casa-com-beethoven-cavalcante-suporte-rede-jaguaruana\/#primaryimage"},"image":{"@id":"https:\/\/artesanatoincasa.com.br\/loja\/produto\/revistas-e-apostilas\/apostila-digital-macrame-in-casa-com-beethoven-cavalcante-suporte-rede-jaguaruana\/#primaryimage"},"thumbnailUrl":"https:\/\/artesanatoincasa.com.br\/loja\/wp-content\/uploads\/2024\/03\/Apostila-Macrame-In-Casa-com-Beethoven-Cavalcante_Suporte-de-Plantas-Rede-Modelo-Jaguaruana-1-scaled.jpg","datePublished":"2024-03-25T16:21:59+00:00","dateModified":"2024-03-26T18:35:37+00:00","breadcrumb":{"@id":"https:\/\/artesanatoincasa.com.br\/loja\/produto\/revistas-e-apostilas\/apostila-digital-macrame-in-casa-com-beethoven-cavalcante-suporte-rede-jaguaruana\/#breadcrumb"},"inLanguage":"pt-BR","potentialAction":[{"@type":"ReadAction","target":["https:\/\/artesanatoincasa.com.br\/loja\/produto\/revistas-e-apostilas\/apostila-digital-macrame-in-casa-com-beethoven-cavalcante-suporte-rede-jaguaruana\/"]}]},{"@type":"ImageObject","inLanguage":"pt-BR","@id":"https:\/\/artesanatoincasa.com.br\/loja\/produto\/revistas-e-apostilas\/apostila-digital-macrame-in-casa-com-beethoven-cavalcante-suporte-rede-jaguaruana\/#primaryimage","url":"https:\/\/artesanatoincasa.com.br\/loja\/wp-content\/uploads\/2024\/03\/Apostila-Macrame-In-Casa-com-Beethoven-Cavalcante_Suporte-de-Plantas-Rede-Modelo-Jaguaruana-1-scaled.jpg","contentUrl":"https:\/\/artesanatoincasa.com.br\/loja\/wp-content\/uploads\/2024\/03\/Apostila-Macrame-In-Casa-com-Beethoven-Cavalcante_Suporte-de-Plantas-Rede-Modelo-Jaguaruana-1-scaled.jpg","width":1828,"height":2560},{"@type":"BreadcrumbList","@id":"https:\/\/artesanatoincasa.com.br\/loja\/produto\/revistas-e-apostilas\/apostila-digital-macrame-in-casa-com-beethoven-cavalcante-suporte-rede-jaguaruana\/#breadcrumb","itemListElement":[{"@type":"ListItem","position":1,"name":"In\u00edcio","item":"https:\/\/artesanatoincasa.com.br\/loja\/"},{"@type":"ListItem","position":2,"name":"Produtos","item":"https:\/\/artesanatoincasa.com.br\/loja\/loja\/"},{"@type":"ListItem","position":3,"name":"Apostila Digital \u2013 Macram\u00ea in Casa com Beethoven Cavalcante &#8211; Suporte Rede (Jaguaruana)"}]},{"@type":"WebSite","@id":"https:\/\/artesanatoincasa.com.br\/loja\/#website","url":"https:\/\/artesanatoincasa.com.br\/loja\/","name":"Loja Artesanato In Casa","description":"Marketplace exclusivo para artes\u00e3os!","publisher":{"@id":"https:\/\/artesanatoincasa.com.br\/loja\/#organization"},"alternateName":"Loja Artesanato In Casa","potentialAction":[{"@type":"SearchAction","target":{"@type":"EntryPoint","urlTemplate":"https:\/\/artesanatoincasa.com.br\/loja\/?s={search_term_string}"},"query-input":{"@type":"PropertyValueSpecification","valueRequired":true,"valueName":"search_term_string"}}],"inLanguage":"pt-BR"},{"@type":"Organization","@id":"https:\/\/artesanatoincasa.com.br\/loja\/#organization","name":"Loja Artesanato In Casa","alternateName":"Loja Artesanato In Casa","url":"https:\/\/artesanatoincasa.com.br\/loja\/","logo":{"@type":"ImageObject","inLanguage":"pt-BR","@id":"https:\/\/artesanatoincasa.com.br\/loja\/#\/schema\/logo\/image\/","url":"http:\/\/artesanatoincasa.com.br\/loja\/wp-content\/uploads\/2023\/07\/Logo-Marketing-Place.png","contentUrl":"http:\/\/artesanatoincasa.com.br\/loja\/wp-content\/uploads\/2023\/07\/Logo-Marketing-Place.png","width":698,"height":390,"caption":"Loja Artesanato In Casa"},"image":{"@id":"https:\/\/artesanatoincasa.com.br\/loja\/#\/schema\/logo\/image\/"}}]}},"_links":{"self":[{"href":"https:\/\/artesanatoincasa.com.br\/loja\/wp-json\/wp\/v2\/product\/2400","targetHints":{"allow":["GET"]}}],"collection":[{"href":"https:\/\/artesanatoincasa.com.br\/loja\/wp-json\/wp\/v2\/product"}],"about":[{"href":"https:\/\/artesanatoincasa.com.br\/loja\/wp-json\/wp\/v2\/types\/product"}],"replies":[{"embeddable":true,"href":"https:\/\/artesanatoincasa.com.br\/loja\/wp-json\/wp\/v2\/comments?post=2400"}],"wp:featuredmedia":[{"embeddable":true,"href":"https:\/\/artesanatoincasa.com.br\/loja\/wp-json\/wp\/v2\/media\/2401"}],"wp:attachment":[{"href":"https:\/\/artesanatoincasa.com.br\/loja\/wp-json\/wp\/v2\/media?parent=2400"}],"wp:term":[{"taxonomy":"product_brand","embeddable":true,"href":"https:\/\/artesanatoincasa.com.br\/loja\/wp-json\/wp\/v2\/product_brand?post=2400"},{"taxonomy":"product_cat","embeddable":true,"href":"https:\/\/artesanatoincasa.com.br\/loja\/wp-json\/wp\/v2\/product_cat?post=2400"},{"taxonomy":"product_tag","embeddable":true,"href":"https:\/\/artesanatoincasa.com.br\/loja\/wp-json\/wp\/v2\/product_tag?post=2400"}],"curies":[{"name":"wp","href":"https:\/\/api.w.org\/{rel}","templated":true}]}}