{"id":2136,"date":"2024-03-05T19:04:39","date_gmt":"2024-03-05T22:04:39","guid":{"rendered":"https:\/\/artesanatoincasa.com.br\/loja\/?post_type=product&#038;p=2136"},"modified":"2026-04-20T17:35:08","modified_gmt":"2026-04-20T20:35:08","slug":"apostila-digital-amigurumi-in-casa-com-mariana-fonseca-vol-01","status":"publish","type":"product","link":"https:\/\/artesanatoincasa.com.br\/loja\/produto\/revistas-e-apostilas\/apostila-digital-amigurumi-in-casa-com-mariana-fonseca-vol-01\/","title":{"rendered":"Apostila Digital &#8211; Amigurumi In Casa com Mariana Fonseca Vol.01"},"content":{"rendered":"<p><strong>Apostila Digital &#8211; AMIGURUMI In Casa com Mariana Fonseca Vol.01 + BRINDE<\/strong><\/p>\n<p>Cole\u00e7\u00e3o Artesanato In Casa &#8211; Tema P\u00c1SCOA<\/p>\n<p><em><strong>Aprenda, Fa\u00e7a e Lucre!<\/strong><\/em><\/p>\n<p>Nesta apostila voc\u00ea ir\u00e1 aprender a fazer<strong> 6 lindas<\/strong> pe\u00e7as em AMIGURUMI.<\/p>\n<p>Inclui:<\/p>\n<p>\u2022 Passo a passos fotografados de todas as pe\u00e7as<\/p>\n<p>\u2022 Dicas \u00fateis para criar suas pe\u00e7as em croch\u00ea<\/p>\n<p>\u2022 Como surgiu a t\u00e9cnica Amigurumi.<\/p>\n","protected":false},"excerpt":{"rendered":"<p><strong>Apostila Digital &#8211; AMIGURUMI In Casa com Mariana Fonseca Vol.01 + BRINDE<\/strong><\/p>\n<p>Cole\u00e7\u00e3o Artesanato In Casa &#8211; Tema P\u00c1SCOA<\/p>\n<p><em><strong>Aprenda, Fa\u00e7a e Lucre!<\/strong><\/em><\/p>\n<p>Nesta apostila voc\u00ea ir\u00e1 aprender a fazer<strong> 6 lindas<\/strong> pe\u00e7as em AMIGURUMI.<\/p>\n<p>Inclui:<\/p>\n<p>\u2022 Passo a passos fotografados de todas as pe\u00e7as<\/p>\n<p>\u2022 Dicas \u00fateis para criar suas pe\u00e7as em croch\u00ea<\/p>\n<p>\u2022 Como surgiu a t\u00e9cnica Amigurumi.<\/p>\n","protected":false},"featured_media":2158,"comment_status":"open","ping_status":"closed","template":"","meta":{"_monsterinsights_skip_tracking":false,"_monsterinsights_sitenote_active":false,"_monsterinsights_sitenote_note":"","_monsterinsights_sitenote_category":0},"product_brand":[],"product_cat":[169,165],"product_tag":[276,264,260,251,259,243,255,268,252,250],"class_list":{"0":"post-2136","1":"product","2":"type-product","3":"status-publish","4":"has-post-thumbnail","6":"product_cat-apostilas","7":"product_cat-revistas-e-apostilas","8":"product_tag-amigurumi","9":"product_tag-apostila","10":"product_tag-artesa","11":"product_tag-artesanato","12":"product_tag-artesao","13":"product_tag-costura-criativa","14":"product_tag-croche","15":"product_tag-decoracao","16":"product_tag-empreender","17":"product_tag-revista","19":"first","20":"instock","21":"sale","22":"downloadable","23":"virtual","24":"taxable","25":"purchasable","26":"product-type-simple"},"yoast_head":"<!-- This site is optimized with the Yoast SEO plugin v27.4 - https:\/\/yoast.com\/product\/yoast-seo-wordpress\/ -->\n<title>Apostila Digital - Amigurumi In Casa com Mariana Fonseca Vol.01 - Loja Artesanato In Casa<\/title>\n<meta name=\"robots\" content=\"index, follow, max-snippet:-1, max-image-preview:large, max-video-preview:-1\" \/>\n<link rel=\"canonical\" href=\"https:\/\/artesanatoincasa.com.br\/loja\/produto\/revistas-e-apostilas\/apostila-digital-amigurumi-in-casa-com-mariana-fonseca-vol-01\/\" \/>\n<meta property=\"og:locale\" content=\"pt_BR\" \/>\n<meta property=\"og:type\" content=\"article\" \/>\n<meta property=\"og:title\" content=\"Apostila Digital - Amigurumi In Casa com Mariana Fonseca Vol.01 - Loja Artesanato In Casa\" \/>\n<meta property=\"og:description\" content=\"Apostila Digital - AMIGURUMI In Casa com Mariana Fonseca Vol.01 + BRINDE  Cole\u00e7\u00e3o Artesanato In Casa - Tema P\u00c1SCOA  Aprenda, Fa\u00e7a e Lucre!  Nesta apostila voc\u00ea ir\u00e1 aprender a fazer 6 lindas pe\u00e7as em AMIGURUMI.  Inclui:  \u2022 Passo a passos fotografados de todas as pe\u00e7as  \u2022 Dicas \u00fateis para criar suas pe\u00e7as em croch\u00ea  \u2022 Como surgiu a t\u00e9cnica Amigurumi.\" \/>\n<meta property=\"og:url\" content=\"https:\/\/artesanatoincasa.com.br\/loja\/produto\/revistas-e-apostilas\/apostila-digital-amigurumi-in-casa-com-mariana-fonseca-vol-01\/\" \/>\n<meta property=\"og:site_name\" content=\"Loja Artesanato In Casa\" \/>\n<meta property=\"article:modified_time\" content=\"2026-04-20T20:35:08+00:00\" \/>\n<meta property=\"og:image\" content=\"http:\/\/artesanatoincasa.com.br\/loja\/wp-content\/uploads\/2024\/03\/Apostila-Croche-Mariana-Fonseca_-Amigurumi__-scaled.jpg\" \/>\n\t<meta property=\"og:image:width\" content=\"1828\" \/>\n\t<meta property=\"og:image:height\" content=\"2560\" \/>\n\t<meta property=\"og:image:type\" content=\"image\/jpeg\" \/>\n<script type=\"application\/ld+json\" class=\"yoast-schema-graph\">{\"@context\":\"https:\\\/\\\/schema.org\",\"@graph\":[{\"@type\":\"WebPage\",\"@id\":\"https:\\\/\\\/artesanatoincasa.com.br\\\/loja\\\/produto\\\/revistas-e-apostilas\\\/apostila-digital-amigurumi-in-casa-com-mariana-fonseca-vol-01\\\/\",\"url\":\"https:\\\/\\\/artesanatoincasa.com.br\\\/loja\\\/produto\\\/revistas-e-apostilas\\\/apostila-digital-amigurumi-in-casa-com-mariana-fonseca-vol-01\\\/\",\"name\":\"Apostila Digital - Amigurumi In Casa com Mariana Fonseca Vol.01 - Loja Artesanato In Casa\",\"isPartOf\":{\"@id\":\"https:\\\/\\\/artesanatoincasa.com.br\\\/loja\\\/#website\"},\"primaryImageOfPage\":{\"@id\":\"https:\\\/\\\/artesanatoincasa.com.br\\\/loja\\\/produto\\\/revistas-e-apostilas\\\/apostila-digital-amigurumi-in-casa-com-mariana-fonseca-vol-01\\\/#primaryimage\"},\"image\":{\"@id\":\"https:\\\/\\\/artesanatoincasa.com.br\\\/loja\\\/produto\\\/revistas-e-apostilas\\\/apostila-digital-amigurumi-in-casa-com-mariana-fonseca-vol-01\\\/#primaryimage\"},\"thumbnailUrl\":\"https:\\\/\\\/artesanatoincasa.com.br\\\/loja\\\/wp-content\\\/uploads\\\/2024\\\/03\\\/Apostila-Croche-Mariana-Fonseca_-Amigurumi__-scaled.jpg\",\"datePublished\":\"2024-03-05T22:04:39+00:00\",\"dateModified\":\"2026-04-20T20:35:08+00:00\",\"breadcrumb\":{\"@id\":\"https:\\\/\\\/artesanatoincasa.com.br\\\/loja\\\/produto\\\/revistas-e-apostilas\\\/apostila-digital-amigurumi-in-casa-com-mariana-fonseca-vol-01\\\/#breadcrumb\"},\"inLanguage\":\"pt-BR\",\"potentialAction\":[{\"@type\":\"ReadAction\",\"target\":[\"https:\\\/\\\/artesanatoincasa.com.br\\\/loja\\\/produto\\\/revistas-e-apostilas\\\/apostila-digital-amigurumi-in-casa-com-mariana-fonseca-vol-01\\\/\"]}]},{\"@type\":\"ImageObject\",\"inLanguage\":\"pt-BR\",\"@id\":\"https:\\\/\\\/artesanatoincasa.com.br\\\/loja\\\/produto\\\/revistas-e-apostilas\\\/apostila-digital-amigurumi-in-casa-com-mariana-fonseca-vol-01\\\/#primaryimage\",\"url\":\"https:\\\/\\\/artesanatoincasa.com.br\\\/loja\\\/wp-content\\\/uploads\\\/2024\\\/03\\\/Apostila-Croche-Mariana-Fonseca_-Amigurumi__-scaled.jpg\",\"contentUrl\":\"https:\\\/\\\/artesanatoincasa.com.br\\\/loja\\\/wp-content\\\/uploads\\\/2024\\\/03\\\/Apostila-Croche-Mariana-Fonseca_-Amigurumi__-scaled.jpg\",\"width\":1828,\"height\":2560},{\"@type\":\"BreadcrumbList\",\"@id\":\"https:\\\/\\\/artesanatoincasa.com.br\\\/loja\\\/produto\\\/revistas-e-apostilas\\\/apostila-digital-amigurumi-in-casa-com-mariana-fonseca-vol-01\\\/#breadcrumb\",\"itemListElement\":[{\"@type\":\"ListItem\",\"position\":1,\"name\":\"In\u00edcio\",\"item\":\"https:\\\/\\\/artesanatoincasa.com.br\\\/loja\\\/\"},{\"@type\":\"ListItem\",\"position\":2,\"name\":\"Produtos\",\"item\":\"https:\\\/\\\/artesanatoincasa.com.br\\\/loja\\\/loja\\\/\"},{\"@type\":\"ListItem\",\"position\":3,\"name\":\"Apostila Digital &#8211; Amigurumi In Casa com Mariana Fonseca Vol.01\"}]},{\"@type\":\"WebSite\",\"@id\":\"https:\\\/\\\/artesanatoincasa.com.br\\\/loja\\\/#website\",\"url\":\"https:\\\/\\\/artesanatoincasa.com.br\\\/loja\\\/\",\"name\":\"Loja Artesanato In Casa\",\"description\":\"Marketplace exclusivo para artes\u00e3os!\",\"publisher\":{\"@id\":\"https:\\\/\\\/artesanatoincasa.com.br\\\/loja\\\/#organization\"},\"alternateName\":\"Loja Artesanato In Casa\",\"potentialAction\":[{\"@type\":\"SearchAction\",\"target\":{\"@type\":\"EntryPoint\",\"urlTemplate\":\"https:\\\/\\\/artesanatoincasa.com.br\\\/loja\\\/?s={search_term_string}\"},\"query-input\":{\"@type\":\"PropertyValueSpecification\",\"valueRequired\":true,\"valueName\":\"search_term_string\"}}],\"inLanguage\":\"pt-BR\"},{\"@type\":\"Organization\",\"@id\":\"https:\\\/\\\/artesanatoincasa.com.br\\\/loja\\\/#organization\",\"name\":\"Loja Artesanato In Casa\",\"alternateName\":\"Loja Artesanato In Casa\",\"url\":\"https:\\\/\\\/artesanatoincasa.com.br\\\/loja\\\/\",\"logo\":{\"@type\":\"ImageObject\",\"inLanguage\":\"pt-BR\",\"@id\":\"https:\\\/\\\/artesanatoincasa.com.br\\\/loja\\\/#\\\/schema\\\/logo\\\/image\\\/\",\"url\":\"http:\\\/\\\/artesanatoincasa.com.br\\\/loja\\\/wp-content\\\/uploads\\\/2023\\\/07\\\/Logo-Marketing-Place.png\",\"contentUrl\":\"http:\\\/\\\/artesanatoincasa.com.br\\\/loja\\\/wp-content\\\/uploads\\\/2023\\\/07\\\/Logo-Marketing-Place.png\",\"width\":698,\"height\":390,\"caption\":\"Loja Artesanato In Casa\"},\"image\":{\"@id\":\"https:\\\/\\\/artesanatoincasa.com.br\\\/loja\\\/#\\\/schema\\\/logo\\\/image\\\/\"}}]}<\/script>\n<!-- \/ Yoast SEO plugin. -->","yoast_head_json":{"title":"Apostila Digital - Amigurumi In Casa com Mariana Fonseca Vol.01 - Loja Artesanato In Casa","robots":{"index":"index","follow":"follow","max-snippet":"max-snippet:-1","max-image-preview":"max-image-preview:large","max-video-preview":"max-video-preview:-1"},"canonical":"https:\/\/artesanatoincasa.com.br\/loja\/produto\/revistas-e-apostilas\/apostila-digital-amigurumi-in-casa-com-mariana-fonseca-vol-01\/","og_locale":"pt_BR","og_type":"article","og_title":"Apostila Digital - Amigurumi In Casa com Mariana Fonseca Vol.01 - Loja Artesanato In Casa","og_description":"Apostila Digital - AMIGURUMI In Casa com Mariana Fonseca Vol.01 + BRINDE  Cole\u00e7\u00e3o Artesanato In Casa - Tema P\u00c1SCOA  Aprenda, Fa\u00e7a e Lucre!  Nesta apostila voc\u00ea ir\u00e1 aprender a fazer 6 lindas pe\u00e7as em AMIGURUMI.  Inclui:  \u2022 Passo a passos fotografados de todas as pe\u00e7as  \u2022 Dicas \u00fateis para criar suas pe\u00e7as em croch\u00ea  \u2022 Como surgiu a t\u00e9cnica Amigurumi.","og_url":"https:\/\/artesanatoincasa.com.br\/loja\/produto\/revistas-e-apostilas\/apostila-digital-amigurumi-in-casa-com-mariana-fonseca-vol-01\/","og_site_name":"Loja Artesanato In Casa","article_modified_time":"2026-04-20T20:35:08+00:00","og_image":[{"width":1828,"height":2560,"url":"http:\/\/artesanatoincasa.com.br\/loja\/wp-content\/uploads\/2024\/03\/Apostila-Croche-Mariana-Fonseca_-Amigurumi__-scaled.jpg","type":"image\/jpeg"}],"schema":{"@context":"https:\/\/schema.org","@graph":[{"@type":"WebPage","@id":"https:\/\/artesanatoincasa.com.br\/loja\/produto\/revistas-e-apostilas\/apostila-digital-amigurumi-in-casa-com-mariana-fonseca-vol-01\/","url":"https:\/\/artesanatoincasa.com.br\/loja\/produto\/revistas-e-apostilas\/apostila-digital-amigurumi-in-casa-com-mariana-fonseca-vol-01\/","name":"Apostila Digital - Amigurumi In Casa com Mariana Fonseca Vol.01 - Loja Artesanato In Casa","isPartOf":{"@id":"https:\/\/artesanatoincasa.com.br\/loja\/#website"},"primaryImageOfPage":{"@id":"https:\/\/artesanatoincasa.com.br\/loja\/produto\/revistas-e-apostilas\/apostila-digital-amigurumi-in-casa-com-mariana-fonseca-vol-01\/#primaryimage"},"image":{"@id":"https:\/\/artesanatoincasa.com.br\/loja\/produto\/revistas-e-apostilas\/apostila-digital-amigurumi-in-casa-com-mariana-fonseca-vol-01\/#primaryimage"},"thumbnailUrl":"https:\/\/artesanatoincasa.com.br\/loja\/wp-content\/uploads\/2024\/03\/Apostila-Croche-Mariana-Fonseca_-Amigurumi__-scaled.jpg","datePublished":"2024-03-05T22:04:39+00:00","dateModified":"2026-04-20T20:35:08+00:00","breadcrumb":{"@id":"https:\/\/artesanatoincasa.com.br\/loja\/produto\/revistas-e-apostilas\/apostila-digital-amigurumi-in-casa-com-mariana-fonseca-vol-01\/#breadcrumb"},"inLanguage":"pt-BR","potentialAction":[{"@type":"ReadAction","target":["https:\/\/artesanatoincasa.com.br\/loja\/produto\/revistas-e-apostilas\/apostila-digital-amigurumi-in-casa-com-mariana-fonseca-vol-01\/"]}]},{"@type":"ImageObject","inLanguage":"pt-BR","@id":"https:\/\/artesanatoincasa.com.br\/loja\/produto\/revistas-e-apostilas\/apostila-digital-amigurumi-in-casa-com-mariana-fonseca-vol-01\/#primaryimage","url":"https:\/\/artesanatoincasa.com.br\/loja\/wp-content\/uploads\/2024\/03\/Apostila-Croche-Mariana-Fonseca_-Amigurumi__-scaled.jpg","contentUrl":"https:\/\/artesanatoincasa.com.br\/loja\/wp-content\/uploads\/2024\/03\/Apostila-Croche-Mariana-Fonseca_-Amigurumi__-scaled.jpg","width":1828,"height":2560},{"@type":"BreadcrumbList","@id":"https:\/\/artesanatoincasa.com.br\/loja\/produto\/revistas-e-apostilas\/apostila-digital-amigurumi-in-casa-com-mariana-fonseca-vol-01\/#breadcrumb","itemListElement":[{"@type":"ListItem","position":1,"name":"In\u00edcio","item":"https:\/\/artesanatoincasa.com.br\/loja\/"},{"@type":"ListItem","position":2,"name":"Produtos","item":"https:\/\/artesanatoincasa.com.br\/loja\/loja\/"},{"@type":"ListItem","position":3,"name":"Apostila Digital &#8211; Amigurumi In Casa com Mariana Fonseca Vol.01"}]},{"@type":"WebSite","@id":"https:\/\/artesanatoincasa.com.br\/loja\/#website","url":"https:\/\/artesanatoincasa.com.br\/loja\/","name":"Loja Artesanato In Casa","description":"Marketplace exclusivo para artes\u00e3os!","publisher":{"@id":"https:\/\/artesanatoincasa.com.br\/loja\/#organization"},"alternateName":"Loja Artesanato In Casa","potentialAction":[{"@type":"SearchAction","target":{"@type":"EntryPoint","urlTemplate":"https:\/\/artesanatoincasa.com.br\/loja\/?s={search_term_string}"},"query-input":{"@type":"PropertyValueSpecification","valueRequired":true,"valueName":"search_term_string"}}],"inLanguage":"pt-BR"},{"@type":"Organization","@id":"https:\/\/artesanatoincasa.com.br\/loja\/#organization","name":"Loja Artesanato In Casa","alternateName":"Loja Artesanato In Casa","url":"https:\/\/artesanatoincasa.com.br\/loja\/","logo":{"@type":"ImageObject","inLanguage":"pt-BR","@id":"https:\/\/artesanatoincasa.com.br\/loja\/#\/schema\/logo\/image\/","url":"http:\/\/artesanatoincasa.com.br\/loja\/wp-content\/uploads\/2023\/07\/Logo-Marketing-Place.png","contentUrl":"http:\/\/artesanatoincasa.com.br\/loja\/wp-content\/uploads\/2023\/07\/Logo-Marketing-Place.png","width":698,"height":390,"caption":"Loja Artesanato In Casa"},"image":{"@id":"https:\/\/artesanatoincasa.com.br\/loja\/#\/schema\/logo\/image\/"}}]}},"_links":{"self":[{"href":"https:\/\/artesanatoincasa.com.br\/loja\/wp-json\/wp\/v2\/product\/2136","targetHints":{"allow":["GET"]}}],"collection":[{"href":"https:\/\/artesanatoincasa.com.br\/loja\/wp-json\/wp\/v2\/product"}],"about":[{"href":"https:\/\/artesanatoincasa.com.br\/loja\/wp-json\/wp\/v2\/types\/product"}],"replies":[{"embeddable":true,"href":"https:\/\/artesanatoincasa.com.br\/loja\/wp-json\/wp\/v2\/comments?post=2136"}],"wp:featuredmedia":[{"embeddable":true,"href":"https:\/\/artesanatoincasa.com.br\/loja\/wp-json\/wp\/v2\/media\/2158"}],"wp:attachment":[{"href":"https:\/\/artesanatoincasa.com.br\/loja\/wp-json\/wp\/v2\/media?parent=2136"}],"wp:term":[{"taxonomy":"product_brand","embeddable":true,"href":"https:\/\/artesanatoincasa.com.br\/loja\/wp-json\/wp\/v2\/product_brand?post=2136"},{"taxonomy":"product_cat","embeddable":true,"href":"https:\/\/artesanatoincasa.com.br\/loja\/wp-json\/wp\/v2\/product_cat?post=2136"},{"taxonomy":"product_tag","embeddable":true,"href":"https:\/\/artesanatoincasa.com.br\/loja\/wp-json\/wp\/v2\/product_tag?post=2136"}],"curies":[{"name":"wp","href":"https:\/\/api.w.org\/{rel}","templated":true}]}}