{"id":2078,"date":"2024-02-16T19:30:04","date_gmt":"2024-02-16T22:30:04","guid":{"rendered":"https:\/\/artesanatoincasa.com.br\/loja\/?post_type=product&#038;p=2078"},"modified":"2024-10-08T16:43:05","modified_gmt":"2024-10-08T19:43:05","slug":"revista-artesanato-in-casa-ed-16-versao-digital","status":"publish","type":"product","link":"https:\/\/artesanatoincasa.com.br\/loja\/produto\/revistas-e-apostilas\/revista-artesanato-in-casa-ed-16-versao-digital\/","title":{"rendered":"Revista Artesanato In Casa Ed. 16 \u2013 VERS\u00c3O DIGITAL + BRINDE"},"content":{"rendered":"<p>Muito artesanato de qualidade em nossa Revista Artesanato In Casa!<\/p>\n<p><strong>VERS\u00c3O DIGITAL ED.16 + BRINDE (E-book in Casa &#8211; Introdu\u00e7\u00e3o ao Marketing Digital para Artes\u00e3os)<\/strong><\/p>\n<p><strong>Nesta edi\u00e7\u00e3o voc\u00ea ir\u00e1 encontrar:<\/strong><\/p>\n<p>PASSO A PASSOS COMPLETOS para voc\u00ea APRENDER e LUCRAR:<br \/>\n\u2022 <strong>Costura Criativa<\/strong> com Thania Dutra Borges &#8220;MARCA P\u00c1GINA GATINHO&#8221;<br \/>\n\u2022 <strong>Bordado Livre<\/strong> com Maristela Meier &#8220;FLOR DELICADA&#8221;<br \/>\n\u2022 <strong>Costura Criativa<\/strong> com Amanda Steyka &#8220;COELHA PANCINHA&#8221;<br \/>\n\u2022 <strong>Arte em Biscuit<\/strong> com Ester Paix\u00e3o &#8220;CANETAS DECORADAS&#8221;<\/p>\n<p><strong>5 dicas Para transformar suas fotos e impulsionar suas vendas!<\/strong><br \/>\npor Bia Hertzing.<\/p>\n<p><strong>Sess\u00e3o Peter Paiva AUTOVALORIZA\u00c7\u00c3O<\/strong> \u201cSeja o que voc\u00ea tem de melhor a\u00ed dentro, exercite o sorriso e posturas mais amadurecidas e nobres\u201d.<\/p>\n<p><strong>HIST\u00d3RIA DE SUCESSO com Karin Camargo<\/strong> &#8220;Conhe\u00e7a a incr\u00edvel trajet\u00f3ria desta artes\u00e3, que \u00e9 um exemplo de pessoa e uma inspira\u00e7\u00e3o para todos n\u00f3s&#8221;!<\/p>\n<p>Muitas empresas refer\u00eancias no mercado com descontos exclusivos para leitores da revista.<\/p>\n<p><strong>E MAIS:<\/strong> Informa\u00e7\u00e3o \u00e9 vida e promessa de venda para o artes\u00e3o por Bete Monta e Faiga Silveira | Canal Craft \u2022 Bucket Hat Quadriculado por Marie Castro \u2022 La\u00e7o Levi por Marilucia (Chica Chic\u00f3) \u2022 Dica de Customiza\u00e7\u00e3o para T\u00eanis Branco por Daniel Monteiro \u2022 Chaveiro Cora\u00e7\u00e3o Fofinho por Cleonice Sanches \u2022 Porta Bombom Cenoura por Sheila Mauricio \u2022 Como precificar meu artesanato! \u2022 Com mais de 250 trabalhos para se inspirar \u2022 <strong>APROVEITE!<\/strong><\/p>\n","protected":false},"excerpt":{"rendered":"<p>Muito artesanato de qualidade em nossa Revista Artesanato In Casa!<\/p>\n<p><strong>VERS\u00c3O DIGITAL ED.16 + BRINDE (E-book in Casa &#8211; Introdu\u00e7\u00e3o ao Marketing Digital para Artes\u00e3os)<\/strong><\/p>\n<p><strong>Nesta edi\u00e7\u00e3o voc\u00ea ir\u00e1 encontrar:<\/strong><\/p>\n<p>PASSO A PASSOS COMPLETOS para voc\u00ea APRENDER e LUCRAR:<br \/>\n\u2022 <strong>Costura Criativa<\/strong> com Thania Dutra Borges &#8220;MARCA P\u00c1GINA GATINHO&#8221;<br \/>\n\u2022 <strong>Bordado Livre<\/strong> com Maristela Meier &#8220;FLOR DELICADA&#8221;<br \/>\n\u2022 <strong>Costura Criativa<\/strong> com Amanda Steyka &#8220;COELHA PANCINHA&#8221;<br \/>\n\u2022 <strong>Arte em Biscuit<\/strong> com Ester Paix\u00e3o &#8220;CANETAS DECORADAS&#8221;<\/p>\n<p><strong>5 dicas Para transformar suas fotos e impulsionar suas vendas!<\/strong><br \/>\npor Bia Hertzing.<\/p>\n<p><strong>Sess\u00e3o Peter Paiva AUTOVALORIZA\u00c7\u00c3O<\/strong> \u201cSeja o que voc\u00ea tem de melhor a\u00ed dentro, exercite o sorriso e posturas mais amadurecidas e nobres\u201d.<\/p>\n<p><strong>HIST\u00d3RIA DE SUCESSO com Karin Camargo<\/strong> &#8220;Conhe\u00e7a a incr\u00edvel trajet\u00f3ria desta artes\u00e3, que \u00e9 um exemplo de pessoa e uma inspira\u00e7\u00e3o para todos n\u00f3s&#8221;!<\/p>\n<p>Muitas empresas refer\u00eancias no mercado com descontos exclusivos para leitores da revista.<\/p>\n<p><strong>E MAIS:<\/strong> Informa\u00e7\u00e3o \u00e9 vida e promessa de venda para o artes\u00e3o por Bete Monta e Faiga Silveira | Canal Craft \u2022 Bucket Hat Quadriculado por Marie Castro \u2022 La\u00e7o Levi por Marilucia (Chica Chic\u00f3) \u2022 Dica de Customiza\u00e7\u00e3o para T\u00eanis Branco por Daniel Monteiro \u2022 Chaveiro Cora\u00e7\u00e3o Fofinho por Cleonice Sanches \u2022 Porta Bombom Cenoura por Sheila Mauricio \u2022 Como precificar meu artesanato! \u2022 Com mais de 250 trabalhos para se inspirar \u2022 <strong>APROVEITE!<\/strong><\/p>\n","protected":false},"featured_media":2077,"comment_status":"open","ping_status":"closed","template":"","meta":{"_monsterinsights_skip_tracking":false,"_monsterinsights_sitenote_active":false,"_monsterinsights_sitenote_note":"","_monsterinsights_sitenote_category":0},"product_brand":[],"product_cat":[168,165],"product_tag":[264,260,251,259,261,195,256,100,255,265,268,252,257,262,263,253,104,275,258,277,254,267,250,105],"class_list":{"0":"post-2078","1":"product","2":"type-product","3":"status-publish","4":"has-post-thumbnail","6":"product_cat-revistas","7":"product_cat-revistas-e-apostilas","8":"product_tag-apostila","9":"product_tag-artesa","10":"product_tag-artesanato","11":"product_tag-artesao","12":"product_tag-biscuit","13":"product_tag-bordado","14":"product_tag-cartonagem","15":"product_tag-colorido","16":"product_tag-croche","17":"product_tag-decalque","18":"product_tag-decoracao","19":"product_tag-empreender","20":"product_tag-encadernacao","21":"product_tag-eva","22":"product_tag-fita","23":"product_tag-fotografia","24":"product_tag-garrafa","25":"product_tag-macrame","26":"product_tag-marketingdigital","27":"product_tag-patchwork","28":"product_tag-pintura","29":"product_tag-pontocruz","30":"product_tag-revista","31":"product_tag-revista-artesanato","32":"dc_vendor_shop-artesanatoincasa","34":"first","35":"instock","36":"sale","37":"downloadable","38":"virtual","39":"taxable","40":"purchasable","41":"product-type-simple"},"yoast_head":"<!-- This site is optimized with the Yoast SEO plugin v27.4 - https:\/\/yoast.com\/product\/yoast-seo-wordpress\/ -->\n<title>Revista Artesanato In Casa Ed. 16 \u2013 VERS\u00c3O DIGITAL + BRINDE - Loja Artesanato In Casa<\/title>\n<meta name=\"robots\" content=\"index, follow, max-snippet:-1, max-image-preview:large, max-video-preview:-1\" \/>\n<link rel=\"canonical\" href=\"https:\/\/artesanatoincasa.com.br\/loja\/produto\/revistas-e-apostilas\/revista-artesanato-in-casa-ed-16-versao-digital\/\" \/>\n<meta property=\"og:locale\" content=\"pt_BR\" \/>\n<meta property=\"og:type\" content=\"article\" \/>\n<meta property=\"og:title\" content=\"Revista Artesanato In Casa Ed. 16 \u2013 VERS\u00c3O DIGITAL + BRINDE - Loja Artesanato In Casa\" \/>\n<meta property=\"og:description\" content=\"Muito artesanato de qualidade em nossa Revista Artesanato In Casa!  VERS\u00c3O DIGITAL ED.16 + BRINDE (E-book in Casa - Introdu\u00e7\u00e3o ao Marketing Digital para Artes\u00e3os)  Nesta edi\u00e7\u00e3o voc\u00ea ir\u00e1 encontrar:  PASSO A PASSOS COMPLETOS para voc\u00ea APRENDER e LUCRAR: \u2022 Costura Criativa com Thania Dutra Borges &quot;MARCA P\u00c1GINA GATINHO&quot; \u2022 Bordado Livre com Maristela Meier &quot;FLOR DELICADA&quot; \u2022 Costura Criativa com Amanda Steyka &quot;COELHA PANCINHA&quot; \u2022 Arte em Biscuit com Ester Paix\u00e3o &quot;CANETAS DECORADAS&quot;  5 dicas Para transformar suas fotos e impulsionar suas vendas! por Bia Hertzing.  Sess\u00e3o Peter Paiva AUTOVALORIZA\u00c7\u00c3O \u201cSeja o que voc\u00ea tem de melhor a\u00ed dentro, exercite o sorriso e posturas mais amadurecidas e nobres\u201d.  HIST\u00d3RIA DE SUCESSO com Karin Camargo &quot;Conhe\u00e7a a incr\u00edvel trajet\u00f3ria desta artes\u00e3, que \u00e9 um exemplo de pessoa e uma inspira\u00e7\u00e3o para todos n\u00f3s&quot;!  Muitas empresas refer\u00eancias no mercado com descontos exclusivos para leitores da revista.  E MAIS: Informa\u00e7\u00e3o \u00e9 vida e promessa de venda para o artes\u00e3o por Bete Monta e Faiga Silveira | Canal Craft \u2022 Bucket Hat Quadriculado por Marie Castro \u2022 La\u00e7o Levi por Marilucia (Chica Chic\u00f3) \u2022 Dica de Customiza\u00e7\u00e3o para T\u00eanis Branco por Daniel Monteiro \u2022 Chaveiro Cora\u00e7\u00e3o Fofinho por Cleonice Sanches \u2022 Porta Bombom Cenoura por Sheila Mauricio \u2022 Como precificar meu artesanato! \u2022 Com mais de 250 trabalhos para se inspirar \u2022 APROVEITE!\" \/>\n<meta property=\"og:url\" content=\"https:\/\/artesanatoincasa.com.br\/loja\/produto\/revistas-e-apostilas\/revista-artesanato-in-casa-ed-16-versao-digital\/\" \/>\n<meta property=\"og:site_name\" content=\"Loja Artesanato In Casa\" \/>\n<meta property=\"article:modified_time\" content=\"2024-10-08T19:43:05+00:00\" \/>\n<meta property=\"og:image\" content=\"http:\/\/artesanatoincasa.com.br\/loja\/wp-content\/uploads\/2024\/02\/Revista-Artesanato-In-Casa_ED16_20x28cm-1-scaled.jpg\" \/>\n\t<meta property=\"og:image:width\" content=\"1828\" \/>\n\t<meta property=\"og:image:height\" content=\"2560\" \/>\n\t<meta property=\"og:image:type\" content=\"image\/jpeg\" \/>\n<script type=\"application\/ld+json\" class=\"yoast-schema-graph\">{\"@context\":\"https:\\\/\\\/schema.org\",\"@graph\":[{\"@type\":\"WebPage\",\"@id\":\"https:\\\/\\\/artesanatoincasa.com.br\\\/loja\\\/produto\\\/revistas-e-apostilas\\\/revista-artesanato-in-casa-ed-16-versao-digital\\\/\",\"url\":\"https:\\\/\\\/artesanatoincasa.com.br\\\/loja\\\/produto\\\/revistas-e-apostilas\\\/revista-artesanato-in-casa-ed-16-versao-digital\\\/\",\"name\":\"Revista Artesanato In Casa Ed. 16 \u2013 VERS\u00c3O DIGITAL + BRINDE - Loja Artesanato In Casa\",\"isPartOf\":{\"@id\":\"https:\\\/\\\/artesanatoincasa.com.br\\\/loja\\\/#website\"},\"primaryImageOfPage\":{\"@id\":\"https:\\\/\\\/artesanatoincasa.com.br\\\/loja\\\/produto\\\/revistas-e-apostilas\\\/revista-artesanato-in-casa-ed-16-versao-digital\\\/#primaryimage\"},\"image\":{\"@id\":\"https:\\\/\\\/artesanatoincasa.com.br\\\/loja\\\/produto\\\/revistas-e-apostilas\\\/revista-artesanato-in-casa-ed-16-versao-digital\\\/#primaryimage\"},\"thumbnailUrl\":\"https:\\\/\\\/artesanatoincasa.com.br\\\/loja\\\/wp-content\\\/uploads\\\/2024\\\/02\\\/Revista-Artesanato-In-Casa_ED16_20x28cm-1-scaled.jpg\",\"datePublished\":\"2024-02-16T22:30:04+00:00\",\"dateModified\":\"2024-10-08T19:43:05+00:00\",\"breadcrumb\":{\"@id\":\"https:\\\/\\\/artesanatoincasa.com.br\\\/loja\\\/produto\\\/revistas-e-apostilas\\\/revista-artesanato-in-casa-ed-16-versao-digital\\\/#breadcrumb\"},\"inLanguage\":\"pt-BR\",\"potentialAction\":[{\"@type\":\"ReadAction\",\"target\":[\"https:\\\/\\\/artesanatoincasa.com.br\\\/loja\\\/produto\\\/revistas-e-apostilas\\\/revista-artesanato-in-casa-ed-16-versao-digital\\\/\"]}]},{\"@type\":\"ImageObject\",\"inLanguage\":\"pt-BR\",\"@id\":\"https:\\\/\\\/artesanatoincasa.com.br\\\/loja\\\/produto\\\/revistas-e-apostilas\\\/revista-artesanato-in-casa-ed-16-versao-digital\\\/#primaryimage\",\"url\":\"https:\\\/\\\/artesanatoincasa.com.br\\\/loja\\\/wp-content\\\/uploads\\\/2024\\\/02\\\/Revista-Artesanato-In-Casa_ED16_20x28cm-1-scaled.jpg\",\"contentUrl\":\"https:\\\/\\\/artesanatoincasa.com.br\\\/loja\\\/wp-content\\\/uploads\\\/2024\\\/02\\\/Revista-Artesanato-In-Casa_ED16_20x28cm-1-scaled.jpg\",\"width\":1828,\"height\":2560},{\"@type\":\"BreadcrumbList\",\"@id\":\"https:\\\/\\\/artesanatoincasa.com.br\\\/loja\\\/produto\\\/revistas-e-apostilas\\\/revista-artesanato-in-casa-ed-16-versao-digital\\\/#breadcrumb\",\"itemListElement\":[{\"@type\":\"ListItem\",\"position\":1,\"name\":\"In\u00edcio\",\"item\":\"https:\\\/\\\/artesanatoincasa.com.br\\\/loja\\\/\"},{\"@type\":\"ListItem\",\"position\":2,\"name\":\"Produtos\",\"item\":\"https:\\\/\\\/artesanatoincasa.com.br\\\/loja\\\/loja\\\/\"},{\"@type\":\"ListItem\",\"position\":3,\"name\":\"Revista Artesanato In Casa Ed. 16 \u2013 VERS\u00c3O DIGITAL + BRINDE\"}]},{\"@type\":\"WebSite\",\"@id\":\"https:\\\/\\\/artesanatoincasa.com.br\\\/loja\\\/#website\",\"url\":\"https:\\\/\\\/artesanatoincasa.com.br\\\/loja\\\/\",\"name\":\"Loja Artesanato In Casa\",\"description\":\"Marketplace exclusivo para artes\u00e3os!\",\"publisher\":{\"@id\":\"https:\\\/\\\/artesanatoincasa.com.br\\\/loja\\\/#organization\"},\"alternateName\":\"Loja Artesanato In Casa\",\"potentialAction\":[{\"@type\":\"SearchAction\",\"target\":{\"@type\":\"EntryPoint\",\"urlTemplate\":\"https:\\\/\\\/artesanatoincasa.com.br\\\/loja\\\/?s={search_term_string}\"},\"query-input\":{\"@type\":\"PropertyValueSpecification\",\"valueRequired\":true,\"valueName\":\"search_term_string\"}}],\"inLanguage\":\"pt-BR\"},{\"@type\":\"Organization\",\"@id\":\"https:\\\/\\\/artesanatoincasa.com.br\\\/loja\\\/#organization\",\"name\":\"Loja Artesanato In Casa\",\"alternateName\":\"Loja Artesanato In Casa\",\"url\":\"https:\\\/\\\/artesanatoincasa.com.br\\\/loja\\\/\",\"logo\":{\"@type\":\"ImageObject\",\"inLanguage\":\"pt-BR\",\"@id\":\"https:\\\/\\\/artesanatoincasa.com.br\\\/loja\\\/#\\\/schema\\\/logo\\\/image\\\/\",\"url\":\"http:\\\/\\\/artesanatoincasa.com.br\\\/loja\\\/wp-content\\\/uploads\\\/2023\\\/07\\\/Logo-Marketing-Place.png\",\"contentUrl\":\"http:\\\/\\\/artesanatoincasa.com.br\\\/loja\\\/wp-content\\\/uploads\\\/2023\\\/07\\\/Logo-Marketing-Place.png\",\"width\":698,\"height\":390,\"caption\":\"Loja Artesanato In Casa\"},\"image\":{\"@id\":\"https:\\\/\\\/artesanatoincasa.com.br\\\/loja\\\/#\\\/schema\\\/logo\\\/image\\\/\"}}]}<\/script>\n<!-- \/ Yoast SEO plugin. -->","yoast_head_json":{"title":"Revista Artesanato In Casa Ed. 16 \u2013 VERS\u00c3O DIGITAL + BRINDE - Loja Artesanato In Casa","robots":{"index":"index","follow":"follow","max-snippet":"max-snippet:-1","max-image-preview":"max-image-preview:large","max-video-preview":"max-video-preview:-1"},"canonical":"https:\/\/artesanatoincasa.com.br\/loja\/produto\/revistas-e-apostilas\/revista-artesanato-in-casa-ed-16-versao-digital\/","og_locale":"pt_BR","og_type":"article","og_title":"Revista Artesanato In Casa Ed. 16 \u2013 VERS\u00c3O DIGITAL + BRINDE - Loja Artesanato In Casa","og_description":"Muito artesanato de qualidade em nossa Revista Artesanato In Casa!  VERS\u00c3O DIGITAL ED.16 + BRINDE (E-book in Casa - Introdu\u00e7\u00e3o ao Marketing Digital para Artes\u00e3os)  Nesta edi\u00e7\u00e3o voc\u00ea ir\u00e1 encontrar:  PASSO A PASSOS COMPLETOS para voc\u00ea APRENDER e LUCRAR: \u2022 Costura Criativa com Thania Dutra Borges \"MARCA P\u00c1GINA GATINHO\" \u2022 Bordado Livre com Maristela Meier \"FLOR DELICADA\" \u2022 Costura Criativa com Amanda Steyka \"COELHA PANCINHA\" \u2022 Arte em Biscuit com Ester Paix\u00e3o \"CANETAS DECORADAS\"  5 dicas Para transformar suas fotos e impulsionar suas vendas! por Bia Hertzing.  Sess\u00e3o Peter Paiva AUTOVALORIZA\u00c7\u00c3O \u201cSeja o que voc\u00ea tem de melhor a\u00ed dentro, exercite o sorriso e posturas mais amadurecidas e nobres\u201d.  HIST\u00d3RIA DE SUCESSO com Karin Camargo \"Conhe\u00e7a a incr\u00edvel trajet\u00f3ria desta artes\u00e3, que \u00e9 um exemplo de pessoa e uma inspira\u00e7\u00e3o para todos n\u00f3s\"!  Muitas empresas refer\u00eancias no mercado com descontos exclusivos para leitores da revista.  E MAIS: Informa\u00e7\u00e3o \u00e9 vida e promessa de venda para o artes\u00e3o por Bete Monta e Faiga Silveira | Canal Craft \u2022 Bucket Hat Quadriculado por Marie Castro \u2022 La\u00e7o Levi por Marilucia (Chica Chic\u00f3) \u2022 Dica de Customiza\u00e7\u00e3o para T\u00eanis Branco por Daniel Monteiro \u2022 Chaveiro Cora\u00e7\u00e3o Fofinho por Cleonice Sanches \u2022 Porta Bombom Cenoura por Sheila Mauricio \u2022 Como precificar meu artesanato! \u2022 Com mais de 250 trabalhos para se inspirar \u2022 APROVEITE!","og_url":"https:\/\/artesanatoincasa.com.br\/loja\/produto\/revistas-e-apostilas\/revista-artesanato-in-casa-ed-16-versao-digital\/","og_site_name":"Loja Artesanato In Casa","article_modified_time":"2024-10-08T19:43:05+00:00","og_image":[{"width":1828,"height":2560,"url":"http:\/\/artesanatoincasa.com.br\/loja\/wp-content\/uploads\/2024\/02\/Revista-Artesanato-In-Casa_ED16_20x28cm-1-scaled.jpg","type":"image\/jpeg"}],"schema":{"@context":"https:\/\/schema.org","@graph":[{"@type":"WebPage","@id":"https:\/\/artesanatoincasa.com.br\/loja\/produto\/revistas-e-apostilas\/revista-artesanato-in-casa-ed-16-versao-digital\/","url":"https:\/\/artesanatoincasa.com.br\/loja\/produto\/revistas-e-apostilas\/revista-artesanato-in-casa-ed-16-versao-digital\/","name":"Revista Artesanato In Casa Ed. 16 \u2013 VERS\u00c3O DIGITAL + BRINDE - Loja Artesanato In Casa","isPartOf":{"@id":"https:\/\/artesanatoincasa.com.br\/loja\/#website"},"primaryImageOfPage":{"@id":"https:\/\/artesanatoincasa.com.br\/loja\/produto\/revistas-e-apostilas\/revista-artesanato-in-casa-ed-16-versao-digital\/#primaryimage"},"image":{"@id":"https:\/\/artesanatoincasa.com.br\/loja\/produto\/revistas-e-apostilas\/revista-artesanato-in-casa-ed-16-versao-digital\/#primaryimage"},"thumbnailUrl":"https:\/\/artesanatoincasa.com.br\/loja\/wp-content\/uploads\/2024\/02\/Revista-Artesanato-In-Casa_ED16_20x28cm-1-scaled.jpg","datePublished":"2024-02-16T22:30:04+00:00","dateModified":"2024-10-08T19:43:05+00:00","breadcrumb":{"@id":"https:\/\/artesanatoincasa.com.br\/loja\/produto\/revistas-e-apostilas\/revista-artesanato-in-casa-ed-16-versao-digital\/#breadcrumb"},"inLanguage":"pt-BR","potentialAction":[{"@type":"ReadAction","target":["https:\/\/artesanatoincasa.com.br\/loja\/produto\/revistas-e-apostilas\/revista-artesanato-in-casa-ed-16-versao-digital\/"]}]},{"@type":"ImageObject","inLanguage":"pt-BR","@id":"https:\/\/artesanatoincasa.com.br\/loja\/produto\/revistas-e-apostilas\/revista-artesanato-in-casa-ed-16-versao-digital\/#primaryimage","url":"https:\/\/artesanatoincasa.com.br\/loja\/wp-content\/uploads\/2024\/02\/Revista-Artesanato-In-Casa_ED16_20x28cm-1-scaled.jpg","contentUrl":"https:\/\/artesanatoincasa.com.br\/loja\/wp-content\/uploads\/2024\/02\/Revista-Artesanato-In-Casa_ED16_20x28cm-1-scaled.jpg","width":1828,"height":2560},{"@type":"BreadcrumbList","@id":"https:\/\/artesanatoincasa.com.br\/loja\/produto\/revistas-e-apostilas\/revista-artesanato-in-casa-ed-16-versao-digital\/#breadcrumb","itemListElement":[{"@type":"ListItem","position":1,"name":"In\u00edcio","item":"https:\/\/artesanatoincasa.com.br\/loja\/"},{"@type":"ListItem","position":2,"name":"Produtos","item":"https:\/\/artesanatoincasa.com.br\/loja\/loja\/"},{"@type":"ListItem","position":3,"name":"Revista Artesanato In Casa Ed. 16 \u2013 VERS\u00c3O DIGITAL + BRINDE"}]},{"@type":"WebSite","@id":"https:\/\/artesanatoincasa.com.br\/loja\/#website","url":"https:\/\/artesanatoincasa.com.br\/loja\/","name":"Loja Artesanato In Casa","description":"Marketplace exclusivo para artes\u00e3os!","publisher":{"@id":"https:\/\/artesanatoincasa.com.br\/loja\/#organization"},"alternateName":"Loja Artesanato In Casa","potentialAction":[{"@type":"SearchAction","target":{"@type":"EntryPoint","urlTemplate":"https:\/\/artesanatoincasa.com.br\/loja\/?s={search_term_string}"},"query-input":{"@type":"PropertyValueSpecification","valueRequired":true,"valueName":"search_term_string"}}],"inLanguage":"pt-BR"},{"@type":"Organization","@id":"https:\/\/artesanatoincasa.com.br\/loja\/#organization","name":"Loja Artesanato In Casa","alternateName":"Loja Artesanato In Casa","url":"https:\/\/artesanatoincasa.com.br\/loja\/","logo":{"@type":"ImageObject","inLanguage":"pt-BR","@id":"https:\/\/artesanatoincasa.com.br\/loja\/#\/schema\/logo\/image\/","url":"http:\/\/artesanatoincasa.com.br\/loja\/wp-content\/uploads\/2023\/07\/Logo-Marketing-Place.png","contentUrl":"http:\/\/artesanatoincasa.com.br\/loja\/wp-content\/uploads\/2023\/07\/Logo-Marketing-Place.png","width":698,"height":390,"caption":"Loja Artesanato In Casa"},"image":{"@id":"https:\/\/artesanatoincasa.com.br\/loja\/#\/schema\/logo\/image\/"}}]}},"_links":{"self":[{"href":"https:\/\/artesanatoincasa.com.br\/loja\/wp-json\/wp\/v2\/product\/2078","targetHints":{"allow":["GET"]}}],"collection":[{"href":"https:\/\/artesanatoincasa.com.br\/loja\/wp-json\/wp\/v2\/product"}],"about":[{"href":"https:\/\/artesanatoincasa.com.br\/loja\/wp-json\/wp\/v2\/types\/product"}],"replies":[{"embeddable":true,"href":"https:\/\/artesanatoincasa.com.br\/loja\/wp-json\/wp\/v2\/comments?post=2078"}],"wp:featuredmedia":[{"embeddable":true,"href":"https:\/\/artesanatoincasa.com.br\/loja\/wp-json\/wp\/v2\/media\/2077"}],"wp:attachment":[{"href":"https:\/\/artesanatoincasa.com.br\/loja\/wp-json\/wp\/v2\/media?parent=2078"}],"wp:term":[{"taxonomy":"product_brand","embeddable":true,"href":"https:\/\/artesanatoincasa.com.br\/loja\/wp-json\/wp\/v2\/product_brand?post=2078"},{"taxonomy":"product_cat","embeddable":true,"href":"https:\/\/artesanatoincasa.com.br\/loja\/wp-json\/wp\/v2\/product_cat?post=2078"},{"taxonomy":"product_tag","embeddable":true,"href":"https:\/\/artesanatoincasa.com.br\/loja\/wp-json\/wp\/v2\/product_tag?post=2078"}],"curies":[{"name":"wp","href":"https:\/\/api.w.org\/{rel}","templated":true}]}}