{"id":1858,"date":"2023-10-13T12:51:39","date_gmt":"2023-10-13T15:51:39","guid":{"rendered":"https:\/\/artesanatoincasa.com.br\/loja\/?post_type=product&#038;p=1858"},"modified":"2025-07-17T12:50:56","modified_gmt":"2025-07-17T15:50:56","slug":"revista-artesanato-in-casa-ed-13-versao-impressa","status":"publish","type":"product","link":"https:\/\/artesanatoincasa.com.br\/loja\/produto\/revistas-e-apostilas\/revista-artesanato-in-casa-ed-13-versao-impressa\/","title":{"rendered":"Revista Artesanato In Casa Ed. 13 &#8211; VERS\u00c3O IMPRESSA"},"content":{"rendered":"<p><strong>Nesta edi\u00e7\u00e3o voc\u00ea ir\u00e1 encontrar:<\/strong><\/p>\n<p>Colagem sobre MDF com Marcele Curti \u2013 Espelho Sol, Arte em Croch\u00ea com Marcelo Nunes \u2013 Bolsa Leblon, Costura Criativa com Evelin Brito \u2013 Mini Carteira, Arte em Cartonagem com Flavia Diz \u2013 Caixa Bis. Tend\u00eancias x Artesanato por Bete Monta e Faiga Silveira do Canal Craft. HIST\u00d3RIA DE SUCESSO com ela, o fen\u00f4meno do artesanato nas redes sociais: Vivi Rizzolo \u2013 um canal rico de ideias que vale MILH\u00d5ES! Com mais de 200 trabalhos para se inspirar, empresas do segmento e, muitos artes\u00e3os com t\u00e9cnicas diversas, que vendem pe\u00e7as prontas para presentear quem voc\u00ea ama. E MAIS! Aprenda a fazer uma Costura Francesa Cruzada ou \u201cfrench link\u201d com a Dani Morbi, muitas ferramentas e acess\u00f3rios de diversas empresas para facilitar seu trabalho e o melhor, com descontinhos especiais aos leitores, conhe\u00e7a o Clube das Bordadeiras,<strong> APROVEITE<\/strong>!<\/p>\n","protected":false},"excerpt":{"rendered":"<p>Muito artesanato de qualidade em nossa Revista Artesanato In Casa!<\/p>\n<p><strong>VERS\u00c3O IMPRESSA + FRETE GR\u00c1TIS<\/strong><\/p>\n","protected":false},"featured_media":1304,"comment_status":"open","ping_status":"closed","template":"","meta":{"_monsterinsights_skip_tracking":false,"_monsterinsights_sitenote_active":false,"_monsterinsights_sitenote_note":"","_monsterinsights_sitenote_category":0},"product_brand":[],"product_cat":[168,165],"product_tag":[],"class_list":{"0":"post-1858","1":"product","2":"type-product","3":"status-publish","4":"has-post-thumbnail","6":"product_cat-revistas","7":"product_cat-revistas-e-apostilas","8":"dc_vendor_shop-artesanatoincasa","10":"first","11":"instock","12":"sale","13":"taxable","14":"shipping-taxable","15":"purchasable","16":"product-type-simple"},"yoast_head":"<!-- This site is optimized with the Yoast SEO plugin v27.4 - https:\/\/yoast.com\/product\/yoast-seo-wordpress\/ -->\n<title>Revista Artesanato In Casa Ed. 13 - VERS\u00c3O IMPRESSA - Loja Artesanato In Casa<\/title>\n<meta name=\"robots\" content=\"index, follow, max-snippet:-1, max-image-preview:large, max-video-preview:-1\" \/>\n<link rel=\"canonical\" href=\"https:\/\/artesanatoincasa.com.br\/loja\/produto\/revistas-e-apostilas\/revista-artesanato-in-casa-ed-13-versao-impressa\/\" \/>\n<meta property=\"og:locale\" content=\"pt_BR\" \/>\n<meta property=\"og:type\" content=\"article\" \/>\n<meta property=\"og:title\" content=\"Revista Artesanato In Casa Ed. 13 - VERS\u00c3O IMPRESSA - Loja Artesanato In Casa\" \/>\n<meta property=\"og:description\" content=\"Muito artesanato de qualidade em nossa Revista Artesanato In Casa!  VERS\u00c3O IMPRESSA + FRETE GR\u00c1TIS\" \/>\n<meta property=\"og:url\" content=\"https:\/\/artesanatoincasa.com.br\/loja\/produto\/revistas-e-apostilas\/revista-artesanato-in-casa-ed-13-versao-impressa\/\" \/>\n<meta property=\"og:site_name\" content=\"Loja Artesanato In Casa\" \/>\n<meta property=\"article:modified_time\" content=\"2025-07-17T15:50:56+00:00\" \/>\n<meta property=\"og:image\" content=\"http:\/\/artesanatoincasa.com.br\/loja\/wp-content\/uploads\/2023\/08\/Revista-Artesanato-In-Casa_ED13_20x28cm_CAPA_v2-scaled.jpg\" \/>\n\t<meta property=\"og:image:width\" content=\"1828\" \/>\n\t<meta property=\"og:image:height\" content=\"2560\" \/>\n\t<meta property=\"og:image:type\" content=\"image\/jpeg\" \/>\n<script type=\"application\/ld+json\" class=\"yoast-schema-graph\">{\"@context\":\"https:\\\/\\\/schema.org\",\"@graph\":[{\"@type\":\"WebPage\",\"@id\":\"https:\\\/\\\/artesanatoincasa.com.br\\\/loja\\\/produto\\\/revistas-e-apostilas\\\/revista-artesanato-in-casa-ed-13-versao-impressa\\\/\",\"url\":\"https:\\\/\\\/artesanatoincasa.com.br\\\/loja\\\/produto\\\/revistas-e-apostilas\\\/revista-artesanato-in-casa-ed-13-versao-impressa\\\/\",\"name\":\"Revista Artesanato In Casa Ed. 13 - VERS\u00c3O IMPRESSA - Loja Artesanato In Casa\",\"isPartOf\":{\"@id\":\"https:\\\/\\\/artesanatoincasa.com.br\\\/loja\\\/#website\"},\"primaryImageOfPage\":{\"@id\":\"https:\\\/\\\/artesanatoincasa.com.br\\\/loja\\\/produto\\\/revistas-e-apostilas\\\/revista-artesanato-in-casa-ed-13-versao-impressa\\\/#primaryimage\"},\"image\":{\"@id\":\"https:\\\/\\\/artesanatoincasa.com.br\\\/loja\\\/produto\\\/revistas-e-apostilas\\\/revista-artesanato-in-casa-ed-13-versao-impressa\\\/#primaryimage\"},\"thumbnailUrl\":\"https:\\\/\\\/artesanatoincasa.com.br\\\/loja\\\/wp-content\\\/uploads\\\/2023\\\/08\\\/Revista-Artesanato-In-Casa_ED13_20x28cm_CAPA_v2-scaled.jpg\",\"datePublished\":\"2023-10-13T15:51:39+00:00\",\"dateModified\":\"2025-07-17T15:50:56+00:00\",\"breadcrumb\":{\"@id\":\"https:\\\/\\\/artesanatoincasa.com.br\\\/loja\\\/produto\\\/revistas-e-apostilas\\\/revista-artesanato-in-casa-ed-13-versao-impressa\\\/#breadcrumb\"},\"inLanguage\":\"pt-BR\",\"potentialAction\":[{\"@type\":\"ReadAction\",\"target\":[\"https:\\\/\\\/artesanatoincasa.com.br\\\/loja\\\/produto\\\/revistas-e-apostilas\\\/revista-artesanato-in-casa-ed-13-versao-impressa\\\/\"]}]},{\"@type\":\"ImageObject\",\"inLanguage\":\"pt-BR\",\"@id\":\"https:\\\/\\\/artesanatoincasa.com.br\\\/loja\\\/produto\\\/revistas-e-apostilas\\\/revista-artesanato-in-casa-ed-13-versao-impressa\\\/#primaryimage\",\"url\":\"https:\\\/\\\/artesanatoincasa.com.br\\\/loja\\\/wp-content\\\/uploads\\\/2023\\\/08\\\/Revista-Artesanato-In-Casa_ED13_20x28cm_CAPA_v2-scaled.jpg\",\"contentUrl\":\"https:\\\/\\\/artesanatoincasa.com.br\\\/loja\\\/wp-content\\\/uploads\\\/2023\\\/08\\\/Revista-Artesanato-In-Casa_ED13_20x28cm_CAPA_v2-scaled.jpg\",\"width\":1828,\"height\":2560},{\"@type\":\"BreadcrumbList\",\"@id\":\"https:\\\/\\\/artesanatoincasa.com.br\\\/loja\\\/produto\\\/revistas-e-apostilas\\\/revista-artesanato-in-casa-ed-13-versao-impressa\\\/#breadcrumb\",\"itemListElement\":[{\"@type\":\"ListItem\",\"position\":1,\"name\":\"In\u00edcio\",\"item\":\"https:\\\/\\\/artesanatoincasa.com.br\\\/loja\\\/\"},{\"@type\":\"ListItem\",\"position\":2,\"name\":\"Produtos\",\"item\":\"https:\\\/\\\/artesanatoincasa.com.br\\\/loja\\\/loja\\\/\"},{\"@type\":\"ListItem\",\"position\":3,\"name\":\"Revista Artesanato In Casa Ed. 13 &#8211; VERS\u00c3O IMPRESSA\"}]},{\"@type\":\"WebSite\",\"@id\":\"https:\\\/\\\/artesanatoincasa.com.br\\\/loja\\\/#website\",\"url\":\"https:\\\/\\\/artesanatoincasa.com.br\\\/loja\\\/\",\"name\":\"Loja Artesanato In Casa\",\"description\":\"Marketplace exclusivo para artes\u00e3os!\",\"publisher\":{\"@id\":\"https:\\\/\\\/artesanatoincasa.com.br\\\/loja\\\/#organization\"},\"alternateName\":\"Loja Artesanato In Casa\",\"potentialAction\":[{\"@type\":\"SearchAction\",\"target\":{\"@type\":\"EntryPoint\",\"urlTemplate\":\"https:\\\/\\\/artesanatoincasa.com.br\\\/loja\\\/?s={search_term_string}\"},\"query-input\":{\"@type\":\"PropertyValueSpecification\",\"valueRequired\":true,\"valueName\":\"search_term_string\"}}],\"inLanguage\":\"pt-BR\"},{\"@type\":\"Organization\",\"@id\":\"https:\\\/\\\/artesanatoincasa.com.br\\\/loja\\\/#organization\",\"name\":\"Loja Artesanato In Casa\",\"alternateName\":\"Loja Artesanato In Casa\",\"url\":\"https:\\\/\\\/artesanatoincasa.com.br\\\/loja\\\/\",\"logo\":{\"@type\":\"ImageObject\",\"inLanguage\":\"pt-BR\",\"@id\":\"https:\\\/\\\/artesanatoincasa.com.br\\\/loja\\\/#\\\/schema\\\/logo\\\/image\\\/\",\"url\":\"http:\\\/\\\/artesanatoincasa.com.br\\\/loja\\\/wp-content\\\/uploads\\\/2023\\\/07\\\/Logo-Marketing-Place.png\",\"contentUrl\":\"http:\\\/\\\/artesanatoincasa.com.br\\\/loja\\\/wp-content\\\/uploads\\\/2023\\\/07\\\/Logo-Marketing-Place.png\",\"width\":698,\"height\":390,\"caption\":\"Loja Artesanato In Casa\"},\"image\":{\"@id\":\"https:\\\/\\\/artesanatoincasa.com.br\\\/loja\\\/#\\\/schema\\\/logo\\\/image\\\/\"}}]}<\/script>\n<!-- \/ Yoast SEO plugin. -->","yoast_head_json":{"title":"Revista Artesanato In Casa Ed. 13 - VERS\u00c3O IMPRESSA - Loja Artesanato In Casa","robots":{"index":"index","follow":"follow","max-snippet":"max-snippet:-1","max-image-preview":"max-image-preview:large","max-video-preview":"max-video-preview:-1"},"canonical":"https:\/\/artesanatoincasa.com.br\/loja\/produto\/revistas-e-apostilas\/revista-artesanato-in-casa-ed-13-versao-impressa\/","og_locale":"pt_BR","og_type":"article","og_title":"Revista Artesanato In Casa Ed. 13 - VERS\u00c3O IMPRESSA - Loja Artesanato In Casa","og_description":"Muito artesanato de qualidade em nossa Revista Artesanato In Casa!  VERS\u00c3O IMPRESSA + FRETE GR\u00c1TIS","og_url":"https:\/\/artesanatoincasa.com.br\/loja\/produto\/revistas-e-apostilas\/revista-artesanato-in-casa-ed-13-versao-impressa\/","og_site_name":"Loja Artesanato In Casa","article_modified_time":"2025-07-17T15:50:56+00:00","og_image":[{"width":1828,"height":2560,"url":"http:\/\/artesanatoincasa.com.br\/loja\/wp-content\/uploads\/2023\/08\/Revista-Artesanato-In-Casa_ED13_20x28cm_CAPA_v2-scaled.jpg","type":"image\/jpeg"}],"schema":{"@context":"https:\/\/schema.org","@graph":[{"@type":"WebPage","@id":"https:\/\/artesanatoincasa.com.br\/loja\/produto\/revistas-e-apostilas\/revista-artesanato-in-casa-ed-13-versao-impressa\/","url":"https:\/\/artesanatoincasa.com.br\/loja\/produto\/revistas-e-apostilas\/revista-artesanato-in-casa-ed-13-versao-impressa\/","name":"Revista Artesanato In Casa Ed. 13 - VERS\u00c3O IMPRESSA - Loja Artesanato In Casa","isPartOf":{"@id":"https:\/\/artesanatoincasa.com.br\/loja\/#website"},"primaryImageOfPage":{"@id":"https:\/\/artesanatoincasa.com.br\/loja\/produto\/revistas-e-apostilas\/revista-artesanato-in-casa-ed-13-versao-impressa\/#primaryimage"},"image":{"@id":"https:\/\/artesanatoincasa.com.br\/loja\/produto\/revistas-e-apostilas\/revista-artesanato-in-casa-ed-13-versao-impressa\/#primaryimage"},"thumbnailUrl":"https:\/\/artesanatoincasa.com.br\/loja\/wp-content\/uploads\/2023\/08\/Revista-Artesanato-In-Casa_ED13_20x28cm_CAPA_v2-scaled.jpg","datePublished":"2023-10-13T15:51:39+00:00","dateModified":"2025-07-17T15:50:56+00:00","breadcrumb":{"@id":"https:\/\/artesanatoincasa.com.br\/loja\/produto\/revistas-e-apostilas\/revista-artesanato-in-casa-ed-13-versao-impressa\/#breadcrumb"},"inLanguage":"pt-BR","potentialAction":[{"@type":"ReadAction","target":["https:\/\/artesanatoincasa.com.br\/loja\/produto\/revistas-e-apostilas\/revista-artesanato-in-casa-ed-13-versao-impressa\/"]}]},{"@type":"ImageObject","inLanguage":"pt-BR","@id":"https:\/\/artesanatoincasa.com.br\/loja\/produto\/revistas-e-apostilas\/revista-artesanato-in-casa-ed-13-versao-impressa\/#primaryimage","url":"https:\/\/artesanatoincasa.com.br\/loja\/wp-content\/uploads\/2023\/08\/Revista-Artesanato-In-Casa_ED13_20x28cm_CAPA_v2-scaled.jpg","contentUrl":"https:\/\/artesanatoincasa.com.br\/loja\/wp-content\/uploads\/2023\/08\/Revista-Artesanato-In-Casa_ED13_20x28cm_CAPA_v2-scaled.jpg","width":1828,"height":2560},{"@type":"BreadcrumbList","@id":"https:\/\/artesanatoincasa.com.br\/loja\/produto\/revistas-e-apostilas\/revista-artesanato-in-casa-ed-13-versao-impressa\/#breadcrumb","itemListElement":[{"@type":"ListItem","position":1,"name":"In\u00edcio","item":"https:\/\/artesanatoincasa.com.br\/loja\/"},{"@type":"ListItem","position":2,"name":"Produtos","item":"https:\/\/artesanatoincasa.com.br\/loja\/loja\/"},{"@type":"ListItem","position":3,"name":"Revista Artesanato In Casa Ed. 13 &#8211; VERS\u00c3O IMPRESSA"}]},{"@type":"WebSite","@id":"https:\/\/artesanatoincasa.com.br\/loja\/#website","url":"https:\/\/artesanatoincasa.com.br\/loja\/","name":"Loja Artesanato In Casa","description":"Marketplace exclusivo para artes\u00e3os!","publisher":{"@id":"https:\/\/artesanatoincasa.com.br\/loja\/#organization"},"alternateName":"Loja Artesanato In Casa","potentialAction":[{"@type":"SearchAction","target":{"@type":"EntryPoint","urlTemplate":"https:\/\/artesanatoincasa.com.br\/loja\/?s={search_term_string}"},"query-input":{"@type":"PropertyValueSpecification","valueRequired":true,"valueName":"search_term_string"}}],"inLanguage":"pt-BR"},{"@type":"Organization","@id":"https:\/\/artesanatoincasa.com.br\/loja\/#organization","name":"Loja Artesanato In Casa","alternateName":"Loja Artesanato In Casa","url":"https:\/\/artesanatoincasa.com.br\/loja\/","logo":{"@type":"ImageObject","inLanguage":"pt-BR","@id":"https:\/\/artesanatoincasa.com.br\/loja\/#\/schema\/logo\/image\/","url":"http:\/\/artesanatoincasa.com.br\/loja\/wp-content\/uploads\/2023\/07\/Logo-Marketing-Place.png","contentUrl":"http:\/\/artesanatoincasa.com.br\/loja\/wp-content\/uploads\/2023\/07\/Logo-Marketing-Place.png","width":698,"height":390,"caption":"Loja Artesanato In Casa"},"image":{"@id":"https:\/\/artesanatoincasa.com.br\/loja\/#\/schema\/logo\/image\/"}}]}},"_links":{"self":[{"href":"https:\/\/artesanatoincasa.com.br\/loja\/wp-json\/wp\/v2\/product\/1858","targetHints":{"allow":["GET"]}}],"collection":[{"href":"https:\/\/artesanatoincasa.com.br\/loja\/wp-json\/wp\/v2\/product"}],"about":[{"href":"https:\/\/artesanatoincasa.com.br\/loja\/wp-json\/wp\/v2\/types\/product"}],"replies":[{"embeddable":true,"href":"https:\/\/artesanatoincasa.com.br\/loja\/wp-json\/wp\/v2\/comments?post=1858"}],"wp:featuredmedia":[{"embeddable":true,"href":"https:\/\/artesanatoincasa.com.br\/loja\/wp-json\/wp\/v2\/media\/1304"}],"wp:attachment":[{"href":"https:\/\/artesanatoincasa.com.br\/loja\/wp-json\/wp\/v2\/media?parent=1858"}],"wp:term":[{"taxonomy":"product_brand","embeddable":true,"href":"https:\/\/artesanatoincasa.com.br\/loja\/wp-json\/wp\/v2\/product_brand?post=1858"},{"taxonomy":"product_cat","embeddable":true,"href":"https:\/\/artesanatoincasa.com.br\/loja\/wp-json\/wp\/v2\/product_cat?post=1858"},{"taxonomy":"product_tag","embeddable":true,"href":"https:\/\/artesanatoincasa.com.br\/loja\/wp-json\/wp\/v2\/product_tag?post=1858"}],"curies":[{"name":"wp","href":"https:\/\/api.w.org\/{rel}","templated":true}]}}