{"id":1309,"date":"2023-08-29T17:28:11","date_gmt":"2023-08-29T20:28:11","guid":{"rendered":"https:\/\/artesanatoincasa.com.br\/loja\/?post_type=product&#038;p=1309"},"modified":"2024-10-08T16:45:35","modified_gmt":"2024-10-08T19:45:35","slug":"revista-artesanato-in-casa-ed-14-digital-pdf","status":"publish","type":"product","link":"https:\/\/artesanatoincasa.com.br\/loja\/produto\/revistas-e-apostilas\/revista-artesanato-in-casa-ed-14-digital-pdf\/","title":{"rendered":"Revista Artesanato In Casa Ed. 14 &#8211; DIGITAL \/ PDF + BRINDE"},"content":{"rendered":"<p>Muito artesanato para voc\u00ea em nossa<strong> Revista Artesanato In Casa Ed. 14 no formato Digital + BRINDE (E-book in Casa &#8211; Introdu\u00e7\u00e3o ao Marketing Digital para Artes\u00e3os<\/strong><\/p>\n<p>Nesta edi\u00e7\u00e3o voc\u00ea ir\u00e1 encontrar:<\/p>\n<p>Patchaplique com Costura Criativa com Val\u00e9ria Ribeiro &#8211; Porta Fraldas, Pintura em Tecido com Daniel Monteiro &#8211; Jogo de Toalhas com Papoulas e Margaridas, Costura C\u00f3dex Rococ\u00f3 sobre Fitas com Dani Morbi &#8211; Livro da Gratid\u00e3o, Arte em Croch\u00ea com Cam\u00ecla Silva &#8211; Chaveiro Heart. Como fazer fotos lindas com o seu pr\u00f3prio celular por Leticia Konishi. HIST\u00d3RIA DE SUCESSO com esta fortaleza e uma pot\u00eancia criativa, cheia de pontos e de tecnologia, sim estamos falando da Marie Castro. Com mais de 230 trabalhos para se inspirar, empresas do segmento e, muitos artes\u00e3os com t\u00e9cnicas diversas, que vendem pe\u00e7as prontas para presentear quem voc\u00ea ama. E MAIS! Aprenda a fazer uma Rosa Boleada em fita com a Marilucia &#8211; Chica Chic\u00f3, Artesanato \u00e9 Tend\u00eancia &#8211; Artigo Canal Craft, 3 super Dicas de como combinar cores em seu artesanato, cursos, ferramentas, acess\u00f3rios e produtos de diversas empresas refer\u00eancias no mercado, APROVEITE!<\/p>\n","protected":false},"excerpt":{"rendered":"<p>Muito artesanato para voc\u00ea em nossa<strong> Revista Artesanato In Casa Ed. 14 no formato Digital + BRINDE (E-book in Casa &#8211; Introdu\u00e7\u00e3o ao Marketing Digital para Artes\u00e3os<\/strong><\/p>\n<p>Nesta edi\u00e7\u00e3o voc\u00ea ir\u00e1 encontrar:<\/p>\n<p>Patchaplique com Costura Criativa com Val\u00e9ria Ribeiro &#8211; Porta Fraldas, Pintura em Tecido com Daniel Monteiro &#8211; Jogo de Toalhas com Papoulas e Margaridas, Costura C\u00f3dex Rococ\u00f3 sobre Fitas com Dani Morbi &#8211; Livro da Gratid\u00e3o, Arte em Croch\u00ea com Cam\u00ecla Silva &#8211; Chaveiro Heart. Como fazer fotos lindas com o seu pr\u00f3prio celular por Leticia Konishi. HIST\u00d3RIA DE SUCESSO com esta fortaleza e uma pot\u00eancia criativa, cheia de pontos e de tecnologia, sim estamos falando da Marie Castro. Com mais de 230 trabalhos para se inspirar, empresas do segmento e, muitos artes\u00e3os com t\u00e9cnicas diversas, que vendem pe\u00e7as prontas para presentear quem voc\u00ea ama. E MAIS! Aprenda a fazer uma Rosa Boleada em fita com a Marilucia &#8211; Chica Chic\u00f3, Artesanato \u00e9 Tend\u00eancia &#8211; Artigo Canal Craft, 3 super Dicas de como combinar cores em seu artesanato, cursos, ferramentas, acess\u00f3rios e produtos de diversas empresas refer\u00eancias no mercado, APROVEITE!<\/p>\n","protected":false},"featured_media":1310,"comment_status":"open","ping_status":"closed","template":"","meta":{"_monsterinsights_skip_tracking":false,"_monsterinsights_sitenote_active":false,"_monsterinsights_sitenote_note":"","_monsterinsights_sitenote_category":0},"product_brand":[],"product_cat":[168,165],"product_tag":[276,264,260,251,259,261,195,256,100,243,255,265,268,252,257,262,263,253,275,258,270,277,254,267,237,250,105,278],"class_list":{"0":"post-1309","1":"product","2":"type-product","3":"status-publish","4":"has-post-thumbnail","6":"product_cat-revistas","7":"product_cat-revistas-e-apostilas","8":"product_tag-amigurumi","9":"product_tag-apostila","10":"product_tag-artesa","11":"product_tag-artesanato","12":"product_tag-artesao","13":"product_tag-biscuit","14":"product_tag-bordado","15":"product_tag-cartonagem","16":"product_tag-colorido","17":"product_tag-costura-criativa","18":"product_tag-croche","19":"product_tag-decalque","20":"product_tag-decoracao","21":"product_tag-empreender","22":"product_tag-encadernacao","23":"product_tag-eva","24":"product_tag-fita","25":"product_tag-fotografia","26":"product_tag-macrame","27":"product_tag-marketingdigital","28":"product_tag-natal2024","29":"product_tag-patchwork","30":"product_tag-pintura","31":"product_tag-pontocruz","32":"product_tag-renda","33":"product_tag-revista","34":"product_tag-revista-artesanato","35":"product_tag-revistadeartesanato","36":"dc_vendor_shop-artesanatoincasa","38":"first","39":"instock","40":"sale","41":"downloadable","42":"virtual","43":"taxable","44":"purchasable","45":"product-type-simple"},"yoast_head":"<!-- This site is optimized with the Yoast SEO plugin v27.4 - https:\/\/yoast.com\/product\/yoast-seo-wordpress\/ -->\n<title>Revista Artesanato In Casa Ed. 14 - DIGITAL \/ PDF + BRINDE - Loja Artesanato In Casa<\/title>\n<meta name=\"robots\" content=\"index, follow, max-snippet:-1, max-image-preview:large, max-video-preview:-1\" \/>\n<link rel=\"canonical\" href=\"https:\/\/artesanatoincasa.com.br\/loja\/produto\/revistas-e-apostilas\/revista-artesanato-in-casa-ed-14-digital-pdf\/\" \/>\n<meta property=\"og:locale\" content=\"pt_BR\" \/>\n<meta property=\"og:type\" content=\"article\" \/>\n<meta property=\"og:title\" content=\"Revista Artesanato In Casa Ed. 14 - DIGITAL \/ PDF + BRINDE - Loja Artesanato In Casa\" \/>\n<meta property=\"og:description\" content=\"Muito artesanato para voc\u00ea em nossa Revista Artesanato In Casa Ed. 14 no formato Digital + BRINDE (E-book in Casa - Introdu\u00e7\u00e3o ao Marketing Digital para Artes\u00e3os  Nesta edi\u00e7\u00e3o voc\u00ea ir\u00e1 encontrar:  Patchaplique com Costura Criativa com Val\u00e9ria Ribeiro - Porta Fraldas, Pintura em Tecido com Daniel Monteiro - Jogo de Toalhas com Papoulas e Margaridas, Costura C\u00f3dex Rococ\u00f3 sobre Fitas com Dani Morbi - Livro da Gratid\u00e3o, Arte em Croch\u00ea com Cam\u00ecla Silva - Chaveiro Heart. Como fazer fotos lindas com o seu pr\u00f3prio celular por Leticia Konishi. HIST\u00d3RIA DE SUCESSO com esta fortaleza e uma pot\u00eancia criativa, cheia de pontos e de tecnologia, sim estamos falando da Marie Castro. Com mais de 230 trabalhos para se inspirar, empresas do segmento e, muitos artes\u00e3os com t\u00e9cnicas diversas, que vendem pe\u00e7as prontas para presentear quem voc\u00ea ama. E MAIS! Aprenda a fazer uma Rosa Boleada em fita com a Marilucia - Chica Chic\u00f3, Artesanato \u00e9 Tend\u00eancia - Artigo Canal Craft, 3 super Dicas de como combinar cores em seu artesanato, cursos, ferramentas, acess\u00f3rios e produtos de diversas empresas refer\u00eancias no mercado, APROVEITE!\" \/>\n<meta property=\"og:url\" content=\"https:\/\/artesanatoincasa.com.br\/loja\/produto\/revistas-e-apostilas\/revista-artesanato-in-casa-ed-14-digital-pdf\/\" \/>\n<meta property=\"og:site_name\" content=\"Loja Artesanato In Casa\" \/>\n<meta property=\"article:modified_time\" content=\"2024-10-08T19:45:35+00:00\" \/>\n<meta property=\"og:image\" content=\"http:\/\/artesanatoincasa.com.br\/loja\/wp-content\/uploads\/2023\/08\/Revista-Artesanato-In-Casa_ED14_20x28cm_sem-corte-1-scaled.jpg\" \/>\n\t<meta property=\"og:image:width\" content=\"1828\" \/>\n\t<meta property=\"og:image:height\" content=\"2560\" \/>\n\t<meta property=\"og:image:type\" content=\"image\/jpeg\" \/>\n<script type=\"application\/ld+json\" class=\"yoast-schema-graph\">{\"@context\":\"https:\\\/\\\/schema.org\",\"@graph\":[{\"@type\":\"WebPage\",\"@id\":\"https:\\\/\\\/artesanatoincasa.com.br\\\/loja\\\/produto\\\/revistas-e-apostilas\\\/revista-artesanato-in-casa-ed-14-digital-pdf\\\/\",\"url\":\"https:\\\/\\\/artesanatoincasa.com.br\\\/loja\\\/produto\\\/revistas-e-apostilas\\\/revista-artesanato-in-casa-ed-14-digital-pdf\\\/\",\"name\":\"Revista Artesanato In Casa Ed. 14 - DIGITAL \\\/ PDF + BRINDE - Loja Artesanato In Casa\",\"isPartOf\":{\"@id\":\"https:\\\/\\\/artesanatoincasa.com.br\\\/loja\\\/#website\"},\"primaryImageOfPage\":{\"@id\":\"https:\\\/\\\/artesanatoincasa.com.br\\\/loja\\\/produto\\\/revistas-e-apostilas\\\/revista-artesanato-in-casa-ed-14-digital-pdf\\\/#primaryimage\"},\"image\":{\"@id\":\"https:\\\/\\\/artesanatoincasa.com.br\\\/loja\\\/produto\\\/revistas-e-apostilas\\\/revista-artesanato-in-casa-ed-14-digital-pdf\\\/#primaryimage\"},\"thumbnailUrl\":\"https:\\\/\\\/artesanatoincasa.com.br\\\/loja\\\/wp-content\\\/uploads\\\/2023\\\/08\\\/Revista-Artesanato-In-Casa_ED14_20x28cm_sem-corte-1-scaled.jpg\",\"datePublished\":\"2023-08-29T20:28:11+00:00\",\"dateModified\":\"2024-10-08T19:45:35+00:00\",\"breadcrumb\":{\"@id\":\"https:\\\/\\\/artesanatoincasa.com.br\\\/loja\\\/produto\\\/revistas-e-apostilas\\\/revista-artesanato-in-casa-ed-14-digital-pdf\\\/#breadcrumb\"},\"inLanguage\":\"pt-BR\",\"potentialAction\":[{\"@type\":\"ReadAction\",\"target\":[\"https:\\\/\\\/artesanatoincasa.com.br\\\/loja\\\/produto\\\/revistas-e-apostilas\\\/revista-artesanato-in-casa-ed-14-digital-pdf\\\/\"]}]},{\"@type\":\"ImageObject\",\"inLanguage\":\"pt-BR\",\"@id\":\"https:\\\/\\\/artesanatoincasa.com.br\\\/loja\\\/produto\\\/revistas-e-apostilas\\\/revista-artesanato-in-casa-ed-14-digital-pdf\\\/#primaryimage\",\"url\":\"https:\\\/\\\/artesanatoincasa.com.br\\\/loja\\\/wp-content\\\/uploads\\\/2023\\\/08\\\/Revista-Artesanato-In-Casa_ED14_20x28cm_sem-corte-1-scaled.jpg\",\"contentUrl\":\"https:\\\/\\\/artesanatoincasa.com.br\\\/loja\\\/wp-content\\\/uploads\\\/2023\\\/08\\\/Revista-Artesanato-In-Casa_ED14_20x28cm_sem-corte-1-scaled.jpg\",\"width\":1828,\"height\":2560},{\"@type\":\"BreadcrumbList\",\"@id\":\"https:\\\/\\\/artesanatoincasa.com.br\\\/loja\\\/produto\\\/revistas-e-apostilas\\\/revista-artesanato-in-casa-ed-14-digital-pdf\\\/#breadcrumb\",\"itemListElement\":[{\"@type\":\"ListItem\",\"position\":1,\"name\":\"In\u00edcio\",\"item\":\"https:\\\/\\\/artesanatoincasa.com.br\\\/loja\\\/\"},{\"@type\":\"ListItem\",\"position\":2,\"name\":\"Produtos\",\"item\":\"https:\\\/\\\/artesanatoincasa.com.br\\\/loja\\\/loja\\\/\"},{\"@type\":\"ListItem\",\"position\":3,\"name\":\"Revista Artesanato In Casa Ed. 14 &#8211; DIGITAL \\\/ PDF + BRINDE\"}]},{\"@type\":\"WebSite\",\"@id\":\"https:\\\/\\\/artesanatoincasa.com.br\\\/loja\\\/#website\",\"url\":\"https:\\\/\\\/artesanatoincasa.com.br\\\/loja\\\/\",\"name\":\"Loja Artesanato In Casa\",\"description\":\"Marketplace exclusivo para artes\u00e3os!\",\"publisher\":{\"@id\":\"https:\\\/\\\/artesanatoincasa.com.br\\\/loja\\\/#organization\"},\"alternateName\":\"Loja Artesanato In Casa\",\"potentialAction\":[{\"@type\":\"SearchAction\",\"target\":{\"@type\":\"EntryPoint\",\"urlTemplate\":\"https:\\\/\\\/artesanatoincasa.com.br\\\/loja\\\/?s={search_term_string}\"},\"query-input\":{\"@type\":\"PropertyValueSpecification\",\"valueRequired\":true,\"valueName\":\"search_term_string\"}}],\"inLanguage\":\"pt-BR\"},{\"@type\":\"Organization\",\"@id\":\"https:\\\/\\\/artesanatoincasa.com.br\\\/loja\\\/#organization\",\"name\":\"Loja Artesanato In Casa\",\"alternateName\":\"Loja Artesanato In Casa\",\"url\":\"https:\\\/\\\/artesanatoincasa.com.br\\\/loja\\\/\",\"logo\":{\"@type\":\"ImageObject\",\"inLanguage\":\"pt-BR\",\"@id\":\"https:\\\/\\\/artesanatoincasa.com.br\\\/loja\\\/#\\\/schema\\\/logo\\\/image\\\/\",\"url\":\"http:\\\/\\\/artesanatoincasa.com.br\\\/loja\\\/wp-content\\\/uploads\\\/2023\\\/07\\\/Logo-Marketing-Place.png\",\"contentUrl\":\"http:\\\/\\\/artesanatoincasa.com.br\\\/loja\\\/wp-content\\\/uploads\\\/2023\\\/07\\\/Logo-Marketing-Place.png\",\"width\":698,\"height\":390,\"caption\":\"Loja Artesanato In Casa\"},\"image\":{\"@id\":\"https:\\\/\\\/artesanatoincasa.com.br\\\/loja\\\/#\\\/schema\\\/logo\\\/image\\\/\"}}]}<\/script>\n<!-- \/ Yoast SEO plugin. -->","yoast_head_json":{"title":"Revista Artesanato In Casa Ed. 14 - DIGITAL \/ PDF + BRINDE - Loja Artesanato In Casa","robots":{"index":"index","follow":"follow","max-snippet":"max-snippet:-1","max-image-preview":"max-image-preview:large","max-video-preview":"max-video-preview:-1"},"canonical":"https:\/\/artesanatoincasa.com.br\/loja\/produto\/revistas-e-apostilas\/revista-artesanato-in-casa-ed-14-digital-pdf\/","og_locale":"pt_BR","og_type":"article","og_title":"Revista Artesanato In Casa Ed. 14 - DIGITAL \/ PDF + BRINDE - Loja Artesanato In Casa","og_description":"Muito artesanato para voc\u00ea em nossa Revista Artesanato In Casa Ed. 14 no formato Digital + BRINDE (E-book in Casa - Introdu\u00e7\u00e3o ao Marketing Digital para Artes\u00e3os  Nesta edi\u00e7\u00e3o voc\u00ea ir\u00e1 encontrar:  Patchaplique com Costura Criativa com Val\u00e9ria Ribeiro - Porta Fraldas, Pintura em Tecido com Daniel Monteiro - Jogo de Toalhas com Papoulas e Margaridas, Costura C\u00f3dex Rococ\u00f3 sobre Fitas com Dani Morbi - Livro da Gratid\u00e3o, Arte em Croch\u00ea com Cam\u00ecla Silva - Chaveiro Heart. Como fazer fotos lindas com o seu pr\u00f3prio celular por Leticia Konishi. HIST\u00d3RIA DE SUCESSO com esta fortaleza e uma pot\u00eancia criativa, cheia de pontos e de tecnologia, sim estamos falando da Marie Castro. Com mais de 230 trabalhos para se inspirar, empresas do segmento e, muitos artes\u00e3os com t\u00e9cnicas diversas, que vendem pe\u00e7as prontas para presentear quem voc\u00ea ama. E MAIS! Aprenda a fazer uma Rosa Boleada em fita com a Marilucia - Chica Chic\u00f3, Artesanato \u00e9 Tend\u00eancia - Artigo Canal Craft, 3 super Dicas de como combinar cores em seu artesanato, cursos, ferramentas, acess\u00f3rios e produtos de diversas empresas refer\u00eancias no mercado, APROVEITE!","og_url":"https:\/\/artesanatoincasa.com.br\/loja\/produto\/revistas-e-apostilas\/revista-artesanato-in-casa-ed-14-digital-pdf\/","og_site_name":"Loja Artesanato In Casa","article_modified_time":"2024-10-08T19:45:35+00:00","og_image":[{"width":1828,"height":2560,"url":"http:\/\/artesanatoincasa.com.br\/loja\/wp-content\/uploads\/2023\/08\/Revista-Artesanato-In-Casa_ED14_20x28cm_sem-corte-1-scaled.jpg","type":"image\/jpeg"}],"schema":{"@context":"https:\/\/schema.org","@graph":[{"@type":"WebPage","@id":"https:\/\/artesanatoincasa.com.br\/loja\/produto\/revistas-e-apostilas\/revista-artesanato-in-casa-ed-14-digital-pdf\/","url":"https:\/\/artesanatoincasa.com.br\/loja\/produto\/revistas-e-apostilas\/revista-artesanato-in-casa-ed-14-digital-pdf\/","name":"Revista Artesanato In Casa Ed. 14 - DIGITAL \/ PDF + BRINDE - Loja Artesanato In Casa","isPartOf":{"@id":"https:\/\/artesanatoincasa.com.br\/loja\/#website"},"primaryImageOfPage":{"@id":"https:\/\/artesanatoincasa.com.br\/loja\/produto\/revistas-e-apostilas\/revista-artesanato-in-casa-ed-14-digital-pdf\/#primaryimage"},"image":{"@id":"https:\/\/artesanatoincasa.com.br\/loja\/produto\/revistas-e-apostilas\/revista-artesanato-in-casa-ed-14-digital-pdf\/#primaryimage"},"thumbnailUrl":"https:\/\/artesanatoincasa.com.br\/loja\/wp-content\/uploads\/2023\/08\/Revista-Artesanato-In-Casa_ED14_20x28cm_sem-corte-1-scaled.jpg","datePublished":"2023-08-29T20:28:11+00:00","dateModified":"2024-10-08T19:45:35+00:00","breadcrumb":{"@id":"https:\/\/artesanatoincasa.com.br\/loja\/produto\/revistas-e-apostilas\/revista-artesanato-in-casa-ed-14-digital-pdf\/#breadcrumb"},"inLanguage":"pt-BR","potentialAction":[{"@type":"ReadAction","target":["https:\/\/artesanatoincasa.com.br\/loja\/produto\/revistas-e-apostilas\/revista-artesanato-in-casa-ed-14-digital-pdf\/"]}]},{"@type":"ImageObject","inLanguage":"pt-BR","@id":"https:\/\/artesanatoincasa.com.br\/loja\/produto\/revistas-e-apostilas\/revista-artesanato-in-casa-ed-14-digital-pdf\/#primaryimage","url":"https:\/\/artesanatoincasa.com.br\/loja\/wp-content\/uploads\/2023\/08\/Revista-Artesanato-In-Casa_ED14_20x28cm_sem-corte-1-scaled.jpg","contentUrl":"https:\/\/artesanatoincasa.com.br\/loja\/wp-content\/uploads\/2023\/08\/Revista-Artesanato-In-Casa_ED14_20x28cm_sem-corte-1-scaled.jpg","width":1828,"height":2560},{"@type":"BreadcrumbList","@id":"https:\/\/artesanatoincasa.com.br\/loja\/produto\/revistas-e-apostilas\/revista-artesanato-in-casa-ed-14-digital-pdf\/#breadcrumb","itemListElement":[{"@type":"ListItem","position":1,"name":"In\u00edcio","item":"https:\/\/artesanatoincasa.com.br\/loja\/"},{"@type":"ListItem","position":2,"name":"Produtos","item":"https:\/\/artesanatoincasa.com.br\/loja\/loja\/"},{"@type":"ListItem","position":3,"name":"Revista Artesanato In Casa Ed. 14 &#8211; DIGITAL \/ PDF + BRINDE"}]},{"@type":"WebSite","@id":"https:\/\/artesanatoincasa.com.br\/loja\/#website","url":"https:\/\/artesanatoincasa.com.br\/loja\/","name":"Loja Artesanato In Casa","description":"Marketplace exclusivo para artes\u00e3os!","publisher":{"@id":"https:\/\/artesanatoincasa.com.br\/loja\/#organization"},"alternateName":"Loja Artesanato In Casa","potentialAction":[{"@type":"SearchAction","target":{"@type":"EntryPoint","urlTemplate":"https:\/\/artesanatoincasa.com.br\/loja\/?s={search_term_string}"},"query-input":{"@type":"PropertyValueSpecification","valueRequired":true,"valueName":"search_term_string"}}],"inLanguage":"pt-BR"},{"@type":"Organization","@id":"https:\/\/artesanatoincasa.com.br\/loja\/#organization","name":"Loja Artesanato In Casa","alternateName":"Loja Artesanato In Casa","url":"https:\/\/artesanatoincasa.com.br\/loja\/","logo":{"@type":"ImageObject","inLanguage":"pt-BR","@id":"https:\/\/artesanatoincasa.com.br\/loja\/#\/schema\/logo\/image\/","url":"http:\/\/artesanatoincasa.com.br\/loja\/wp-content\/uploads\/2023\/07\/Logo-Marketing-Place.png","contentUrl":"http:\/\/artesanatoincasa.com.br\/loja\/wp-content\/uploads\/2023\/07\/Logo-Marketing-Place.png","width":698,"height":390,"caption":"Loja Artesanato In Casa"},"image":{"@id":"https:\/\/artesanatoincasa.com.br\/loja\/#\/schema\/logo\/image\/"}}]}},"_links":{"self":[{"href":"https:\/\/artesanatoincasa.com.br\/loja\/wp-json\/wp\/v2\/product\/1309","targetHints":{"allow":["GET"]}}],"collection":[{"href":"https:\/\/artesanatoincasa.com.br\/loja\/wp-json\/wp\/v2\/product"}],"about":[{"href":"https:\/\/artesanatoincasa.com.br\/loja\/wp-json\/wp\/v2\/types\/product"}],"replies":[{"embeddable":true,"href":"https:\/\/artesanatoincasa.com.br\/loja\/wp-json\/wp\/v2\/comments?post=1309"}],"wp:featuredmedia":[{"embeddable":true,"href":"https:\/\/artesanatoincasa.com.br\/loja\/wp-json\/wp\/v2\/media\/1310"}],"wp:attachment":[{"href":"https:\/\/artesanatoincasa.com.br\/loja\/wp-json\/wp\/v2\/media?parent=1309"}],"wp:term":[{"taxonomy":"product_brand","embeddable":true,"href":"https:\/\/artesanatoincasa.com.br\/loja\/wp-json\/wp\/v2\/product_brand?post=1309"},{"taxonomy":"product_cat","embeddable":true,"href":"https:\/\/artesanatoincasa.com.br\/loja\/wp-json\/wp\/v2\/product_cat?post=1309"},{"taxonomy":"product_tag","embeddable":true,"href":"https:\/\/artesanatoincasa.com.br\/loja\/wp-json\/wp\/v2\/product_tag?post=1309"}],"curies":[{"name":"wp","href":"https:\/\/api.w.org\/{rel}","templated":true}]}}