{"id":1296,"date":"2023-08-29T16:14:39","date_gmt":"2023-08-29T19:14:39","guid":{"rendered":"https:\/\/artesanatoincasa.com.br\/loja\/?post_type=product&#038;p=1296"},"modified":"2024-10-08T16:46:45","modified_gmt":"2024-10-08T19:46:45","slug":"revista-artesanato-in-casa-ed-11-digital-pdf","status":"publish","type":"product","link":"https:\/\/artesanatoincasa.com.br\/loja\/produto\/revistas-e-apostilas\/revista-artesanato-in-casa-ed-11-digital-pdf\/","title":{"rendered":"Revista Artesanato In Casa Ed. 11 &#8211; DIGITAL \/ PDF + BRINDE"},"content":{"rendered":"<p>Muito artesanato para voc\u00ea em nossa <strong>Revista Artesanato In Casa ED. 11<\/strong> no formato Digital<strong> + BRINDE (E-book in Casa &#8211; Introdu\u00e7\u00e3o ao Marketing Digital para Artes\u00e3os<\/strong><\/p>\n<p><em>Nesta edi\u00e7\u00e3o voc\u00ea ir\u00e1 encontrar:<\/em><\/p>\n<p>Arte em Cartonagem com Luis Masse &#8211; Maleta em Cartonagem, Arte em Croch\u00ea com Natalia Melo &#8211; Banquinho de Ovelha, Arte Recicl\u00e1vel com Tati Nascimento &#8211; Rel\u00f3gio Reciclagem, Pintura em Tecido com Padinha Amorim &#8211; Pano de Copa \u2022 Tigela com Morangos. Passo a Passo Extra com Rosely Ferraiol ensinando a fazer um lindo Bolo Fake com filtros de caf\u00e9. ENTREVISTA ESPECIAL com uma das refer\u00eancias no croch\u00ea Marcelo Nunes, UMA HIST\u00d3RIA DE SUCESSO PARA TE INSPIRAR, \u201cMinha maior realiza\u00e7\u00e3o \u00e9 ver a satisfa\u00e7\u00e3o dos alunos em aprender e concluir os seus trabalhos\u201d. Com mais de 200 trabalhos para se inspirar, empresas do segmento e, muitos artes\u00e3os com t\u00e9cnicas diversas, que vendem pe\u00e7as prontas para presentear quem voc\u00ea ama. E MAIS! Artigo de Bete Monta (Canal Craft): O seu espa\u00e7o de artesanato no mundo, Cursos em v\u00e1rias \u00e1reas para agregar e valorizar o seu artesanato. Muitas ferramentas e acess\u00f3rios com descontos. APROVEITE!<\/p>\n","protected":false},"excerpt":{"rendered":"<p>Muito artesanato para voc\u00ea em nossa <strong>Revista Artesanato In Casa ED. 11<\/strong> no formato Digital<strong> + BRINDE (E-book in Casa &#8211; Introdu\u00e7\u00e3o ao Marketing Digital para Artes\u00e3os<\/strong><\/p>\n<p><em>Nesta edi\u00e7\u00e3o voc\u00ea ir\u00e1 encontrar:<\/em><\/p>\n<p>Arte em Cartonagem com Luis Masse &#8211; Maleta em Cartonagem, Arte em Croch\u00ea com Natalia Melo &#8211; Banquinho de Ovelha, Arte Recicl\u00e1vel com Tati Nascimento &#8211; Rel\u00f3gio Reciclagem, Pintura em Tecido com Padinha Amorim &#8211; Pano de Copa \u2022 Tigela com Morangos. Passo a Passo Extra com Rosely Ferraiol ensinando a fazer um lindo Bolo Fake com filtros de caf\u00e9. ENTREVISTA ESPECIAL com uma das refer\u00eancias no croch\u00ea Marcelo Nunes, UMA HIST\u00d3RIA DE SUCESSO PARA TE INSPIRAR, \u201cMinha maior realiza\u00e7\u00e3o \u00e9 ver a satisfa\u00e7\u00e3o dos alunos em aprender e concluir os seus trabalhos\u201d. Com mais de 200 trabalhos para se inspirar, empresas do segmento e, muitos artes\u00e3os com t\u00e9cnicas diversas, que vendem pe\u00e7as prontas para presentear quem voc\u00ea ama. E MAIS! Artigo de Bete Monta (Canal Craft): O seu espa\u00e7o de artesanato no mundo, Cursos em v\u00e1rias \u00e1reas para agregar e valorizar o seu artesanato. Muitas ferramentas e acess\u00f3rios com descontos. APROVEITE!<\/p>\n","protected":false},"featured_media":1297,"comment_status":"open","ping_status":"closed","template":"","meta":{"_monsterinsights_skip_tracking":false,"_monsterinsights_sitenote_active":false,"_monsterinsights_sitenote_note":"","_monsterinsights_sitenote_category":0},"product_brand":[],"product_cat":[168,165],"product_tag":[276,264,260,251,259,261,195,256,100,243,255,265,268,252,257,262,263,253,275,258,270,277,254,267,250,278],"class_list":{"0":"post-1296","1":"product","2":"type-product","3":"status-publish","4":"has-post-thumbnail","6":"product_cat-revistas","7":"product_cat-revistas-e-apostilas","8":"product_tag-amigurumi","9":"product_tag-apostila","10":"product_tag-artesa","11":"product_tag-artesanato","12":"product_tag-artesao","13":"product_tag-biscuit","14":"product_tag-bordado","15":"product_tag-cartonagem","16":"product_tag-colorido","17":"product_tag-costura-criativa","18":"product_tag-croche","19":"product_tag-decalque","20":"product_tag-decoracao","21":"product_tag-empreender","22":"product_tag-encadernacao","23":"product_tag-eva","24":"product_tag-fita","25":"product_tag-fotografia","26":"product_tag-macrame","27":"product_tag-marketingdigital","28":"product_tag-natal2024","29":"product_tag-patchwork","30":"product_tag-pintura","31":"product_tag-pontocruz","32":"product_tag-revista","33":"product_tag-revistadeartesanato","34":"dc_vendor_shop-artesanatoincasa","36":"first","37":"instock","38":"sale","39":"downloadable","40":"virtual","41":"taxable","42":"purchasable","43":"product-type-simple"},"yoast_head":"<!-- This site is optimized with the Yoast SEO plugin v27.4 - https:\/\/yoast.com\/product\/yoast-seo-wordpress\/ -->\n<title>Revista Artesanato In Casa Ed. 11 - DIGITAL \/ PDF + BRINDE - Loja Artesanato In Casa<\/title>\n<meta name=\"robots\" content=\"index, follow, max-snippet:-1, max-image-preview:large, max-video-preview:-1\" \/>\n<link rel=\"canonical\" href=\"https:\/\/artesanatoincasa.com.br\/loja\/produto\/revistas-e-apostilas\/revista-artesanato-in-casa-ed-11-digital-pdf\/\" \/>\n<meta property=\"og:locale\" content=\"pt_BR\" \/>\n<meta property=\"og:type\" content=\"article\" \/>\n<meta property=\"og:title\" content=\"Revista Artesanato In Casa Ed. 11 - DIGITAL \/ PDF + BRINDE - Loja Artesanato In Casa\" \/>\n<meta property=\"og:description\" content=\"Muito artesanato para voc\u00ea em nossa Revista Artesanato In Casa ED. 11 no formato Digital + BRINDE (E-book in Casa - Introdu\u00e7\u00e3o ao Marketing Digital para Artes\u00e3os  Nesta edi\u00e7\u00e3o voc\u00ea ir\u00e1 encontrar:  Arte em Cartonagem com Luis Masse - Maleta em Cartonagem, Arte em Croch\u00ea com Natalia Melo - Banquinho de Ovelha, Arte Recicl\u00e1vel com Tati Nascimento - Rel\u00f3gio Reciclagem, Pintura em Tecido com Padinha Amorim - Pano de Copa \u2022 Tigela com Morangos. Passo a Passo Extra com Rosely Ferraiol ensinando a fazer um lindo Bolo Fake com filtros de caf\u00e9. ENTREVISTA ESPECIAL com uma das refer\u00eancias no croch\u00ea Marcelo Nunes, UMA HIST\u00d3RIA DE SUCESSO PARA TE INSPIRAR, \u201cMinha maior realiza\u00e7\u00e3o \u00e9 ver a satisfa\u00e7\u00e3o dos alunos em aprender e concluir os seus trabalhos\u201d. Com mais de 200 trabalhos para se inspirar, empresas do segmento e, muitos artes\u00e3os com t\u00e9cnicas diversas, que vendem pe\u00e7as prontas para presentear quem voc\u00ea ama. E MAIS! Artigo de Bete Monta (Canal Craft): O seu espa\u00e7o de artesanato no mundo, Cursos em v\u00e1rias \u00e1reas para agregar e valorizar o seu artesanato. Muitas ferramentas e acess\u00f3rios com descontos. APROVEITE!\" \/>\n<meta property=\"og:url\" content=\"https:\/\/artesanatoincasa.com.br\/loja\/produto\/revistas-e-apostilas\/revista-artesanato-in-casa-ed-11-digital-pdf\/\" \/>\n<meta property=\"og:site_name\" content=\"Loja Artesanato In Casa\" \/>\n<meta property=\"article:modified_time\" content=\"2024-10-08T19:46:45+00:00\" \/>\n<meta property=\"og:image\" content=\"http:\/\/artesanatoincasa.com.br\/loja\/wp-content\/uploads\/2023\/08\/Revista-Artesanato-In-Casa_ED11_20x28cm_PDF__paginas-unitarias-1-scaled.jpg\" \/>\n\t<meta property=\"og:image:width\" content=\"1828\" \/>\n\t<meta property=\"og:image:height\" content=\"2560\" \/>\n\t<meta property=\"og:image:type\" content=\"image\/jpeg\" \/>\n<script type=\"application\/ld+json\" class=\"yoast-schema-graph\">{\"@context\":\"https:\\\/\\\/schema.org\",\"@graph\":[{\"@type\":\"WebPage\",\"@id\":\"https:\\\/\\\/artesanatoincasa.com.br\\\/loja\\\/produto\\\/revistas-e-apostilas\\\/revista-artesanato-in-casa-ed-11-digital-pdf\\\/\",\"url\":\"https:\\\/\\\/artesanatoincasa.com.br\\\/loja\\\/produto\\\/revistas-e-apostilas\\\/revista-artesanato-in-casa-ed-11-digital-pdf\\\/\",\"name\":\"Revista Artesanato In Casa Ed. 11 - DIGITAL \\\/ PDF + BRINDE - Loja Artesanato In Casa\",\"isPartOf\":{\"@id\":\"https:\\\/\\\/artesanatoincasa.com.br\\\/loja\\\/#website\"},\"primaryImageOfPage\":{\"@id\":\"https:\\\/\\\/artesanatoincasa.com.br\\\/loja\\\/produto\\\/revistas-e-apostilas\\\/revista-artesanato-in-casa-ed-11-digital-pdf\\\/#primaryimage\"},\"image\":{\"@id\":\"https:\\\/\\\/artesanatoincasa.com.br\\\/loja\\\/produto\\\/revistas-e-apostilas\\\/revista-artesanato-in-casa-ed-11-digital-pdf\\\/#primaryimage\"},\"thumbnailUrl\":\"https:\\\/\\\/artesanatoincasa.com.br\\\/loja\\\/wp-content\\\/uploads\\\/2023\\\/08\\\/Revista-Artesanato-In-Casa_ED11_20x28cm_PDF__paginas-unitarias-1-scaled.jpg\",\"datePublished\":\"2023-08-29T19:14:39+00:00\",\"dateModified\":\"2024-10-08T19:46:45+00:00\",\"breadcrumb\":{\"@id\":\"https:\\\/\\\/artesanatoincasa.com.br\\\/loja\\\/produto\\\/revistas-e-apostilas\\\/revista-artesanato-in-casa-ed-11-digital-pdf\\\/#breadcrumb\"},\"inLanguage\":\"pt-BR\",\"potentialAction\":[{\"@type\":\"ReadAction\",\"target\":[\"https:\\\/\\\/artesanatoincasa.com.br\\\/loja\\\/produto\\\/revistas-e-apostilas\\\/revista-artesanato-in-casa-ed-11-digital-pdf\\\/\"]}]},{\"@type\":\"ImageObject\",\"inLanguage\":\"pt-BR\",\"@id\":\"https:\\\/\\\/artesanatoincasa.com.br\\\/loja\\\/produto\\\/revistas-e-apostilas\\\/revista-artesanato-in-casa-ed-11-digital-pdf\\\/#primaryimage\",\"url\":\"https:\\\/\\\/artesanatoincasa.com.br\\\/loja\\\/wp-content\\\/uploads\\\/2023\\\/08\\\/Revista-Artesanato-In-Casa_ED11_20x28cm_PDF__paginas-unitarias-1-scaled.jpg\",\"contentUrl\":\"https:\\\/\\\/artesanatoincasa.com.br\\\/loja\\\/wp-content\\\/uploads\\\/2023\\\/08\\\/Revista-Artesanato-In-Casa_ED11_20x28cm_PDF__paginas-unitarias-1-scaled.jpg\",\"width\":1828,\"height\":2560},{\"@type\":\"BreadcrumbList\",\"@id\":\"https:\\\/\\\/artesanatoincasa.com.br\\\/loja\\\/produto\\\/revistas-e-apostilas\\\/revista-artesanato-in-casa-ed-11-digital-pdf\\\/#breadcrumb\",\"itemListElement\":[{\"@type\":\"ListItem\",\"position\":1,\"name\":\"In\u00edcio\",\"item\":\"https:\\\/\\\/artesanatoincasa.com.br\\\/loja\\\/\"},{\"@type\":\"ListItem\",\"position\":2,\"name\":\"Produtos\",\"item\":\"https:\\\/\\\/artesanatoincasa.com.br\\\/loja\\\/loja\\\/\"},{\"@type\":\"ListItem\",\"position\":3,\"name\":\"Revista Artesanato In Casa Ed. 11 &#8211; DIGITAL \\\/ PDF + BRINDE\"}]},{\"@type\":\"WebSite\",\"@id\":\"https:\\\/\\\/artesanatoincasa.com.br\\\/loja\\\/#website\",\"url\":\"https:\\\/\\\/artesanatoincasa.com.br\\\/loja\\\/\",\"name\":\"Loja Artesanato In Casa\",\"description\":\"Marketplace exclusivo para artes\u00e3os!\",\"publisher\":{\"@id\":\"https:\\\/\\\/artesanatoincasa.com.br\\\/loja\\\/#organization\"},\"alternateName\":\"Loja Artesanato In Casa\",\"potentialAction\":[{\"@type\":\"SearchAction\",\"target\":{\"@type\":\"EntryPoint\",\"urlTemplate\":\"https:\\\/\\\/artesanatoincasa.com.br\\\/loja\\\/?s={search_term_string}\"},\"query-input\":{\"@type\":\"PropertyValueSpecification\",\"valueRequired\":true,\"valueName\":\"search_term_string\"}}],\"inLanguage\":\"pt-BR\"},{\"@type\":\"Organization\",\"@id\":\"https:\\\/\\\/artesanatoincasa.com.br\\\/loja\\\/#organization\",\"name\":\"Loja Artesanato In Casa\",\"alternateName\":\"Loja Artesanato In Casa\",\"url\":\"https:\\\/\\\/artesanatoincasa.com.br\\\/loja\\\/\",\"logo\":{\"@type\":\"ImageObject\",\"inLanguage\":\"pt-BR\",\"@id\":\"https:\\\/\\\/artesanatoincasa.com.br\\\/loja\\\/#\\\/schema\\\/logo\\\/image\\\/\",\"url\":\"http:\\\/\\\/artesanatoincasa.com.br\\\/loja\\\/wp-content\\\/uploads\\\/2023\\\/07\\\/Logo-Marketing-Place.png\",\"contentUrl\":\"http:\\\/\\\/artesanatoincasa.com.br\\\/loja\\\/wp-content\\\/uploads\\\/2023\\\/07\\\/Logo-Marketing-Place.png\",\"width\":698,\"height\":390,\"caption\":\"Loja Artesanato In Casa\"},\"image\":{\"@id\":\"https:\\\/\\\/artesanatoincasa.com.br\\\/loja\\\/#\\\/schema\\\/logo\\\/image\\\/\"}}]}<\/script>\n<!-- \/ Yoast SEO plugin. -->","yoast_head_json":{"title":"Revista Artesanato In Casa Ed. 11 - DIGITAL \/ PDF + BRINDE - Loja Artesanato In Casa","robots":{"index":"index","follow":"follow","max-snippet":"max-snippet:-1","max-image-preview":"max-image-preview:large","max-video-preview":"max-video-preview:-1"},"canonical":"https:\/\/artesanatoincasa.com.br\/loja\/produto\/revistas-e-apostilas\/revista-artesanato-in-casa-ed-11-digital-pdf\/","og_locale":"pt_BR","og_type":"article","og_title":"Revista Artesanato In Casa Ed. 11 - DIGITAL \/ PDF + BRINDE - Loja Artesanato In Casa","og_description":"Muito artesanato para voc\u00ea em nossa Revista Artesanato In Casa ED. 11 no formato Digital + BRINDE (E-book in Casa - Introdu\u00e7\u00e3o ao Marketing Digital para Artes\u00e3os  Nesta edi\u00e7\u00e3o voc\u00ea ir\u00e1 encontrar:  Arte em Cartonagem com Luis Masse - Maleta em Cartonagem, Arte em Croch\u00ea com Natalia Melo - Banquinho de Ovelha, Arte Recicl\u00e1vel com Tati Nascimento - Rel\u00f3gio Reciclagem, Pintura em Tecido com Padinha Amorim - Pano de Copa \u2022 Tigela com Morangos. Passo a Passo Extra com Rosely Ferraiol ensinando a fazer um lindo Bolo Fake com filtros de caf\u00e9. ENTREVISTA ESPECIAL com uma das refer\u00eancias no croch\u00ea Marcelo Nunes, UMA HIST\u00d3RIA DE SUCESSO PARA TE INSPIRAR, \u201cMinha maior realiza\u00e7\u00e3o \u00e9 ver a satisfa\u00e7\u00e3o dos alunos em aprender e concluir os seus trabalhos\u201d. Com mais de 200 trabalhos para se inspirar, empresas do segmento e, muitos artes\u00e3os com t\u00e9cnicas diversas, que vendem pe\u00e7as prontas para presentear quem voc\u00ea ama. E MAIS! Artigo de Bete Monta (Canal Craft): O seu espa\u00e7o de artesanato no mundo, Cursos em v\u00e1rias \u00e1reas para agregar e valorizar o seu artesanato. Muitas ferramentas e acess\u00f3rios com descontos. APROVEITE!","og_url":"https:\/\/artesanatoincasa.com.br\/loja\/produto\/revistas-e-apostilas\/revista-artesanato-in-casa-ed-11-digital-pdf\/","og_site_name":"Loja Artesanato In Casa","article_modified_time":"2024-10-08T19:46:45+00:00","og_image":[{"width":1828,"height":2560,"url":"http:\/\/artesanatoincasa.com.br\/loja\/wp-content\/uploads\/2023\/08\/Revista-Artesanato-In-Casa_ED11_20x28cm_PDF__paginas-unitarias-1-scaled.jpg","type":"image\/jpeg"}],"schema":{"@context":"https:\/\/schema.org","@graph":[{"@type":"WebPage","@id":"https:\/\/artesanatoincasa.com.br\/loja\/produto\/revistas-e-apostilas\/revista-artesanato-in-casa-ed-11-digital-pdf\/","url":"https:\/\/artesanatoincasa.com.br\/loja\/produto\/revistas-e-apostilas\/revista-artesanato-in-casa-ed-11-digital-pdf\/","name":"Revista Artesanato In Casa Ed. 11 - DIGITAL \/ PDF + BRINDE - Loja Artesanato In Casa","isPartOf":{"@id":"https:\/\/artesanatoincasa.com.br\/loja\/#website"},"primaryImageOfPage":{"@id":"https:\/\/artesanatoincasa.com.br\/loja\/produto\/revistas-e-apostilas\/revista-artesanato-in-casa-ed-11-digital-pdf\/#primaryimage"},"image":{"@id":"https:\/\/artesanatoincasa.com.br\/loja\/produto\/revistas-e-apostilas\/revista-artesanato-in-casa-ed-11-digital-pdf\/#primaryimage"},"thumbnailUrl":"https:\/\/artesanatoincasa.com.br\/loja\/wp-content\/uploads\/2023\/08\/Revista-Artesanato-In-Casa_ED11_20x28cm_PDF__paginas-unitarias-1-scaled.jpg","datePublished":"2023-08-29T19:14:39+00:00","dateModified":"2024-10-08T19:46:45+00:00","breadcrumb":{"@id":"https:\/\/artesanatoincasa.com.br\/loja\/produto\/revistas-e-apostilas\/revista-artesanato-in-casa-ed-11-digital-pdf\/#breadcrumb"},"inLanguage":"pt-BR","potentialAction":[{"@type":"ReadAction","target":["https:\/\/artesanatoincasa.com.br\/loja\/produto\/revistas-e-apostilas\/revista-artesanato-in-casa-ed-11-digital-pdf\/"]}]},{"@type":"ImageObject","inLanguage":"pt-BR","@id":"https:\/\/artesanatoincasa.com.br\/loja\/produto\/revistas-e-apostilas\/revista-artesanato-in-casa-ed-11-digital-pdf\/#primaryimage","url":"https:\/\/artesanatoincasa.com.br\/loja\/wp-content\/uploads\/2023\/08\/Revista-Artesanato-In-Casa_ED11_20x28cm_PDF__paginas-unitarias-1-scaled.jpg","contentUrl":"https:\/\/artesanatoincasa.com.br\/loja\/wp-content\/uploads\/2023\/08\/Revista-Artesanato-In-Casa_ED11_20x28cm_PDF__paginas-unitarias-1-scaled.jpg","width":1828,"height":2560},{"@type":"BreadcrumbList","@id":"https:\/\/artesanatoincasa.com.br\/loja\/produto\/revistas-e-apostilas\/revista-artesanato-in-casa-ed-11-digital-pdf\/#breadcrumb","itemListElement":[{"@type":"ListItem","position":1,"name":"In\u00edcio","item":"https:\/\/artesanatoincasa.com.br\/loja\/"},{"@type":"ListItem","position":2,"name":"Produtos","item":"https:\/\/artesanatoincasa.com.br\/loja\/loja\/"},{"@type":"ListItem","position":3,"name":"Revista Artesanato In Casa Ed. 11 &#8211; DIGITAL \/ PDF + BRINDE"}]},{"@type":"WebSite","@id":"https:\/\/artesanatoincasa.com.br\/loja\/#website","url":"https:\/\/artesanatoincasa.com.br\/loja\/","name":"Loja Artesanato In Casa","description":"Marketplace exclusivo para artes\u00e3os!","publisher":{"@id":"https:\/\/artesanatoincasa.com.br\/loja\/#organization"},"alternateName":"Loja Artesanato In Casa","potentialAction":[{"@type":"SearchAction","target":{"@type":"EntryPoint","urlTemplate":"https:\/\/artesanatoincasa.com.br\/loja\/?s={search_term_string}"},"query-input":{"@type":"PropertyValueSpecification","valueRequired":true,"valueName":"search_term_string"}}],"inLanguage":"pt-BR"},{"@type":"Organization","@id":"https:\/\/artesanatoincasa.com.br\/loja\/#organization","name":"Loja Artesanato In Casa","alternateName":"Loja Artesanato In Casa","url":"https:\/\/artesanatoincasa.com.br\/loja\/","logo":{"@type":"ImageObject","inLanguage":"pt-BR","@id":"https:\/\/artesanatoincasa.com.br\/loja\/#\/schema\/logo\/image\/","url":"http:\/\/artesanatoincasa.com.br\/loja\/wp-content\/uploads\/2023\/07\/Logo-Marketing-Place.png","contentUrl":"http:\/\/artesanatoincasa.com.br\/loja\/wp-content\/uploads\/2023\/07\/Logo-Marketing-Place.png","width":698,"height":390,"caption":"Loja Artesanato In Casa"},"image":{"@id":"https:\/\/artesanatoincasa.com.br\/loja\/#\/schema\/logo\/image\/"}}]}},"_links":{"self":[{"href":"https:\/\/artesanatoincasa.com.br\/loja\/wp-json\/wp\/v2\/product\/1296","targetHints":{"allow":["GET"]}}],"collection":[{"href":"https:\/\/artesanatoincasa.com.br\/loja\/wp-json\/wp\/v2\/product"}],"about":[{"href":"https:\/\/artesanatoincasa.com.br\/loja\/wp-json\/wp\/v2\/types\/product"}],"replies":[{"embeddable":true,"href":"https:\/\/artesanatoincasa.com.br\/loja\/wp-json\/wp\/v2\/comments?post=1296"}],"wp:featuredmedia":[{"embeddable":true,"href":"https:\/\/artesanatoincasa.com.br\/loja\/wp-json\/wp\/v2\/media\/1297"}],"wp:attachment":[{"href":"https:\/\/artesanatoincasa.com.br\/loja\/wp-json\/wp\/v2\/media?parent=1296"}],"wp:term":[{"taxonomy":"product_brand","embeddable":true,"href":"https:\/\/artesanatoincasa.com.br\/loja\/wp-json\/wp\/v2\/product_brand?post=1296"},{"taxonomy":"product_cat","embeddable":true,"href":"https:\/\/artesanatoincasa.com.br\/loja\/wp-json\/wp\/v2\/product_cat?post=1296"},{"taxonomy":"product_tag","embeddable":true,"href":"https:\/\/artesanatoincasa.com.br\/loja\/wp-json\/wp\/v2\/product_tag?post=1296"}],"curies":[{"name":"wp","href":"https:\/\/api.w.org\/{rel}","templated":true}]}}