{"id":1270,"date":"2023-08-28T17:10:52","date_gmt":"2023-08-28T20:10:52","guid":{"rendered":"https:\/\/artesanatoincasa.com.br\/loja\/?post_type=product&#038;p=1270"},"modified":"2024-10-08T17:08:14","modified_gmt":"2024-10-08T20:08:14","slug":"revista-artesanato-in-casa-ed-04-digital-pdf","status":"publish","type":"product","link":"https:\/\/artesanatoincasa.com.br\/loja\/produto\/revistas-e-apostilas\/revista-artesanato-in-casa-ed-04-digital-pdf\/","title":{"rendered":"Revista Artesanato In Casa Ed. 04 &#8211; DIGITAL \/ PDF + BRINDE"},"content":{"rendered":"<p>Muito artesanato para voc\u00ea em nossa <strong>Revista Artesanato In Casa Ed. 04<\/strong> no formato Digital <strong>+ BRINDE (E-book in Casa &#8211; Introdu\u00e7\u00e3o ao Marketing Digital para Artes\u00e3os).<\/strong><\/p>\n<p><em>Nesta edi\u00e7\u00e3o voc\u00ea ir\u00e1 encontrar:<\/em><\/p>\n<p>ARTE EM FELTRO com Elaine Oliveira &#8211; Necessaire Unic\u00f3rnio, ARTE EM BISCUIT com Ester Paix\u00e3o &#8211;\u00a0Porta L\u00e1pis, ARTE EM CROCH\u00ca com Ana Paula &#8211; Princesa em Amigurumi, ARTE EM CARTONAGEM com Fl\u00e1via Diz &#8211; Porta Panetone, ARTIGO A hist\u00f3ria e a origem do AMIGURUMI no croch\u00ea por Natalia Melo, ENTREVISTA ESPECIAL com o multitalento MARCELO<br \/>\nDARGHAN, MAT\u00c9RIAS: \u2022 Pl\u00e1gio 2\u00aa Parte: O que se enquadra na lei por Alessandra Veiga \u2022 Arte que transforma, m\u00e3os que criam com L\u00e9a Tande \u2022 Solidariedade artes\u00e3 em \u00e9pocas dif\u00edceis com Sam\u00e1ra Milano. Empresas do segmento e, muitos artes\u00e3os com t\u00e9cnicas diversas, que vendem pe\u00e7as prontas para presentear quem voc\u00ea ama.<\/p>\n","protected":false},"excerpt":{"rendered":"<p>Muito artesanato para voc\u00ea em nossa <strong>Revista Artesanato In Casa Ed. 04<\/strong> no formato Digital <strong>+ BRINDE (E-book in Casa &#8211; Introdu\u00e7\u00e3o ao Marketing Digital para Artes\u00e3os).<\/strong><\/p>\n<p><em>Nesta edi\u00e7\u00e3o voc\u00ea ir\u00e1 encontrar:<\/em><\/p>\n<p>ARTE EM FELTRO com Elaine Oliveira &#8211; Necessaire Unic\u00f3rnio, ARTE EM BISCUIT com Ester Paix\u00e3o &#8211;\u00a0Porta L\u00e1pis, ARTE EM CROCH\u00ca com Ana Paula &#8211; Princesa em Amigurumi, ARTE EM CARTONAGEM com Fl\u00e1via Diz &#8211; Porta Panetone, ARTIGO A hist\u00f3ria e a origem do AMIGURUMI no croch\u00ea por Natalia Melo, ENTREVISTA ESPECIAL com o multitalento MARCELO<br \/>\nDARGHAN, MAT\u00c9RIAS: \u2022 Pl\u00e1gio 2\u00aa Parte: O que se enquadra na lei por Alessandra Veiga \u2022 Arte que transforma, m\u00e3os que criam com L\u00e9a Tande \u2022 Solidariedade artes\u00e3 em \u00e9pocas dif\u00edceis com Sam\u00e1ra Milano. Empresas do segmento e, muitos artes\u00e3os com t\u00e9cnicas diversas, que vendem pe\u00e7as prontas para presentear quem voc\u00ea ama.<\/p>\n","protected":false},"featured_media":1271,"comment_status":"open","ping_status":"closed","template":"","meta":{"_monsterinsights_skip_tracking":false,"_monsterinsights_sitenote_active":false,"_monsterinsights_sitenote_note":"","_monsterinsights_sitenote_category":0},"product_brand":[],"product_cat":[168,165],"product_tag":[276,264,260,251,259,261,195,278],"class_list":{"0":"post-1270","1":"product","2":"type-product","3":"status-publish","4":"has-post-thumbnail","6":"product_cat-revistas","7":"product_cat-revistas-e-apostilas","8":"product_tag-amigurumi","9":"product_tag-apostila","10":"product_tag-artesa","11":"product_tag-artesanato","12":"product_tag-artesao","13":"product_tag-biscuit","14":"product_tag-bordado","15":"product_tag-revistadeartesanato","16":"dc_vendor_shop-artesanatoincasa","18":"first","19":"instock","20":"sale","21":"downloadable","22":"virtual","23":"taxable","24":"purchasable","25":"product-type-simple"},"yoast_head":"<!-- This site is optimized with the Yoast SEO plugin v27.4 - https:\/\/yoast.com\/product\/yoast-seo-wordpress\/ -->\n<title>Revista Artesanato In Casa Ed. 04 - DIGITAL \/ PDF + BRINDE - Loja Artesanato In Casa<\/title>\n<meta name=\"robots\" content=\"index, follow, max-snippet:-1, max-image-preview:large, max-video-preview:-1\" \/>\n<link rel=\"canonical\" href=\"https:\/\/artesanatoincasa.com.br\/loja\/produto\/revistas-e-apostilas\/revista-artesanato-in-casa-ed-04-digital-pdf\/\" \/>\n<meta property=\"og:locale\" content=\"pt_BR\" \/>\n<meta property=\"og:type\" content=\"article\" \/>\n<meta property=\"og:title\" content=\"Revista Artesanato In Casa Ed. 04 - DIGITAL \/ PDF + BRINDE - Loja Artesanato In Casa\" \/>\n<meta property=\"og:description\" content=\"Muito artesanato para voc\u00ea em nossa Revista Artesanato In Casa Ed. 04 no formato Digital + BRINDE (E-book in Casa - Introdu\u00e7\u00e3o ao Marketing Digital para Artes\u00e3os).  Nesta edi\u00e7\u00e3o voc\u00ea ir\u00e1 encontrar:  ARTE EM FELTRO com Elaine Oliveira - Necessaire Unic\u00f3rnio, ARTE EM BISCUIT com Ester Paix\u00e3o -\u00a0Porta L\u00e1pis, ARTE EM CROCH\u00ca com Ana Paula - Princesa em Amigurumi, ARTE EM CARTONAGEM com Fl\u00e1via Diz - Porta Panetone, ARTIGO A hist\u00f3ria e a origem do AMIGURUMI no croch\u00ea por Natalia Melo, ENTREVISTA ESPECIAL com o multitalento MARCELO DARGHAN, MAT\u00c9RIAS: \u2022 Pl\u00e1gio 2\u00aa Parte: O que se enquadra na lei por Alessandra Veiga \u2022 Arte que transforma, m\u00e3os que criam com L\u00e9a Tande \u2022 Solidariedade artes\u00e3 em \u00e9pocas dif\u00edceis com Sam\u00e1ra Milano. Empresas do segmento e, muitos artes\u00e3os com t\u00e9cnicas diversas, que vendem pe\u00e7as prontas para presentear quem voc\u00ea ama.\" \/>\n<meta property=\"og:url\" content=\"https:\/\/artesanatoincasa.com.br\/loja\/produto\/revistas-e-apostilas\/revista-artesanato-in-casa-ed-04-digital-pdf\/\" \/>\n<meta property=\"og:site_name\" content=\"Loja Artesanato In Casa\" \/>\n<meta property=\"article:modified_time\" content=\"2024-10-08T20:08:14+00:00\" \/>\n<meta property=\"og:image\" content=\"http:\/\/artesanatoincasa.com.br\/loja\/wp-content\/uploads\/2023\/08\/Revista-Artesanato-In-Casa__ED-04-scaled.jpg\" \/>\n\t<meta property=\"og:image:width\" content=\"1828\" \/>\n\t<meta property=\"og:image:height\" content=\"2560\" \/>\n\t<meta property=\"og:image:type\" content=\"image\/jpeg\" \/>\n<script type=\"application\/ld+json\" class=\"yoast-schema-graph\">{\"@context\":\"https:\\\/\\\/schema.org\",\"@graph\":[{\"@type\":\"WebPage\",\"@id\":\"https:\\\/\\\/artesanatoincasa.com.br\\\/loja\\\/produto\\\/revistas-e-apostilas\\\/revista-artesanato-in-casa-ed-04-digital-pdf\\\/\",\"url\":\"https:\\\/\\\/artesanatoincasa.com.br\\\/loja\\\/produto\\\/revistas-e-apostilas\\\/revista-artesanato-in-casa-ed-04-digital-pdf\\\/\",\"name\":\"Revista Artesanato In Casa Ed. 04 - DIGITAL \\\/ PDF + BRINDE - Loja Artesanato In Casa\",\"isPartOf\":{\"@id\":\"https:\\\/\\\/artesanatoincasa.com.br\\\/loja\\\/#website\"},\"primaryImageOfPage\":{\"@id\":\"https:\\\/\\\/artesanatoincasa.com.br\\\/loja\\\/produto\\\/revistas-e-apostilas\\\/revista-artesanato-in-casa-ed-04-digital-pdf\\\/#primaryimage\"},\"image\":{\"@id\":\"https:\\\/\\\/artesanatoincasa.com.br\\\/loja\\\/produto\\\/revistas-e-apostilas\\\/revista-artesanato-in-casa-ed-04-digital-pdf\\\/#primaryimage\"},\"thumbnailUrl\":\"https:\\\/\\\/artesanatoincasa.com.br\\\/loja\\\/wp-content\\\/uploads\\\/2023\\\/08\\\/Revista-Artesanato-In-Casa__ED-04-scaled.jpg\",\"datePublished\":\"2023-08-28T20:10:52+00:00\",\"dateModified\":\"2024-10-08T20:08:14+00:00\",\"breadcrumb\":{\"@id\":\"https:\\\/\\\/artesanatoincasa.com.br\\\/loja\\\/produto\\\/revistas-e-apostilas\\\/revista-artesanato-in-casa-ed-04-digital-pdf\\\/#breadcrumb\"},\"inLanguage\":\"pt-BR\",\"potentialAction\":[{\"@type\":\"ReadAction\",\"target\":[\"https:\\\/\\\/artesanatoincasa.com.br\\\/loja\\\/produto\\\/revistas-e-apostilas\\\/revista-artesanato-in-casa-ed-04-digital-pdf\\\/\"]}]},{\"@type\":\"ImageObject\",\"inLanguage\":\"pt-BR\",\"@id\":\"https:\\\/\\\/artesanatoincasa.com.br\\\/loja\\\/produto\\\/revistas-e-apostilas\\\/revista-artesanato-in-casa-ed-04-digital-pdf\\\/#primaryimage\",\"url\":\"https:\\\/\\\/artesanatoincasa.com.br\\\/loja\\\/wp-content\\\/uploads\\\/2023\\\/08\\\/Revista-Artesanato-In-Casa__ED-04-scaled.jpg\",\"contentUrl\":\"https:\\\/\\\/artesanatoincasa.com.br\\\/loja\\\/wp-content\\\/uploads\\\/2023\\\/08\\\/Revista-Artesanato-In-Casa__ED-04-scaled.jpg\",\"width\":1828,\"height\":2560},{\"@type\":\"BreadcrumbList\",\"@id\":\"https:\\\/\\\/artesanatoincasa.com.br\\\/loja\\\/produto\\\/revistas-e-apostilas\\\/revista-artesanato-in-casa-ed-04-digital-pdf\\\/#breadcrumb\",\"itemListElement\":[{\"@type\":\"ListItem\",\"position\":1,\"name\":\"In\u00edcio\",\"item\":\"https:\\\/\\\/artesanatoincasa.com.br\\\/loja\\\/\"},{\"@type\":\"ListItem\",\"position\":2,\"name\":\"Produtos\",\"item\":\"https:\\\/\\\/artesanatoincasa.com.br\\\/loja\\\/loja\\\/\"},{\"@type\":\"ListItem\",\"position\":3,\"name\":\"Revista Artesanato In Casa Ed. 04 &#8211; DIGITAL \\\/ PDF + BRINDE\"}]},{\"@type\":\"WebSite\",\"@id\":\"https:\\\/\\\/artesanatoincasa.com.br\\\/loja\\\/#website\",\"url\":\"https:\\\/\\\/artesanatoincasa.com.br\\\/loja\\\/\",\"name\":\"Loja Artesanato In Casa\",\"description\":\"Marketplace exclusivo para artes\u00e3os!\",\"publisher\":{\"@id\":\"https:\\\/\\\/artesanatoincasa.com.br\\\/loja\\\/#organization\"},\"alternateName\":\"Loja Artesanato In Casa\",\"potentialAction\":[{\"@type\":\"SearchAction\",\"target\":{\"@type\":\"EntryPoint\",\"urlTemplate\":\"https:\\\/\\\/artesanatoincasa.com.br\\\/loja\\\/?s={search_term_string}\"},\"query-input\":{\"@type\":\"PropertyValueSpecification\",\"valueRequired\":true,\"valueName\":\"search_term_string\"}}],\"inLanguage\":\"pt-BR\"},{\"@type\":\"Organization\",\"@id\":\"https:\\\/\\\/artesanatoincasa.com.br\\\/loja\\\/#organization\",\"name\":\"Loja Artesanato In Casa\",\"alternateName\":\"Loja Artesanato In Casa\",\"url\":\"https:\\\/\\\/artesanatoincasa.com.br\\\/loja\\\/\",\"logo\":{\"@type\":\"ImageObject\",\"inLanguage\":\"pt-BR\",\"@id\":\"https:\\\/\\\/artesanatoincasa.com.br\\\/loja\\\/#\\\/schema\\\/logo\\\/image\\\/\",\"url\":\"http:\\\/\\\/artesanatoincasa.com.br\\\/loja\\\/wp-content\\\/uploads\\\/2023\\\/07\\\/Logo-Marketing-Place.png\",\"contentUrl\":\"http:\\\/\\\/artesanatoincasa.com.br\\\/loja\\\/wp-content\\\/uploads\\\/2023\\\/07\\\/Logo-Marketing-Place.png\",\"width\":698,\"height\":390,\"caption\":\"Loja Artesanato In Casa\"},\"image\":{\"@id\":\"https:\\\/\\\/artesanatoincasa.com.br\\\/loja\\\/#\\\/schema\\\/logo\\\/image\\\/\"}}]}<\/script>\n<!-- \/ Yoast SEO plugin. -->","yoast_head_json":{"title":"Revista Artesanato In Casa Ed. 04 - DIGITAL \/ PDF + BRINDE - Loja Artesanato In Casa","robots":{"index":"index","follow":"follow","max-snippet":"max-snippet:-1","max-image-preview":"max-image-preview:large","max-video-preview":"max-video-preview:-1"},"canonical":"https:\/\/artesanatoincasa.com.br\/loja\/produto\/revistas-e-apostilas\/revista-artesanato-in-casa-ed-04-digital-pdf\/","og_locale":"pt_BR","og_type":"article","og_title":"Revista Artesanato In Casa Ed. 04 - DIGITAL \/ PDF + BRINDE - Loja Artesanato In Casa","og_description":"Muito artesanato para voc\u00ea em nossa Revista Artesanato In Casa Ed. 04 no formato Digital + BRINDE (E-book in Casa - Introdu\u00e7\u00e3o ao Marketing Digital para Artes\u00e3os).  Nesta edi\u00e7\u00e3o voc\u00ea ir\u00e1 encontrar:  ARTE EM FELTRO com Elaine Oliveira - Necessaire Unic\u00f3rnio, ARTE EM BISCUIT com Ester Paix\u00e3o -\u00a0Porta L\u00e1pis, ARTE EM CROCH\u00ca com Ana Paula - Princesa em Amigurumi, ARTE EM CARTONAGEM com Fl\u00e1via Diz - Porta Panetone, ARTIGO A hist\u00f3ria e a origem do AMIGURUMI no croch\u00ea por Natalia Melo, ENTREVISTA ESPECIAL com o multitalento MARCELO DARGHAN, MAT\u00c9RIAS: \u2022 Pl\u00e1gio 2\u00aa Parte: O que se enquadra na lei por Alessandra Veiga \u2022 Arte que transforma, m\u00e3os que criam com L\u00e9a Tande \u2022 Solidariedade artes\u00e3 em \u00e9pocas dif\u00edceis com Sam\u00e1ra Milano. Empresas do segmento e, muitos artes\u00e3os com t\u00e9cnicas diversas, que vendem pe\u00e7as prontas para presentear quem voc\u00ea ama.","og_url":"https:\/\/artesanatoincasa.com.br\/loja\/produto\/revistas-e-apostilas\/revista-artesanato-in-casa-ed-04-digital-pdf\/","og_site_name":"Loja Artesanato In Casa","article_modified_time":"2024-10-08T20:08:14+00:00","og_image":[{"width":1828,"height":2560,"url":"http:\/\/artesanatoincasa.com.br\/loja\/wp-content\/uploads\/2023\/08\/Revista-Artesanato-In-Casa__ED-04-scaled.jpg","type":"image\/jpeg"}],"schema":{"@context":"https:\/\/schema.org","@graph":[{"@type":"WebPage","@id":"https:\/\/artesanatoincasa.com.br\/loja\/produto\/revistas-e-apostilas\/revista-artesanato-in-casa-ed-04-digital-pdf\/","url":"https:\/\/artesanatoincasa.com.br\/loja\/produto\/revistas-e-apostilas\/revista-artesanato-in-casa-ed-04-digital-pdf\/","name":"Revista Artesanato In Casa Ed. 04 - DIGITAL \/ PDF + BRINDE - Loja Artesanato In Casa","isPartOf":{"@id":"https:\/\/artesanatoincasa.com.br\/loja\/#website"},"primaryImageOfPage":{"@id":"https:\/\/artesanatoincasa.com.br\/loja\/produto\/revistas-e-apostilas\/revista-artesanato-in-casa-ed-04-digital-pdf\/#primaryimage"},"image":{"@id":"https:\/\/artesanatoincasa.com.br\/loja\/produto\/revistas-e-apostilas\/revista-artesanato-in-casa-ed-04-digital-pdf\/#primaryimage"},"thumbnailUrl":"https:\/\/artesanatoincasa.com.br\/loja\/wp-content\/uploads\/2023\/08\/Revista-Artesanato-In-Casa__ED-04-scaled.jpg","datePublished":"2023-08-28T20:10:52+00:00","dateModified":"2024-10-08T20:08:14+00:00","breadcrumb":{"@id":"https:\/\/artesanatoincasa.com.br\/loja\/produto\/revistas-e-apostilas\/revista-artesanato-in-casa-ed-04-digital-pdf\/#breadcrumb"},"inLanguage":"pt-BR","potentialAction":[{"@type":"ReadAction","target":["https:\/\/artesanatoincasa.com.br\/loja\/produto\/revistas-e-apostilas\/revista-artesanato-in-casa-ed-04-digital-pdf\/"]}]},{"@type":"ImageObject","inLanguage":"pt-BR","@id":"https:\/\/artesanatoincasa.com.br\/loja\/produto\/revistas-e-apostilas\/revista-artesanato-in-casa-ed-04-digital-pdf\/#primaryimage","url":"https:\/\/artesanatoincasa.com.br\/loja\/wp-content\/uploads\/2023\/08\/Revista-Artesanato-In-Casa__ED-04-scaled.jpg","contentUrl":"https:\/\/artesanatoincasa.com.br\/loja\/wp-content\/uploads\/2023\/08\/Revista-Artesanato-In-Casa__ED-04-scaled.jpg","width":1828,"height":2560},{"@type":"BreadcrumbList","@id":"https:\/\/artesanatoincasa.com.br\/loja\/produto\/revistas-e-apostilas\/revista-artesanato-in-casa-ed-04-digital-pdf\/#breadcrumb","itemListElement":[{"@type":"ListItem","position":1,"name":"In\u00edcio","item":"https:\/\/artesanatoincasa.com.br\/loja\/"},{"@type":"ListItem","position":2,"name":"Produtos","item":"https:\/\/artesanatoincasa.com.br\/loja\/loja\/"},{"@type":"ListItem","position":3,"name":"Revista Artesanato In Casa Ed. 04 &#8211; DIGITAL \/ PDF + BRINDE"}]},{"@type":"WebSite","@id":"https:\/\/artesanatoincasa.com.br\/loja\/#website","url":"https:\/\/artesanatoincasa.com.br\/loja\/","name":"Loja Artesanato In Casa","description":"Marketplace exclusivo para artes\u00e3os!","publisher":{"@id":"https:\/\/artesanatoincasa.com.br\/loja\/#organization"},"alternateName":"Loja Artesanato In Casa","potentialAction":[{"@type":"SearchAction","target":{"@type":"EntryPoint","urlTemplate":"https:\/\/artesanatoincasa.com.br\/loja\/?s={search_term_string}"},"query-input":{"@type":"PropertyValueSpecification","valueRequired":true,"valueName":"search_term_string"}}],"inLanguage":"pt-BR"},{"@type":"Organization","@id":"https:\/\/artesanatoincasa.com.br\/loja\/#organization","name":"Loja Artesanato In Casa","alternateName":"Loja Artesanato In Casa","url":"https:\/\/artesanatoincasa.com.br\/loja\/","logo":{"@type":"ImageObject","inLanguage":"pt-BR","@id":"https:\/\/artesanatoincasa.com.br\/loja\/#\/schema\/logo\/image\/","url":"http:\/\/artesanatoincasa.com.br\/loja\/wp-content\/uploads\/2023\/07\/Logo-Marketing-Place.png","contentUrl":"http:\/\/artesanatoincasa.com.br\/loja\/wp-content\/uploads\/2023\/07\/Logo-Marketing-Place.png","width":698,"height":390,"caption":"Loja Artesanato In Casa"},"image":{"@id":"https:\/\/artesanatoincasa.com.br\/loja\/#\/schema\/logo\/image\/"}}]}},"_links":{"self":[{"href":"https:\/\/artesanatoincasa.com.br\/loja\/wp-json\/wp\/v2\/product\/1270","targetHints":{"allow":["GET"]}}],"collection":[{"href":"https:\/\/artesanatoincasa.com.br\/loja\/wp-json\/wp\/v2\/product"}],"about":[{"href":"https:\/\/artesanatoincasa.com.br\/loja\/wp-json\/wp\/v2\/types\/product"}],"replies":[{"embeddable":true,"href":"https:\/\/artesanatoincasa.com.br\/loja\/wp-json\/wp\/v2\/comments?post=1270"}],"wp:featuredmedia":[{"embeddable":true,"href":"https:\/\/artesanatoincasa.com.br\/loja\/wp-json\/wp\/v2\/media\/1271"}],"wp:attachment":[{"href":"https:\/\/artesanatoincasa.com.br\/loja\/wp-json\/wp\/v2\/media?parent=1270"}],"wp:term":[{"taxonomy":"product_brand","embeddable":true,"href":"https:\/\/artesanatoincasa.com.br\/loja\/wp-json\/wp\/v2\/product_brand?post=1270"},{"taxonomy":"product_cat","embeddable":true,"href":"https:\/\/artesanatoincasa.com.br\/loja\/wp-json\/wp\/v2\/product_cat?post=1270"},{"taxonomy":"product_tag","embeddable":true,"href":"https:\/\/artesanatoincasa.com.br\/loja\/wp-json\/wp\/v2\/product_tag?post=1270"}],"curies":[{"name":"wp","href":"https:\/\/api.w.org\/{rel}","templated":true}]}}