{"id":1264,"date":"2023-08-28T16:35:08","date_gmt":"2023-08-28T19:35:08","guid":{"rendered":"https:\/\/artesanatoincasa.com.br\/loja\/?post_type=product&#038;p=1264"},"modified":"2024-10-08T17:09:39","modified_gmt":"2024-10-08T20:09:39","slug":"revista-artesanato-in-casa-ed-02-digital-pdf","status":"publish","type":"product","link":"https:\/\/artesanatoincasa.com.br\/loja\/produto\/revistas-e-apostilas\/revista-artesanato-in-casa-ed-02-digital-pdf\/","title":{"rendered":"Revista Artesanato In Casa Ed. 02 &#8211; DIGITAL \/ PDF + BRINDE"},"content":{"rendered":"<p>Muito artesanato para voc\u00ea em nossa <strong>Revista Artesanato In Casa Ed. 02 Esp. Natal<\/strong> no formato Digital<strong> + BRINDE (E-book in Casa &#8211; Introdu\u00e7\u00e3o ao Marketing Digital para Artes\u00e3os).<\/strong><\/p>\n<p><em>Nesta edi\u00e7\u00e3o voc\u00ea ir\u00e1 encontrar:<\/em><\/p>\n<p>ARTE EM BISCUIT com a artes\u00e3 S\u00f4nia Terra ENFEITES PARA TALHERES, ARTE COM MDF com a artes\u00e3 Sandra Tonarque MOLDURA PARA PAREDE, ARTE EM PAPEL &#8211; LOW POLY com a artes\u00e3 Silvia Lacerda \u00c1RVORE DE NATAL EM 3D, ARTE EM CALOTAS com a artes\u00e3 Tati Nascimento ensina a fazer um REL\u00d3GIO EM CALOTA, entrevista ESPECIAL com a artes\u00e3 e professora Camila Martins, uma mat\u00e9ria super interessante no GRAACC &#8211; Todo o valor arrecadado por volunt\u00e1rios na Oficina de Cria\u00e7\u00e3o \u00e9 destinado para o tratamento de crian\u00e7as e adolescentes na cura contra o c\u00e2ncer, por Giulia Esposito, ARTIGO &#8211; Como o c\u00e9rebro cria por Sam\u00e1ra Milano, HIST\u00d3RIA DE SUCESSO com a artes\u00e3 Jaqueline Gleyce.<\/p>\n<p>Empresas do segmento e, muitos artes\u00e3os com t\u00e9cnicas diversas, que vendem pe\u00e7as prontas para presentear quem voc\u00ea ama.<\/p>\n","protected":false},"excerpt":{"rendered":"<p>Muito artesanato para voc\u00ea em nossa <strong>Revista Artesanato In Casa Ed. 02 Esp. Natal<\/strong> no formato Digital<strong> + BRINDE (E-book in Casa &#8211; Introdu\u00e7\u00e3o ao Marketing Digital para Artes\u00e3os).<\/strong><\/p>\n<p><em>Nesta edi\u00e7\u00e3o voc\u00ea ir\u00e1 encontrar:<\/em><\/p>\n<p>ARTE EM BISCUIT com a artes\u00e3 S\u00f4nia Terra ENFEITES PARA TALHERES, ARTE COM MDF com a artes\u00e3 Sandra Tonarque MOLDURA PARA PAREDE, ARTE EM PAPEL &#8211; LOW POLY com a artes\u00e3 Silvia Lacerda \u00c1RVORE DE NATAL EM 3D, ARTE EM CALOTAS com a artes\u00e3 Tati Nascimento ensina a fazer um REL\u00d3GIO EM CALOTA, entrevista ESPECIAL com a artes\u00e3 e professora Camila Martins, uma mat\u00e9ria super interessante no GRAACC &#8211; Todo o valor arrecadado por volunt\u00e1rios na Oficina de Cria\u00e7\u00e3o \u00e9 destinado para o tratamento de crian\u00e7as e adolescentes na cura contra o c\u00e2ncer, por Giulia Esposito, ARTIGO &#8211; Como o c\u00e9rebro cria por Sam\u00e1ra Milano, HIST\u00d3RIA DE SUCESSO com a artes\u00e3 Jaqueline Gleyce.<\/p>\n<p>Empresas do segmento e, muitos artes\u00e3os com t\u00e9cnicas diversas, que vendem pe\u00e7as prontas para presentear quem voc\u00ea ama.<\/p>\n","protected":false},"featured_media":1265,"comment_status":"open","ping_status":"closed","template":"","meta":{"_monsterinsights_skip_tracking":false,"_monsterinsights_sitenote_active":false,"_monsterinsights_sitenote_note":"","_monsterinsights_sitenote_category":0},"product_brand":[],"product_cat":[168,165],"product_tag":[276,264,260,251,259,261,195,256,243,257,275,270,267,250,278],"class_list":{"0":"post-1264","1":"product","2":"type-product","3":"status-publish","4":"has-post-thumbnail","6":"product_cat-revistas","7":"product_cat-revistas-e-apostilas","8":"product_tag-amigurumi","9":"product_tag-apostila","10":"product_tag-artesa","11":"product_tag-artesanato","12":"product_tag-artesao","13":"product_tag-biscuit","14":"product_tag-bordado","15":"product_tag-cartonagem","16":"product_tag-costura-criativa","17":"product_tag-encadernacao","18":"product_tag-macrame","19":"product_tag-natal2024","20":"product_tag-pontocruz","21":"product_tag-revista","22":"product_tag-revistadeartesanato","23":"dc_vendor_shop-artesanatoincasa","25":"first","26":"instock","27":"sale","28":"downloadable","29":"virtual","30":"taxable","31":"purchasable","32":"product-type-simple"},"yoast_head":"<!-- This site is optimized with the Yoast SEO plugin v27.4 - https:\/\/yoast.com\/product\/yoast-seo-wordpress\/ -->\n<title>Revista Artesanato In Casa Ed. 02 - DIGITAL \/ PDF + BRINDE - Loja Artesanato In Casa<\/title>\n<meta name=\"robots\" content=\"index, follow, max-snippet:-1, max-image-preview:large, max-video-preview:-1\" \/>\n<link rel=\"canonical\" href=\"https:\/\/artesanatoincasa.com.br\/loja\/produto\/revistas-e-apostilas\/revista-artesanato-in-casa-ed-02-digital-pdf\/\" \/>\n<meta property=\"og:locale\" content=\"pt_BR\" \/>\n<meta property=\"og:type\" content=\"article\" \/>\n<meta property=\"og:title\" content=\"Revista Artesanato In Casa Ed. 02 - DIGITAL \/ PDF + BRINDE - Loja Artesanato In Casa\" \/>\n<meta property=\"og:description\" content=\"Muito artesanato para voc\u00ea em nossa Revista Artesanato In Casa Ed. 02 Esp. Natal no formato Digital + BRINDE (E-book in Casa - Introdu\u00e7\u00e3o ao Marketing Digital para Artes\u00e3os).  Nesta edi\u00e7\u00e3o voc\u00ea ir\u00e1 encontrar:  ARTE EM BISCUIT com a artes\u00e3 S\u00f4nia Terra ENFEITES PARA TALHERES, ARTE COM MDF com a artes\u00e3 Sandra Tonarque MOLDURA PARA PAREDE, ARTE EM PAPEL - LOW POLY com a artes\u00e3 Silvia Lacerda \u00c1RVORE DE NATAL EM 3D, ARTE EM CALOTAS com a artes\u00e3 Tati Nascimento ensina a fazer um REL\u00d3GIO EM CALOTA, entrevista ESPECIAL com a artes\u00e3 e professora Camila Martins, uma mat\u00e9ria super interessante no GRAACC - Todo o valor arrecadado por volunt\u00e1rios na Oficina de Cria\u00e7\u00e3o \u00e9 destinado para o tratamento de crian\u00e7as e adolescentes na cura contra o c\u00e2ncer, por Giulia Esposito, ARTIGO - Como o c\u00e9rebro cria por Sam\u00e1ra Milano, HIST\u00d3RIA DE SUCESSO com a artes\u00e3 Jaqueline Gleyce.  Empresas do segmento e, muitos artes\u00e3os com t\u00e9cnicas diversas, que vendem pe\u00e7as prontas para presentear quem voc\u00ea ama.\" \/>\n<meta property=\"og:url\" content=\"https:\/\/artesanatoincasa.com.br\/loja\/produto\/revistas-e-apostilas\/revista-artesanato-in-casa-ed-02-digital-pdf\/\" \/>\n<meta property=\"og:site_name\" content=\"Loja Artesanato In Casa\" \/>\n<meta property=\"article:modified_time\" content=\"2024-10-08T20:09:39+00:00\" \/>\n<meta property=\"og:image\" content=\"http:\/\/artesanatoincasa.com.br\/loja\/wp-content\/uploads\/2023\/08\/Revista-Artesanato-In-Casa__ED-02-scaled.jpg\" \/>\n\t<meta property=\"og:image:width\" content=\"1718\" \/>\n\t<meta property=\"og:image:height\" content=\"2560\" \/>\n\t<meta property=\"og:image:type\" content=\"image\/jpeg\" \/>\n<script type=\"application\/ld+json\" class=\"yoast-schema-graph\">{\"@context\":\"https:\\\/\\\/schema.org\",\"@graph\":[{\"@type\":\"WebPage\",\"@id\":\"https:\\\/\\\/artesanatoincasa.com.br\\\/loja\\\/produto\\\/revistas-e-apostilas\\\/revista-artesanato-in-casa-ed-02-digital-pdf\\\/\",\"url\":\"https:\\\/\\\/artesanatoincasa.com.br\\\/loja\\\/produto\\\/revistas-e-apostilas\\\/revista-artesanato-in-casa-ed-02-digital-pdf\\\/\",\"name\":\"Revista Artesanato In Casa Ed. 02 - DIGITAL \\\/ PDF + BRINDE - Loja Artesanato In Casa\",\"isPartOf\":{\"@id\":\"https:\\\/\\\/artesanatoincasa.com.br\\\/loja\\\/#website\"},\"primaryImageOfPage\":{\"@id\":\"https:\\\/\\\/artesanatoincasa.com.br\\\/loja\\\/produto\\\/revistas-e-apostilas\\\/revista-artesanato-in-casa-ed-02-digital-pdf\\\/#primaryimage\"},\"image\":{\"@id\":\"https:\\\/\\\/artesanatoincasa.com.br\\\/loja\\\/produto\\\/revistas-e-apostilas\\\/revista-artesanato-in-casa-ed-02-digital-pdf\\\/#primaryimage\"},\"thumbnailUrl\":\"https:\\\/\\\/artesanatoincasa.com.br\\\/loja\\\/wp-content\\\/uploads\\\/2023\\\/08\\\/Revista-Artesanato-In-Casa__ED-02-scaled.jpg\",\"datePublished\":\"2023-08-28T19:35:08+00:00\",\"dateModified\":\"2024-10-08T20:09:39+00:00\",\"breadcrumb\":{\"@id\":\"https:\\\/\\\/artesanatoincasa.com.br\\\/loja\\\/produto\\\/revistas-e-apostilas\\\/revista-artesanato-in-casa-ed-02-digital-pdf\\\/#breadcrumb\"},\"inLanguage\":\"pt-BR\",\"potentialAction\":[{\"@type\":\"ReadAction\",\"target\":[\"https:\\\/\\\/artesanatoincasa.com.br\\\/loja\\\/produto\\\/revistas-e-apostilas\\\/revista-artesanato-in-casa-ed-02-digital-pdf\\\/\"]}]},{\"@type\":\"ImageObject\",\"inLanguage\":\"pt-BR\",\"@id\":\"https:\\\/\\\/artesanatoincasa.com.br\\\/loja\\\/produto\\\/revistas-e-apostilas\\\/revista-artesanato-in-casa-ed-02-digital-pdf\\\/#primaryimage\",\"url\":\"https:\\\/\\\/artesanatoincasa.com.br\\\/loja\\\/wp-content\\\/uploads\\\/2023\\\/08\\\/Revista-Artesanato-In-Casa__ED-02-scaled.jpg\",\"contentUrl\":\"https:\\\/\\\/artesanatoincasa.com.br\\\/loja\\\/wp-content\\\/uploads\\\/2023\\\/08\\\/Revista-Artesanato-In-Casa__ED-02-scaled.jpg\",\"width\":1718,\"height\":2560},{\"@type\":\"BreadcrumbList\",\"@id\":\"https:\\\/\\\/artesanatoincasa.com.br\\\/loja\\\/produto\\\/revistas-e-apostilas\\\/revista-artesanato-in-casa-ed-02-digital-pdf\\\/#breadcrumb\",\"itemListElement\":[{\"@type\":\"ListItem\",\"position\":1,\"name\":\"In\u00edcio\",\"item\":\"https:\\\/\\\/artesanatoincasa.com.br\\\/loja\\\/\"},{\"@type\":\"ListItem\",\"position\":2,\"name\":\"Produtos\",\"item\":\"https:\\\/\\\/artesanatoincasa.com.br\\\/loja\\\/loja\\\/\"},{\"@type\":\"ListItem\",\"position\":3,\"name\":\"Revista Artesanato In Casa Ed. 02 &#8211; DIGITAL \\\/ PDF + BRINDE\"}]},{\"@type\":\"WebSite\",\"@id\":\"https:\\\/\\\/artesanatoincasa.com.br\\\/loja\\\/#website\",\"url\":\"https:\\\/\\\/artesanatoincasa.com.br\\\/loja\\\/\",\"name\":\"Loja Artesanato In Casa\",\"description\":\"Marketplace exclusivo para artes\u00e3os!\",\"publisher\":{\"@id\":\"https:\\\/\\\/artesanatoincasa.com.br\\\/loja\\\/#organization\"},\"alternateName\":\"Loja Artesanato In Casa\",\"potentialAction\":[{\"@type\":\"SearchAction\",\"target\":{\"@type\":\"EntryPoint\",\"urlTemplate\":\"https:\\\/\\\/artesanatoincasa.com.br\\\/loja\\\/?s={search_term_string}\"},\"query-input\":{\"@type\":\"PropertyValueSpecification\",\"valueRequired\":true,\"valueName\":\"search_term_string\"}}],\"inLanguage\":\"pt-BR\"},{\"@type\":\"Organization\",\"@id\":\"https:\\\/\\\/artesanatoincasa.com.br\\\/loja\\\/#organization\",\"name\":\"Loja Artesanato In Casa\",\"alternateName\":\"Loja Artesanato In Casa\",\"url\":\"https:\\\/\\\/artesanatoincasa.com.br\\\/loja\\\/\",\"logo\":{\"@type\":\"ImageObject\",\"inLanguage\":\"pt-BR\",\"@id\":\"https:\\\/\\\/artesanatoincasa.com.br\\\/loja\\\/#\\\/schema\\\/logo\\\/image\\\/\",\"url\":\"http:\\\/\\\/artesanatoincasa.com.br\\\/loja\\\/wp-content\\\/uploads\\\/2023\\\/07\\\/Logo-Marketing-Place.png\",\"contentUrl\":\"http:\\\/\\\/artesanatoincasa.com.br\\\/loja\\\/wp-content\\\/uploads\\\/2023\\\/07\\\/Logo-Marketing-Place.png\",\"width\":698,\"height\":390,\"caption\":\"Loja Artesanato In Casa\"},\"image\":{\"@id\":\"https:\\\/\\\/artesanatoincasa.com.br\\\/loja\\\/#\\\/schema\\\/logo\\\/image\\\/\"}}]}<\/script>\n<!-- \/ Yoast SEO plugin. -->","yoast_head_json":{"title":"Revista Artesanato In Casa Ed. 02 - DIGITAL \/ PDF + BRINDE - Loja Artesanato In Casa","robots":{"index":"index","follow":"follow","max-snippet":"max-snippet:-1","max-image-preview":"max-image-preview:large","max-video-preview":"max-video-preview:-1"},"canonical":"https:\/\/artesanatoincasa.com.br\/loja\/produto\/revistas-e-apostilas\/revista-artesanato-in-casa-ed-02-digital-pdf\/","og_locale":"pt_BR","og_type":"article","og_title":"Revista Artesanato In Casa Ed. 02 - DIGITAL \/ PDF + BRINDE - Loja Artesanato In Casa","og_description":"Muito artesanato para voc\u00ea em nossa Revista Artesanato In Casa Ed. 02 Esp. Natal no formato Digital + BRINDE (E-book in Casa - Introdu\u00e7\u00e3o ao Marketing Digital para Artes\u00e3os).  Nesta edi\u00e7\u00e3o voc\u00ea ir\u00e1 encontrar:  ARTE EM BISCUIT com a artes\u00e3 S\u00f4nia Terra ENFEITES PARA TALHERES, ARTE COM MDF com a artes\u00e3 Sandra Tonarque MOLDURA PARA PAREDE, ARTE EM PAPEL - LOW POLY com a artes\u00e3 Silvia Lacerda \u00c1RVORE DE NATAL EM 3D, ARTE EM CALOTAS com a artes\u00e3 Tati Nascimento ensina a fazer um REL\u00d3GIO EM CALOTA, entrevista ESPECIAL com a artes\u00e3 e professora Camila Martins, uma mat\u00e9ria super interessante no GRAACC - Todo o valor arrecadado por volunt\u00e1rios na Oficina de Cria\u00e7\u00e3o \u00e9 destinado para o tratamento de crian\u00e7as e adolescentes na cura contra o c\u00e2ncer, por Giulia Esposito, ARTIGO - Como o c\u00e9rebro cria por Sam\u00e1ra Milano, HIST\u00d3RIA DE SUCESSO com a artes\u00e3 Jaqueline Gleyce.  Empresas do segmento e, muitos artes\u00e3os com t\u00e9cnicas diversas, que vendem pe\u00e7as prontas para presentear quem voc\u00ea ama.","og_url":"https:\/\/artesanatoincasa.com.br\/loja\/produto\/revistas-e-apostilas\/revista-artesanato-in-casa-ed-02-digital-pdf\/","og_site_name":"Loja Artesanato In Casa","article_modified_time":"2024-10-08T20:09:39+00:00","og_image":[{"width":1718,"height":2560,"url":"http:\/\/artesanatoincasa.com.br\/loja\/wp-content\/uploads\/2023\/08\/Revista-Artesanato-In-Casa__ED-02-scaled.jpg","type":"image\/jpeg"}],"schema":{"@context":"https:\/\/schema.org","@graph":[{"@type":"WebPage","@id":"https:\/\/artesanatoincasa.com.br\/loja\/produto\/revistas-e-apostilas\/revista-artesanato-in-casa-ed-02-digital-pdf\/","url":"https:\/\/artesanatoincasa.com.br\/loja\/produto\/revistas-e-apostilas\/revista-artesanato-in-casa-ed-02-digital-pdf\/","name":"Revista Artesanato In Casa Ed. 02 - DIGITAL \/ PDF + BRINDE - Loja Artesanato In Casa","isPartOf":{"@id":"https:\/\/artesanatoincasa.com.br\/loja\/#website"},"primaryImageOfPage":{"@id":"https:\/\/artesanatoincasa.com.br\/loja\/produto\/revistas-e-apostilas\/revista-artesanato-in-casa-ed-02-digital-pdf\/#primaryimage"},"image":{"@id":"https:\/\/artesanatoincasa.com.br\/loja\/produto\/revistas-e-apostilas\/revista-artesanato-in-casa-ed-02-digital-pdf\/#primaryimage"},"thumbnailUrl":"https:\/\/artesanatoincasa.com.br\/loja\/wp-content\/uploads\/2023\/08\/Revista-Artesanato-In-Casa__ED-02-scaled.jpg","datePublished":"2023-08-28T19:35:08+00:00","dateModified":"2024-10-08T20:09:39+00:00","breadcrumb":{"@id":"https:\/\/artesanatoincasa.com.br\/loja\/produto\/revistas-e-apostilas\/revista-artesanato-in-casa-ed-02-digital-pdf\/#breadcrumb"},"inLanguage":"pt-BR","potentialAction":[{"@type":"ReadAction","target":["https:\/\/artesanatoincasa.com.br\/loja\/produto\/revistas-e-apostilas\/revista-artesanato-in-casa-ed-02-digital-pdf\/"]}]},{"@type":"ImageObject","inLanguage":"pt-BR","@id":"https:\/\/artesanatoincasa.com.br\/loja\/produto\/revistas-e-apostilas\/revista-artesanato-in-casa-ed-02-digital-pdf\/#primaryimage","url":"https:\/\/artesanatoincasa.com.br\/loja\/wp-content\/uploads\/2023\/08\/Revista-Artesanato-In-Casa__ED-02-scaled.jpg","contentUrl":"https:\/\/artesanatoincasa.com.br\/loja\/wp-content\/uploads\/2023\/08\/Revista-Artesanato-In-Casa__ED-02-scaled.jpg","width":1718,"height":2560},{"@type":"BreadcrumbList","@id":"https:\/\/artesanatoincasa.com.br\/loja\/produto\/revistas-e-apostilas\/revista-artesanato-in-casa-ed-02-digital-pdf\/#breadcrumb","itemListElement":[{"@type":"ListItem","position":1,"name":"In\u00edcio","item":"https:\/\/artesanatoincasa.com.br\/loja\/"},{"@type":"ListItem","position":2,"name":"Produtos","item":"https:\/\/artesanatoincasa.com.br\/loja\/loja\/"},{"@type":"ListItem","position":3,"name":"Revista Artesanato In Casa Ed. 02 &#8211; DIGITAL \/ PDF + BRINDE"}]},{"@type":"WebSite","@id":"https:\/\/artesanatoincasa.com.br\/loja\/#website","url":"https:\/\/artesanatoincasa.com.br\/loja\/","name":"Loja Artesanato In Casa","description":"Marketplace exclusivo para artes\u00e3os!","publisher":{"@id":"https:\/\/artesanatoincasa.com.br\/loja\/#organization"},"alternateName":"Loja Artesanato In Casa","potentialAction":[{"@type":"SearchAction","target":{"@type":"EntryPoint","urlTemplate":"https:\/\/artesanatoincasa.com.br\/loja\/?s={search_term_string}"},"query-input":{"@type":"PropertyValueSpecification","valueRequired":true,"valueName":"search_term_string"}}],"inLanguage":"pt-BR"},{"@type":"Organization","@id":"https:\/\/artesanatoincasa.com.br\/loja\/#organization","name":"Loja Artesanato In Casa","alternateName":"Loja Artesanato In Casa","url":"https:\/\/artesanatoincasa.com.br\/loja\/","logo":{"@type":"ImageObject","inLanguage":"pt-BR","@id":"https:\/\/artesanatoincasa.com.br\/loja\/#\/schema\/logo\/image\/","url":"http:\/\/artesanatoincasa.com.br\/loja\/wp-content\/uploads\/2023\/07\/Logo-Marketing-Place.png","contentUrl":"http:\/\/artesanatoincasa.com.br\/loja\/wp-content\/uploads\/2023\/07\/Logo-Marketing-Place.png","width":698,"height":390,"caption":"Loja Artesanato In Casa"},"image":{"@id":"https:\/\/artesanatoincasa.com.br\/loja\/#\/schema\/logo\/image\/"}}]}},"_links":{"self":[{"href":"https:\/\/artesanatoincasa.com.br\/loja\/wp-json\/wp\/v2\/product\/1264","targetHints":{"allow":["GET"]}}],"collection":[{"href":"https:\/\/artesanatoincasa.com.br\/loja\/wp-json\/wp\/v2\/product"}],"about":[{"href":"https:\/\/artesanatoincasa.com.br\/loja\/wp-json\/wp\/v2\/types\/product"}],"replies":[{"embeddable":true,"href":"https:\/\/artesanatoincasa.com.br\/loja\/wp-json\/wp\/v2\/comments?post=1264"}],"wp:featuredmedia":[{"embeddable":true,"href":"https:\/\/artesanatoincasa.com.br\/loja\/wp-json\/wp\/v2\/media\/1265"}],"wp:attachment":[{"href":"https:\/\/artesanatoincasa.com.br\/loja\/wp-json\/wp\/v2\/media?parent=1264"}],"wp:term":[{"taxonomy":"product_brand","embeddable":true,"href":"https:\/\/artesanatoincasa.com.br\/loja\/wp-json\/wp\/v2\/product_brand?post=1264"},{"taxonomy":"product_cat","embeddable":true,"href":"https:\/\/artesanatoincasa.com.br\/loja\/wp-json\/wp\/v2\/product_cat?post=1264"},{"taxonomy":"product_tag","embeddable":true,"href":"https:\/\/artesanatoincasa.com.br\/loja\/wp-json\/wp\/v2\/product_tag?post=1264"}],"curies":[{"name":"wp","href":"https:\/\/api.w.org\/{rel}","templated":true}]}}