{"id":479,"date":"2019-10-21T07:28:17","date_gmt":"2019-10-21T07:28:17","guid":{"rendered":"http:\/\/klbtheme.com\/dealsdot\/?page_id=3"},"modified":"2023-10-11T19:57:51","modified_gmt":"2023-10-11T22:57:51","slug":"politica-de-privacidade","status":"publish","type":"page","link":"https:\/\/artesanatoincasa.com.br\/loja\/politica-de-privacidade\/","title":{"rendered":"Pol\u00edtica de privacidade"},"content":{"rendered":"<div class=\"klb-post\">\n<p class=\"wp-block-heading\" style=\"text-align: left;\"><strong>1. Introdu\u00e7\u00e3o<\/strong><\/p>\n<p style=\"text-align: left;\">1.1- Bem-vindo \u00e0 plataforma Loja Artesanato In Casa (https:\/\/artesanatoincasa.com.br\/loja), administrada pela Passo A Passo Comunica\u00e7\u00e3o Visual, inscrita no CNPJ sob n\u00ba 30.609.726\/0001-97.<\/p>\n<p style=\"text-align: left;\">A Artesanato In Casa assume seriamente suas responsabilidades sob as leis e regulamentos de privacidade aplic\u00e1veis (\u201cLeis de Privacidade\u201d) e est\u00e1 comprometido em respeitar os direitos e preocupa\u00e7\u00f5es de privacidade de todos os Usu\u00e1rios do website e aplicativo para celular da Artesanato In Casa (a \u201cPlataforma\u201d) (nos referimos \u00e0 Plataforma e aos servi\u00e7os que fornecemos conforme descrito em nossa Plataforma coletivamente como os \u201cServi\u00e7os\u201d).<\/p>\n<p style=\"text-align: left;\">O termo \u201cUsu\u00e1rios\u201d se refere ao usu\u00e1rio que registrou uma conta com a Artesanato In Casa para utiliza\u00e7\u00e3o dos servi\u00e7os, sejam compradores ou vendedores (individual ou coletivamente \u201cUsu\u00e1rios\u201d, \u201cUsu\u00e1rio\u201d, \u201cvoc\u00ea\u201d ou \u201cseu\u201d). Reconhecemos a import\u00e2ncia dos dados pessoais que voc\u00ea nos confiou e acreditamos que \u00e9 nossa responsabilidade gerenciar, proteger e processar adequadamente seus dados pessoais.<\/p>\n<p style=\"text-align: left;\">Esta Pol\u00edtica de Privacidade (\u201cPol\u00edtica de Privacidade\u201d ou \u201cPol\u00edtica\u201d) foi criada para ajud\u00e1-lo a entender como coletamos, usamos, divulgamos e \/ ou processamos os dados pessoais que voc\u00ea nos forneceu e\/ou possu\u00edmos sobre voc\u00ea, agora ou no futuro, al\u00e9m de ajud\u00e1-lo a tomar uma decis\u00e3o informada antes de nos fornecer seus dados pessoais.<\/p>\n<p style=\"text-align: left;\">1.2- Dados Pessoais\u201d ou \u201cdados pessoais\u201d significam dados, verdadeiros ou n\u00e3o, sobre um indiv\u00edduo que pode ser identificado a partir desses dados ou daqueles dados e outras informa\u00e7\u00f5es \u00e0s quais uma organiza\u00e7\u00e3o tem ou \u00e9 prov\u00e1vel que tenha acesso.<\/p>\n<p style=\"text-align: left;\">Exemplos comuns de dados pessoais podem incluir nome, n\u00famero de identifica\u00e7\u00e3o e informa\u00e7\u00e3o de contato.<\/p>\n<p style=\"text-align: left;\">1.3- Ao usar os Servi\u00e7os, registrar uma conta conosco, visitar nossa Plataforma ou acessar os Servi\u00e7os, voc\u00ea reconhece e concorda que aceita as pr\u00e1ticas, requisitos e\/ou pol\u00edticas descritas nesta Pol\u00edtica de Privacidade e, por meio deste, concorda em que coletemos , usemos, divulguemos e\/ou<br \/>processemos seus dados pessoais, conforme descrito aqui.<\/p>\n<p style=\"text-align: left;\">SE VOC\u00ca N\u00c3O CONSENTIR COM O PROCESSAMENTO DE SEUS DADOS PESSOAIS, CONFORME DESCRITO NESTA POL\u00cdTICA DE PRIVACIDADE, POR FAVOR, N\u00c3O USE NOSSOS SERVI\u00c7OS NEM ACESSE NOSSA PLATAFORMA.<\/p>\n<p style=\"text-align: left;\">Se alterarmos nossa Pol\u00edtica de Privacidade, vamos notificar voc\u00ea atrav\u00e9s da publica\u00e7\u00e3o dessas altera\u00e7\u00f5es ou a Pol\u00edtica de Privacidade alterada em nossa Plataforma. Reservamo-nos o direito de alterar esta Pol\u00edtica de Privacidade a qualquer momento.<\/p>\n<p style=\"text-align: left;\">At\u00e9 o limite m\u00e1ximo permitido pela legisla\u00e7\u00e3o aplic\u00e1vel, o ato de continuar utilizando os Servi\u00e7os ou Plataforma, incluindo a realiza\u00e7\u00e3o<br \/>de pedidos de compras, ser\u00e1 considerado o seu reconhecimento e concord\u00e2ncia com as altera\u00e7\u00f5es implementadas na presente Pol\u00edtica de Privacidade.<\/p>\n<p style=\"text-align: left;\">1.4- A presente Pol\u00edtica de Privacidade ser\u00e1 aplicada conjuntamente com outros regulamentos, notifica\u00e7\u00f5es, cl\u00e1usulas contratuais, cl\u00e1usulas de consentimento aplic\u00e1veis a coleta, armazenamento e\/ou processamento dos seus dados pessoais pela Artesanato In Casa e n\u00e3o se sobrep\u00f5e as<br \/>referidas notifica\u00e7\u00f5es, regulamentos ou cl\u00e1usulas a menos que expressamente disposto pela Artesanato In Casa neste sentido.<\/p>\n<p style=\"text-align: left;\">1.5- Essa Pol\u00edtica de Privacidade se aplica a todos os usu\u00e1rios da Plataforma e servi\u00e7os prestados pela Artesanato In Casa, incluindo compradores e vendedores, exceto se expressamente disposto pela Artesanato In Casa de outra forma.<\/p>\n<\/div>\n\n","protected":false},"excerpt":{"rendered":"<p>1. Introdu\u00e7\u00e3o 1.1- Bem-vindo \u00e0 plataforma Loja Artesanato In Casa (https:\/\/artesanatoincasa.com.br\/loja), administrada pela Passo A Passo Comunica\u00e7\u00e3o Visual, inscrita no CNPJ sob n\u00ba 30.609.726\/0001-97. A Artesanato In Casa assume seriamente suas responsabilidades sob as leis e regulamentos de privacidade aplic\u00e1veis (\u201cLeis de Privacidade\u201d) e est\u00e1 comprometido em respeitar os direitos e preocupa\u00e7\u00f5es de privacidade de<\/p>\n<div class=\"klb-readmore\"><a href=\"https:\/\/artesanatoincasa.com.br\/loja\/politica-de-privacidade\/\" class=\"btn btn-upper btn-primary read-more\">LER MAIS<\/a><\/div>\n","protected":false},"author":1,"featured_media":0,"parent":0,"menu_order":0,"comment_status":"closed","ping_status":"open","template":"","meta":{"_monsterinsights_skip_tracking":false,"_monsterinsights_sitenote_active":false,"_monsterinsights_sitenote_note":"","_monsterinsights_sitenote_category":0,"footnotes":""},"class_list":["post-479","page","type-page","status-publish","hentry"],"yoast_head":"<!-- This site is optimized with the Yoast SEO plugin v27.4 - https:\/\/yoast.com\/product\/yoast-seo-wordpress\/ -->\n<title>Pol\u00edtica de privacidade - Loja Artesanato In Casa<\/title>\n<meta name=\"robots\" content=\"index, follow, max-snippet:-1, max-image-preview:large, max-video-preview:-1\" \/>\n<link rel=\"canonical\" href=\"https:\/\/artesanatoincasa.com.br\/loja\/politica-de-privacidade\/\" \/>\n<meta property=\"og:locale\" content=\"pt_BR\" \/>\n<meta property=\"og:type\" content=\"article\" \/>\n<meta property=\"og:title\" content=\"Pol\u00edtica de privacidade - Loja Artesanato In Casa\" \/>\n<meta property=\"og:description\" content=\"1. Introdu\u00e7\u00e3o 1.1- Bem-vindo \u00e0 plataforma Loja Artesanato In Casa (https:\/\/artesanatoincasa.com.br\/loja), administrada pela Passo A Passo Comunica\u00e7\u00e3o Visual, inscrita no CNPJ sob n\u00ba 30.609.726\/0001-97. A Artesanato In Casa assume seriamente suas responsabilidades sob as leis e regulamentos de privacidade aplic\u00e1veis (\u201cLeis de Privacidade\u201d) e est\u00e1 comprometido em respeitar os direitos e preocupa\u00e7\u00f5es de privacidade deLER MAIS\" \/>\n<meta property=\"og:url\" content=\"https:\/\/artesanatoincasa.com.br\/loja\/politica-de-privacidade\/\" \/>\n<meta property=\"og:site_name\" content=\"Loja Artesanato In Casa\" \/>\n<meta property=\"article:modified_time\" content=\"2023-10-11T22:57:51+00:00\" \/>\n<meta property=\"og:image\" content=\"https:\/\/artesanatoincasa.com.br\/loja\/wp-content\/uploads\/2024\/03\/Logo-Marketing-Place_ArtesanatoIN-CASA_LOJA_v2_PNG.png\" \/>\n\t<meta property=\"og:image:width\" content=\"1719\" \/>\n\t<meta property=\"og:image:height\" content=\"961\" \/>\n\t<meta property=\"og:image:type\" content=\"image\/png\" \/>\n<script type=\"application\/ld+json\" class=\"yoast-schema-graph\">{\"@context\":\"https:\\\/\\\/schema.org\",\"@graph\":[{\"@type\":\"WebPage\",\"@id\":\"https:\\\/\\\/artesanatoincasa.com.br\\\/loja\\\/politica-de-privacidade\\\/\",\"url\":\"https:\\\/\\\/artesanatoincasa.com.br\\\/loja\\\/politica-de-privacidade\\\/\",\"name\":\"Pol\u00edtica de privacidade - Loja Artesanato In Casa\",\"isPartOf\":{\"@id\":\"https:\\\/\\\/artesanatoincasa.com.br\\\/loja\\\/#website\"},\"datePublished\":\"2019-10-21T07:28:17+00:00\",\"dateModified\":\"2023-10-11T22:57:51+00:00\",\"breadcrumb\":{\"@id\":\"https:\\\/\\\/artesanatoincasa.com.br\\\/loja\\\/politica-de-privacidade\\\/#breadcrumb\"},\"inLanguage\":\"pt-BR\",\"potentialAction\":[{\"@type\":\"ReadAction\",\"target\":[\"https:\\\/\\\/artesanatoincasa.com.br\\\/loja\\\/politica-de-privacidade\\\/\"]}]},{\"@type\":\"BreadcrumbList\",\"@id\":\"https:\\\/\\\/artesanatoincasa.com.br\\\/loja\\\/politica-de-privacidade\\\/#breadcrumb\",\"itemListElement\":[{\"@type\":\"ListItem\",\"position\":1,\"name\":\"In\u00edcio\",\"item\":\"https:\\\/\\\/artesanatoincasa.com.br\\\/loja\\\/\"},{\"@type\":\"ListItem\",\"position\":2,\"name\":\"Pol\u00edtica de privacidade\"}]},{\"@type\":\"WebSite\",\"@id\":\"https:\\\/\\\/artesanatoincasa.com.br\\\/loja\\\/#website\",\"url\":\"https:\\\/\\\/artesanatoincasa.com.br\\\/loja\\\/\",\"name\":\"Loja Artesanato In Casa\",\"description\":\"Marketplace exclusivo para artes\u00e3os!\",\"publisher\":{\"@id\":\"https:\\\/\\\/artesanatoincasa.com.br\\\/loja\\\/#organization\"},\"alternateName\":\"Loja Artesanato In Casa\",\"potentialAction\":[{\"@type\":\"SearchAction\",\"target\":{\"@type\":\"EntryPoint\",\"urlTemplate\":\"https:\\\/\\\/artesanatoincasa.com.br\\\/loja\\\/?s={search_term_string}\"},\"query-input\":{\"@type\":\"PropertyValueSpecification\",\"valueRequired\":true,\"valueName\":\"search_term_string\"}}],\"inLanguage\":\"pt-BR\"},{\"@type\":\"Organization\",\"@id\":\"https:\\\/\\\/artesanatoincasa.com.br\\\/loja\\\/#organization\",\"name\":\"Loja Artesanato In Casa\",\"alternateName\":\"Loja Artesanato In Casa\",\"url\":\"https:\\\/\\\/artesanatoincasa.com.br\\\/loja\\\/\",\"logo\":{\"@type\":\"ImageObject\",\"inLanguage\":\"pt-BR\",\"@id\":\"https:\\\/\\\/artesanatoincasa.com.br\\\/loja\\\/#\\\/schema\\\/logo\\\/image\\\/\",\"url\":\"http:\\\/\\\/artesanatoincasa.com.br\\\/loja\\\/wp-content\\\/uploads\\\/2023\\\/07\\\/Logo-Marketing-Place.png\",\"contentUrl\":\"http:\\\/\\\/artesanatoincasa.com.br\\\/loja\\\/wp-content\\\/uploads\\\/2023\\\/07\\\/Logo-Marketing-Place.png\",\"width\":698,\"height\":390,\"caption\":\"Loja Artesanato In Casa\"},\"image\":{\"@id\":\"https:\\\/\\\/artesanatoincasa.com.br\\\/loja\\\/#\\\/schema\\\/logo\\\/image\\\/\"}}]}<\/script>\n<!-- \/ Yoast SEO plugin. -->","yoast_head_json":{"title":"Pol\u00edtica de privacidade - Loja Artesanato In Casa","robots":{"index":"index","follow":"follow","max-snippet":"max-snippet:-1","max-image-preview":"max-image-preview:large","max-video-preview":"max-video-preview:-1"},"canonical":"https:\/\/artesanatoincasa.com.br\/loja\/politica-de-privacidade\/","og_locale":"pt_BR","og_type":"article","og_title":"Pol\u00edtica de privacidade - Loja Artesanato In Casa","og_description":"1. Introdu\u00e7\u00e3o 1.1- Bem-vindo \u00e0 plataforma Loja Artesanato In Casa (https:\/\/artesanatoincasa.com.br\/loja), administrada pela Passo A Passo Comunica\u00e7\u00e3o Visual, inscrita no CNPJ sob n\u00ba 30.609.726\/0001-97. A Artesanato In Casa assume seriamente suas responsabilidades sob as leis e regulamentos de privacidade aplic\u00e1veis (\u201cLeis de Privacidade\u201d) e est\u00e1 comprometido em respeitar os direitos e preocupa\u00e7\u00f5es de privacidade deLER MAIS","og_url":"https:\/\/artesanatoincasa.com.br\/loja\/politica-de-privacidade\/","og_site_name":"Loja Artesanato In Casa","article_modified_time":"2023-10-11T22:57:51+00:00","og_image":[{"width":1719,"height":961,"url":"https:\/\/artesanatoincasa.com.br\/loja\/wp-content\/uploads\/2024\/03\/Logo-Marketing-Place_ArtesanatoIN-CASA_LOJA_v2_PNG.png","type":"image\/png"}],"schema":{"@context":"https:\/\/schema.org","@graph":[{"@type":"WebPage","@id":"https:\/\/artesanatoincasa.com.br\/loja\/politica-de-privacidade\/","url":"https:\/\/artesanatoincasa.com.br\/loja\/politica-de-privacidade\/","name":"Pol\u00edtica de privacidade - Loja Artesanato In Casa","isPartOf":{"@id":"https:\/\/artesanatoincasa.com.br\/loja\/#website"},"datePublished":"2019-10-21T07:28:17+00:00","dateModified":"2023-10-11T22:57:51+00:00","breadcrumb":{"@id":"https:\/\/artesanatoincasa.com.br\/loja\/politica-de-privacidade\/#breadcrumb"},"inLanguage":"pt-BR","potentialAction":[{"@type":"ReadAction","target":["https:\/\/artesanatoincasa.com.br\/loja\/politica-de-privacidade\/"]}]},{"@type":"BreadcrumbList","@id":"https:\/\/artesanatoincasa.com.br\/loja\/politica-de-privacidade\/#breadcrumb","itemListElement":[{"@type":"ListItem","position":1,"name":"In\u00edcio","item":"https:\/\/artesanatoincasa.com.br\/loja\/"},{"@type":"ListItem","position":2,"name":"Pol\u00edtica de privacidade"}]},{"@type":"WebSite","@id":"https:\/\/artesanatoincasa.com.br\/loja\/#website","url":"https:\/\/artesanatoincasa.com.br\/loja\/","name":"Loja Artesanato In Casa","description":"Marketplace exclusivo para artes\u00e3os!","publisher":{"@id":"https:\/\/artesanatoincasa.com.br\/loja\/#organization"},"alternateName":"Loja Artesanato In Casa","potentialAction":[{"@type":"SearchAction","target":{"@type":"EntryPoint","urlTemplate":"https:\/\/artesanatoincasa.com.br\/loja\/?s={search_term_string}"},"query-input":{"@type":"PropertyValueSpecification","valueRequired":true,"valueName":"search_term_string"}}],"inLanguage":"pt-BR"},{"@type":"Organization","@id":"https:\/\/artesanatoincasa.com.br\/loja\/#organization","name":"Loja Artesanato In Casa","alternateName":"Loja Artesanato In Casa","url":"https:\/\/artesanatoincasa.com.br\/loja\/","logo":{"@type":"ImageObject","inLanguage":"pt-BR","@id":"https:\/\/artesanatoincasa.com.br\/loja\/#\/schema\/logo\/image\/","url":"http:\/\/artesanatoincasa.com.br\/loja\/wp-content\/uploads\/2023\/07\/Logo-Marketing-Place.png","contentUrl":"http:\/\/artesanatoincasa.com.br\/loja\/wp-content\/uploads\/2023\/07\/Logo-Marketing-Place.png","width":698,"height":390,"caption":"Loja Artesanato In Casa"},"image":{"@id":"https:\/\/artesanatoincasa.com.br\/loja\/#\/schema\/logo\/image\/"}}]}},"_links":{"self":[{"href":"https:\/\/artesanatoincasa.com.br\/loja\/wp-json\/wp\/v2\/pages\/479","targetHints":{"allow":["GET"]}}],"collection":[{"href":"https:\/\/artesanatoincasa.com.br\/loja\/wp-json\/wp\/v2\/pages"}],"about":[{"href":"https:\/\/artesanatoincasa.com.br\/loja\/wp-json\/wp\/v2\/types\/page"}],"author":[{"embeddable":true,"href":"https:\/\/artesanatoincasa.com.br\/loja\/wp-json\/wp\/v2\/users\/1"}],"replies":[{"embeddable":true,"href":"https:\/\/artesanatoincasa.com.br\/loja\/wp-json\/wp\/v2\/comments?post=479"}],"version-history":[{"count":3,"href":"https:\/\/artesanatoincasa.com.br\/loja\/wp-json\/wp\/v2\/pages\/479\/revisions"}],"predecessor-version":[{"id":1593,"href":"https:\/\/artesanatoincasa.com.br\/loja\/wp-json\/wp\/v2\/pages\/479\/revisions\/1593"}],"wp:attachment":[{"href":"https:\/\/artesanatoincasa.com.br\/loja\/wp-json\/wp\/v2\/media?parent=479"}],"curies":[{"name":"wp","href":"https:\/\/api.w.org\/{rel}","templated":true}]}}